{"id":6399,"date":"2022-05-28T20:36:49","date_gmt":"2022-05-28T18:36:49","guid":{"rendered":"https:\/\/fengchashop.com\/ro\/product\/iarba-de-lamaie-bio-250-g\/"},"modified":"2026-04-25T09:54:01","modified_gmt":"2026-04-25T07:54:01","slug":"iarba-de-lamaie-bio","status":"publish","type":"product","link":"https:\/\/fengchashop.com\/ro\/product\/iarba-de-lamaie-bio\/","title":{"rendered":"Iarb\u0103 de l\u0103m\u00e2ie BIO 250 g"},"content":{"rendered":"<h2 style=\"text-align: justify\"><span style=\"color: #000000\">Lemongrass (ceai din plante)<\/span><\/h2>\n<p style=\"text-align: justify\"><span style=\"color: #000000\">L\u0103m\u00e2ia este o iarb\u0103 tropical\u0103 cu frunze caracteristice \u00een form\u0103 de limb\u0103 de culoare verde \u00eenchis, care poate cre\u0219te p\u00e2n\u0103 la 180 cm \u00een\u0103l\u021bime. Este foarte aromat\u0103, \u00een principal datorit\u0103 con\u021binutului s\u0103u de <strong>citral<\/strong> \u0219i <strong>geraniol<\/strong>, care confer\u0103 plantei <strong>mirosul \u0219i gustul<\/strong> caracteristic de <strong>citrice<\/strong>. Ca ulei esen\u021bial, este, de asemenea, extrem de popular \u00een aromaterapie \u0219i \u00een preparatele cosmetice.<\/span><\/p>\n<p style=\"text-align: justify\"><span style=\"color: #000000\">L\u0103m\u00e2ia este un <strong>antioxidant<\/strong> puternic \u0219i o <strong>surs\u0103<\/strong> excelent\u0103 <strong>de vitamina C<\/strong>, a\u0219a c\u0103 ne poate ajuta \u00een cazul r\u0103celilor, tusei, astmului \u0219i a altor probleme respiratorii. De asemenea, are propriet\u0103\u021bi antiinflamatorii, antibacteriene \u0219i antifungice.<\/span><\/p>\n<p style=\"text-align: justify\"><span style=\"color: #000000\">Poate fi folosit uscat sau proasp\u0103t \u0219i este indispensabil \u00een <strong>re\u021betele asiatice<\/strong> cu pe\u0219te, pui \u0219i carne de porc.<\/span><\/p>\n<p style=\"text-align: justify\"><span style=\"color: #000000\">Datorit\u0103 gustului s\u0103u citric, frunzele uscate sunt folosite \u00een principal \u00een <strong>infuzii sau ceaiuri din plante<\/strong>, dar pot fi folosite \u0219i \u00eentr-o varietate de <strong>b\u0103uturi reci \u0219i ceaiuri reci<\/strong> r\u0103coritoare, care sunt r\u0103coritoare \u0219i au, de asemenea, un efect benefic asupra st\u0103rii de bine \u0219i reduc tensiunea. Se potrive\u0219te bine cu ghimbirul, cui\u0219oarele, l\u0103m\u00e2ia \u0219i limet\u0103, menta \u0219i melisa. Ceaiul regleaz\u0103 digestia \u0219i amelioreaz\u0103 problemele digestive minore.<\/span><\/p>\n<h2 style=\"text-align: justify\"><span style=\"color: #000000\">Aspect<\/span><\/h2>\n<p style=\"text-align: justify\"><span style=\"color: #000000\">Frunze verzi feliate \u0219i uscate.<\/span><\/p>\n<h2 style=\"text-align: justify\"><span style=\"color: #000000\">Depozitare<\/span><\/h2>\n<p style=\"text-align: justify\"><span style=\"color: #000000\">A se p\u0103stra \u00eentr-un loc uscat, \u00eentunecat \u0219i r\u0103coros.<\/span><\/p>\n<h2 style=\"text-align: justify\"><span style=\"color: #000000\">Ambalare<\/span><\/h2>\n<p><span style=\"color: #000000\">Pung\u0103 cu fermoar nepermeabil, \u00een care produsul \u00ee\u0219i p\u0103streaz\u0103 toat\u0103 prospe\u021bimea \u0219i aroma. Ambalajul protejeaz\u0103 \u00eempotriva luminii \u0219i a aerului, deoarece este compus din mai multe straturi de protec\u021bie care p\u0103streaz\u0103 propriet\u0103\u021bile con\u021binutului.<\/span><\/p>\n<p><span style=\"color: #000000\">Ambalajul este foarte practic \u0219i reciclabil.<\/span><\/p>\n<h2><span style=\"color: #000000\">Origine<\/span><\/h2>\n<p><span style=\"color: #000000\">Thailanda sau India<\/span><\/p>\n","protected":false},"excerpt":{"rendered":"<p>L\u0103m\u00e2ia este un antioxidant puternic \u0219i o surs\u0103 excelent\u0103 de vitamina C, a\u0219a c\u0103 poate ajuta \u00een caz de r\u0103ceal\u0103, tuse, astm \u0219i alte probleme respiratorii. De asemenea, are propriet\u0103\u021bi antiinflamatorii, antibacteriene \u0219i antifungice. Poate fi folosit uscat sau proasp\u0103t \u0219i este indispensabil \u00een re\u021betele asiatice cu pe\u0219te, pui \u0219i carne de porc. De asemenea, se folose\u0219te \u00eempreun\u0103 cu ghimbirul, cui\u0219oarele, l\u0103m\u00e2ia \u0219i limet\u0103, menta \u0219i melisa. Frunzele uscate sunt folosite \u00een principal pentru:<\/p>\n<p>\ud83d\udc9a \u00een infuzii sau ceaiuri de plante pentru reglarea digestiei \u0219i ameliorarea indigestiei,<br \/>\n\ud83d\udc9a ca b\u0103uturi reci r\u0103coritoare \u0219i ceaiuri reci.<\/p>\n","protected":false},"featured_media":6400,"comment_status":"open","ping_status":"closed","template":"","meta":{"_acf_changed":false},"product_brand":[],"product_cat":[15,205,224,225],"product_tag":[],"class_list":{"0":"post-6399","1":"product","2":"type-product","3":"status-publish","4":"has-post-thumbnail","6":"product_cat-uncategorized","7":"product_cat-ceai-mancare-condimente","8":"product_cat-oferta","9":"product_cat-toate-produsele","11":"first","12":"instock","13":"taxable","14":"shipping-taxable","15":"purchasable","16":"product-type-simple"},"acf":[],"_links":{"self":[{"href":"https:\/\/fengchashop.com\/ro\/wp-json\/wp\/v2\/product\/6399","targetHints":{"allow":["GET"]}}],"collection":[{"href":"https:\/\/fengchashop.com\/ro\/wp-json\/wp\/v2\/product"}],"about":[{"href":"https:\/\/fengchashop.com\/ro\/wp-json\/wp\/v2\/types\/product"}],"replies":[{"embeddable":true,"href":"https:\/\/fengchashop.com\/ro\/wp-json\/wp\/v2\/comments?post=6399"}],"wp:featuredmedia":[{"embeddable":true,"href":"https:\/\/fengchashop.com\/ro\/wp-json\/wp\/v2\/media\/6400"}],"wp:attachment":[{"href":"https:\/\/fengchashop.com\/ro\/wp-json\/wp\/v2\/media?parent=6399"}],"wp:term":[{"taxonomy":"product_brand","embeddable":true,"href":"https:\/\/fengchashop.com\/ro\/wp-json\/wp\/v2\/product_brand?post=6399"},{"taxonomy":"product_cat","embeddable":true,"href":"https:\/\/fengchashop.com\/ro\/wp-json\/wp\/v2\/product_cat?post=6399"},{"taxonomy":"product_tag","embeddable":true,"href":"https:\/\/fengchashop.com\/ro\/wp-json\/wp\/v2\/product_tag?post=6399"}],"curies":[{"name":"wp","href":"https:\/\/api.w.org\/{rel}","templated":true}]}}