{"id":6388,"date":"2025-06-09T10:06:38","date_gmt":"2025-06-09T08:06:38","guid":{"rendered":"https:\/\/fengchashop.com\/ro\/product\/liquorice-125-g\/"},"modified":"2026-04-29T13:26:46","modified_gmt":"2026-04-29T11:26:46","slug":"pudra-de-lemn-dulce-liquorice-bio","status":"publish","type":"product","link":"https:\/\/fengchashop.com\/ro\/product\/pudra-de-lemn-dulce-liquorice-bio\/","title":{"rendered":"Pudr\u0103 de lemn dulce (liquorice) BIO 250 g"},"content":{"rendered":"<h2><strong>Ce este lemnul dulce?<\/strong><\/h2>\n<p><strong>Lemnul dulce (Glycyrrhiza glabra)<\/strong> este o plant\u0103 peren\u0103 din familia leguminoaselor, cunoscut\u0103 pentru gustul s\u0103u dulce caracteristic. Planta produce tulpini lemnoase \u00een fiecare an, care cresc de la unu la doi metri \u00een\u0103l\u021bime. R\u0103d\u0103cina sa este cea mai frecvent utilizat\u0103, con\u021bin\u00e2nd numeroase ingrediente active, dintre care cea mai faimoas\u0103 este glicirizina, care este de 50 de ori mai dulce dec\u00e2t zaharoza (zah\u0103rul de mas\u0103). R\u0103d\u0103cina uscat\u0103 \u0219i m\u0103cinat\u0103 este folosit\u0103 ca pudr\u0103 de lemn dulce, care este popular\u0103 \u00een nutri\u021bie, medicina natural\u0103 \u0219i cosmetic\u0103.<\/p>\n<p>Lemnul dulce are o lung\u0103 istorie de utilizare, cunoscut\u0103 \u00eenc\u0103 din vremea egiptenilor antici. Are propriet\u0103\u021bi antiinflamatorii, antispastice, amelioreaz\u0103 problemele stomacale (aciditate, flatulen\u021b\u0103, indigestie) \u0219i poate inhiba cre\u0219terea bacteriei <em>Helicobacter pylori<\/em>, care provoac\u0103 ulcere stomacale. Pe l\u00e2ng\u0103 beneficiile sale digestive, este utilizat \u0219i pentru probleme respiratorii (r\u0103celi, dureri \u00een g\u00e2t \u0219i bron\u0219it\u0103), deoarece faciliteaz\u0103 expectora\u021bia \u0219i cur\u0103\u021b\u0103 c\u0103ile respiratorii. De asemenea, se spune c\u0103 are un efect pozitiv asupra func\u021biei hepatice, a sistemului imunitar \u0219i a problemelor femeilor \u00een timpul menopauzei. Poate avea \u0219i un efect diuretic \u0219i laxativ.<\/p>\n<p>\u00cen medicina tradi\u021bional\u0103 chinez\u0103 \u0219i Ayurveda, este utilizat ca tonic pentru \u00eentinerirea inimii \u0219i a splinei, precum \u0219i \u00eempotriva ulcerelor \u0219i a problemelor pielii. Deoarece hidrateaz\u0103 g\u00e2tul uscat, este adesea utilizat de fum\u0103tori, c\u00e2nt\u0103re\u021bi \u0219i vorbitori.<\/p>\n<p>Este, de asemenea, un ingredient comun \u00een suplimentele alimentare \u0219i formulele pe baz\u0103 de plante, unde ac\u021bioneaz\u0103 ca un linker \u00eentre plante \u0219i le spore\u0219te ac\u021biunea.<\/p>\n<h2><strong>Efecte medicinale<\/strong><\/h2>\n<p>Pulberea de lemn dulce are o gam\u0103 larg\u0103 de efecte benefice asupra organismului, motiv pentru care este adesea utilizat\u0103 \u00een Ayurveda \u0219i medicina tradi\u021bional\u0103 chinez\u0103:<\/p>\n<p><strong>\ud83d\udc9a\u00a0 Efect antiinflamator: <\/strong>Ingredientele active ajut\u0103 la inhibarea inflama\u021biei, \u00een special \u00een inflama\u021bia tractului gastrointestinal, a pielii \u0219i a tractului respirator.<\/p>\n<p><strong>\ud83d\udc9a Suport respirator: <\/strong> Este utilizat\u0103 \u00een mod tradi\u021bional pentru ameliorarea tusei, a durerilor \u00een g\u00e2t, a bron\u0219itei \u0219i astmului. Ac\u021bioneaz\u0103 ca expectorant (u\u0219ureaz\u0103 tusea) \u0219i calmeaz\u0103 irita\u021bia mucoasei.<\/p>\n<p><strong>\ud83d\udc9a Protec\u021bia mucoasei gastrice: <\/strong> Glicirizina \u0219i flavonoidele protejeaz\u0103 peretele stomacal de deteriorare \u0219i ajut\u0103 \u00een cazul unor probleme precum ulcere, gastrit\u0103, reflux \u0219i infec\u021bii cu <em>Helicobacter pylori<\/em>.<\/p>\n<p><strong>\ud83d\udc9a Suport pentru glanda suprarenal\u0103<\/strong>: Regleaz\u0103 nivelul de cortizol, cre\u0219te energia \u0219i este adaptogen, ceea ce \u00eenseamn\u0103 c\u0103 sprijin\u0103 organismul \u00een gestionarea stresului, epuiz\u0103rii \u0219i oboselii.<\/p>\n<p><strong>\ud83d\udc9a Ac\u021biune antiviral\u0103 \u0219i antibacterian\u0103:<\/strong> are propriet\u0103\u021bi antimicrobiene naturale \u0219i este folosit\u0103 pentru a sus\u021bine infec\u021bii (de exemplu, herpes, grip\u0103, hepatit\u0103 B \u0219i C).<\/p>\n<p><strong>\ud83d\udc9a Echilibrul hormonal:<\/strong> Folosit \u00een mod tradi\u021bional pentru ameliorarea simptomelor PMS \u0219i menopauzei, deoarece afecteaz\u0103 echilibrul estrogenului.<\/p>\n<h2><strong>Depozitare \u0219i avertismente<\/strong><\/h2>\n<p>A se pastra intr-un loc uscat si racoros la o temperatura de pana la 25 \u00b0C. Suplimentul nutritiv nu trebuie s\u0103 fie la \u00eendem\u00e2na copiilor!<\/p>\n<p>Nu uita de importanta unei alimentatii variate si a unui stil de viata sanatos, un supliment alimentar nu este deci un substitut pentru o alimentatie echilibrata si variata. Nu trebuie dep\u0103\u0219it\u0103 cantitatea zilnic\u0103 recomandat\u0103 sau doza recomandat\u0103.** Nu recomand\u0103m consumul de lemn dulce femeilor \u00eens\u0103rcinate, mamelor care al\u0103pteaz\u0103, copiilor sub 12 ani, diabeticilor, persoanelor cu hipertensiune arterial\u0103 \u0219i pacien\u021bilor cardiaci.<\/p>\n<p>Lemnul dulce este benefic chiar \u0219i \u00een cantit\u0103\u021bi mici. A\u0219adar, s\u0103 nu exager\u0103m. Cantitatea maxim\u0103 zilnic\u0103 ar trebui s\u0103 fie de 4 p\u00e2n\u0103 la 8 grame (adic\u0103 de la 1 la 2 linguri\u021be). Lemnul dulce are un efect fiziologic puternic (de exemplu, poate afecta tensiunea arterial\u0103), a\u0219a c\u0103 se recomand\u0103 \u00eenceperea cu o doz\u0103 mai mic\u0103 (de exemplu, 1\/2 linguri\u021b\u0103) \u0219i verificarea r\u0103spunsului organismului, apoi cre\u0219terea num\u0103rului de doze, dac\u0103 este necesar, dar nu cre\u0219terea cantit\u0103\u021bii dintr-o dat\u0103. 1\/2 linguri\u021b\u0103 este cantitatea optim\u0103 pentru o can\u0103 de ceai (aproximativ 200-250 ml). O cantitate mai mare ar putea fi prea puternic\u0103, mai groas\u0103 sau nepl\u0103cut\u0103 pentru a fi b\u0103ut\u0103.<\/p>\n<p>Nu recomand\u0103m administrarea acestuia pentru o perioad\u0103 lung\u0103 de timp f\u0103r\u0103 pauze. Cel mai bine este s\u0103 face\u021bi o pauz\u0103 de cel pu\u021bin dou\u0103 s\u0103pt\u0103m\u00e2ni dup\u0103 4 p\u00e2n\u0103 la 6 s\u0103pt\u0103m\u00e2ni de administrare.<\/p>\n<p>Lemnul dulce scade con\u021binutul de potasiu din s\u00e2nge, a\u0219a c\u0103 atunci c\u00e2nd se consum\u0103 lemn dulce pentru o perioad\u0103 lung\u0103 de timp, este necesar s\u0103 \u00eel \u00eenlocui\u021bi cu alimente (de exemplu, banane, caise uscate, curmale, spanac, mangold, fasole, linte&#8230;).<\/p>\n<h2><strong>Ambalaj<\/strong><\/h2>\n<p>Pung\u0103 etan\u0219\u0103 cu fermoar, unde produsul \u00ee\u0219i p\u0103streaz\u0103 toat\u0103 prospe\u021bimea \u0219i aroma. Ambalajul protejeaz\u0103 \u00eempotriva luminii \u0219i a aerului, deoarece este alc\u0103tuit din mai multe straturi de protec\u021bie care p\u0103streaz\u0103 propriet\u0103\u021bile con\u021binutului.<\/p>\n<p>Ambalajul este foarte practic \u0219i permite reciclarea.<\/p>\n<h2><strong>Origine<\/strong><\/h2>\n<p>India<\/p>\n","protected":false},"excerpt":{"rendered":"<p>**Licorice** amelioreaz\u0103 problemele stomacale cauzate de aciditate, balonare, indigestie \u0219i poate preveni cre\u0219terea heliobacteriilor, care cauzeaz\u0103 ulcere stomacale. Pe l\u00e2ng\u0103 problemele stomacale, licorice este utilizat\u0103 \u0219i pentru probleme respiratorii. Calmeaz\u0103 tusea \u0219i cur\u0103\u021b\u0103 c\u0103ile respiratorii. De asemenea, se spune c\u0103 are un efect pozitiv asupra ficatului, sistemului imunitar \u0219i problemelor femeilor \u00een timpul menopauzei. Este utilizat\u0103 \u0219i \u00eempotriva ulcerelor stomacale \u0219i a problemelor pielii. Deoarece hidrateaz\u0103 g\u00e2tul uscat, este adesea utilizat\u0103 de fum\u0103tori \u0219i de vorbitori \u0219i c\u00e2nt\u0103re\u021bi profesioni\u0219ti.<\/p>\n<p>\ud83d\udc9a \u00cen medicina tradi\u021bional\u0103 chinez\u0103, este utilizat\u0103 ca tonic pentru a \u00eentineri inima \u0219i splina.<\/p>\n<p>\ud83d\udc9a Licorice are propriet\u0103\u021bi antiinflamatorii \u0219i antispastice.<\/p>\n<p>&nbsp;<\/p>\n","protected":false},"featured_media":6700,"comment_status":"open","ping_status":"closed","template":"","meta":{"_acf_changed":false},"product_brand":[],"product_cat":[15,205,224,225],"product_tag":[],"class_list":{"0":"post-6388","1":"product","2":"type-product","3":"status-publish","4":"has-post-thumbnail","6":"product_cat-uncategorized","7":"product_cat-ceai-mancare-condimente","8":"product_cat-oferta","9":"product_cat-toate-produsele","11":"first","12":"instock","13":"taxable","14":"shipping-taxable","15":"purchasable","16":"product-type-simple"},"acf":[],"_links":{"self":[{"href":"https:\/\/fengchashop.com\/ro\/wp-json\/wp\/v2\/product\/6388","targetHints":{"allow":["GET"]}}],"collection":[{"href":"https:\/\/fengchashop.com\/ro\/wp-json\/wp\/v2\/product"}],"about":[{"href":"https:\/\/fengchashop.com\/ro\/wp-json\/wp\/v2\/types\/product"}],"replies":[{"embeddable":true,"href":"https:\/\/fengchashop.com\/ro\/wp-json\/wp\/v2\/comments?post=6388"}],"wp:featuredmedia":[{"embeddable":true,"href":"https:\/\/fengchashop.com\/ro\/wp-json\/wp\/v2\/media\/6700"}],"wp:attachment":[{"href":"https:\/\/fengchashop.com\/ro\/wp-json\/wp\/v2\/media?parent=6388"}],"wp:term":[{"taxonomy":"product_brand","embeddable":true,"href":"https:\/\/fengchashop.com\/ro\/wp-json\/wp\/v2\/product_brand?post=6388"},{"taxonomy":"product_cat","embeddable":true,"href":"https:\/\/fengchashop.com\/ro\/wp-json\/wp\/v2\/product_cat?post=6388"},{"taxonomy":"product_tag","embeddable":true,"href":"https:\/\/fengchashop.com\/ro\/wp-json\/wp\/v2\/product_tag?post=6388"}],"curies":[{"name":"wp","href":"https:\/\/api.w.org\/{rel}","templated":true}]}}