{"id":6349,"date":"2022-05-27T15:00:16","date_gmt":"2022-05-27T13:00:16","guid":{"rendered":"https:\/\/fengchashop.com\/ro\/product\/pudra-de-cafea-verde-bio-500-g\/"},"modified":"2026-04-30T22:01:14","modified_gmt":"2026-04-30T20:01:14","slug":"pudra-de-cafea-verde-bio","status":"publish","type":"product","link":"https:\/\/fengchashop.com\/ro\/product\/pudra-de-cafea-verde-bio\/","title":{"rendered":"Pudr\u0103 de cafea verde BIO 500 g"},"content":{"rendered":"<h2 style=\"text-align: justify\"><span style=\"color: #000000\">Ce este cafeaua verde?<\/span><\/h2>\n<p style=\"text-align: justify\"><span style=\"color: #000000\">Boabele de cafea verde sunt pur \u0219i simplu boabele nepr\u0103jite ale plantei obi\u0219nuite de cafea. Acest lucru face din cafeaua verde un produs complet natural. Se prepar\u0103 la fel ca un ceai de plante obi\u0219nuit. De asemenea, are un gust foarte asem\u0103n\u0103tor cu cel al ceaiului din plante.<\/span><\/p>\n<p style=\"text-align: justify\"><span style=\"color: #000000\">Boabele de cafea sunt selectate \u00een mod special din <strong>planta\u021bii ecologice<\/strong> \u0219i sunt m\u0103cinate \u00eentr-un mod special pentru a asigura un efect optim \u0219i, bine\u00een\u021beles, gustul la preparare.<\/span><\/p>\n<p style=\"text-align: justify\"><span style=\"color: #000000\">Cafeaua verde c\u00e2\u0219tig\u0103 din ce \u00een ce mai mul\u021bi adep\u021bi datorit\u0103 efectelor pozitive pe care le are asupra <strong>afec\u021biunilor moderne<\/strong>: excesul de greutate, stresul, lipsa de energie \u0219i \u00eemb\u0103tr\u00e2nirea. Tocmai din acest motiv, nu ne mir\u0103 faptul c\u0103, dup\u0103 destui ani, este \u00eenc\u0103 un aliment c\u0103utat \u0219i bine v\u00e2ndut.<\/span><\/p>\n<p style=\"text-align: justify\"><span style=\"color: #000000\">Cafeaua noastr\u0103 verde este un produs certificat organic, complet natural \u0219i f\u0103r\u0103 aditivi.<\/span><\/p>\n<h2 style=\"text-align: justify\"><span style=\"color: #000000\">Ce este acidul clorogenic sau cum ac\u021bioneaz\u0103?<\/span><\/h2>\n<p style=\"text-align: justify\"><span style=\"color: #000000\">Acidul clorogenic face ca ficatul s\u0103 nu mai elibereze glucoz\u0103 \u00een s\u00e2nge. Corpul nostru reac\u021bioneaz\u0103 la acest lucru prin utilizarea gr\u0103similor stocate. Metabolismul se \u00eembun\u0103t\u0103\u021be\u0219te \u0219i pierderea de gr\u0103sime cre\u0219te. Cu alte cuvinte, acidul clorogenic ajut\u0103 la arderea depozitelor de gr\u0103sime din organism, reduc\u00e2nd astfel greutatea.<\/span><\/p>\n<p style=\"text-align: justify\"><span style=\"color: #000000\">Potrivit unor cercet\u0103ri, cafeaua verde ar putea, de asemenea, s\u0103 previn\u0103 \u0219i s\u0103 reduc\u0103 tensiunea arterial\u0103 ridicat\u0103, s\u0103 \u00eembun\u0103t\u0103\u021beasc\u0103 ac\u021biunea hormonului de topire a gr\u0103similor \u0219i s\u0103 reduc\u0103 nivelul colesterolului \u0219i al trigliceridelor.<\/span><\/p>\n<p style=\"text-align: justify\"><span style=\"color: #000000\">\u0218i, de\u0219i cafeaua verde este cunoscut\u0103 \u00een principal pentru acidul clorogenic \u0219i pentru efectul s\u0103u asupra pierderii \u00een greutate, ea poate fi, de asemenea, un bun substitut pentru cafeaua sau ceaiul obi\u0219nuit. <\/span><\/p>\n<h2 style=\"text-align: justify\"><span style=\"color: #000000\">Care sunt toate ingredientele din cafeaua verde \u0219i cum ac\u021bioneaz\u0103 acestea?<\/span><\/h2>\n<ul>\n<li><span style=\"color: #000000\"><strong><em>Cofein\u0103<\/em> <\/strong>&#8211; Cafeaua verde con\u021bine o concentra\u021bie u\u0219or mai mic\u0103 de cofein\u0103. Cantit\u0103\u021bile mai mici de cofein\u0103 contracareaz\u0103 <strong>oboseala fizic\u0103 \u0219i mental\u0103<\/strong>. Pentru mai mult\u0103 energie \u0219i o mai bun\u0103 stare de bine. <\/span><\/li>\n<li><span style=\"color: #000000\"><em><strong>Clorogenic<\/strong> <strong>Acid<\/strong><\/em> &#8211; Ajut\u0103 la topirea gr\u0103similor \u0219i previne absorb\u021bia zah\u0103rului \u00een tractul gastrointestinal \u0219i regleaz\u0103 glicemia. Datorit\u0103 acidului clorogenic, cafeaua verde poate ajuta la pierderea \u00een greutate. Cu toate acestea, pr\u0103jirea face ca cea mai mare parte a acestuia s\u0103 se piard\u0103.<\/span><\/li>\n<li><span style=\"color: #000000\"><em><strong>Antioxidan\u021bi<\/strong> <\/em>&#8211; distrug radicalii liberi \u0219i, prin urmare, pot preveni apari\u021bia anumitor boli. \u00cen plus, antioxidan\u021bii au \u0219i efecte anti-\u00eemb\u0103tr\u00e2nire sau inhib\u0103 procesele care afecteaz\u0103 \u00eemb\u0103tr\u00e2nirea.<\/span><\/li>\n<li><span style=\"color: #000000\"><em><strong>Altele<\/strong> <strong>Ingrediente<\/strong> <\/em>&#8211; Vitamine din complexul B, minerale, polifenoli. Tot ce are nevoie organismul nostru zilnic. Complexul B contribuie la func\u021bionarea psihologic\u0103 normal\u0103 \u0219i reduce oboseala \u0219i epuizarea.<\/span><\/li>\n<\/ul>\n<h2 style=\"text-align: justify\"><span style=\"color: #000000\">Nu numai pentru pierderea \u00een greutate<\/span><\/h2>\n<p style=\"text-align: justify\"><span style=\"color: #000000\">Cafeaua verde este o experien\u021b\u0103 pl\u0103cut\u0103 pentru to\u021bi iubitorii de ceaiuri bune din plante. Gustul este foarte pl\u0103cut, interesant \u0219i unic. De cele mai multe ori, este \u00eentr-adev\u0103r asociat\u0103 cu pierderea \u00een greutate, dar cafeaua verde poate fi savurat\u0103 \u0219i \u00een alte scopuri, iar dac\u0103 faci ceva pentru bun\u0103starea ta, sunt (cel pu\u021bin) doi iepuri dintr-o lovitur\u0103. Datorit\u0103 compozi\u021biei sale complexe, plin\u0103 de antioxidan\u021bi, minerale, vitamine \u0219i polifenoli, poate avea un efect pozitiv asupra sc\u0103derii tensiunii arteriale, acceler\u0103rii metabolismului, reducerii absorb\u021biei de zah\u0103r \u0219i \u00eencetinirii procesului de \u00eemb\u0103tr\u00e2nire. <\/span><\/p>\n<h2 style=\"text-align: justify\"><span style=\"color: #000000\">C\u00e2nd este recomandat s\u0103 bei cafea verde?<\/span><\/h2>\n<p style=\"text-align: justify\"><span style=\"color: #000000\">Din cauza con\u021binutului s\u0103u de cofein\u0103, nu este recomandat\u0103 \u00eenainte de culcare, mai ales dac\u0103 cofeina are un efect semnificativ asupra st\u0103rii de veghe. <\/span><\/p>\n<p style=\"text-align: justify\"><span style=\"color: #000000\">\u00cen rest, desigur, poate fi consumat\u0103 oric\u00e2nd, la fel ca \u0219i cafeaua sau ceaiul obi\u0219nuit. Cafeaua verde poate fi folosit\u0103 pentru a ad\u0103uga varietate la gama de b\u0103uturi pe care le consuma\u021bi zilnic. Este binevenit\u0103 mai ales atunci c\u00e2nd ave\u021bi nevoie de ceva care s\u0103 <strong>v\u0103 stimuleze energia \u0219i starea de spirit<\/strong>. <\/span><\/p>\n<p style=\"text-align: justify\"><span style=\"color: #000000\">Iar dac\u0103 dori\u021bi s\u0103 v\u0103 controla\u021bi greutatea \u0219i s\u0103 pierde\u021bi c\u00e2teva kilograme cu ajutorul cafelei verzi, v\u0103 recomand\u0103m s\u0103 o be\u021bi cu cel pu\u021bin 15 minute \u00eenainte de fiecare mas\u0103 principal\u0103. Doar a\u0219a va ac\u021biona ca un inhibitor al apetitului. Este important s\u0103 nu o bei \u00een timpul sau dup\u0103 mas\u0103.<\/span><\/p>\n<h2 style=\"text-align: justify\"><span style=\"color: #000000\">C\u00e2t de mult\u0103 cafea verde este recomandat\u0103?<\/span><\/h2>\n<p style=\"text-align: justify\"><span style=\"color: #000000\">Ar trebui s\u0103 se bea cel pu\u021bin o jum\u0103tate de litru pe zi pentru a ob\u021bine efectele optime ale acestei b\u0103uturi naturale \u0219i s\u0103n\u0103toase, care <strong>\u00eembun\u0103t\u0103\u021be\u0219te starea general\u0103 de bine, confer\u0103 energie<\/strong> \u0219i poate fi de mare ajutor \u00een <strong>pierderea \u00een greutate<\/strong>. Dac\u0103 este posibil, ar trebui s\u0103 fie \u00eentotdeauna proasp\u0103t preparat\u0103.<\/span><\/p>\n<h2 style=\"text-align: justify\"><span style=\"color: #000000\">Cum ambal\u0103m \u0219i cum depozit\u0103m cafeaua verde?<\/span><\/h2>\n<p style=\"text-align: justify\"><span style=\"color: #000000\">Cafeaua verde este ambalat\u0103 \u00eentr-o <strong>pung\u0103 ermetic\u0103 cu fermoar<\/strong>, unde \u00ee\u0219i p\u0103streaz\u0103 toat\u0103 prospe\u021bimea \u0219i aroma. Ambalajul o protejeaz\u0103 de lumin\u0103 \u0219i de aer, deoarece este alc\u0103tuit din mai multe straturi de protec\u021bie care p\u0103streaz\u0103 propriet\u0103\u021bile con\u021binutului. Cafeaua verde astfel ambalat\u0103 trebuie depozitat\u0103 \u00eentr-un loc uscat, \u00eentunecat \u0219i r\u0103coros. Asigura\u021bi-v\u0103 c\u0103 punga sau cutia este \u00eentotdeauna bine <strong>\u00eenchis\u0103<\/strong>.<\/span><\/p>\n<p style=\"text-align: justify\"><span style=\"color: #000000\">Ambalajul este foarte practic \u0219i reciclabil.<\/span><\/p>\n<h2 style=\"text-align: justify\"><span style=\"color: #000000\">Origine<\/span><\/h2>\n<p style=\"text-align: justify\">America de Sud<\/p>\n","protected":false},"excerpt":{"rendered":"<p>Boabele de cafea verde sunt pur \u0219i simplu boabele nepr\u0103jite ale unei plante de cafea normale. Acest lucru face din cafeaua verde un produs complet natural. Se prepar\u0103 la fel ca un ceai de plante obi\u0219nuit. De asemenea, are un gust foarte asem\u0103n\u0103tor cu cel al ceaiului din plante. Cafeaua verde con\u021bine:<br \/>\n\ud83d\udc9a Cofein\u0103 &#8211; con\u021bine o concentra\u021bie u\u0219or mai mic\u0103 de cofein\u0103. Cantit\u0103\u021bi mai mici de cofein\u0103 contracareaz\u0103 oboseala fizic\u0103 \u0219i mental\u0103. Pentru mai mult\u0103 energie \u0219i o mai bun\u0103 stare de bine.<br \/>\n\ud83d\udc9a Acid clorogenic &#8211; ajut\u0103 la topirea gr\u0103similor \u0219i previne absorb\u021bia zah\u0103rului \u00een tractul gastrointestinal \u0219i regleaz\u0103 zah\u0103rul din s\u00e2nge. Datorit\u0103 acidului clorogenic, cafeaua verde poate ajuta la pierderea \u00een greutate. Cu toate acestea, pr\u0103jirea face ca cea mai mare parte a acestuia s\u0103 se piard\u0103.<br \/>\n\ud83d\udc9a Antioxidan\u021bi &#8211; distrug radicalii liberi \u0219i pot preveni unele boli. \u00cen plus, antioxidan\u021bii au efecte anti-\u00eemb\u0103tr\u00e2nire sau inhib\u0103 procesele care afecteaz\u0103 \u00eemb\u0103tr\u00e2nirea.<br \/>\n\ud83d\udc9a Alte ingrediente &#8211; vitamine din complexul B, minerale, polifenoli. Tot ce are nevoie corpul nostru zilnic. Complexul B contribuie la func\u021bionarea psihologic\u0103 normal\u0103 \u0219i la reducerea oboselii \u0219i a epuiz\u0103rii.<\/p>\n","protected":false},"featured_media":6352,"comment_status":"open","ping_status":"closed","template":"","meta":{"_acf_changed":false},"product_brand":[],"product_cat":[15,205,224,225],"product_tag":[],"class_list":{"0":"post-6349","1":"product","2":"type-product","3":"status-publish","4":"has-post-thumbnail","6":"product_cat-uncategorized","7":"product_cat-ceai-mancare-condimente","8":"product_cat-oferta","9":"product_cat-toate-produsele","11":"first","12":"instock","13":"taxable","14":"shipping-taxable","15":"purchasable","16":"product-type-simple"},"acf":[],"_links":{"self":[{"href":"https:\/\/fengchashop.com\/ro\/wp-json\/wp\/v2\/product\/6349","targetHints":{"allow":["GET"]}}],"collection":[{"href":"https:\/\/fengchashop.com\/ro\/wp-json\/wp\/v2\/product"}],"about":[{"href":"https:\/\/fengchashop.com\/ro\/wp-json\/wp\/v2\/types\/product"}],"replies":[{"embeddable":true,"href":"https:\/\/fengchashop.com\/ro\/wp-json\/wp\/v2\/comments?post=6349"}],"wp:featuredmedia":[{"embeddable":true,"href":"https:\/\/fengchashop.com\/ro\/wp-json\/wp\/v2\/media\/6352"}],"wp:attachment":[{"href":"https:\/\/fengchashop.com\/ro\/wp-json\/wp\/v2\/media?parent=6349"}],"wp:term":[{"taxonomy":"product_brand","embeddable":true,"href":"https:\/\/fengchashop.com\/ro\/wp-json\/wp\/v2\/product_brand?post=6349"},{"taxonomy":"product_cat","embeddable":true,"href":"https:\/\/fengchashop.com\/ro\/wp-json\/wp\/v2\/product_cat?post=6349"},{"taxonomy":"product_tag","embeddable":true,"href":"https:\/\/fengchashop.com\/ro\/wp-json\/wp\/v2\/product_tag?post=6349"}],"curies":[{"name":"wp","href":"https:\/\/api.w.org\/{rel}","templated":true}]}}