{"id":6318,"date":"2022-05-23T16:36:27","date_gmt":"2022-05-23T14:36:27","guid":{"rendered":"https:\/\/fengchashop.com\/ro\/product\/piper-cayenne-pulbere-bio-250-g\/"},"modified":"2026-05-01T02:08:02","modified_gmt":"2026-05-01T00:08:02","slug":"piper-cayenne-pulbere-bio","status":"publish","type":"product","link":"https:\/\/fengchashop.com\/ro\/product\/piper-cayenne-pulbere-bio\/","title":{"rendered":"Piper Cayenne pulbere BIO 250 g"},"content":{"rendered":"<div class=\"std\">\n<h2 style=\"text-align: justify\"><span style=\"color: #000000\">Ardei cayenne organic<\/span><\/h2>\n<p style=\"text-align: justify\"><span style=\"color: #000000\">Ardeiul cayenne este originar din America de Sud. A fost adus \u00een Europa de c\u0103tre conchistadorii spanioli, dar cultivarea sa u\u0219oar\u0103 l-a f\u0103cut deosebit de popular \u00een Asia de Sud \u0219i de Sud-Est, devenind astfel ad\u00e2nc \u00eenr\u0103d\u0103cinat \u00een buc\u0103t\u0103ria acestora. De\u0219i este cunoscut sub numele de <strong>piper, nu are nimic \u00een comun cu piperul, cu excep\u021bia picanteriei sale<\/strong>. Piperul Cayenne este de fapt un <strong>amestec de diferite tipuri de fructe de ardei iute<\/strong>, care sunt uscate \u0219i m\u0103cinate p\u00e2n\u0103 la ob\u021binerea unei pudre. Ardeiul cayenne uscat este mai bl\u00e2nd dec\u00e2t cel proasp\u0103t, dar aceste diferen\u021be sunt reduse semnificativ \u00een timpul g\u0103titului. Piperul Cayenne este, de asemenea, un ingredient important \u00een ardeiul iute, tabasco \u0219i alte condimente indiene.<\/span><\/p>\n<h2 style=\"text-align: justify\"><span style=\"color: #000000\">Depozitare<\/span><\/h2>\n<p style=\"text-align: justify\"><span style=\"color: #000000\">Depozita\u021bi \u00eentr-un loc uscat, \u00eentunecat \u0219i r\u0103coros. Asigura\u021bi-v\u0103 c\u0103 punga sau cutia este bine \u00eenchis\u0103.<\/span><\/p>\n<h2 style=\"text-align: justify\"><span style=\"color: #000000\">Ambalare<\/span><\/h2>\n<p style=\"text-align: justify\"><span style=\"color: #000000\">O pung\u0103 cu fermoar nepermeabil \u00een care produsul \u00ee\u0219i p\u0103streaz\u0103 toat\u0103 prospe\u021bimea \u0219i aroma. Ambalajul protejeaz\u0103 \u00eempotriva luminii \u0219i a aerului, deoarece este compus din mai multe straturi de protec\u021bie pentru a p\u0103stra propriet\u0103\u021bile con\u021binutului.<\/span><\/p>\n<p style=\"text-align: justify\"><span style=\"color: #000000\">Ambalajul este foarte practic \u0219i reciclabil.<\/span><\/p>\n<h2><span style=\"color: #000000\">Origine<\/span><\/h2>\n<p><span style=\"color: #000000\">India<\/span><\/p>\n<\/div>\n","protected":false},"excerpt":{"rendered":"<p>Substan\u021ba care provoac\u0103 gustul de arsur\u0103 se nume\u0219te capsaicin\u0103, care are o serie de efecte medicinale. Cu unitatea Scoville pe scar\u0103, indic\u0103m picanten\u021ba \u00een func\u021bie de con\u021binutul de capsaicina, care este de fapt un alcaloid care face s\u0103 \u201earde\u201d ardeiul iute. Trimite creierului nostru acela\u0219i mesaj pe care \u00eel primim atunci c\u00e2nd m\u00e2nc\u0103m ceva fierbinte. Cu ardeiul cayenne amelior\u0103m \u0219i elimin\u0103m anumite probleme \u0219i anume, este dovedit c\u0103 ajut\u0103 la digestie, deoarece accelereaz\u0103 metabolismul, circula\u021bia s\u00e2ngelui \u0219i transpira\u021bia \u0219i poate fi de mare ajutor \u0219i \u00een cazul problemelor respiratorii. Con\u021bine mult\u0103 vitamina C, deci este excelent pentru r\u0103celi \u0219i grip\u0103. \u00cen plus, \u00eent\u0103re\u0219te sistemul imunitar, are un efect antiinflamator \u0219i antibacterian. Daca il adaugam in ceai, ne incalzeste si alunga depresia.<\/p>\n<p>\ud83d\udc9a Din produc\u021bie ecologic\u0103.<br \/>\n\ud83d\udc9a De asemenea, ajut\u0103 la pierderea \u00een greutate.<br \/>\n\ud83d\udc9a Are efecte antiinflamatoare \u0219i antibacteriene.<br \/>\n\ud83d\udc9a Con\u021bine capsaicina, care are o serie de efecte medicinale.<\/p>\n","protected":false},"featured_media":6319,"comment_status":"open","ping_status":"closed","template":"","meta":{"_acf_changed":false},"product_brand":[],"product_cat":[15,230,205,224,225],"product_tag":[],"class_list":{"0":"post-6318","1":"product","2":"type-product","3":"status-publish","4":"has-post-thumbnail","6":"product_cat-uncategorized","7":"product_cat-ayurveda","8":"product_cat-ceai-mancare-condimente","9":"product_cat-oferta","10":"product_cat-toate-produsele","12":"first","13":"instock","14":"taxable","15":"shipping-taxable","16":"purchasable","17":"product-type-simple"},"acf":[],"_links":{"self":[{"href":"https:\/\/fengchashop.com\/ro\/wp-json\/wp\/v2\/product\/6318","targetHints":{"allow":["GET"]}}],"collection":[{"href":"https:\/\/fengchashop.com\/ro\/wp-json\/wp\/v2\/product"}],"about":[{"href":"https:\/\/fengchashop.com\/ro\/wp-json\/wp\/v2\/types\/product"}],"replies":[{"embeddable":true,"href":"https:\/\/fengchashop.com\/ro\/wp-json\/wp\/v2\/comments?post=6318"}],"wp:featuredmedia":[{"embeddable":true,"href":"https:\/\/fengchashop.com\/ro\/wp-json\/wp\/v2\/media\/6319"}],"wp:attachment":[{"href":"https:\/\/fengchashop.com\/ro\/wp-json\/wp\/v2\/media?parent=6318"}],"wp:term":[{"taxonomy":"product_brand","embeddable":true,"href":"https:\/\/fengchashop.com\/ro\/wp-json\/wp\/v2\/product_brand?post=6318"},{"taxonomy":"product_cat","embeddable":true,"href":"https:\/\/fengchashop.com\/ro\/wp-json\/wp\/v2\/product_cat?post=6318"},{"taxonomy":"product_tag","embeddable":true,"href":"https:\/\/fengchashop.com\/ro\/wp-json\/wp\/v2\/product_tag?post=6318"}],"curies":[{"name":"wp","href":"https:\/\/api.w.org\/{rel}","templated":true}]}}