{"id":6310,"date":"2022-05-23T16:14:27","date_gmt":"2022-05-23T14:14:27","guid":{"rendered":"https:\/\/fengchashop.com\/ro\/product\/fan-grecesc-triplat-bio-500-g\/"},"modified":"2026-04-27T20:21:45","modified_gmt":"2026-04-27T18:21:45","slug":"fan-grecesc-triplat-bio","status":"publish","type":"product","link":"https:\/\/fengchashop.com\/ro\/product\/fan-grecesc-triplat-bio\/","title":{"rendered":"F\u00e2n grecesc (Triplat) BIO 500 g"},"content":{"rendered":"<h2 style=\"text-align: justify\"><span style=\"color: #000000\">F\u00e2n grecesc sau schinduf organic<\/span><\/h2>\n<p style=\"text-align: justify\"><span style=\"color: #000000\">F\u00e2nul grecesc este o plant\u0103 anual\u0103 care cre\u0219te la o \u00een\u0103l\u021bime de aproximativ o jum\u0103tate de metru. Semin\u021bele, care sunt folosite ca mirodenii, se g\u0103sesc <strong>\u00een p\u0103st\u0103ile<\/strong> plantei. Se mai nume\u0219te \u0219i schinduf, sau schinduf din englez\u0103 fenugreek.<\/span><\/p>\n<p style=\"text-align: justify\"><span style=\"color: #000000\">Schinduful este bogat \u00een proteine, vitamine (\u00een special vitamina D) \u0219i minerale, precum \u0219i \u00een compu\u0219i fenolici \u0219i flavonoizi. Are un gust ascu\u021bit \u0219i o arom\u0103 puternic\u0103. Este considerat\u0103 a fi una dintre cele mai vechi plante folosite \u00een medicin\u0103 \u0219i \u00een buc\u0103t\u0103rie. \u00cen mod tradi\u021bional, schinduful a fost folosit pentru a trata diabetul, colesterolul, anemia, tulbur\u0103rile stomacale \u0219i digestive \u0219i tusea cronic\u0103. Este folosit \u00een medicina tradi\u021bional\u0103 chinez\u0103 \u0219i \u00een Ayurveda. Schinduful are, de asemenea, un efect pozitiv asupra produc\u021biei de lapte \u00een timpul al\u0103pt\u0103rii.<\/span><\/p>\n<p style=\"text-align: justify\"><span style=\"color: #000000\">Se g\u0103se\u0219te cel mai des \u00een buc\u0103t\u0103ria sud-asiatic\u0103 \u0219i egiptean\u0103. <\/span><\/p>\n<p style=\"text-align: justify\"><span style=\"color: #000000\">Gustul semin\u021belor este dulce \u0219i de nuc\u0103.<\/span><\/p>\n<p style=\"text-align: justify\"><span style=\"color: #000000\">Schinduful nostru provine din produc\u021bia ecologic\u0103.<\/span><\/p>\n<h2 style=\"text-align: justify\"><span style=\"color: #000000\">Depozitare<\/span><\/h2>\n<p style=\"text-align: justify\"><span style=\"color: #000000\">A se p\u0103stra \u00eentr-un loc r\u0103coros, uscat \u0219i \u00eentunecat. Asigura\u021bi-v\u0103 c\u0103 punga sau cutia este bine \u00eenchis\u0103.<\/span><\/p>\n<h2 style=\"text-align: justify\"><span style=\"color: #000000\">Ambalare<\/span><\/h2>\n<p style=\"text-align: justify\"><span style=\"color: #000000\">O pung\u0103 cu fermoar nepermeabil \u00een care produsul \u00ee\u0219i p\u0103streaz\u0103 toat\u0103 prospe\u021bimea \u0219i aroma. Ambalajul protejeaz\u0103 \u00eempotriva luminii \u0219i a aerului, deoarece este compus din mai multe straturi de protec\u021bie pentru a p\u0103stra propriet\u0103\u021bile con\u021binutului.<\/span><\/p>\n<p style=\"text-align: justify\"><span style=\"color: #000000\">Ambalajul este foarte practic \u0219i reciclabil.<\/span><\/p>\n<h2><span style=\"color: #000000\">Origine<\/span><\/h2>\n<p><span style=\"color: #000000\">Sri Lanka sau India<\/span><\/p>\n","protected":false},"excerpt":{"rendered":"<p>F\u00e2nul grecesc este bogat \u00een proteine, vitamine (\u00een special vitamina D) \u0219i minerale, precum \u0219i \u00een compu\u0219i fenolici \u0219i flavonoizi. Are un gust ascu\u021bit \u0219i o arom\u0103 puternic\u0103. Este considerat a fi una dintre cele mai vechi plante folosite \u00een <strong>medicin\u0103 \u0219i \u00een buc\u0103t\u0103rie<\/strong>. \u00cen mod tradi\u021bional, schinduful a fost folosit pentru a trata diabetul, colesterolul, anemia, tulbur\u0103rile stomacale \u0219i digestive \u0219i tusea cronic\u0103. Este folosit \u00een medicina tradi\u021bional\u0103 chinez\u0103 \u0219i \u00een Ayurveda.<\/p>\n<p>\ud83d\udc9a Regleaz\u0103 colesterolul.<br \/>\n\ud83d\udc9a Are un efect pozitiv asupra produc\u021biei de lapte \u00een timpul al\u0103pt\u0103rii.<br \/>\n\ud83d\udc9a Scade glicemia.<br \/>\n\ud83d\udc9a \u00cembun\u0103t\u0103\u021be\u0219te digestia.<\/p>\n","protected":false},"featured_media":6311,"comment_status":"open","ping_status":"closed","template":"","meta":{"_acf_changed":false},"product_brand":[],"product_cat":[15,205,224,225],"product_tag":[],"class_list":{"0":"post-6310","1":"product","2":"type-product","3":"status-publish","4":"has-post-thumbnail","6":"product_cat-uncategorized","7":"product_cat-ceai-mancare-condimente","8":"product_cat-oferta","9":"product_cat-toate-produsele","11":"first","12":"instock","13":"sale","14":"taxable","15":"shipping-taxable","16":"purchasable","17":"product-type-simple"},"acf":[],"_links":{"self":[{"href":"https:\/\/fengchashop.com\/ro\/wp-json\/wp\/v2\/product\/6310","targetHints":{"allow":["GET"]}}],"collection":[{"href":"https:\/\/fengchashop.com\/ro\/wp-json\/wp\/v2\/product"}],"about":[{"href":"https:\/\/fengchashop.com\/ro\/wp-json\/wp\/v2\/types\/product"}],"replies":[{"embeddable":true,"href":"https:\/\/fengchashop.com\/ro\/wp-json\/wp\/v2\/comments?post=6310"}],"wp:featuredmedia":[{"embeddable":true,"href":"https:\/\/fengchashop.com\/ro\/wp-json\/wp\/v2\/media\/6311"}],"wp:attachment":[{"href":"https:\/\/fengchashop.com\/ro\/wp-json\/wp\/v2\/media?parent=6310"}],"wp:term":[{"taxonomy":"product_brand","embeddable":true,"href":"https:\/\/fengchashop.com\/ro\/wp-json\/wp\/v2\/product_brand?post=6310"},{"taxonomy":"product_cat","embeddable":true,"href":"https:\/\/fengchashop.com\/ro\/wp-json\/wp\/v2\/product_cat?post=6310"},{"taxonomy":"product_tag","embeddable":true,"href":"https:\/\/fengchashop.com\/ro\/wp-json\/wp\/v2\/product_tag?post=6310"}],"curies":[{"name":"wp","href":"https:\/\/api.w.org\/{rel}","templated":true}]}}