{"id":6306,"date":"2022-05-23T15:20:59","date_gmt":"2022-05-23T13:20:59","guid":{"rendered":"https:\/\/fengchashop.com\/ro\/product\/ghimbir-pulbere-bio-250-g\/"},"modified":"2026-04-27T12:07:57","modified_gmt":"2026-04-27T10:07:57","slug":"ghimbir-pulbere-bio","status":"publish","type":"product","link":"https:\/\/fengchashop.com\/ro\/product\/ghimbir-pulbere-bio\/","title":{"rendered":"Ghimbir pulbere BIO 250 g"},"content":{"rendered":"<h2 style=\"text-align: justify\"><span style=\"color: #000000\">Pulbere de ghimbir BIO<\/span><\/h2>\n<p style=\"text-align: justify\"><span style=\"color: #000000\">Ghimbirul este o plant\u0103 originar\u0103 din Asia. Partea pe care o folosim pentru consum este de fapt <strong>tulpina \u00eengro\u0219at\u0103 subteran\u0103<\/strong> sau rizomul. A fost folosit \u00een scopuri medicinale \u0219i nutri\u021bionale de <strong>mii de ani<\/strong>, iar eficacitatea sa continu\u0103 s\u0103 uimeasc\u0103 \u0219i ast\u0103zi. \u00cen mod tradi\u021bional, ghimbirul a fost folosit \u00een medicin\u0103 pentru a trata artrita &#8211; inflama\u021bia articula\u021biilor. Ghimbirul este bogat \u00een antioxidan\u021bi, minerale \u0219i substan\u021be antiinflamatorii, motiv pentru care este folosit cel mai adesea \u00eempreun\u0103 cu l\u0103m\u00e2ia \u0219i mierea \u00een timpul sezonului de grip\u0103, dureri de g\u00e2t \u0219i r\u0103ceal\u0103, deoarece are un efect benefic asupra tuturor simptomelor acestor afec\u021biuni. De asemenea, este bun pentru combaterea gre\u021burilor, deoarece calmeaz\u0103 stomacul deranjat \u0219i calmeaz\u0103 durerile, de fapt, \u00eenc\u0103lze\u0219te stomacul \u0219i corpul \u00eentr-un mod pl\u0103cut. Pulberea de ghimbir uscat are un gust plin \u0219i aromat, care aminte\u0219te u\u0219or de l\u0103m\u00e2ie, \u0219i are o not\u0103 picant\u0103 caracteristic\u0103. \u00cen compara\u021bie cu ghimbirul proasp\u0103t, ghimbirul uscat este <strong>mai aromat \u0219i mai \u00een\u021bep\u0103tor<\/strong>, a\u0219a c\u0103 trebuie s\u0103 se aib\u0103 grij\u0103 la dozare. Se utilizeaz\u0103 pentru:<\/span><\/p>\n<p><span style=\"color: #000000\">\ud83d\udc9a pentru a \u00eembun\u0103t\u0103\u021bi <strong>aroma<\/strong> alimentelor \u0219i a b\u0103uturilor;<\/span><\/p>\n<p><span style=\"color: #000000\">\ud83d\udc9a ameliorarea <strong>gre\u021burilor<\/strong> \u0219i a <strong>v\u0103rs\u0103turilor<\/strong>, a <strong>flatulen\u021bei<\/strong> \u0219i a <strong>indigestiei<\/strong>;<\/span><\/p>\n<p><span style=\"color: #000000\">\ud83d\udc9a \u00eent\u0103rirea <strong>sistemului<\/strong> <strong>imunitar<\/strong>;<\/span><\/p>\n<p><span style=\"color: #000000\">\ud83d\udc9a sc\u0103derea colesterolului, a glicemiei \u0219i a tensiunii arteriale;<\/span><\/p>\n<p><span style=\"color: #000000\">\ud83d\udc9a sub\u021bierea s\u00e2ngelui \u0219i prevenirea \u00eenfund\u0103rii arterelor &#8211; similar cu aspirina,<\/span><\/p>\n<p><span style=\"color: #000000\">\ud83d\udc9a ameliorarea durerilor musculare \u0219i articulare f\u0103r\u0103 efecte secundare &#8211; de asemenea, pentru ameliorarea <strong>durerilor menstruale<\/strong>;<\/span><\/p>\n<p><span style=\"color: #000000\">\ud83d\udc9a\u00a0conform unor cercet\u0103ri, se crede c\u0103 ar fi \u0219i un agent anticancerigen;<\/span><\/p>\n<p><span style=\"color: #000000\">\ud83d\udc9a ajut\u0103 la <strong>pierderea \u00een greutate<\/strong>, deoarece cercet\u0103rile sugereaz\u0103 c\u0103 regleaz\u0103 nivelul de leptin\u0103, care este responsabil pentru sa\u021bietate. <\/span><\/p>\n<p><span style=\"color: #000000\">Acest ghimbir m\u0103cinat este<strong> produs organic<\/strong>.<\/span><\/p>\n<h2 style=\"text-align: justify\"><span style=\"color: #000000\">Depozitare<\/span><\/h2>\n<p style=\"text-align: justify\"><span style=\"color: #000000\">A se p\u0103stra \u00eentr-un loc uscat, \u00eentunecat \u0219i r\u0103coros. Asigura\u021bi-v\u0103 c\u0103 punga sau cutia este bine \u00eenchis\u0103.<\/span><\/p>\n<h2 style=\"text-align: justify\"><span style=\"color: #000000\">Ambalare<\/span><\/h2>\n<p style=\"text-align: justify\"><span style=\"color: #000000\">O pung\u0103 cu fermoar nepermeabil \u00een care produsul \u00ee\u0219i p\u0103streaz\u0103 toat\u0103 prospe\u021bimea \u0219i aroma. Ambalajul protejeaz\u0103 \u00eempotriva luminii \u0219i a aerului, deoarece este compus din mai multe straturi de protec\u021bie pentru a p\u0103stra propriet\u0103\u021bile con\u021binutului.<\/span><\/p>\n<p style=\"text-align: justify\"><span style=\"color: #000000\">Ambalajul este foarte practic \u0219i reciclabil.<\/span><\/p>\n<h2><span style=\"color: #000000\">Origine<\/span><\/h2>\n<p><span style=\"color: #000000\">Peru<\/span><\/p>\n","protected":false},"excerpt":{"rendered":"<p>A fost folosit \u00een scopuri medicinale \u0219i nutri\u021bionale timp de milenii, iar eficacitatea sa continu\u0103 s\u0103 surprind\u0103 \u0219i ast\u0103zi. \u00cen mod tradi\u021bional, ghimbirul a fost folosit \u00een medicin\u0103 pentru a trata artrita &#8211; inflama\u021bia articula\u021biilor. Ghimbirul este bogat \u00een antioxidan\u021bi, minerale \u0219i substan\u021be antiinflamatorii, motiv pentru care este folosit cel mai adesea \u00eempreun\u0103 cu l\u0103m\u00e2ia \u0219i mierea \u00een timpul sezonului de grip\u0103, dureri de g\u00e2t \u0219i r\u0103ceal\u0103, deoarece are un efect benefic asupra tuturor simptomelor acestor afec\u021biuni. De asemenea, este bun pentru combaterea gre\u021burilor, deoarece calmeaz\u0103 stomacul deranjat \u0219i calmeaz\u0103 durerile, de fapt, \u00eenc\u0103lze\u0219te stomacul \u0219i corpul \u00eentr-un mod pl\u0103cut.<\/p>\n<p>\ud83d\udc9a Antiinflamator.<br \/>\n\ud83d\udc9a Cur\u0103\u021b\u0103 ficatul.<br \/>\n\ud83d\udc9a Amelioreaz\u0103 problemele menstruale.<br \/>\n\ud83d\udc9a Un puternic antioxidant.<\/p>\n","protected":false},"featured_media":6307,"comment_status":"open","ping_status":"closed","template":"","meta":{"_acf_changed":false},"product_brand":[],"product_cat":[15,230,205,224,225],"product_tag":[],"class_list":{"0":"post-6306","1":"product","2":"type-product","3":"status-publish","4":"has-post-thumbnail","6":"product_cat-uncategorized","7":"product_cat-ayurveda","8":"product_cat-ceai-mancare-condimente","9":"product_cat-oferta","10":"product_cat-toate-produsele","12":"first","13":"instock","14":"taxable","15":"shipping-taxable","16":"purchasable","17":"product-type-simple"},"acf":[],"_links":{"self":[{"href":"https:\/\/fengchashop.com\/ro\/wp-json\/wp\/v2\/product\/6306","targetHints":{"allow":["GET"]}}],"collection":[{"href":"https:\/\/fengchashop.com\/ro\/wp-json\/wp\/v2\/product"}],"about":[{"href":"https:\/\/fengchashop.com\/ro\/wp-json\/wp\/v2\/types\/product"}],"replies":[{"embeddable":true,"href":"https:\/\/fengchashop.com\/ro\/wp-json\/wp\/v2\/comments?post=6306"}],"wp:featuredmedia":[{"embeddable":true,"href":"https:\/\/fengchashop.com\/ro\/wp-json\/wp\/v2\/media\/6307"}],"wp:attachment":[{"href":"https:\/\/fengchashop.com\/ro\/wp-json\/wp\/v2\/media?parent=6306"}],"wp:term":[{"taxonomy":"product_brand","embeddable":true,"href":"https:\/\/fengchashop.com\/ro\/wp-json\/wp\/v2\/product_brand?post=6306"},{"taxonomy":"product_cat","embeddable":true,"href":"https:\/\/fengchashop.com\/ro\/wp-json\/wp\/v2\/product_cat?post=6306"},{"taxonomy":"product_tag","embeddable":true,"href":"https:\/\/fengchashop.com\/ro\/wp-json\/wp\/v2\/product_tag?post=6306"}],"curies":[{"name":"wp","href":"https:\/\/api.w.org\/{rel}","templated":true}]}}