{"id":6301,"date":"2022-05-23T14:56:49","date_gmt":"2022-05-23T12:56:49","guid":{"rendered":"https:\/\/fengchashop.com\/ro\/product\/turmeric-pulbere-bio-500-g\/"},"modified":"2026-04-17T23:28:26","modified_gmt":"2026-04-17T21:28:26","slug":"turmeric-pulbere-bio","status":"publish","type":"product","link":"https:\/\/fengchashop.com\/ro\/product\/turmeric-pulbere-bio\/","title":{"rendered":"Turmeric pulbere BIO 500 g"},"content":{"rendered":"<h2 style=\"text-align: justify\"><span style=\"color: #000000\">Turmeric organic<\/span><\/h2>\n<p style=\"text-align: justify\"><span style=\"color: #000000\">Turmericul este o plant\u0103 cunoscut\u0103 \u00een Europa \u00eenc\u0103 din antichitate, iar \u00een \u021bara sa natal\u0103 de cel pu\u021bin 4000 de ani. Folosit ini\u021bial ca plant\u0103 medicinal\u0103 \u0219i colorant, s-a impus ca condiment \u00een vremuri mai t\u00e2rzii. Ca \u0219i ghimbirul, turmericul este un condiment extras din <strong>tulpina \u00eengro\u0219at\u0103 subteran\u0103 a<\/strong> unei plante perene asiatice. \u00cen Ayurveda, turmericul este folosit \u00een mod tradi\u021bional pentru tratarea cancerului \u0219i a psoriazisului. De asemenea, este cunoscut ca ingredient \u00een preparatele cosmetice. De\u0219i unii oameni din lumea occidental\u0103 \u00eel cunosc ca pe un condiment, \u00een spatele lui se afl\u0103 mult mai mult dec\u00e2t at\u00e2t. Pe l\u00e2ng\u0103 minerale, vitaminele B6 \u0219i B3, acid folic, potasiu, fier, mangan \u0219i acizi gra\u0219i omega-3, turmericul con\u021bine \u0219i <strong>polifenolul curcumin\u0103<\/strong>, un <strong>antioxidant<\/strong> foarte <strong>puternic<\/strong> \u0219i un <strong>compus antiinflamator<\/strong> eficient. S-a demonstrat c\u0103 curcumina are un efect pozitiv asupra ficatului \u0219i a sistemului circulator, c\u0103 reduce inflama\u021bia \u00een cazul artritei \u0219i c\u0103 reduce factorii de risc pentru diabet. De asemenea, are efecte pozitive asupra s\u0103n\u0103t\u0103\u021bii creierului \u0219i reduce riscul de cancer. Curcumina previne cu succes toate inflama\u021biile cronice din corpul nostru &#8211; \u0219i toate afec\u021biunile \u00eencep de fapt cu o inflama\u021bie. De asemenea, <strong>previne cre\u0219terea bacteriilor rele<\/strong> din tractul nostru digestiv, cum ar fi <strong><em>heliobacter pylori<\/em><\/strong> \u00een stomacul nostru \u0219i <em><strong>candida<\/strong><\/em> \u00een gur\u0103 \u0219i \u00een intestinele noastre. <\/span><\/p>\n<p style=\"text-align: justify\"><span style=\"color: #000000\">Curcumina din turmeric are, de asemenea, un efect pozitiv \u00een prevenirea dezvolt\u0103rii bolilor asociate cu \u00eemb\u0103tr\u00e2nirea (boala Alzheimer).<\/span><\/p>\n<p style=\"text-align: justify\"><span style=\"color: #000000\">Gustul turmericului este u\u0219or astringent, picant, dar dulce \u0219i aminte\u0219te de ghimbir, portocal\u0103 \u0219i piper.<\/span><\/p>\n<p style=\"text-align: justify\"><span style=\"color: #000000\">\u00cen mod obi\u0219nuit, se consider\u0103 c\u0103 turmericul:<\/span><\/p>\n<p><span style=\"color: #000000\">\ud83d\udc9a Este <strong>antiinflamator<\/strong>, antifungic \u0219i antimicrobian, reduc\u00e2nd astfel inflama\u021bia;<\/span><\/p>\n<p><span style=\"color: #000000\">\ud83d\udc9a cur\u0103\u021b\u0103 ficatul, deoarece are un efect purificator \u0219i <strong>previne acumularea de acizi gra\u0219i \u00een ficat<\/strong>;<\/span><\/p>\n<p><span style=\"color: #000000\">\ud83d\udc9a amelioreaz\u0103 problemele<strong> menstruale<\/strong> \u0219i digestive;<\/span><\/p>\n<p><span style=\"color: #000000\">\ud83d\udc9a consumul regulat previne apari\u021bia diabetului de tip 2 la a\u0219a-numi\u021bii prediabetici;<\/span><\/p>\n<p><span style=\"color: #000000\">\ud83d\udc9a sub form\u0103 de past\u0103 <strong>, calmeaz\u0103 inflama\u021biile<\/strong> \u0219i <strong>irita\u021biile pielii<\/strong>;<\/span><\/p>\n<p><span style=\"color: #000000\">\ud83d\udc9a favorizeaz\u0103 o digestie mai rapid\u0103 a gr\u0103similor, ceea ce poate ajuta la <strong>pierderea \u00een greutate<\/strong>;<\/span><\/p>\n<p><span style=\"color: #000000\">\ud83d\udc9a ajut\u0103 la cre\u0219terea <strong>eficien\u021bei creierului<\/strong> \u0219i la prevenirea bolilor asociate, cum ar fi boala Alzheimer;<\/span><\/p>\n<p><span style=\"color: #000000\"><strong>\ud83d\udc9a \u00eembun\u0103t\u0103\u021be\u0219te starea de spirit<\/strong>;<\/span><\/p>\n<p><span style=\"color: #000000\">\ud83d\udc9a amelioreaz\u0103 durerile musculare \u0219i articulare;<\/span><\/p>\n<p><span style=\"color: #000000\">\ud83d\udc9a contracareaz\u0103 respira\u021bia ur\u00e2t mirositoare \u0219i este util\u0103 \u00een bolile parodontale;<\/span><\/p>\n<p><span style=\"color: #000000\">\ud83d\udc9a se crede, de asemenea, c\u0103 este un agent anticancerigen.<\/span><\/p>\n<h2 style=\"text-align: justify\"><span style=\"color: #000000\">Ambalare<\/span><\/h2>\n<p style=\"text-align: justify\"><span style=\"color: #000000\">O pung\u0103 cu fermoar nepermeabil \u00een care produsul \u00ee\u0219i p\u0103streaz\u0103 toat\u0103 prospe\u021bimea \u0219i aroma. Ambalajul protejeaz\u0103 \u00eempotriva luminii \u0219i a aerului, deoarece este compus din mai multe straturi de protec\u021bie pentru a p\u0103stra propriet\u0103\u021bile con\u021binutului.<\/span><\/p>\n<p style=\"text-align: justify\"><span style=\"color: #000000\">Ambalajul este foarte practic \u0219i reciclabil.<\/span><\/p>\n<h2><span style=\"color: #000000\">Origine<\/span><\/h2>\n<p><span style=\"color: #000000\">India<\/span><\/p>\n","protected":false},"excerpt":{"rendered":"<p>Pe l\u00e2ng\u0103 minerale, vitaminele B6 \u0219i B3, acid folic, potasiu, fier \u0219i mangan, precum \u0219i acizi gra\u0219i omega-3, turmericul con\u021bine \u0219i polifenolul curcumin\u0103, care este un antioxidant foarte puternic \u0219i un compus antiinflamator eficient. S-a demonstrat c\u0103 curcumina are un efect pozitiv asupra ficatului \u0219i a sistemului circulator, c\u0103 reduce inflama\u021bia \u00een cazul artritei \u0219i c\u0103 reduce factorii de risc pentru diabet. De asemenea, are efecte pozitive asupra s\u0103n\u0103t\u0103\u021bii creierului \u0219i reduce riscul de cancer. Curcumina previne cu succes toate inflama\u021biile cronice din corpul nostru &#8211; \u0219i toate afec\u021biunile \u00eencep de fapt cu o inflama\u021bie. De asemenea, prin ac\u021biunea sa antibacterian\u0103, previne dezvoltarea bacteriilor rele \u00een tractul nostru digestiv, cum ar fi <em>heliobacter pylori<\/em> \u00een stomac \u0219i <em>candida<\/em> \u00een gur\u0103 \u0219i intestine. Curcumina din turmeric are, de asemenea, un efect pozitiv \u00een prevenirea dezvolt\u0103rii bolilor asociate cu \u00eemb\u0103tr\u00e2nirea (boala Alzheimer).<\/p>\n<p>\ud83d\udc9a Antiinflamator.<br \/>\n\ud83d\udc9a Cur\u0103\u021b\u0103 ficatul.<br \/>\n\ud83d\udc9a Amelioreaz\u0103 problemele menstruale.<br \/>\n\ud83d\udc9a Un antioxidant puternic.<\/p>\n","protected":false},"featured_media":6302,"comment_status":"open","ping_status":"closed","template":"","meta":{"_acf_changed":false},"product_brand":[],"product_cat":[15,230,205,224,238,225],"product_tag":[],"class_list":{"0":"post-6301","1":"product","2":"type-product","3":"status-publish","4":"has-post-thumbnail","6":"product_cat-uncategorized","7":"product_cat-ayurveda","8":"product_cat-ceai-mancare-condimente","9":"product_cat-oferta","10":"product_cat-oferte-bune","11":"product_cat-toate-produsele","13":"first","14":"instock","15":"sale","16":"taxable","17":"shipping-taxable","18":"purchasable","19":"product-type-simple"},"acf":[],"_links":{"self":[{"href":"https:\/\/fengchashop.com\/ro\/wp-json\/wp\/v2\/product\/6301","targetHints":{"allow":["GET"]}}],"collection":[{"href":"https:\/\/fengchashop.com\/ro\/wp-json\/wp\/v2\/product"}],"about":[{"href":"https:\/\/fengchashop.com\/ro\/wp-json\/wp\/v2\/types\/product"}],"replies":[{"embeddable":true,"href":"https:\/\/fengchashop.com\/ro\/wp-json\/wp\/v2\/comments?post=6301"}],"wp:featuredmedia":[{"embeddable":true,"href":"https:\/\/fengchashop.com\/ro\/wp-json\/wp\/v2\/media\/6302"}],"wp:attachment":[{"href":"https:\/\/fengchashop.com\/ro\/wp-json\/wp\/v2\/media?parent=6301"}],"wp:term":[{"taxonomy":"product_brand","embeddable":true,"href":"https:\/\/fengchashop.com\/ro\/wp-json\/wp\/v2\/product_brand?post=6301"},{"taxonomy":"product_cat","embeddable":true,"href":"https:\/\/fengchashop.com\/ro\/wp-json\/wp\/v2\/product_cat?post=6301"},{"taxonomy":"product_tag","embeddable":true,"href":"https:\/\/fengchashop.com\/ro\/wp-json\/wp\/v2\/product_tag?post=6301"}],"curies":[{"name":"wp","href":"https:\/\/api.w.org\/{rel}","templated":true}]}}