{"id":6299,"date":"2022-05-23T14:49:05","date_gmt":"2022-05-23T12:49:05","guid":{"rendered":"https:\/\/fengchashop.com\/ro\/product\/hibiskus-bio-250-g\/"},"modified":"2026-04-30T12:51:05","modified_gmt":"2026-04-30T10:51:05","slug":"hibiskus-bio","status":"publish","type":"product","link":"https:\/\/fengchashop.com\/ro\/product\/hibiskus-bio\/","title":{"rendered":"Hibiscus BIO 250 g"},"content":{"rendered":"<h2 style=\"text-align: justify\"><span style=\"color: #000000\">Hibiscus bio<\/span><\/h2>\n<p style=\"text-align: justify\"><span style=\"color: #000000\">Hibiscus este o plant\u0103 cu flori mari \u0219i ro\u0219ii. Hibiscusul <strong>este extrem de benefic pentru s\u0103n\u0103tate<\/strong>. Acesta con\u021bine vitamina A, vitamina C, zinc, vitamina B, fibre, cupru, proteine \u0219i vitamina B2. Este extrem de popular ca <strong>plant\u0103 ornamental\u0103<\/strong>, iar florile de hibiscus sunt <strong>ingredientul principal \u00een<\/strong> majoritatea ceaiurilor de fructe de pe rafturile magazinelor alimentare.<\/span><\/p>\n<p style=\"text-align: justify\"><span style=\"color: #000000\">De\u0219i ne g\u00e2ndim mai ales la ceai, exist\u0103 multe alte lucruri pe care le pute\u021bi face cu florile de hibiscus \u00een buc\u0103t\u0103rie.<\/span><\/p>\n<h2 style=\"text-align: justify\"><span style=\"color: #000000\">Utiliza\u021bi<\/span><\/h2>\n<p style=\"text-align: justify\"><span style=\"color: #000000\">Florile uscate de hibiscus au un<strong> gust<\/strong> u\u0219or<strong> acri\u0219or <\/strong>\u0219i<strong> astringent<\/strong> \u0219i sunt ideale pentru a face un ceai r\u0103coritor \u0219i popular &#8211; chiar \u0219i rece. Gustul este \u00eembun\u0103t\u0103\u021bit \u0219i mai mult cu suc \u0219i coaj\u0103 de l\u0103m\u00e2ie \u0219i o bucat\u0103 de ghimbir. Acesta este deosebit de util iarna, deoarece ofer\u0103 vitaminele \u0219i substan\u021bele necesare pentru a \u00eent\u0103ri sistemul imunitar \u0219i, astfel, pentru a \u00eendep\u0103rta r\u0103celile \u0219i infec\u021biile respiratorii superioare.<\/span><\/p>\n<p style=\"text-align: justify\"><span style=\"color: #000000\">Florile de hibiscus pot fi ad\u0103ugate \u0219i \u00een diverse b\u0103uturi alcoolice \u0219i nealcoolice. Hibiscusul poate fi folosit pentru a face <strong>gin<\/strong>, care este colorat de un roz frumos de c\u0103tre hibiscus \u0219i are o arom\u0103 deosebit\u0103. Ginul poate fi, de asemenea, preparat cu o combina\u021bie de flori de hibiscus uscate \u0219i petale de trandafir.<\/span><\/p>\n<p style=\"text-align: justify\"><span style=\"color: #000000\">Hibiscusul poate fi folosit, de asemenea, \u00een<strong> amestecuri de condimente<\/strong>, salate, preparate din legume \u0219i carne, <strong>deserturi<\/strong> \u0219i creme.<\/span><\/p>\n<p style=\"text-align: justify\"><span style=\"color: #000000\">De asemenea, pot fi folosite \u00een <strong>produse cosmetice<\/strong> de cas\u0103, cum ar fi s\u0103punul natural sau crema nutritiv\u0103.<\/span><\/p>\n<p style=\"text-align: justify\"><span style=\"color: #000000\">Femeile \u00eens\u0103rcinate \u0219i mamele care al\u0103pteaz\u0103 sunt sf\u0103tuite s\u0103 nu le foloseasc\u0103.<\/span><\/p>\n<h2 style=\"text-align: justify\"><span style=\"color: #000000\">Depozitare<\/span><\/h2>\n<p style=\"text-align: justify\"><span style=\"color: #000000\">A se p\u0103stra \u00eentr-un loc uscat, \u00eentunecat \u0219i r\u0103coros. Asigura\u021bi-v\u0103 c\u0103 punga sau cutia este bine \u00eenchis\u0103.<\/span><\/p>\n<h2 style=\"text-align: justify\"><span style=\"color: #000000\">Ambalare<\/span><\/h2>\n<p><span style=\"color: #000000\">Pung\u0103 cu fermoar nepermeabil \u00een care produsul \u00ee\u0219i p\u0103streaz\u0103 toat\u0103 prospe\u021bimea \u0219i aroma. Ambalajul protejeaz\u0103 \u00eempotriva luminii \u0219i a aerului, deoarece este compus din mai multe straturi de protec\u021bie pentru a p\u0103stra propriet\u0103\u021bile con\u021binutului.<\/span><\/p>\n<p><span style=\"color: #000000\">Ambalajul este foarte practic \u0219i reciclabil.<\/span><\/p>\n<h2><span style=\"color: #000000\">Origine<\/span><\/h2>\n<p><span style=\"color: #000000\">Niger<\/span><\/p>\n","protected":false},"excerpt":{"rendered":"<p style=\"text-align: justify\">Florile de hibiscus sunt ingredientul principal \u00een majoritatea ceaiurilor de fructe. De asemenea, florile de hibiscus pot fi ad\u0103ugate la o varietate de b\u0103uturi alcoolice \u0219i nealcoolice. Hibiscusul poate fi folosit pentru a face gin, care este colorat de un roz frumos de c\u0103tre hibiscus \u0219i are o arom\u0103 distinctiv\u0103. Hibiscusul poate fi folosit, de asemenea, \u00een amestecuri de condimente, salate, preparate din legume \u0219i carne, deserturi \u0219i creme.<\/p>\n<p>\ud83d\udc9a Hibiscusul este excelent pentru sc\u0103derea tensiunii arteriale ridicate.<\/p>\n<p>\ud83d\udc9a Ajut\u0103 la ameliorarea simptomelor de depresie \u0219i nervozitate.<\/p>\n<p>\ud83d\udc9a Vitamina C \u0219i A \u00eel fac excelent pentru piele.<\/p>\n<p>\ud83d\udc9a Are propriet\u0103\u021bi antioxidante.<\/p>\n","protected":false},"featured_media":6300,"comment_status":"open","ping_status":"closed","template":"","meta":{"_acf_changed":false},"product_brand":[],"product_cat":[15,205,224,225],"product_tag":[],"class_list":{"0":"post-6299","1":"product","2":"type-product","3":"status-publish","4":"has-post-thumbnail","6":"product_cat-uncategorized","7":"product_cat-ceai-mancare-condimente","8":"product_cat-oferta","9":"product_cat-toate-produsele","11":"first","12":"instock","13":"sale","14":"taxable","15":"shipping-taxable","16":"purchasable","17":"product-type-simple"},"acf":[],"_links":{"self":[{"href":"https:\/\/fengchashop.com\/ro\/wp-json\/wp\/v2\/product\/6299","targetHints":{"allow":["GET"]}}],"collection":[{"href":"https:\/\/fengchashop.com\/ro\/wp-json\/wp\/v2\/product"}],"about":[{"href":"https:\/\/fengchashop.com\/ro\/wp-json\/wp\/v2\/types\/product"}],"replies":[{"embeddable":true,"href":"https:\/\/fengchashop.com\/ro\/wp-json\/wp\/v2\/comments?post=6299"}],"wp:featuredmedia":[{"embeddable":true,"href":"https:\/\/fengchashop.com\/ro\/wp-json\/wp\/v2\/media\/6300"}],"wp:attachment":[{"href":"https:\/\/fengchashop.com\/ro\/wp-json\/wp\/v2\/media?parent=6299"}],"wp:term":[{"taxonomy":"product_brand","embeddable":true,"href":"https:\/\/fengchashop.com\/ro\/wp-json\/wp\/v2\/product_brand?post=6299"},{"taxonomy":"product_cat","embeddable":true,"href":"https:\/\/fengchashop.com\/ro\/wp-json\/wp\/v2\/product_cat?post=6299"},{"taxonomy":"product_tag","embeddable":true,"href":"https:\/\/fengchashop.com\/ro\/wp-json\/wp\/v2\/product_tag?post=6299"}],"curies":[{"name":"wp","href":"https:\/\/api.w.org\/{rel}","templated":true}]}}