{"id":6283,"date":"2022-05-23T13:50:42","date_gmt":"2022-05-23T11:50:42","guid":{"rendered":"https:\/\/fengchashop.com\/ro\/product\/jiaogulan-100-g\/"},"modified":"2026-04-29T13:49:50","modified_gmt":"2026-04-29T11:49:50","slug":"jiaogulan","status":"publish","type":"product","link":"https:\/\/fengchashop.com\/ro\/product\/jiaogulan\/","title":{"rendered":"Jiaogulan 100 g"},"content":{"rendered":"<h2 style=\"text-align: justify\"><span style=\"color: #000000\">Jiaogulan (ceai din plante)<\/span><\/h2>\n<p style=\"text-align: justify\"><span style=\"color: #000000\">Jiaogulan este un ceai din plante medicinale, cunoscut \u0219i sub numele de Jiao Gu Lan sau <strong>Gynostemma<\/strong>. Acest ceai din plante are reputa\u021bia de a fi <strong>un ceai al nemuririi sau al longevit\u0103\u021bii<\/strong>, deoarece con\u021bine multe ingrediente active importante pentru o via\u021b\u0103 lung\u0103. Primele \u00eenregistr\u0103ri cunoscute ale ceaiului dateaz\u0103 din secolul al XIV-lea \u00ee.Hr. \u0219i au fost g\u0103site \u00een China, unde aceast\u0103 plant\u0103 este indispensabil\u0103 \u0219i ast\u0103zi \u00een medicina tradi\u021bional\u0103.<\/span><\/p>\n<p style=\"text-align: justify\"><span style=\"color: #000000\">Jiaogulan este, de asemenea, o plant\u0103 care a fost \u00eendelung studiat\u0103 \u0219tiin\u021bific \u0219i c\u0103reia i-au fost atribuite numeroase efecte pozitive. Este, \u00een special, <strong>antiinflamatoare<\/strong>, <strong>detoxifiant\u0103<\/strong> \u0219i are un <strong>efect anti-\u00eemb\u0103tr\u00e2nire<\/strong>. \u00cen plus, jiaogulan este \u0219i un <strong>puternic antioxidant<\/strong>. Ca \u0219i ginsengul, <strong>stimuleaz\u0103 energia<\/strong>, <strong>echilibreaz\u0103<\/strong> organismul \u0219i <strong>\u00eembun\u0103t\u0103\u021be\u0219te starea general\u0103 de bine<\/strong>. Potrivit medicinei tradi\u021bionale chineze, are un efect benefic asupra sindromului de oboseal\u0103 cronic\u0103 \u0219i a palpita\u021biilor inimii (senza\u021bie de b\u0103taie \u00een piept). De asemenea, este adesea utilizat pentru afec\u021biuni care includ prevenirea \u0219i ameliorarea <strong>diabetului<\/strong> \u0219i a <strong>colesterolului ridicat<\/strong>, precum \u0219i prevenirea efectelor stresului care duc la <strong>anxietate<\/strong>. Astfel, cu o utilizare regulat\u0103, efectele sale pot fi exploatate pe deplin, iar modera\u021bia aduce \u0219i un consum sigur, f\u0103r\u0103 efecte secundare \u0219i nedorite.<\/span><\/p>\n<h2 style=\"text-align: justify\"><span style=\"color: #000000\">Ne ajut\u0103 organismul s\u0103 se echilibreze<\/span><\/h2>\n<p style=\"text-align: justify\"><span style=\"color: #000000\">Jiaogulan este, de asemenea, un <strong>adaptogen<\/strong>. Plantele adaptogene ajut\u0103 organismul s\u0103 se adapteze la diver\u0219i factori negativi de mediu. Ele au capacitatea de a regla \u0219i controla sistemele glandular \u0219i hormonal, sistemul nervos \u0219i cardiovascular \u0219i mu\u0219chii.<\/span><\/p>\n<p><span style=\"color: #000000\">Adaptogenele sus\u021bin s\u0103n\u0103tatea organelor vitale \u0219i ajut\u0103 la reglarea glicemiei, la \u00eembun\u0103t\u0103\u021birea func\u021biilor hepatice, gastrointestinale \u0219i cutanate. Ele \u00eent\u0103resc \u0219i revigoreaz\u0103 organismul. Ele stimuleaz\u0103, de asemenea, glandele suprarenale, ajut\u00e2nd organismul s\u0103 fac\u0103 fa\u021b\u0103 \u00een mod eficient stresului provocat de factori fizici (infec\u021bii, leziuni, somn insuficient) sau psihologici (anxietate).<\/span><\/p>\n<h2 style=\"text-align: justify\"><span style=\"color: #000000\">Alte denumiri<\/span><\/h2>\n<p style=\"text-align: justify\"><span style=\"color: #000000\"><em>Gynostemma pentalhyllum<\/em>. Numit uneori ginseng meridional, datorit\u0103 efectelor \u0219i gustului asem\u0103n\u0103tor cu ginsengul, este cunoscut \u0219i sub numele de <em>ginseng meridional<\/em>, deoarece provine din p\u0103r\u021bile sudice ale Chinei.<\/span><\/p>\n<h2><span style=\"color: #000000\">Aspect<\/span><\/h2>\n<p style=\"text-align: justify\"><span style=\"color: #000000\">Frunze verde \u00eenchis, str\u00e2ns r\u0103sucite, cu crengu\u021be mici \u0219i fine.<\/span><\/p>\n<h2 style=\"text-align: justify\"><span style=\"color: #000000\">Gust \u0219i arom\u0103<\/span><\/h2>\n<p style=\"text-align: justify\"><span style=\"color: #000000\">Jiaogulanul nostru este recoltat din natur\u0103 s\u0103lbatic\u0103, neatins\u0103. Are un <strong>gust dulceag<\/strong> interesant, foarte asem\u0103n\u0103tor cu cel al ginsengului. Jiaogulan este cu siguran\u021b\u0103 o alegere gustoas\u0103, dar mai ales s\u0103n\u0103toas\u0103 pentru iubitorii de ceaiuri din plante.<\/span><\/p>\n<h2 style=\"text-align: justify\"><span style=\"color: #000000\">Depozitare<\/span><\/h2>\n<p style=\"text-align: justify\"><span style=\"color: #000000\">Jiaogulan trebuie depozitat \u00eentr-un loc uscat, \u00eentunecat \u0219i r\u0103coros. P\u0103stra\u021bi recipientul bine \u00eenchis.<\/span><\/p>\n<h2 style=\"text-align: justify\"><span style=\"color: #000000\">Ambalare<\/span><\/h2>\n<p style=\"text-align: justify\"><span style=\"color: #000000\">\u00centr-o pung\u0103 cu fermoar nepermeabil, \u00een care produsul \u00ee\u0219i p\u0103streaz\u0103 toat\u0103 prospe\u021bimea \u0219i aroma. Ambalajul protejeaz\u0103 \u00eempotriva luminii \u0219i a aerului, deoarece este compus din mai multe straturi de protec\u021bie care p\u0103streaz\u0103 propriet\u0103\u021bile con\u021binutului.<\/span><\/p>\n<p style=\"text-align: justify\"><span style=\"color: #000000\">Ambalajul este foarte practic \u0219i reciclabil.<\/span><\/p>\n<h2 style=\"text-align: justify\"><span style=\"color: #000000\">Origine<\/span><\/h2>\n<p style=\"text-align: justify\"><span style=\"color: #000000\">China. Avem furnizori foarte de \u00eencredere care ne trimit o analiz\u0103 chimic\u0103 detaliat\u0103 a produselor alimentare pentru fiecare lot. \u00cen mai bine de zece ani nu am avut nicio rechemare sau alte probleme cu acest articol \u0219i nici cu alte articole de la acela\u0219i furnizor.<\/span><\/p>\n","protected":false},"excerpt":{"rendered":"<p>O plant\u0103 care a fost studiat\u0103 \u0219tiin\u021bific pe scar\u0103 larg\u0103 \u0219i c\u0103reia i s-au atribuit numeroase efecte pozitive. \u00cen special, <strong>este antiinflamatoare<\/strong>, <strong>detoxifiant\u0103<\/strong> \u0219i <strong>are un efect anti-\u00eemb\u0103tr\u00e2nire<\/strong>. Potrivit medicinei tradi\u021bionale chineze, are un efect benefic asupra sindromului de oboseal\u0103 cronic\u0103 \u0219i a palpita\u021biilor inimii (senza\u021bie de b\u0103taie \u00een piept). De asemenea, este frecvent utilizat\u0103 pentru afec\u021biuni, inclusiv pentru prevenirea \u0219i ameliorarea <strong>diabetului<\/strong> \u0219i a <strong>colesterolului ridicat<\/strong>, precum \u0219i pentru prevenirea efectelor stresului care duc la <strong>anxietate<\/strong>. .<\/p>\n<p>\ud83d\udc9a Este un ceai de plante vindec\u0103tor.<br \/>\n\ud83d\udc9a Ceaiul nemuririi sau al longevit\u0103\u021bii.<br \/>\n\ud83d\udc9a Este un adaptogen.<br \/>\n\ud83d\udc9a Un antioxidant puternic.<\/p>\n","protected":false},"featured_media":6284,"comment_status":"open","ping_status":"closed","template":"","meta":{"_acf_changed":false},"product_brand":[],"product_cat":[15,223,205,224,225],"product_tag":[],"class_list":{"0":"post-6283","1":"product","2":"type-product","3":"status-publish","4":"has-post-thumbnail","6":"product_cat-uncategorized","7":"product_cat-ceai","8":"product_cat-ceai-mancare-condimente","9":"product_cat-oferta","10":"product_cat-toate-produsele","12":"first","13":"instock","14":"taxable","15":"shipping-taxable","16":"purchasable","17":"product-type-simple"},"acf":[],"_links":{"self":[{"href":"https:\/\/fengchashop.com\/ro\/wp-json\/wp\/v2\/product\/6283","targetHints":{"allow":["GET"]}}],"collection":[{"href":"https:\/\/fengchashop.com\/ro\/wp-json\/wp\/v2\/product"}],"about":[{"href":"https:\/\/fengchashop.com\/ro\/wp-json\/wp\/v2\/types\/product"}],"replies":[{"embeddable":true,"href":"https:\/\/fengchashop.com\/ro\/wp-json\/wp\/v2\/comments?post=6283"}],"wp:featuredmedia":[{"embeddable":true,"href":"https:\/\/fengchashop.com\/ro\/wp-json\/wp\/v2\/media\/6284"}],"wp:attachment":[{"href":"https:\/\/fengchashop.com\/ro\/wp-json\/wp\/v2\/media?parent=6283"}],"wp:term":[{"taxonomy":"product_brand","embeddable":true,"href":"https:\/\/fengchashop.com\/ro\/wp-json\/wp\/v2\/product_brand?post=6283"},{"taxonomy":"product_cat","embeddable":true,"href":"https:\/\/fengchashop.com\/ro\/wp-json\/wp\/v2\/product_cat?post=6283"},{"taxonomy":"product_tag","embeddable":true,"href":"https:\/\/fengchashop.com\/ro\/wp-json\/wp\/v2\/product_tag?post=6283"}],"curies":[{"name":"wp","href":"https:\/\/api.w.org\/{rel}","templated":true}]}}