{"id":6231,"date":"2022-05-21T06:15:13","date_gmt":"2022-05-21T04:15:13","guid":{"rendered":"https:\/\/fengchashop.com\/ro\/product\/rooibos-bio-200-g\/"},"modified":"2026-04-26T09:29:06","modified_gmt":"2026-04-26T07:29:06","slug":"rooibos-bio","status":"publish","type":"product","link":"https:\/\/fengchashop.com\/ro\/product\/rooibos-bio\/","title":{"rendered":"Rooibos BIO 200 g"},"content":{"rendered":"<h2><span style=\"color: #000000\">Rooibos organic<\/span><\/h2>\n<p><span style=\"color: #000000\">Rooibos este un arbust erbaceu originar din Africa de Sud, cunoscut la nivel local sub numele de tufi\u0219ul ro\u0219u. Frunzele \u0219i crengile sunt colectate \u0219i uscate la soare. Acest lucru determin\u0103 fermentarea, \u00een urma c\u0103reia frunzele verzi devin ro\u0219ii. Ceaiul este lipsit de cofein\u0103 \u0219i poate fi b\u0103ut seara.<\/span><\/p>\n<p><span style=\"color: #000000\">Este o b\u0103utur\u0103 extrem de popular\u0103 \u00een \u00eentreaga lume, cu gustul s\u0103u dulce natural \u0219i cu numeroase efecte benefice. Ceaiul Rooibos este bogat \u00een antioxidan\u021bi, minerale \u0219i substan\u021be minerale. Ceaiul nostru rooibos provine din produc\u021bia ecologic\u0103.<\/span><\/p>\n<h2><span style=\"color: #000000\">Depozitare<\/span><\/h2>\n<p><span style=\"color: #000000\">Rooibos trebuie depozitat \u00eentr-un loc uscat, \u00eentunecat \u0219i r\u0103coros.<\/span><\/p>\n<h2><span style=\"color: #000000\">Ambalare<\/span><\/h2>\n<p><span style=\"color: #000000\">\u00centr-o pung\u0103 cu fermoar nepermeabil, \u00een care produsul \u00ee\u0219i p\u0103streaz\u0103 toat\u0103 prospe\u021bimea \u0219i aroma. Ambalajul \u00eel protejeaz\u0103 de lumin\u0103 \u0219i de aer. Acesta este format din mai multe straturi de protec\u021bie pentru a p\u0103stra propriet\u0103\u021bile produsului.<\/span><\/p>\n<p><span style=\"color: #000000\">Ambalajul este foarte practic \u0219i reciclabil.<\/span><\/p>\n<h2><span style=\"color: #000000\">Origine<\/span><\/h2>\n<p><span style=\"color: #000000\">Africa de Sud<\/span><\/p>\n","protected":false},"excerpt":{"rendered":"<p>Rooibos este o b\u0103utur\u0103 extrem de popular\u0103 \u00een \u00eentreaga lume, cu gustul s\u0103u dulce natural \u0219i numeroase efecte benefice.<\/p>\n<p>\ud83d\udc9a Este bogat \u00een antioxidan\u021bi, minerale \u0219i substan\u021be minerale.<br \/>\n\ud83d\udc9a Este produs organic.<\/p>\n","protected":false},"featured_media":6232,"comment_status":"open","ping_status":"closed","template":"","meta":{"_acf_changed":false},"product_brand":[],"product_cat":[15,223,205],"product_tag":[],"class_list":{"0":"post-6231","1":"product","2":"type-product","3":"status-publish","4":"has-post-thumbnail","6":"product_cat-uncategorized","7":"product_cat-ceai","8":"product_cat-ceai-mancare-condimente","10":"first","11":"instock","12":"sale","13":"taxable","14":"shipping-taxable","15":"purchasable","16":"product-type-simple"},"acf":[],"_links":{"self":[{"href":"https:\/\/fengchashop.com\/ro\/wp-json\/wp\/v2\/product\/6231","targetHints":{"allow":["GET"]}}],"collection":[{"href":"https:\/\/fengchashop.com\/ro\/wp-json\/wp\/v2\/product"}],"about":[{"href":"https:\/\/fengchashop.com\/ro\/wp-json\/wp\/v2\/types\/product"}],"replies":[{"embeddable":true,"href":"https:\/\/fengchashop.com\/ro\/wp-json\/wp\/v2\/comments?post=6231"}],"wp:featuredmedia":[{"embeddable":true,"href":"https:\/\/fengchashop.com\/ro\/wp-json\/wp\/v2\/media\/6232"}],"wp:attachment":[{"href":"https:\/\/fengchashop.com\/ro\/wp-json\/wp\/v2\/media?parent=6231"}],"wp:term":[{"taxonomy":"product_brand","embeddable":true,"href":"https:\/\/fengchashop.com\/ro\/wp-json\/wp\/v2\/product_brand?post=6231"},{"taxonomy":"product_cat","embeddable":true,"href":"https:\/\/fengchashop.com\/ro\/wp-json\/wp\/v2\/product_cat?post=6231"},{"taxonomy":"product_tag","embeddable":true,"href":"https:\/\/fengchashop.com\/ro\/wp-json\/wp\/v2\/product_tag?post=6231"}],"curies":[{"name":"wp","href":"https:\/\/api.w.org\/{rel}","templated":true}]}}