{"id":6212,"date":"2025-07-24T18:59:39","date_gmt":"2025-07-24T16:59:39","guid":{"rendered":"https:\/\/fengchashop.com\/ro\/product\/solutie-lugol-50-ml\/"},"modified":"2025-09-16T13:02:26","modified_gmt":"2025-09-16T11:02:26","slug":"solutie-lugol","status":"publish","type":"product","link":"https:\/\/fengchashop.com\/ro\/product\/solutie-lugol\/","title":{"rendered":"Solu\u021bie Lugol 50 ml"},"content":{"rendered":"<h2><span style=\"color: #000000;\">Solu\u021bie Lugol (pic\u0103turi de iod de super calitate &#8211; 5%)<\/span><\/h2>\n<p><span style=\"color: #000000;\"><strong>Iodul<\/strong> (I) \u0219i <strong>iodura de potasiu<\/strong> (KI) se combin\u0103 cu <strong>ap\u0103 distilat\u0103 pentru a forma solu\u021bia Lugol<\/strong>, cunoscut\u0103 adesea sub numele de <strong>iodul Lugol<\/strong>. Jean Francois Coindet (1774-1834) a folosit pentru prima dat\u0103 iodul \u00een <strong>scopuri terapeutice<\/strong>.<\/span><\/p>\n<p><span style=\"color: #000000;\">Solu\u021bia Lugol a fost dezvoltat\u0103 pentru prima dat\u0103 \u00een <strong>1829<\/strong> de c\u0103tre medicul francez <strong>Jean Guillaume Auguste Lug<\/strong> ol. Dr. Lugol a descoperit c\u0103 iodura de potasiu cre\u0219te solubilitatea iodului \u00een ap\u0103. Solu\u021bia Lugol este un amestec 1:2 de iod \u0219i iodur\u0103 de potasiu. Dr. Lugol a descoperit, de asemenea, c\u0103 iodul este o substan\u021b\u0103 chimic\u0103 care poate fi folosit\u0103 \u0219i s-a dovedit promi\u021b\u0103toare \u00een tratamentul infec\u021biilor. Solu\u021bia Lugol a fost combinat\u0103 cu alte substan\u021be \u0219i folosit\u0103 ca materie prim\u0103 pentru diverse lucruri timp de mul\u021bi ani.<\/span><\/p>\n<h2><span style=\"color: #000000;\">Care este importan\u021ba iodului pentru s\u0103n\u0103tate?<\/span><\/h2>\n<p><span style=\"color: #000000;\">Iodul este un<strong> mineral<\/strong> de care<strong> toate mamiferele au nevoie<\/strong> pentru a supravie\u021bui. Este, de asemenea, o parte important\u0103 a <strong>hormonilor tiroidieni<\/strong>, care<strong>afecteaz\u0103 metabolismul, cre\u0219terea \u0219i dezvoltarea<\/strong>. Iodul este, de asemenea, crucial <strong>pentru dezvoltarea creierului<\/strong>, \u00een special \u00een <strong>timpul sarcinii \u0219i al copil\u0103riei timpurii<\/strong>. Acesta controleaz\u0103 o serie de procese biochimice importante, inclusiv sinteza proteinelor \u0219i activitatea enzimatic\u0103, care sunt <strong>esen\u021biale pentru metabolism \u0219i pentru cre\u0219terea corespunz\u0103toare a oaselor \u0219i a sistemului nervos al f\u0103tului \u0219i al copilului<\/strong>.<\/span><\/p>\n<p><span style=\"color: #000000;\">Iodul este, de asemenea, esen\u021bial pentru <strong>men\u021binerea s\u0103n\u0103t\u0103\u021bii pielii, a p\u0103rului \u0219i a unghiilor<\/strong>, precum \u0219i pentru <strong>buna func\u021bionare a glandei tiroide \u0219i pentru eliberarea de energie \u00een timpul metabolismului<\/strong>, \u0219i are <strong>func\u021bii cognitive<\/strong>. <strong>Efecte antivirale, antibacteriene, antiparazitare \u0219i anticancerigene<\/strong> esen\u021biale pentru iod.<\/span><\/p>\n<p><span style=\"color: #000000;\">Solu\u021bia Lugol este, de asemenea, esen\u021bial\u0103 pentru <strong>s\u0103n\u0103tatea ochilor \u0219i pentru hidratare<\/strong>.<\/span><\/p>\n<p><span style=\"color: #000000;\">Iodul este, de asemenea, f\u0103r\u0103 \u00eendoial\u0103 cel mai bine cunoscut ca <strong>dezinfectant sau antiseptic<\/strong>.<\/span><\/p>\n<h2><span style=\"color: #000000;\">Cui recomand\u0103m solu\u021bia Lugol \u0219i de ce o folosim?<\/span><\/h2>\n<p><span style=\"color: #000000;\">Fiecare \u021besut \u0219i organ uman con\u021bine urme de element iod. Cel mai abundent iod se g\u0103se\u0219te \u00een glanda tiroid\u0103, \u00een glandele salivare mari, \u00een pancreas, \u00een glandele lacrimale, \u00een \u021besuturile reproductive, cum ar fi s\u00e2nii, ovarele \u0219i prostata, precum \u0219i \u00een mucoasa gastric\u0103, \u00een lichidul cefalorahidian \u0219i \u00een pielea uman\u0103.<\/span><\/p>\n<p><span style=\"color: #000000;\">Este esen\u021bial <strong>pentru producerea de hormoni tiroidieni \u0219i pentru reglarea metabolismului<\/strong>, ceea ce afecteaz\u0103 nivelul de energie \u0219i claritatea mental\u0103. <strong>Efectele deficien\u021bei de iod provoac\u0103:<\/strong><\/span><\/p>\n<p><span style=\"color: #000000;\">&#8211; Niveluri sc\u0103zute de energie,<\/span><br \/>\n<span style=\"color: #000000;\">&#8211; cre\u0219tere \u00een greutate,<\/span><br \/>\n<span style=\"color: #000000;\">&#8211; calvi\u021bie \u0219i<\/span><br \/>\n<span style=\"color: #000000;\">&#8211; risc crescut de cancer.<\/span><\/p>\n<p><span style=\"color: #000000;\">Iodul ajut\u0103, de asemenea, organismul s\u0103 <strong>elimine plumbul \u0219i mercurul<\/strong> \u0219i <strong>protejeaz\u0103 \u00eempotriva toxinelor comune<\/strong>, cum ar fi bromul, fluorul \u0219i clorul.<\/span><\/p>\n<p><span style=\"color: #000000;\"><em><strong>Simptomele deficien\u021bei de iod includ:<\/strong><\/em><\/span><\/p>\n<p><span style=\"color: #000000;\">&#8211; Crampe musculare,<\/span><br \/>\n<span style=\"color: #000000;\">&#8211; risc crescut de obezitate,<\/span><br \/>\n<span style=\"color: #000000;\">&#8211; depresie,<\/span><br \/>\n<span style=\"color: #000000;\">&#8211; pierderea memoriei,<\/span><br \/>\n<span style=\"color: #000000;\">&#8211; constipa\u021bie,<\/span><br \/>\n<span style=\"color: #000000;\">&#8211; grea\u021b\u0103,<\/span><br \/>\n<span style=\"color: #000000;\">&#8211; unghii casante \u0219i piele cr\u0103pat\u0103,<\/span><br \/>\n<span style=\"color: #000000;\">&#8211; picioare \u0219i m\u00e2ini reci.<\/span><\/p>\n<p><span style=\"color: #000000;\"><em><strong>Consumul de iod poate preveni \u0219i trata:<\/strong><\/em><\/span><\/p>\n<p><span style=\"color: #000000;\">\ud83d\udc9a problemele de prostat\u0103<\/span><br \/>\n<span style=\"color: #000000;\">\ud83d\udc9a boli fibrochistice \u0219i alte boli de s\u00e2n<\/span><br \/>\n<span style=\"color: #000000;\">\ud83d\udc9a Infec\u021bii vaginale<\/span><br \/>\n<span style=\"color: #000000;\">\ud83d\udc9a probleme tiroidiene,<\/span><br \/>\n<span style=\"color: #000000;\">\ud83d\udc9a probleme hepatice<\/span><br \/>\n<span style=\"color: #000000;\">\ud83d\udc9a tumori benigne,<\/span><br \/>\n<span style=\"color: #000000;\">\ud83d\udc9a cre\u0219terea \u0219i dezvoltarea mental\u0103 a copiilor,<\/span><br \/>\n<span style=\"color: #000000;\">\ud83d\udc9a dureri de cap (inclusiv migrene),<\/span><br \/>\n<span style=\"color: #000000;\">\ud83d\udc9a calvi\u021bie,<\/span><br \/>\n<span style=\"color: #000000;\">\ud83d\udc9a hemoroizi,<\/span><br \/>\n<span style=\"color: #000000;\">\ud83d\udc9a hiperactivitate \u0219i tulbur\u0103ri de deficit de aten\u021bie,<\/span><br \/>\n<span style=\"color: #000000;\">\ud83d\udc9a ateroscleroz\u0103,<\/span><br \/>\n<span style=\"color: #000000;\">\ud83d\udc9a depresie<\/span><br \/>\n<span style=\"color: #000000;\">\ud83d\udc9a oboseal\u0103,&#8230;<\/span><\/p>\n<h2><span style=\"color: #000000;\">Date interesante<\/span><\/h2>\n<p><span style=\"color: #000000;\">\u00cen Slovenia, \u00een trecut, s-a constatat o deficien\u021b\u0103 sever\u0103 de iod la copii \u0219i adul\u021bi, deoarece majoritatea meselor con\u021bin \u00een mod natural doar o cantitate modest\u0103 de iod.<\/span><\/p>\n<p><span style=\"color: #000000;\">Dup\u0103 accidentul nuclear de la Cernob\u00eel, solu\u021bia Lugol a fost folosit\u0103 \u0219i pentru a proteja oamenii de radia\u021biile radioactive.<\/span><\/p>\n<p><span style=\"color: #000000;\">G\u0103sirea iodului poate fi dificil\u0103, dar multe alimente \u00eel con\u021bin \u00een cantit\u0103\u021bi naturale. Printre acestea se num\u0103r\u0103 pe\u0219tele, carnea de porc, br\u00e2nza, algele marine sau algele marine.<\/span><\/p>\n<p><span style=\"color: #000000;\">Deficitul de iod este o problem\u0103 comun\u0103 \u00een zilele noastre. Iodul era adesea ad\u0103ugat \u00een p\u00e2ine \u0219i produse de patiserie, dar acum se g\u0103se\u0219te doar \u00een c\u00e2teva salate. Iodul se evapor\u0103 din sare, ceea ce este mai pu\u021bin cunoscut, \u0219i nu este clar c\u00e2t de mult iod evaporat intr\u0103 \u00een organism. Con\u021binutul de iod din alimenta\u021bie este limitat de epuizarea solului ca urmare a utiliz\u0103rii excesive \u0219i necorespunz\u0103toare a terenurilor.<\/span><\/p>\n<h2><span style=\"color: #000000;\">Cantitate<\/span><\/h2>\n<p><span style=\"color: #000000;\">50 ml<\/span><\/p>\n<h2 style=\"text-align: justify;\"><span style=\"color: #000000;\">Ambalaj<\/span><\/h2>\n<p><span style=\"color: #000000;\"> \u00cen recipient de sticl\u0103 cu picur\u0103tor pentru o dozare u\u0219oar\u0103.<br \/>\n<\/span><\/p>\n<h2 style=\"text-align: justify;\"><span style=\"color: #000000;\">Avertismente<\/span><\/h2>\n<p style=\"text-align: justify;\"><span style=\"color: #000000;\">A nu se p\u0103stra la \u00eendem\u00e2na copiilor, \u00eentr-un loc \u00eentunecat. <\/span><\/p>\n<h2 style=\"text-align: justify;\"><span style=\"color: #000000;\">Origine<\/span><\/h2>\n<p style=\"text-align: justify;\"><span style=\"color: #000000;\">UE<\/span><\/p>\n","protected":false},"excerpt":{"rendered":"<p>Solu\u021bie Lugol &#8211; 5%. Solu\u021bia Lugol a fost dezvoltat\u0103 pentru prima dat\u0103 \u00een 1829 de c\u0103tre medicul francez Jean Guillaume Auguste Lugol. Dr. Lugol a descoperit c\u0103 iodura de potasiu cre\u0219te solubilitatea iodului \u00een ap\u0103. Solu\u021bia Lugol este un amestec 1:2 de iod \u0219i iodur\u0103 de potasiu. Iodul este un mineral de care toate mamiferele au nevoie pentru a supravie\u021bui. Este, de asemenea, o component\u0103 important\u0103 a hormonilor tiroidieni, care afecteaz\u0103 metabolismul, cre\u0219terea \u0219i dezvoltarea.<\/p>\n<p>\ud83d\udc9a Previne \u0219i trateaz\u0103 durerile de cap (inclusiv migrenele).<br \/>\n\ud83d\udc9a Protejeaz\u0103 \u00eempotriva toxinelor comune.<br \/>\n\ud83d\udc9a Este esen\u021bial\u0103 pentru produc\u021bia de hormoni tiroidieni \u0219i pentru reglarea metabolismului.<br \/>\n\ud83d\udc9a Previne riscul crescut de cancer.<\/p>\n","protected":false},"featured_media":6213,"comment_status":"open","ping_status":"closed","template":"","meta":{"_acf_changed":false},"product_brand":[],"product_cat":[15,236,234,224,225],"product_tag":[],"class_list":{"0":"post-6212","1":"product","2":"type-product","3":"status-publish","4":"has-post-thumbnail","6":"product_cat-uncategorized","7":"product_cat-altele","8":"product_cat-din-nou-in-stoc","9":"product_cat-oferta","10":"product_cat-toate-produsele","12":"first","13":"instock","14":"taxable","15":"shipping-taxable","16":"purchasable","17":"product-type-simple"},"acf":[],"_links":{"self":[{"href":"https:\/\/fengchashop.com\/ro\/wp-json\/wp\/v2\/product\/6212","targetHints":{"allow":["GET"]}}],"collection":[{"href":"https:\/\/fengchashop.com\/ro\/wp-json\/wp\/v2\/product"}],"about":[{"href":"https:\/\/fengchashop.com\/ro\/wp-json\/wp\/v2\/types\/product"}],"replies":[{"embeddable":true,"href":"https:\/\/fengchashop.com\/ro\/wp-json\/wp\/v2\/comments?post=6212"}],"wp:featuredmedia":[{"embeddable":true,"href":"https:\/\/fengchashop.com\/ro\/wp-json\/wp\/v2\/media\/6213"}],"wp:attachment":[{"href":"https:\/\/fengchashop.com\/ro\/wp-json\/wp\/v2\/media?parent=6212"}],"wp:term":[{"taxonomy":"product_brand","embeddable":true,"href":"https:\/\/fengchashop.com\/ro\/wp-json\/wp\/v2\/product_brand?post=6212"},{"taxonomy":"product_cat","embeddable":true,"href":"https:\/\/fengchashop.com\/ro\/wp-json\/wp\/v2\/product_cat?post=6212"},{"taxonomy":"product_tag","embeddable":true,"href":"https:\/\/fengchashop.com\/ro\/wp-json\/wp\/v2\/product_tag?post=6212"}],"curies":[{"name":"wp","href":"https:\/\/api.w.org\/{rel}","templated":true}]}}