{"id":6181,"date":"2022-05-20T16:26:40","date_gmt":"2022-05-20T14:26:40","guid":{"rendered":"https:\/\/fengchashop.com\/ro\/product\/boabe-de-cacao-zdrobite-bio-250-g\/"},"modified":"2026-04-28T13:34:11","modified_gmt":"2026-04-28T11:34:11","slug":"boabe-de-cacao-zdrobite-bio","status":"publish","type":"product","link":"https:\/\/fengchashop.com\/ro\/product\/boabe-de-cacao-zdrobite-bio\/","title":{"rendered":"Boabe de cacao zdrobite BIO 250 g"},"content":{"rendered":"<h2 style=\"text-align: justify\"><span style=\"color: #000000\">Boabe de cacao zdrobite criollo BIO<\/span><\/h2>\n<p style=\"text-align: justify\"><span style=\"color: #000000\">Boabele de cacao, sau semin\u021bele din care se extrage cacaua, cresc \u00een p\u0103st\u0103i pe un copac numit arbore de cacao sau <strong>arbore de<\/strong> cacao. <strong><i>Theobroma cacao<\/i><\/strong>. \u00cen trecut, boabele de cacao erau at\u00e2t de valoroase \u00eenc\u00e2t maya\u0219ii \u0219i aztecii din America Central\u0103 \u0219i de Sud le foloseau ca <strong>mijloc de plat\u0103<\/strong> <strong>al\u0103turi de aur <\/strong>.<\/span><\/p>\n<p style=\"text-align: justify\"><span style=\"color: #000000\">Cacao con\u021bine de departe cei mai mul\u021bi <strong>antioxidan\u021bi<\/strong> dec\u00e2t orice alt aliment, precum \u0219i multe <strong>minerale<\/strong>, cum ar fi potasiu, zinc, magneziu, fier \u0219i calciu. Este, de asemenea, o surs\u0103 bogat\u0103 de <strong>proteine<\/strong> \u0219i <strong>fibre<\/strong>. Toate acestea sunt importante pentru men\u021binerea s\u0103n\u0103t\u0103\u021bii noastre. De asemenea, con\u021bine o serie de substan\u021be nutritive care au un efect pozitiv asupra sistemului nostru circulator prin sub\u021bierea s\u00e2ngelui \u0219i prevenirea form\u0103rii de cheaguri.<strong> \u00cembun\u0103t\u0103\u021be\u0219te starea de spirit<\/strong> prin cre\u0219terea nivelului de serotonin\u0103 din creier. De fapt, con\u021bine nu mai pu\u021bin de 300 de compu\u0219i diferi\u021bi care pot avea ca efect ridicarea st\u0103rii noastre de spirit. Deoarece cacao este presen (crud\u0103), este pu\u021bin mai amar\u0103 dec\u00e2t suntem obi\u0219nui\u021bi, dar mult mai s\u0103n\u0103toas\u0103. Consumul a doar<strong> 25-30 de grame de cacao pe zi<\/strong> este suficient pentru a profita de toate beneficiile sale.<\/span><\/p>\n<p style=\"text-align: justify\"><span style=\"color: #000000\">Cacao <em>criollo<\/em> este cea<strong> mai apreciat\u0103 cacao<\/strong> din lume. Aceste boabe de cacao sunt, de asemenea, <strong>produse organic<\/strong>.<\/span><\/p>\n<p style=\"text-align: justify\"><span style=\"color: #000000\">Boabele tari de cacao sunt sparte \u00een buc\u0103\u021bi mai mici pentru a fi consumate mai u\u0219or.<\/span><\/p>\n<p style=\"text-align: justify\"><span style=\"color: #000000\">Au un gust de ciocolat\u0103, dar \u0219i de nuc\u0103.<\/span><\/p>\n<h2 style=\"text-align: justify\"><span style=\"color: #000000\">De ce s\u0103 cump\u0103ra\u021bi boabele noastre de cacao sparte?<\/span><\/h2>\n<p style=\"text-align: justify\"><span style=\"color: #000000\">Pur \u0219i simplu pentru c\u0103:<\/span><\/p>\n<p style=\"text-align: justify\"><span style=\"color: #000000\">1. Acestea provin din <b>produc\u021bia ecologic\u0103<\/b> controlat\u0103 \u0219i, prin urmare, sunt cele mai bune pe care le putem oferi.<\/span><\/p>\n<p style=\"text-align: justify\"><span style=\"color: #000000\">2. provin din <b>boabe durabile<\/b>. <i>Ce \u00eenseamn\u0103 asta? <\/i>\u00censeamn\u0103 c\u0103 boabele sau semin\u021bele de cacao sunt pur \u0219i simplu fermentate \u0219i uscate la temperaturi sc\u0103zute dup\u0103 recoltare. Nu sunt pr\u0103jite sau tratate chimic \u00een niciun fel. \u00cen acest fel, aceast\u0103 <i>hran\u0103 a zeilor<\/i>, a\u0219a cum este adesea numit\u0103, \u00ee\u0219i p\u0103streaz\u0103 cea mai mare parte a valorilor nutritive, inclusiv antioxidan\u021bii care sunt at\u00e2t de importan\u021bi pentru noi.<\/span><\/p>\n<p style=\"text-align: justify\"><span style=\"color: #000000\">3. Sunt lipsite <b>de aditivi<\/b> \u0219i alte ingrediente inutile.<\/span><\/p>\n<p style=\"text-align: justify\"><span style=\"color: #000000\">4. Cacao <em><strong>criollo<\/strong> <\/em>este cel mai fin \u0219i mai apreciat soi de cacao din lume.<\/span><\/p>\n<p style=\"text-align: justify\"><span style=\"color: #000000\">O combina\u021bie c\u00e2\u0219tig\u0103toare care satisface chiar \u0219i cele mai preten\u021bioase palate.<\/span><\/p>\n<h2 style=\"text-align: justify\"><span style=\"color: #000000\">Depozitare<\/span><\/h2>\n<p style=\"text-align: justify\"><span style=\"color: #000000\">A se p\u0103stra \u00eentr-un loc uscat, \u00eentunecat \u0219i r\u0103coros. Asigura\u021bi-v\u0103 c\u0103 punga este bine \u00eenchis\u0103.<\/span><\/p>\n<h2 style=\"text-align: justify\"><span style=\"color: #000000\">Ambalare<\/span><\/h2>\n<p style=\"text-align: justify\"><span style=\"color: #000000\">Pung\u0103 cu fermoar nepermeabil, \u00een care produsul \u00ee\u0219i p\u0103streaz\u0103 toat\u0103 prospe\u021bimea \u0219i aroma. Ambalajul protejeaz\u0103 \u00eempotriva luminii \u0219i a aerului, deoarece este compus din mai multe straturi de protec\u021bie pentru a p\u0103stra propriet\u0103\u021bile con\u021binutului.<\/span><\/p>\n<p style=\"text-align: justify\"><span style=\"color: #000000\">Ambalajul este foarte practic \u0219i reciclabil.<\/span><\/p>\n<h2 style=\"text-align: justify\"><span style=\"color: #000000\">Origine<\/span><\/h2>\n<p style=\"text-align: justify\"><span style=\"color: #000000\">Peru<\/span><\/p>\n","protected":false},"excerpt":{"rendered":"<p>Cacao con\u021bine de departe cei mai mul\u021bi antioxidan\u021bi dec\u00e2t orice alt aliment, precum \u0219i multe minerale, cum ar fi potasiu, zinc, magneziu, fier \u0219i calciu. Este, de asemenea, o surs\u0103 bogat\u0103 de proteine \u0219i fibre. Toate acestea sunt importante pentru men\u021binerea s\u0103n\u0103t\u0103\u021bii noastre. De asemenea, con\u021bine o serie de substan\u021be nutritive care au un efect pozitiv asupra sistemului nostru circulator prin sub\u021bierea s\u00e2ngelui \u0219i prevenirea form\u0103rii de cheaguri. \u00cembun\u0103t\u0103\u021be\u0219te starea de spirit prin cre\u0219terea nivelului de serotonin\u0103 din creier. De fapt, con\u021bine nu mai pu\u021bin de 300 de compu\u0219i diferi\u021bi care pot avea ca efect ridicarea st\u0103rii noastre de spirit. Deoarece cacao este presen (crud\u0103), este pu\u021bin mai amar\u0103 dec\u00e2t suntem obi\u0219nui\u021bi, dar mult mai s\u0103n\u0103toas\u0103. Consumul a doar 25-30 de grame de cacao pe zi este suficient pentru a profita de toate beneficiile sale.<\/p>\n<p>\ud83d\udc9a Provine din produc\u021bia ecologic\u0103 controlat\u0103.<br \/>\n\ud83d\udc9a Nu con\u021bin aditivi.<br \/>\n\ud83d\udc9a Cacao <em>Criollo<\/em> este cea mai apreciat\u0103 cacao din lume.<\/p>\n","protected":false},"featured_media":6182,"comment_status":"open","ping_status":"closed","template":"","meta":{"_acf_changed":false},"product_brand":[],"product_cat":[15,205,224,225],"product_tag":[],"class_list":{"0":"post-6181","1":"product","2":"type-product","3":"status-publish","4":"has-post-thumbnail","6":"product_cat-uncategorized","7":"product_cat-ceai-mancare-condimente","8":"product_cat-oferta","9":"product_cat-toate-produsele","11":"first","12":"instock","13":"sale","14":"taxable","15":"shipping-taxable","16":"purchasable","17":"product-type-simple"},"acf":[],"_links":{"self":[{"href":"https:\/\/fengchashop.com\/ro\/wp-json\/wp\/v2\/product\/6181","targetHints":{"allow":["GET"]}}],"collection":[{"href":"https:\/\/fengchashop.com\/ro\/wp-json\/wp\/v2\/product"}],"about":[{"href":"https:\/\/fengchashop.com\/ro\/wp-json\/wp\/v2\/types\/product"}],"replies":[{"embeddable":true,"href":"https:\/\/fengchashop.com\/ro\/wp-json\/wp\/v2\/comments?post=6181"}],"wp:featuredmedia":[{"embeddable":true,"href":"https:\/\/fengchashop.com\/ro\/wp-json\/wp\/v2\/media\/6182"}],"wp:attachment":[{"href":"https:\/\/fengchashop.com\/ro\/wp-json\/wp\/v2\/media?parent=6181"}],"wp:term":[{"taxonomy":"product_brand","embeddable":true,"href":"https:\/\/fengchashop.com\/ro\/wp-json\/wp\/v2\/product_brand?post=6181"},{"taxonomy":"product_cat","embeddable":true,"href":"https:\/\/fengchashop.com\/ro\/wp-json\/wp\/v2\/product_cat?post=6181"},{"taxonomy":"product_tag","embeddable":true,"href":"https:\/\/fengchashop.com\/ro\/wp-json\/wp\/v2\/product_tag?post=6181"}],"curies":[{"name":"wp","href":"https:\/\/api.w.org\/{rel}","templated":true}]}}