{"id":6175,"date":"2022-05-20T15:37:07","date_gmt":"2022-05-20T13:37:07","guid":{"rendered":"https:\/\/fengchashop.com\/ro\/product\/cacao-pubere-bio-250-g\/"},"modified":"2026-04-29T16:55:11","modified_gmt":"2026-04-29T14:55:11","slug":"cacao-pubere-bio","status":"publish","type":"product","link":"https:\/\/fengchashop.com\/ro\/product\/cacao-pubere-bio\/","title":{"rendered":"Cacao pubere BIO 250 g"},"content":{"rendered":"<h2 style=\"text-align: justify\"><span style=\"color: #000000\">Pudr\u0103 de cacao BIO<\/span><\/h2>\n<p style=\"text-align: justify\"><span style=\"color: #000000\">Boabele de cacao, sau semin\u021bele din care se extrage cacao, cresc \u00een p\u0103st\u0103i pe un copac numit <b>arbore de cacao<\/b>. <b><i>Theobroma cacao<\/i><\/b>. Cacao a fost un aliment popular de milenii. Este originar din America de Sud \u0219i Central\u0103. Este materia prim\u0103 de baz\u0103 pentru prepararea tuturor tipurilor de ciocolat\u0103.<\/span><\/p>\n<p style=\"text-align: justify\"><span style=\"color: #000000\">Cacao con\u021bine de departe <b>mai mul\u021bi antioxidan\u021bi<\/b> dec\u00e2t orice alt aliment. Acesta con\u021bine de trei ori mai mul\u021bi dec\u00e2t ceaiul verde. \u00cen plus, con\u021bine, de asemenea, multe <b>minerale<\/b>, cum ar fi potasiu, zinc, magneziu, fier \u0219i calciu. Este, de asemenea, o surs\u0103 de <b>proteine<\/b> \u0219i <b>fibre<\/b>. Toate acestea sunt importante pentru men\u021binerea s\u0103n\u0103t\u0103\u021bii noastre. De asemenea, con\u021bine substan\u021be nutritive care au un efect pozitiv asupra sistemului nostru circulator prin sub\u021bierea s\u00e2ngelui \u0219i prevenirea form\u0103rii de cheaguri. \u00cembun\u0103t\u0103\u021be\u0219te starea de spirit prin cre\u0219terea nivelului de serotonin\u0103 din creier. De fapt, con\u021bine p\u00e2n\u0103 la <b>300 de compu\u0219i diferi\u021bi<\/b> care pot avea ca efect ridicarea st\u0103rii noastre de spirit.<\/span><\/p>\n<p style=\"text-align: justify\"><span style=\"color: #000000\">Boabele de cacao din aceast\u0103 cacao sunt culese manual. Boabele selectate sunt mai \u00eent\u00e2i fermentate pentru a reduce u\u0219or am\u0103r\u0103ciunea caracteristic\u0103. Acest lucru permite boabelor de cacao s\u0103 \u00ee\u0219i p\u0103streze valoarea nutritiv\u0103 f\u0103r\u0103 a ad\u0103uga aditivi inutili. Consumul a doar 25-30 de grame de cacao pe zi este suficient pentru a profita de toate beneficiile sale.<\/span><\/p>\n<h2><span style=\"color: #000000\">De ce s\u0103 cump\u0103ra\u021bi acest amestec de pudr\u0103 de cacao?<\/span><\/h2>\n<p style=\"text-align: justify\"><span style=\"color: #000000\">Pur \u0219i simplu pentru c\u0103:<\/span><\/p>\n<p style=\"text-align: justify\"><span style=\"color: #000000\">1. Provine din <b>produc\u021bia ecologic\u0103<\/b> controlat\u0103 \u0219i, prin urmare, este cea mai bun\u0103 pe care o putem oferi.<\/span><\/p>\n<p style=\"text-align: justify\"><span style=\"color: #000000\">2. Este <b>un produs premiat<\/b> datorit\u0103 amestecului s\u0103u special de boabe de cacao m\u0103cinate de trei origini diferite &#8211; din trei \u021b\u0103ri africane.<\/span><\/p>\n<p style=\"text-align: justify\"><span style=\"color: #000000\">3. <b>Nu con\u021bine aditivi<\/b> \u0219i alte ingrediente inutile, cum ar fi zah\u0103rul sau al\u021bi \u00eendulcitori.<\/span><\/p>\n<p style=\"text-align: justify\"><span style=\"color: #000000\">O combina\u021bie c\u00e2\u0219tig\u0103toare care satisface chiar \u0219i cele mai preten\u021bioase gusturi. O versiune de cacao nu prea dulce \u0219i nu prea amar\u0103, care este indispensabil\u0103 \u00een coacerea deserturilor, dar \u0219i \u00een g\u0103tit. Aroma fructat\u0103 este completat\u0103 de <b>gustul boabelor de cacao pr\u0103jite<\/b>. Perfect pentru prepararea unei b\u0103uturi de cacao cu lapte obi\u0219nuit sau b\u0103uturi vegetale. <\/span><\/p>\n<h2><span style=\"color: #000000\">Depozitare<\/span><\/h2>\n<p style=\"text-align: justify\"><span style=\"color: #000000\">A se p\u0103stra \u00eentr-un loc uscat, \u00eentunecat \u0219i r\u0103coros. Asigura\u021bi-v\u0103 c\u0103 punga este bine \u00eenchis\u0103.<\/span><\/p>\n<h2><span style=\"color: #000000\">Ambalare<\/span><\/h2>\n<p style=\"text-align: justify\"><span style=\"color: #000000\">Pung\u0103 cu fermoar nepermeabil, \u00een care produsul \u00ee\u0219i p\u0103streaz\u0103 toat\u0103 prospe\u021bimea \u0219i aroma. Ambalajul protejeaz\u0103 \u00eempotriva luminii \u0219i a aerului, deoarece este compus din mai multe straturi de protec\u021bie pentru a p\u0103stra propriet\u0103\u021bile con\u021binutului.<\/span><\/p>\n<p style=\"text-align: justify\"><span style=\"color: #000000\">Ambalajul este foarte practic \u0219i reciclabil.<\/span><\/p>\n<h2><span style=\"color: #000000\">Origine<\/span><\/h2>\n<p style=\"text-align: justify\"><span style=\"color: #000000\">Sierra Leone, Ghana \u0219i Coasta de Filde\u0219<\/span><\/p>\n","protected":false},"excerpt":{"rendered":"<p>Cacao con\u021bine de departe mai mul\u021bi antioxidan\u021bi dec\u00e2t orice alt aliment. Acesta con\u021bine de trei ori mai mul\u021bi dec\u00e2t ceaiul verde. \u00cen plus, con\u021bine, de asemenea, multe minerale, cum ar fi potasiu, zinc, magneziu, fier \u0219i calciu. Este, de asemenea, o surs\u0103 de proteine \u0219i fibre. Toate acestea sunt importante pentru men\u021binerea s\u0103n\u0103t\u0103\u021bii noastre. De asemenea, con\u021bine substan\u021be nutritive care au un efect pozitiv asupra sistemului nostru circulator prin sub\u021bierea s\u00e2ngelui \u0219i prevenirea form\u0103rii de cheaguri. \u00cembun\u0103t\u0103\u021be\u0219te starea de spirit prin cre\u0219terea nivelului de serotonin\u0103 din creier. De fapt, con\u021bine p\u00e2n\u0103 la 300 de compu\u0219i diferi\u021bi care pot avea ca efect ridicarea st\u0103rii noastre de spirit.<\/p>\n<p>\ud83d\udc9a Provine din produc\u021bia organic\u0103 controlat\u0103.<br \/>\n\ud83d\udc9a Produs premiat datorit\u0103 amestecului s\u0103u special de boabe de cacao m\u0103cinate cu origini diferite &#8211; din trei \u021b\u0103ri africane.<br \/>\n\ud83d\udc9a Nu con\u021bine aditivi \u0219i alte ingrediente inutile, cum ar fi zah\u0103rul sau al\u021bi \u00eendulcitori.<\/p>\n","protected":false},"featured_media":6176,"comment_status":"open","ping_status":"closed","template":"","meta":{"_acf_changed":false},"product_brand":[],"product_cat":[15,205,224,238,225],"product_tag":[],"class_list":{"0":"post-6175","1":"product","2":"type-product","3":"status-publish","4":"has-post-thumbnail","6":"product_cat-uncategorized","7":"product_cat-ceai-mancare-condimente","8":"product_cat-oferta","9":"product_cat-oferte-bune","10":"product_cat-toate-produsele","12":"first","13":"instock","14":"sale","15":"taxable","16":"shipping-taxable","17":"purchasable","18":"product-type-simple"},"acf":[],"_links":{"self":[{"href":"https:\/\/fengchashop.com\/ro\/wp-json\/wp\/v2\/product\/6175","targetHints":{"allow":["GET"]}}],"collection":[{"href":"https:\/\/fengchashop.com\/ro\/wp-json\/wp\/v2\/product"}],"about":[{"href":"https:\/\/fengchashop.com\/ro\/wp-json\/wp\/v2\/types\/product"}],"replies":[{"embeddable":true,"href":"https:\/\/fengchashop.com\/ro\/wp-json\/wp\/v2\/comments?post=6175"}],"wp:featuredmedia":[{"embeddable":true,"href":"https:\/\/fengchashop.com\/ro\/wp-json\/wp\/v2\/media\/6176"}],"wp:attachment":[{"href":"https:\/\/fengchashop.com\/ro\/wp-json\/wp\/v2\/media?parent=6175"}],"wp:term":[{"taxonomy":"product_brand","embeddable":true,"href":"https:\/\/fengchashop.com\/ro\/wp-json\/wp\/v2\/product_brand?post=6175"},{"taxonomy":"product_cat","embeddable":true,"href":"https:\/\/fengchashop.com\/ro\/wp-json\/wp\/v2\/product_cat?post=6175"},{"taxonomy":"product_tag","embeddable":true,"href":"https:\/\/fengchashop.com\/ro\/wp-json\/wp\/v2\/product_tag?post=6175"}],"curies":[{"name":"wp","href":"https:\/\/api.w.org\/{rel}","templated":true}]}}