{"id":6171,"date":"2022-05-20T14:55:43","date_gmt":"2022-05-20T12:55:43","guid":{"rendered":"https:\/\/fengchashop.com\/ro\/product\/latte-auriu-bio-250-g\/"},"modified":"2026-04-29T02:56:08","modified_gmt":"2026-04-29T00:56:08","slug":"latte-auriu-bio","status":"publish","type":"product","link":"https:\/\/fengchashop.com\/ro\/product\/latte-auriu-bio\/","title":{"rendered":"Latte auriu BIO 250 g"},"content":{"rendered":"<h2><span style=\"color: #000000\">Latte auriu BIO<\/span><\/h2>\n<p style=\"text-align: justify\"><span style=\"color: #000000\">Golden latte este o b\u0103utur\u0103 delicioas\u0103 \u0219i r\u0103coritoare, preparat\u0103 din cinci <strong>ingrediente<\/strong> simple, ingredientul principal fiind <strong>turmericul<\/strong>. Pute\u021bi ad\u0103uga \u0219i alte ingrediente care v\u0103 plac \u0219i care v\u0103 sunt apropiate. Consumul de lapte cu turmeric poate avea multe efecte benefice asupra organismului nostru \u0219i are \u0219i un gust pl\u0103cut. Golden Latte BIO este un amestec gata preparat care v\u0103 economise\u0219te timp atunci c\u00e2nd v\u0103 preg\u0103ti\u021bi b\u0103utura, deoarece nu trebuie s\u0103 v\u0103 face\u021bi griji cu privire la m\u0103surarea cantit\u0103\u021bilor tuturor ingredientelor. Este u\u0219or de utilizat \u0219i are un gust deosebit. Amestecul este format din<b> turmeric<\/b> \u0219i din <b>adaos de scor\u021bi\u0219oar\u0103 de Ceylon (10%) <\/b>\u0219i<b> ghimbir (10%<\/b>).<\/span><\/p>\n<p style=\"text-align: justify\"><span style=\"color: #000000\"><em>Sunt selectate doar cele mai bune ingrediente organice.<\/em><\/span><\/p>\n<p style=\"text-align: justify\"><span style=\"color: #000000\">\u00cen amestec se adaug\u0103 \u0219i un <b>v\u00e2rf de cu\u021bit de piper negru m\u0103cinat<\/b>, deoarece acesta face ca ingredientele active din turmeric, \u00een special curcumina, s\u0103 fie mai u\u0219or \u0219i mai bine absorbite de organism.<\/span><\/p>\n<p style=\"text-align: justify\"><span style=\"color: #000000\">B\u0103utura poate fi preparat\u0103 cu <b>lapte, b\u0103utur\u0103 vegetal\u0103<\/b> sau alt lichid. Poate fi b\u0103ut\u0103<b> diminea\u021ba <\/b>sau<b> seara<\/b>, dar de obicei este mai bine luat\u0103 seara, \u00eenainte de culcare. Schimba\u021bi-v\u0103 ritualul \u0219i r\u0103sf\u0103\u021ba\u021bi-v\u0103 cu <b>beneficiile vindec\u0103toare ale turmericului<\/b>. <b>B\u0103utura<\/b> cu turmeric este o <b>b\u0103utur\u0103 la mod\u0103<\/b> \u00een \u00eentreaga lume, \u00eembin\u00e2nd<b> s\u0103n\u0103tatea \u0219i bunul gust<\/b>.<\/span><\/p>\n<p style=\"text-align: justify\"><span style=\"color: #000000\">Iar ceea ce face amestecul nostru special este c\u0103 nu am ad\u0103ugat zah\u0103r sau orice alt \u00eendulcitor \u00een amestec. Pute\u021bi s\u0103-l ad\u0103uga\u021bi dup\u0103 gust sau s\u0103 nu \u00eendulci\u021bi deloc b\u0103utura, deoarece scor\u021bi\u0219oara \u0219i turmericul \u00een sine \u00eei confer\u0103 o dulcea\u021b\u0103 pl\u0103cut\u0103.<\/span><\/p>\n<h2><span style=\"color: #000000\">De ce turmeric?<\/span><\/h2>\n<p style=\"text-align: justify\"><span style=\"color: #000000\">Efectele medicinale ale turmericului \u00een medicina tradi\u021bional\u0103 din Orientul \u00cendep\u0103rtat sunt de nepre\u021buit. Printre altele, este folosit pentru cur\u0103\u021barea s\u00e2ngelui \u0219i a tractului gastro-intestinal, detoxifierea ficatului \u0219i a vezicii biliare, deoarece principalul s\u0103u <b>ingredient activ,<\/b><strong>curcumina<\/strong> <b>,<\/b> accelereaz\u0103 eliminarea bilei, a bilirubinei \u0219i a colesterolului. Este folosit de multe persoane <b>pentru a combate<\/b> hepatita viral\u0103, cancerul, psoriazisul, boala Alzheimer, depresia \u0219i \u00een preparate cosmetice.<\/span><\/p>\n<p style=\"text-align: justify\"><span style=\"color: #000000\">Efectele benefice ale turmericului au fost demonstrate \u0219i de <b>oamenii de \u0219tiin\u021b\u0103<\/b> care spun c\u0103 un consum regulat al acestuia poate preveni efectele nocive ale substan\u021belor cancerigene din alimente asupra organismului. Pe l\u00e2ng\u0103 toate acestea, se crede c\u0103 curcumina previne oxidarea colesterolului, care, prin ac\u021biunea sa negativ\u0103, determin\u0103 progresia aterosclerozei care pune \u00een pericol via\u021ba.<\/span><\/p>\n<p style=\"text-align: justify\"><span style=\"color: #000000\">Fiind un <b>antioxidant puternic<\/b>, turmericul protejeaz\u0103 intestinele \u00eempotriva radicalilor liberi \u0219i elimin\u0103 cu succes aciditatea din organism. Medicii ayurvedici \u00eel folosesc ca agent antiseptic \u0219i antibacterian pentru a dezinfecta r\u0103nile \u0219i arsurile. Unele femei consider\u0103 c\u0103 ajut\u0103 la accelerarea digestiei \u0219i la reglarea metabolismului, fiind astfel eficient \u00een topirea kilogramelor \u00een exces.<\/span><\/p>\n<p style=\"text-align: justify\"><span style=\"color: #000000\">Scor\u021bi\u0219oara confer\u0103 b\u0103uturii un gust pl\u0103cut. Combinat\u0103 cu lapte, se culeg toate beneficiile sale, inclusiv sc\u0103derea nivelului de zah\u0103r din s\u00e2nge \u0219i a colesterolului \u0219i reglarea tensiunii arteriale. Scor\u021bi\u0219oara ajut\u0103, de asemenea, la digestia gr\u0103similor \u0219i la problemele digestive, cum ar fi diareea. Ghimbirul stimuleaz\u0103 digestia, \u00eenc\u0103lze\u0219te din interior, \u00eembun\u0103t\u0103\u021be\u0219te imunitatea \u0219i stimuleaz\u0103 metabolismul. Ambele amelioreaz\u0103, de asemenea, simptomele sindromului premenstrual \u0219i durerile menstruale.<\/span><\/p>\n<h2><span style=\"color: #000000\">Care sunt celelalte beneficii ale consumului de lapte de turmeric?<\/span><\/h2>\n<p style=\"text-align: justify\"><span style=\"color: #000000\">Turmericul este un condiment foarte apreciat la nivel mondial. Este folosit \u00een Ayurveda pentru <strong>mai mult de 150 de efecte terapeutice poten\u021biale<\/strong>. \u00cen \u0219tiin\u021ba modern\u0103, a f\u0103cut obiectul a numeroase studii, dintre care unele au fost deja validate, \u0219i este folosit ca agent terapeutic \u00een bolile inflamatorii intestinale \u0219i \u00een artrit\u0103. Efectele pozitive care pot fi aduse de consumul regulat de lapte de turmeric sau turmeric sunt:<\/span><\/p>\n<p><span style=\"color: #000000\">\ud83d\udc9a ajut\u0103 la tratarea afec\u021biunilor intestinale,<\/span><\/p>\n<p><span style=\"color: #000000\">\ud83d\udc9a scade colesterolul,<\/span><\/p>\n<p><span style=\"color: #000000\">\ud83d\udc9a este excelent ca b\u0103utur\u0103 de sear\u0103, \u00eenainte de culcare, deoarece ne calmeaz\u0103,<\/span><\/p>\n<p><span style=\"color: #000000\">\ud83d\udc9a De asemenea, ajut\u0103 \u00een cazul durerilor de cap \u0219i al durerilor,<\/span><\/p>\n<p><span style=\"color: #000000\">\ud83d\udc9a ajut\u0103 la digestie,<\/span><\/p>\n<p><span style=\"color: #000000\">\ud83d\udc9a cur\u0103\u021b\u0103 ficatul,<\/span><\/p>\n<p><span style=\"color: #000000\">\ud83d\udc9a ajut\u0103 la crampele menstruale,<\/span><\/p>\n<p><span style=\"color: #000000\">\ud83d\udc9a antiinflamatoare.<\/span><\/p>\n<h2><span style=\"color: #000000\">Depozitare<\/span><\/h2>\n<p style=\"text-align: justify\"><span style=\"color: #000000\">A se p\u0103stra \u00eentr-un loc uscat, \u00eentunecat \u0219i r\u0103coros. Asigura\u021bi-v\u0103 c\u0103 punga sau cutia este bine \u00eenchis\u0103.<\/span><\/p>\n<h2><span style=\"color: #000000\">Ambalare<\/span><\/h2>\n<p style=\"text-align: justify\"><span style=\"color: #000000\">Produsul este ambalat \u00eentr-un recipient de sticl\u0103 \u00eengrijit, cu un strat de folie neagr\u0103, rezistent\u0103 la lumin\u0103. Capacul asigur\u0103 o \u00eenchidere etan\u0219\u0103, ceea ce \u00eenseamn\u0103 c\u0103 mirosurile externe nu pot afecta con\u021binutul flaconului. De altfel, sticla \u00een sine este, de asemenea, impermeabil\u0103, inodor\u0103 \u0219i nu afecteaz\u0103 \u00een niciun fel gustul con\u021binutului. Un astfel de ambalaj nu con\u021bine, de asemenea, materiale plastice d\u0103un\u0103toare mediului \u0219i este mai ecologic \u0219i mai durabil. De fapt, este ambalajul ideal, realizat din ingrediente naturale \u0219i durabile, care simbolizeaz\u0103 calitatea superioar\u0103.<\/span><\/p>\n<p style=\"text-align: justify\"><span style=\"color: #000000\">Ambalajul este foarte practic \u0219i reciclabil.<\/span><\/p>\n<h2><span style=\"color: #000000\">Origine<\/span><\/h2>\n<p style=\"text-align: justify\"><span style=\"color: #000000\">Slovenia<\/span><\/p>\n","protected":false},"excerpt":{"rendered":"<p>Un Golden Latte este o b\u0103utur\u0103 delicioas\u0103 \u0219i r\u0103coritoare f\u0103cut\u0103 din cinci <strong>ingrediente<\/strong> simple, ingredientul principal fiind <strong>turmericul<\/strong>. Pute\u021bi ad\u0103uga \u0219i alte ingrediente care v\u0103 plac \u0219i care v\u0103 sunt apropiate. Consumul de lapte cu turmeric poate avea multe efecte benefice asupra organismului nostru \u0219i are \u0219i un gust pl\u0103cut. Golden Latte BIO este un amestec gata preparat care v\u0103 economise\u0219te timp atunci c\u00e2nd v\u0103 preg\u0103ti\u021bi b\u0103utura, deoarece nu trebuie s\u0103 v\u0103 face\u021bi griji cu privire la m\u0103surarea cantit\u0103\u021bilor tuturor ingredientelor. Este u\u0219or de utilizat \u0219i are un gust deosebit. Amestecul este alc\u0103tuit din<b> turmeric<\/b>, la care se <b>adaug\u0103 scor\u021bi\u0219oar\u0103 de Ceylon (10%) <\/b>\u0219i<b> ghimbir (10%<\/b>). \u00cen amestec se adaug\u0103 \u0219i un <b>v\u00e2rf de cu\u021bit de piper negru m\u0103cinat<\/b>, deoarece acesta face ca ingredientele active ale turmericului, \u00een special curcumina, s\u0103 fie mai u\u0219or \u0219i mai bine absorbite de organism. Efectele pozitive care pot fi aduse de consumul regulat de lapte de curcumin\u0103 sunt:<\/p>\n<p>\ud83d\udc9a ajut\u0103 la tratarea afec\u021biunilor intestinale,<br \/>\n\ud83d\udc9a scade colesterolul,<br \/>\n\ud83d\udc9a cur\u0103\u021b\u0103 ficatul,<br \/>\n\ud83d\udc9a ajut\u0103 \u00een cazul crampelor menstruale,<br \/>\n\ud83d\udc9a antiinflamator.<\/p>\n","protected":false},"featured_media":6172,"comment_status":"open","ping_status":"closed","template":"","meta":{"_acf_changed":false},"product_brand":[],"product_cat":[15,230,224,229,225],"product_tag":[],"class_list":{"0":"post-6171","1":"product","2":"type-product","3":"status-publish","4":"has-post-thumbnail","6":"product_cat-uncategorized","7":"product_cat-ayurveda","8":"product_cat-oferta","9":"product_cat-superalimente","10":"product_cat-toate-produsele","12":"first","13":"instock","14":"sale","15":"taxable","16":"shipping-taxable","17":"purchasable","18":"product-type-simple"},"acf":[],"_links":{"self":[{"href":"https:\/\/fengchashop.com\/ro\/wp-json\/wp\/v2\/product\/6171","targetHints":{"allow":["GET"]}}],"collection":[{"href":"https:\/\/fengchashop.com\/ro\/wp-json\/wp\/v2\/product"}],"about":[{"href":"https:\/\/fengchashop.com\/ro\/wp-json\/wp\/v2\/types\/product"}],"replies":[{"embeddable":true,"href":"https:\/\/fengchashop.com\/ro\/wp-json\/wp\/v2\/comments?post=6171"}],"wp:featuredmedia":[{"embeddable":true,"href":"https:\/\/fengchashop.com\/ro\/wp-json\/wp\/v2\/media\/6172"}],"wp:attachment":[{"href":"https:\/\/fengchashop.com\/ro\/wp-json\/wp\/v2\/media?parent=6171"}],"wp:term":[{"taxonomy":"product_brand","embeddable":true,"href":"https:\/\/fengchashop.com\/ro\/wp-json\/wp\/v2\/product_brand?post=6171"},{"taxonomy":"product_cat","embeddable":true,"href":"https:\/\/fengchashop.com\/ro\/wp-json\/wp\/v2\/product_cat?post=6171"},{"taxonomy":"product_tag","embeddable":true,"href":"https:\/\/fengchashop.com\/ro\/wp-json\/wp\/v2\/product_tag?post=6171"}],"curies":[{"name":"wp","href":"https:\/\/api.w.org\/{rel}","templated":true}]}}