{"id":6159,"date":"2022-05-20T08:51:51","date_gmt":"2022-05-20T06:51:51","guid":{"rendered":"https:\/\/fengchashop.com\/ro\/product\/atractilis-in-pudra-250-g\/"},"modified":"2026-04-30T00:24:47","modified_gmt":"2026-04-29T22:24:47","slug":"atractilis-in-pudra","status":"publish","type":"product","link":"https:\/\/fengchashop.com\/ro\/product\/atractilis-in-pudra\/","title":{"rendered":"Atractilis \u00een pudr\u0103 250 g"},"content":{"rendered":"<h2><span style=\"color: #000000\"><strong>Atractilis pulbere<br \/>\n<\/strong><\/span><\/h2>\n<p><span style=\"color: #000000\">Atractylodes macrocephala (Atractylodes) este o plant\u0103 peren\u0103 care cre\u0219te p\u00e2n\u0103 la aproximativ o jum\u0103tate de metru \u00een \u00een\u0103l\u021bime. Are r\u0103d\u0103cini c\u0103rnoase \u0219i o tulpin\u0103 \u00eengust\u0103 cu frunze ramificate. D\u0103 fructe la sf\u00e2r\u0219itul verii sau toamna. \u00cen China este cunoscut\u0103 \u0219i sub numele de bai zhu. R\u0103d\u0103cinile, care sunt folosite \u00een scopuri medicinale, sunt dezgropate iarna \u0219i uscate pentru a fi preg\u0103tite pentru consum. Folosit \u00een mod tradi\u021bional \u00een China pentru a <strong>\u00eent\u0103ri energia Qi, pentru a \u00eent\u0103ri organismul \u0219i pentru a cre\u0219te imunitatea \u00eempotriva bolilor<\/strong>. \u00cen fitoterapia tradi\u021bional\u0103 chinez\u0103, este considerat<strong> unul dintre cele mai importante ingrediente din multe amestecuri de plante<\/strong>. \u00cei place \u00een mod deosebit s\u0103 fie combinat cu ginsengul.<\/span><\/p>\n<h2><span style=\"color: #000000\"><strong>Cui i se recomand\u0103 s\u0103 ia<\/strong><\/span><\/h2>\n<p><span style=\"color: #000000\">Se folose\u0219te cel mai frecvent pentru a<strong> \u00eent\u0103ri splina \u0219i stomacul<\/strong>. Atractylus poate face digestia mai eficient\u0103 \u0219i se consider\u0103, de asemenea, c\u0103 <strong>regleaz\u0103 pofta de m\u00e2ncare \u0219i ajut\u0103 la pierderea \u00een greutate sau<\/strong> la sl\u0103bire. Atunci c\u00e2nd este \u00eenso\u021bit de activitate fizic\u0103, ajut\u0103 la cre\u0219terea masei musculare \u0219i, astfel, la \u00eembun\u0103t\u0103\u021birea condi\u021biei fizice \u0219i a rezisten\u021bei.<\/span><\/p>\n<p><span style=\"color: #000000\">Atractilis este deosebit de<strong> benefic pentru digestie \u0219i ajut\u0103 persoanele care sufer\u0103 de balon\u0103ri frecvente, dureri de stomac, diaree \u0219i v\u0103rs\u0103turi, precum \u0219i de anemie \u0219i le\u0219inuri<\/strong>. De asemenea, ac\u021bioneaz\u0103 ca diuretic \u0219i favorizeaz\u0103 eliminarea excesului de ap\u0103 din organism. Se crede, de asemenea, c\u0103 este eficient \u00een prevenirea avorturilor spontane.<\/span><\/p>\n<p><span style=\"color: #000000\">Atractilis are un gust dulce, care este \u00een acela\u0219i timp u\u0219or astringent \u0219i picant.<\/span><\/p>\n<h2><span style=\"color: #000000\"><strong>Care sunt celelalte beneficii ale administr\u0103rii<\/strong><\/span><\/h2>\n<p><span style=\"color: #000000\">Atractilis este extrem de popular \u00een medicina chinez\u0103, deoarece red\u0103 puterea, energia, reface imunitatea \u0219i sus\u021bine s\u0103n\u0103tatea intestinal\u0103. Este adesea combinat cu alte plante, \u00een special cu ginseng, astragalus \u0219i rizomul de ciuperci medicinale. Se crede c\u0103 Atractilis:<\/span><\/p>\n<p><span style=\"color: #000000\">\ud83d\udc9a ofer\u0103 o bun\u0103 <strong>protec\u021bie pentru ficat<\/strong>,<\/span><br \/>\n<span style=\"color: #000000\">\ud83d\udc9a<strong> protejeaz\u0103 \u00eempotriva bolilor colului uterin, ale s\u00e2nilor \u0219i ale stomacului<\/strong>,<\/span><br \/>\n<span style=\"color: #000000\">\ud83d\udc9a <strong>\u00eembun\u0103t\u0103\u021be\u0219te condi\u021bia fizic\u0103<\/strong>,<\/span><br \/>\n<span style=\"color: #000000\">\ud83d\udc9a sus\u021bine <strong>sistemul imunitar<\/strong>,<\/span><br \/>\n<span style=\"color: #000000\">\ud83d\udc9a se crede c\u0103 scade sau controleaz\u0103 nivelul de zah\u0103r din s\u00e2nge,<\/span><br \/>\n<span style=\"color: #000000\">\ud83d\udc9a ajut\u0103 la <strong>flatulen\u021b\u0103, dureri de stomac<\/strong> \u0219i ame\u021beli,<\/span><br \/>\n<span style=\"color: #000000\">\ud83d\udc9a <strong>cre\u0219te nivelul de energie<\/strong> \u0219i reduce oboseala.<\/span><\/p>\n<h2><span style=\"color: #000000\">Depozitare \u0219i avertismente<\/span><\/h2>\n<p><span style=\"color: #000000\">A se p\u0103stra \u00eentr-un loc r\u0103coros \u0219i uscat, la o temperatur\u0103 de p\u00e2n\u0103 la 25 \u00b0C. P\u0103stra\u021bi suplimentul alimentar departe de accesul copiilor!<\/span><\/p>\n<p><span style=\"color: #000000\">Nu uita\u021bi importan\u021ba unei diete variate \u0219i a unui stil de via\u021b\u0103 s\u0103n\u0103tos, un supliment alimentar nu este, prin urmare, un substitut pentru o diet\u0103 echilibrat\u0103 \u0219i variat\u0103. Cantitatea sau doza zilnic\u0103 recomandat\u0103 nu trebuie s\u0103 fie dep\u0103\u0219it\u0103. Femeile \u00eens\u0103rcinate \u0219i cele care al\u0103pteaz\u0103 sunt \u00eentotdeauna sf\u0103tuite s\u0103 consulte un medic \u00eenainte de utilizare.<\/span><\/p>\n<h2><span style=\"color: #000000\">Ambalaj<\/span><\/h2>\n<p><span style=\"color: #000000\">Pung\u0103 cu fermoar nepermeabil \u00een care produsul \u00ee\u0219i p\u0103streaz\u0103 toat\u0103 prospe\u021bimea \u0219i aroma. Ambalajul protejeaz\u0103 produsul de lumin\u0103 \u0219i de aer, fiind compus din mai multe straturi de protec\u021bie pentru a p\u0103stra propriet\u0103\u021bile con\u021binutului.<\/span><\/p>\n<p><span style=\"color: #000000\">Ambalajul este foarte practic \u0219i reciclabil.<\/span><\/p>\n<h2><span style=\"color: #000000\">Origine<\/span><\/h2>\n<p><span style=\"color: #000000\">China. Avem furnizori foarte de \u00eencredere care ne trimit o analiz\u0103 chimic\u0103 detaliat\u0103 a produselor alimentare pentru fiecare lot. \u00cen mai bine de zece ani, nu am avut nicio rechemare sau alte probleme cu acest articol, nici cu alte articole de la acela\u0219i furnizor.<\/span><\/p>\n","protected":false},"excerpt":{"rendered":"<p>Atractilis este extrem de popular \u00een medicina chinez\u0103, deoarece reface for\u021ba, energia, reface imunitatea \u0219i sus\u021bine s\u0103n\u0103tatea intestinal\u0103. Este adesea combinat cu alte plante, \u00een special cu ginseng, astragalus \u0219i rizomul de ciuperci medicinale. Atractilis este considerat a:<\/p>\n<p>\ud83d\udc9a asigur\u0103 o bun\u0103 protec\u021bie a ficatului,<br \/>\n\ud83d\udc9a protejeaz\u0103 \u00eempotriva bolilor colului uterin, ale s\u00e2nilor \u0219i ale stomacului,<br \/>\n\ud83d\udc9a sus\u021bine sistemul imunitar,<br \/>\n\ud83d\udc9a ajut\u0103 la flatulen\u021b\u0103, dureri de stomac \u0219i ame\u021beli,<br \/>\n\ud83d\udc9a cre\u0219te nivelul de energie \u0219i reduce oboseala.<\/p>\n","protected":false},"featured_media":6160,"comment_status":"open","ping_status":"closed","template":"","meta":{"_acf_changed":false},"product_brand":[],"product_cat":[229],"product_tag":[],"class_list":{"0":"post-6159","1":"product","2":"type-product","3":"status-publish","4":"has-post-thumbnail","6":"product_cat-superalimente","8":"first","9":"instock","10":"taxable","11":"shipping-taxable","12":"purchasable","13":"product-type-simple"},"acf":[],"_links":{"self":[{"href":"https:\/\/fengchashop.com\/ro\/wp-json\/wp\/v2\/product\/6159","targetHints":{"allow":["GET"]}}],"collection":[{"href":"https:\/\/fengchashop.com\/ro\/wp-json\/wp\/v2\/product"}],"about":[{"href":"https:\/\/fengchashop.com\/ro\/wp-json\/wp\/v2\/types\/product"}],"replies":[{"embeddable":true,"href":"https:\/\/fengchashop.com\/ro\/wp-json\/wp\/v2\/comments?post=6159"}],"wp:featuredmedia":[{"embeddable":true,"href":"https:\/\/fengchashop.com\/ro\/wp-json\/wp\/v2\/media\/6160"}],"wp:attachment":[{"href":"https:\/\/fengchashop.com\/ro\/wp-json\/wp\/v2\/media?parent=6159"}],"wp:term":[{"taxonomy":"product_brand","embeddable":true,"href":"https:\/\/fengchashop.com\/ro\/wp-json\/wp\/v2\/product_brand?post=6159"},{"taxonomy":"product_cat","embeddable":true,"href":"https:\/\/fengchashop.com\/ro\/wp-json\/wp\/v2\/product_cat?post=6159"},{"taxonomy":"product_tag","embeddable":true,"href":"https:\/\/fengchashop.com\/ro\/wp-json\/wp\/v2\/product_tag?post=6159"}],"curies":[{"name":"wp","href":"https:\/\/api.w.org\/{rel}","templated":true}]}}