{"id":6131,"date":"2022-03-11T19:29:12","date_gmt":"2022-03-11T18:29:12","guid":{"rendered":"https:\/\/fengchashop.com\/ro\/product\/omega-3-acizi-grasi-in-capsule-180-capsule\/"},"modified":"2026-04-30T14:10:36","modified_gmt":"2026-04-30T12:10:36","slug":"omega-3-acizi-grasi-in-capsule","status":"publish","type":"product","link":"https:\/\/fengchashop.com\/ro\/product\/omega-3-acizi-grasi-in-capsule\/","title":{"rendered":"Omega 3 acizi gra\u0219i \u00een capsule 180 capsule"},"content":{"rendered":"<h2><span style=\"color: #000000\">Acizi gra\u0219i Omega-3<\/span><\/h2>\n<p><span style=\"color: #000000\">Acizii gra\u0219i Omega-3 sunt<strong> esen\u021biali<\/strong> pentru oameni, dar organismul nu \u00eei poate produce singur. Deoarece sunt esen\u021biali<strong> pentru buna func\u021bionare a mai multor procese din organism<\/strong>, ei trebuie consuma\u021bi \u00eentr-o diet\u0103 bogat\u0103 \u00een aceste gr\u0103simi valoroase. Cu toate acestea, dac\u0103 dieta nu furnizeaz\u0103 suficien\u021bi acizi gra\u0219i omega-3, una dintre cele mai eficiente \u0219i simple modalit\u0103\u021bi este administrarea unui supliment alimentar. Trebuie s\u0103 fim con\u0219tien\u021bi de faptul c\u0103 exist\u0103 o gam\u0103 foarte larg\u0103 pe pia\u021b\u0103, dar nu orice supliment cu ulei de pe\u0219te (sau din surse vegetale) este suficient de bun. \u00cen special, trebuie s\u0103 fim aten\u021bi dac\u0103 inten\u021bion\u0103m s\u0103 lu\u0103m un supliment alimentar pentru o perioad\u0103 lung\u0103 de timp. Impurit\u0103\u021bile \u0219i aditivii inutili, chiar d\u0103un\u0103tori, pot face mai mult r\u0103u dec\u00e2t bine.<\/span><\/p>\n<p><span style=\"color: #000000\">Capsulele noastre cu acizi gra\u0219i omega-3 <strong>sunt fabricate din cel mai pur ulei de pe\u0219te<\/strong>. Din pe\u0219te capturat din mediul s\u0103lbatic, procesat corespunz\u0103tor \u0219i capturat \u00een capsule de gelatin\u0103 moale, de dimensiuni mai mici, dar cu o form\u0103 care permite o \u00eenghi\u021bire mai u\u0219oar\u0103. Acestea sunt un supliment alimentar superior, realizat din cele mai bune ingrediente. <strong>Nu provoac\u0103 flatulen\u021b\u0103 \u0219i nu au un gust deranjant de pe\u0219te<\/strong>.<\/span><\/p>\n<h2><span style=\"color: #000000\">Care sunt beneficiile consumului de acizi gra\u0219i omega-3?<\/span><\/h2>\n<p><span style=\"color: #000000\">Acizii gra\u0219i omega-3 joac\u0103 cel pu\u021bin dou\u0103 roluri importante \u00een organismul nostru. Cercet\u0103rile au ar\u0103tat c\u0103 ace\u0219tia influen\u021beaz\u0103<strong> buna func\u021bionare a sistemului cardiovascular<\/strong> \u0219i <strong>reduc inflama\u021biile<\/strong>. A\u0219adar, ca s\u0103 rezum\u0103m c\u00e2teva dintre efectele consumului de acizi gra\u0219i omega-3, putem observa c\u0103:<\/span><\/p>\n<p><span style=\"color: #000000\">\ud83d\udc9a Contribuie la <em>func\u021bionarea normal\u0103 a inimii \u0219i a sistemului cardiovascular<\/em>, inclusiv la reglarea b\u0103t\u0103ilor inimii \u0219i ajut\u0103 la<strong> controlul tensiunii arteriale \u0219i al colesterolului<\/strong>.<\/span><br \/>\n<span style=\"color: #000000\">\ud83d\udc9a Contribuie la men\u021binerea unei <strong>viziuni normale<\/strong>.<\/span><br \/>\n<span style=\"color: #000000\">\ud83d\udc9a Contribuie la<strong> men\u021binerea func\u021biei normale a creierului,<\/strong> inclusiv la func\u021bionarea memoriei \u0219i la reglarea st\u0103rii de spirit \u0219i a echilibrului emo\u021bional.<\/span><br \/>\n<span style=\"color: #000000\">\ud83d\udc9a Contribuie la men\u021binerea unor<strong> niveluri normale de trigliceride \u00een s\u00e2nge<\/strong>.<\/span><br \/>\n<span style=\"color: #000000\">\ud83d\udc9a Promoveaz\u0103 <strong>buna func\u021bionare a sistemului imunitar<\/strong>.<\/span><br \/>\n<span style=\"color: #000000\">\ud83d\udc9a Regleaz\u0103 starea de spirit \u0219i func\u021biile cognitive (comportamentale).<\/span><br \/>\n<span style=\"color: #000000\">\ud83d\udc9a Sunt extrem de<strong> importante pentru o sarcin\u0103 s\u0103n\u0103toas\u0103 \u0219i pentru dezvoltarea s\u0103n\u0103toas\u0103 a copilului nen\u0103scut \u0219i al\u0103ptat<\/strong>. Pentru a promova abilit\u0103\u021bi intelectuale, motorii \u0219i vizuale mai puternice la copil, pentru a \u00eembun\u0103t\u0103\u021bi memoria \u0219i aten\u021bia \u0219i pentru a preveni tulbur\u0103rile de comportament \u0219i dezvoltarea alergiilor alimentare.<\/span><br \/>\n<span style=\"color: #000000\">\ud83d\udc9a S\u0103 <strong>ajute la \u00eembun\u0103t\u0103\u021birea simptomelor bolilor autoimune<\/strong> \u0219i a ADHD la copii.<\/span><br \/>\n<span style=\"color: #000000\">\ud83d\udc9a Ne hidrateaz\u0103 \u00een mod natural pielea \u0219i p\u0103rul \u0219i le confer\u0103 un aspect s\u0103n\u0103tos.<\/span><br \/>\n<span style=\"color: #000000\">\ud83d\udc9a <strong>Reduc inflama\u021biile;<\/strong> de asemenea, amelioreaz\u0103 problemele pielii, cum ar fi eczema, acneea, rozaceea \u0219i psoriazisul.<\/span><br \/>\n<span style=\"color: #000000\"> <strong>\ud83d\udc9a Permit o recuperare mai rapid\u0103 a mu\u0219chilor<\/strong> dup\u0103 antrenamente sportive intense sau alte activit\u0103\u021bi fizice; de asemenea, previne irosirea mu\u0219chilor \u0219i, \u00een acela\u0219i timp, cre\u0219te pierderea depozitelor de gr\u0103sime.<\/span><\/p>\n<h2><span style=\"color: #000000\">De ce s\u0103 alege\u021bi capsulele noastre de Omega 3?<\/span><\/h2>\n<p><span style=\"color: #000000\">Consumul de acizi gra\u0219i omega 3 este \u00een sine o investi\u021bie bun\u0103 pentru s\u0103n\u0103tatea noastr\u0103 fizic\u0103 \u0219i psihic\u0103. \u00cens\u0103, aleg\u00e2nd un supliment pur \u0219i c\u00e2t mai natural posibil, precum al nostru, putem beneficia \u0219i de alte avantaje, cum ar fi:<\/span><\/p>\n<p><span style=\"color: #000000\">\ud83d\udc9a Un supliment alimentar <strong>nu este realizat prin concentrarea uleiului de pe\u0219te<\/strong> \u0219i ad\u0103ugarea de ingrediente artificiale. Suplimentul nostru alimentar este minim procesat, mult mai natural, iar organismul nostru beneficiaz\u0103 mai u\u0219or de beneficiile sale.<\/span><br \/>\n<span style=\"color: #000000\">\ud83d\udc9a <strong>Sunt capsule f\u0103r\u0103 gustul \u0219i mirosul tipic<\/strong>. \u0218i nu ne vor face s\u0103 ne sim\u021bim le\u0219ina\u021bi.<\/span><br \/>\n<span style=\"color: #000000\">\ud83d\udc9a<strong>Capsulele<\/strong> mai mici de tip<strong>softgel<\/strong> fac ca acestea s\u0103 fie mai u\u0219or de \u00eenghi\u021bit.<\/span><br \/>\n<span style=\"color: #000000\">\ud83d\udc9a Con\u021bin minimum <strong>90% trigliceride naturale<\/strong>, f\u0103r\u0103 esteri etilici utiliza\u021bi \u00een mod normal \u00een produc\u021bia de ulei de pe\u0219te concentrat &#8211; pentru a asigura niveluri mai ridicate de DHA \u0219i EPA dec\u00e2t cele g\u0103site \u00een uleiul de pe\u0219te conven\u021bional. Un astfel de supliment alimentar este \u00eembun\u0103t\u0103\u021bit \u00een mod artificial \u0219i, prin urmare, mai greu de digerat, mai pu\u021bin natural \u0219i, dac\u0103 este administrat pe o perioad\u0103 lung\u0103 de timp, poate fi chiar solicitant pentru organism.<\/span><br \/>\n<span style=\"color: #000000\">\ud83d\udc9a Uleiul este extra<strong> pur,<\/strong> ob\u021binut printr-un proces special de filtrare, distilare \u0219i rafinare.<\/span><br \/>\n<span style=\"color: #000000\">\ud83d\udc9a Con\u021bine minimum<strong> 65% de acid docosahexaenoic (DHA) \u0219i acid eicosapentaenoic (EPA<\/strong>).<\/span><br \/>\n<span style=\"color: #000000\">\ud83d\udc9a Un antioxidant natural sub form\u0103 de tocoferol (vitamina E) este ad\u0103ugat \u00een produs pentru o mai bun\u0103 durabilitate.<\/span><br \/>\n<span style=\"color: #000000\">\ud83d\udc9a \u00cen plus, pe\u0219tele este capturat \u00een conformitate cu principiile pescuitului durabil. Ambalajul fiec\u0103rui furnizor este, de asemenea, etichetat cu un num\u0103r de trasabilitate. De asemenea, este garantat\u0103 o aprovizionare constant\u0103 cu uleiuri de cea mai bun\u0103 calitate. Acestea sunt \u00een mod constant curate, sigure \u0219i f\u0103r\u0103 probleme. Angajamentul fa\u021b\u0103 de puritatea, calitatea \u0219i inovarea produselor asigur\u0103 faptul c\u0103 produsele respect\u0103 cele mai \u00eenalte standarde industriale \u00een materie de siguran\u021b\u0103, trasabilitate \u0219i durabilitate. Limitele minime ale specifica\u021biilor asigur\u0103 c\u0103 produsele respect\u0103 sau dep\u0103\u0219esc toate standardele de puritate cunoscute la nivel mondial. Garant\u0103m necondi\u021bionat consisten\u021ba, siguran\u021ba \u0219i puritatea fiec\u0103rui produs.<\/span><\/p>\n<h2><span style=\"color: #000000\">Depozitare \u0219i avertismente<\/span><\/h2>\n<p><span style=\"color: #000000\">A se p\u0103stra \u00eentr-un loc r\u0103coros \u0219i uscat, la o temperatur\u0103 de p\u00e2n\u0103 la 25 \u00b0C. \u021aine\u021bi suplimentul alimentar departe de \u00eendem\u00e2na copiilor!<\/span><\/p>\n<p><span style=\"color: #000000\">Nu uita\u021bi importan\u021ba unei diete variate \u0219i a unui stil de via\u021b\u0103 s\u0103n\u0103tos, un supliment alimentar nu este, prin urmare, un substitut pentru o diet\u0103 echilibrat\u0103 \u0219i variat\u0103. Cantitatea sau doza zilnic\u0103 recomandat\u0103 nu trebuie s\u0103 fie dep\u0103\u0219it\u0103.<\/span><\/p>\n<h2><span style=\"color: #000000\">Ambalaj<\/span><\/h2>\n<p><span style=\"color: #000000\">Pung\u0103 cu fermoar nepermeabil, \u00een care produsul \u00ee\u0219i p\u0103streaz\u0103 toat\u0103 prospe\u021bimea \u0219i aroma. Ambalajul protejeaz\u0103 produsul de lumin\u0103 \u0219i de aer, fiind compus din mai multe straturi de protec\u021bie care p\u0103streaz\u0103 propriet\u0103\u021bile con\u021binutului.<\/span><\/p>\n<p><span style=\"color: #000000\">Ambalajul este foarte practic \u0219i reciclabil.<\/span><\/p>\n<h2><span style=\"color: #000000\">Origine<\/span><\/h2>\n<p><span style=\"color: #000000\">Norvegia<\/span><\/p>\n","protected":false},"excerpt":{"rendered":"<p>Acizii gra\u0219i omega-3 joac\u0103 cel pu\u021bin dou\u0103 roluri importante \u00een organismul nostru. Cercet\u0103rile au ar\u0103tat c\u0103 ace\u0219tia influen\u021beaz\u0103 buna func\u021bionare a sistemului cardiovascular \u0219i reduc inflama\u021biile. Acizii gra\u0219i omega-3:<\/p>\n<p>\ud83d\udc9a contribuie la func\u021bionarea normal\u0103 a inimii \u0219i a sistemului cardiovascular, inclusiv la reglarea b\u0103t\u0103ilor inimii \u0219i ajut\u0103 la reglarea tensiunii arteriale \u0219i a colesterolului,<br \/>\n\ud83d\udc9a contribuie la men\u021binerea func\u021biei normale a creierului, inclusiv la func\u021bia de memorare \u0219i la reglarea st\u0103rii de spirit \u0219i a echilibrului emo\u021bional,<br \/>\n\ud83d\udc9a contribuie la men\u021binerea unor niveluri normale de trigliceride \u00een s\u00e2nge,<br \/>\n\ud83d\udc9a favorizeaz\u0103 buna func\u021bionare a sistemului imunitar,<br \/>\n\ud83d\udc9a reduc inflama\u021bia.<\/p>\n","protected":false},"featured_media":6132,"comment_status":"open","ping_status":"closed","template":"","meta":{"_acf_changed":false},"product_brand":[],"product_cat":[15,228,224,225],"product_tag":[],"class_list":{"0":"post-6131","1":"product","2":"type-product","3":"status-publish","4":"has-post-thumbnail","6":"product_cat-uncategorized","7":"product_cat-minerale-si-vitamine","8":"product_cat-oferta","9":"product_cat-toate-produsele","11":"first","12":"instock","13":"taxable","14":"shipping-taxable","15":"purchasable","16":"product-type-simple"},"acf":[],"_links":{"self":[{"href":"https:\/\/fengchashop.com\/ro\/wp-json\/wp\/v2\/product\/6131","targetHints":{"allow":["GET"]}}],"collection":[{"href":"https:\/\/fengchashop.com\/ro\/wp-json\/wp\/v2\/product"}],"about":[{"href":"https:\/\/fengchashop.com\/ro\/wp-json\/wp\/v2\/types\/product"}],"replies":[{"embeddable":true,"href":"https:\/\/fengchashop.com\/ro\/wp-json\/wp\/v2\/comments?post=6131"}],"wp:featuredmedia":[{"embeddable":true,"href":"https:\/\/fengchashop.com\/ro\/wp-json\/wp\/v2\/media\/6132"}],"wp:attachment":[{"href":"https:\/\/fengchashop.com\/ro\/wp-json\/wp\/v2\/media?parent=6131"}],"wp:term":[{"taxonomy":"product_brand","embeddable":true,"href":"https:\/\/fengchashop.com\/ro\/wp-json\/wp\/v2\/product_brand?post=6131"},{"taxonomy":"product_cat","embeddable":true,"href":"https:\/\/fengchashop.com\/ro\/wp-json\/wp\/v2\/product_cat?post=6131"},{"taxonomy":"product_tag","embeddable":true,"href":"https:\/\/fengchashop.com\/ro\/wp-json\/wp\/v2\/product_tag?post=6131"}],"curies":[{"name":"wp","href":"https:\/\/api.w.org\/{rel}","templated":true}]}}