{"id":6129,"date":"2022-03-11T17:52:40","date_gmt":"2022-03-11T16:52:40","guid":{"rendered":"https:\/\/fengchashop.com\/ro\/product\/vitamina-c-pulbere-500-g\/"},"modified":"2026-04-20T23:24:47","modified_gmt":"2026-04-20T21:24:47","slug":"vitamina-c-pulbere","status":"publish","type":"product","link":"https:\/\/fengchashop.com\/ro\/product\/vitamina-c-pulbere\/","title":{"rendered":"Vitamina C pulbere 500 g"},"content":{"rendered":"<h2><span style=\"color: #000000\">Acid L-ascorbic<\/span><\/h2>\n<p><span style=\"color: #000000\">Vitamina C, sau acidul ascorbic, este o<strong> vitamin\u0103 esen\u021bial\u0103<\/strong> pentru oameni, ceea ce \u00eenseamn\u0103 c\u0103 este esen\u021bial\u0103 pentru buna func\u021bionare a corpului nostru, dar organismul nostru nu o poate sintetiza sau produce singur, a\u0219a c\u0103 este extrem de important s\u0103 o consum\u0103m prin alimente. Vitamina C este prezent\u0103 \u00een majoritatea fructelor \u0219i legumelor, astfel \u00eenc\u00e2t cei care consum\u0103 \u00een mod regulat cel pu\u021bin 5 unit\u0103\u021bi de fructe \u0219i\/sau legume pe zi vor primi o cantitate suficient\u0103 \u00een organism. Cu toate acestea, uneori este util\u0103 \u0219i suplimentarea acestei vitamine extrem de importante, care este responsabil\u0103 de multe procese din corpul nostru, deoarece este \u0219i un <strong>antioxidant care ne protejeaz\u0103 celulele de stresul oxidativ<\/strong>, care se observ\u0103 cel mai adesea la nivelul pielii. De fapt, deficitul de vitamina C poate duce la \u00eemb\u0103tr\u00e2nirea pielii \u0219i la apari\u021bia ridurilor, deoarece vitamina C este \u00een mare m\u0103sur\u0103 responsabil\u0103 de formarea colagenului \u0219i joac\u0103 astfel un rol important \u00een func\u021bionarea normal\u0103 a pielii, precum \u0219i a oaselor \u0219i a vaselor de s\u00e2nge. De asemenea, este bun\u0103 pentru<strong> sistemul nostru imunitar<\/strong>, iar dac\u0103 o lu\u0103m preventiv, putem preveni sau accelera recuperarea \u00een urma r\u0103celilor de sezon \u0219i a infec\u021biilor respiratorii virale.<\/span><\/p>\n<p><span style=\"color: #000000\">Fructele \u0219i legumele din farfuriile noastre sunt din ce \u00een ce mai s\u0103race \u00een vitamine din cauza modului \u00een care sunt produse, transportate \u0219i a timpului scurs de la recoltare p\u00e2n\u0103 la consum. Deficitul de vitamina C se poate manifesta prin oboseal\u0103 general\u0103 fizic\u0103 \u0219i psihic\u0103, cicatrizare mai slab\u0103 a r\u0103nilor, hemoragii, recuperare mai lent\u0103 dup\u0103 o boal\u0103, sl\u0103birea sistemului imunitar etc. Este atunci o idee bun\u0103 s\u0103 asigur\u0103m organismului un aport crescut de vitamine, inclusiv prin suplimente alimentare. Cu toate acestea, fum\u0103torii, lucr\u0103torii fizici \u0219i sportivii, femeile \u00eens\u0103rcinate \u0219i cele care al\u0103pteaz\u0103 au nevoie, \u00een general, de mult mai mult\u0103 vitamina C, dar trebuie s\u0103 consulte \u00eentotdeauna un medic \u00eenainte de a lua suplimente.<\/span><\/p>\n<p><span style=\"color: #000000\">Organismul nostru nu stocheaz\u0103 vitamina C, a\u0219a c\u0103 este esen\u021bial s\u0103 consum\u0103m zilnic fructe \u0219i legume \u0219i s\u0103 lu\u0103m suplimente de acid L-ascorbic la nevoie.<\/span><\/p>\n<h2><span style=\"color: #000000\">De ce s\u0103 alege\u021bi vitamina C sub form\u0103 de pulbere de acid L-ascorbic?<\/span><\/h2>\n<p><span style=\"color: #000000\">Acidul nostru L-ascorbic pur este de fapt o form\u0103 natural\u0103 de vitamina C, care poate fi natural\u0103 sau sintetic\u0103, dar cele dou\u0103 forme sunt at\u00e2t de asem\u0103n\u0103toare &#8211; ca structur\u0103 \u0219i poten\u021b\u0103 &#8211; \u00eenc\u00e2t profesia le echivaleaz\u0103 (nu este cazul acidului D-ascorbic sintetic, care nu poate fi sintetizat de organism \u0219i, prin urmare, nu este utilizat pentru suplimentele alimentare).<\/span><\/p>\n<p><span style=\"color: #000000\">Administrarea acidului L-ascorbic sau a vitaminei C va fi astfel de ajutor (urm\u0103toarele beneficii ale vitaminei C au fost, de asemenea, aprobate de EFSA sau de Autoritatea European\u0103 pentru Siguran\u021ba Alimentar\u0103):<\/span><\/p>\n<p><span style=\"color: #000000\">\ud83d\udc9a o mai bun\u0103 <strong>absorb\u021bie a fierului<\/strong>, care este esen\u021bial pentru un s\u00e2nge bun;<\/span><br \/>\n<span style=\"color: #000000\">\ud83d\udc9a <strong>\u00eembun\u0103t\u0103\u021birea produc\u021biei de colagen<\/strong> \u0219i, astfel, <strong>a<\/strong> func\u021bion\u0103rii normale a oaselor, pielii, din\u021bilor, vaselor de s\u00e2nge, cartilajelor \u0219i gingiilor;<\/span><br \/>\n<span style=\"color: #000000\">\ud83d\udc9a la<strong> func\u021bionarea psihologic\u0103<\/strong> normal\u0103;<\/span><br \/>\n<span style=\"color: #000000\">\ud83d\udc9a la <strong>protejarea celulelor \u00eempotriva stresului oxidativ <\/strong>; <\/span><br \/>\n<span style=\"color: #000000\">\ud83d\udc9a la \u00eembun\u0103t\u0103\u021birea func\u021bion\u0103rii<strong> sistemului imunitar<\/strong>;<\/span><br \/>\n<span style=\"color: #000000\">\ud83d\udc9a s\u0103 reduc\u0103 <strong>oboseala \u0219i oboseala<\/strong>, etc.<\/span><\/p>\n<p><span style=\"color: #000000\">Suplimentul alimentar sub form\u0103 de pulbere este, de asemenea, practic de utilizat, iar b\u0103utura gata preparat\u0103 este gustoas\u0103 \u0219i r\u0103coritoare.<\/span><\/p>\n<h2><span style=\"color: #000000\">Depozitare \u0219i avertismente<\/span><\/h2>\n<p><span style=\"color: #000000\">A se p\u0103stra \u00eentr-un loc r\u0103coros \u0219i uscat, la o temperatur\u0103 de p\u00e2n\u0103 la 25 \u00b0C. \u021aine\u021bi suplimentul alimentar departe de \u00eendem\u00e2na copiilor!<\/span><\/p>\n<p><span style=\"color: #000000\">Nu uita\u021bi importan\u021ba unei diete variate \u0219i a unui stil de via\u021b\u0103 s\u0103n\u0103tos, un supliment alimentar nu este, prin urmare, un substitut pentru o diet\u0103 echilibrat\u0103 \u0219i variat\u0103. Cantitatea sau doza zilnic\u0103 recomandat\u0103 nu trebuie s\u0103 fie dep\u0103\u0219it\u0103. Femeile \u00eens\u0103rcinate \u0219i cele care al\u0103pteaz\u0103 sunt \u00eentotdeauna sf\u0103tuite s\u0103 consulte un medic \u00eenainte de utilizare. Nu este potrivit pentru copiii cu v\u00e2rsta sub 14 ani.<\/span><\/p>\n<h2><span style=\"color: #000000\">Ambalaj<\/span><\/h2>\n<p><span style=\"color: #000000\">Pung\u0103 cu fermoar nepermeabil \u00een care produsul \u00ee\u0219i p\u0103streaz\u0103 toat\u0103 prospe\u021bimea \u0219i aroma. Ambalajul protejeaz\u0103 produsul de lumin\u0103 \u0219i de aer, fiind format din mai multe straturi de protec\u021bie pentru a p\u0103stra propriet\u0103\u021bile con\u021binutului.<\/span><\/p>\n<p><span style=\"color: #000000\">Ambalajul este foarte practic \u0219i reciclabil.<\/span><\/p>\n<h2><span style=\"color: #000000\">Origine<\/span><\/h2>\n<p><span style=\"color: #000000\">China.<\/span><\/p>\n<p><span style=\"color: #000000\">Avem furnizori foarte de \u00eencredere care ne trimit o analiz\u0103 chimic\u0103 detaliat\u0103 a produselor alimentare pentru fiecare lot. \u00cen mai bine de zece ani nu am avut nicio rechemare sau alte probleme cu acest articol \u0219i nici cu alte articole de la acela\u0219i furnizor.<\/span><\/p>\n","protected":false},"excerpt":{"rendered":"<p>Administrarea acidului L-ascorbic sau a vitaminei C va fi de ajutor (urm\u0103toarele beneficii ale vitaminei C au fost, de asemenea, aprobate de EFSA):<\/p>\n<p>\ud83d\udc9a o mai bun\u0103 absorb\u021bie a fierului, care este esen\u021bial pentru un s\u00e2nge bun,<br \/>\n\ud83d\udc9a \u00eembun\u0103t\u0103\u021birea produc\u021biei de colagen \u0219i, astfel, a func\u021bion\u0103rii normale a oaselor, a pielii, a din\u021bilor, a vaselor de s\u00e2nge, a cartilajelor \u0219i a gingiilor,<br \/>\n\ud83d\udc9a pentru o func\u021bionare psihologic\u0103 normal\u0103,<br \/>\n\ud83d\udc9a pentru a proteja celulele \u00eempotriva stresului oxidativ,<br \/>\n\ud83d\udc9a la o mai bun\u0103 func\u021bionare a sistemului imunitar,<br \/>\n\ud83d\udc9a reducerea oboselii \u0219i a oboselii.<\/p>\n","protected":false},"featured_media":6130,"comment_status":"open","ping_status":"closed","template":"","meta":{"_acf_changed":false},"product_brand":[],"product_cat":[15,228,224,225],"product_tag":[],"class_list":{"0":"post-6129","1":"product","2":"type-product","3":"status-publish","4":"has-post-thumbnail","6":"product_cat-uncategorized","7":"product_cat-minerale-si-vitamine","8":"product_cat-oferta","9":"product_cat-toate-produsele","11":"first","12":"instock","13":"sale","14":"taxable","15":"shipping-taxable","16":"purchasable","17":"product-type-simple"},"acf":[],"_links":{"self":[{"href":"https:\/\/fengchashop.com\/ro\/wp-json\/wp\/v2\/product\/6129","targetHints":{"allow":["GET"]}}],"collection":[{"href":"https:\/\/fengchashop.com\/ro\/wp-json\/wp\/v2\/product"}],"about":[{"href":"https:\/\/fengchashop.com\/ro\/wp-json\/wp\/v2\/types\/product"}],"replies":[{"embeddable":true,"href":"https:\/\/fengchashop.com\/ro\/wp-json\/wp\/v2\/comments?post=6129"}],"wp:featuredmedia":[{"embeddable":true,"href":"https:\/\/fengchashop.com\/ro\/wp-json\/wp\/v2\/media\/6130"}],"wp:attachment":[{"href":"https:\/\/fengchashop.com\/ro\/wp-json\/wp\/v2\/media?parent=6129"}],"wp:term":[{"taxonomy":"product_brand","embeddable":true,"href":"https:\/\/fengchashop.com\/ro\/wp-json\/wp\/v2\/product_brand?post=6129"},{"taxonomy":"product_cat","embeddable":true,"href":"https:\/\/fengchashop.com\/ro\/wp-json\/wp\/v2\/product_cat?post=6129"},{"taxonomy":"product_tag","embeddable":true,"href":"https:\/\/fengchashop.com\/ro\/wp-json\/wp\/v2\/product_tag?post=6129"}],"curies":[{"name":"wp","href":"https:\/\/api.w.org\/{rel}","templated":true}]}}