{"id":6123,"date":"2022-03-11T10:03:16","date_gmt":"2022-03-11T09:03:16","guid":{"rendered":"https:\/\/fengchashop.com\/ro\/product\/pulbere-de-clorura-de-magneziu-500-g\/"},"modified":"2026-05-01T03:55:28","modified_gmt":"2026-05-01T01:55:28","slug":"pulbere-de-clorura-de-magneziu","status":"publish","type":"product","link":"https:\/\/fengchashop.com\/ro\/product\/pulbere-de-clorura-de-magneziu\/","title":{"rendered":"Pulbere de clorur\u0103 de magneziu 500 g"},"content":{"rendered":"<h2><span style=\"color: #000000\">Clorur\u0103 de magneziu<\/span><\/h2>\n<p><span style=\"color: #000000\">Magneziul este un <strong>mineral<\/strong> foarte <strong>important,<\/strong> responsabil pentru peste 300 de reac\u021bii metabolice din corpul uman. Este adesea numit de exper\u021bi &#8222;regele mineralelor&#8221;. Acesta joac\u0103 un rol foarte important \u00een<strong> buna func\u021bionare a oaselor, a mu\u0219chilor \u0219i a sistemului nervos<\/strong>. Este adesea consumat pentru a <strong>preveni crampele (la nivelul gambelor), oboseala, epuizarea \u0219i pentru o func\u021bionare mental\u0103 normal\u0103<\/strong>. Magneziul echilibreaz\u0103 raportul cu calciul \u0219i previne astfel acidifierea organismului \u0219i &#8221;sc\u00e2r\u021b\u00e2itul&#8221; articula\u021biilor provocat de calcific\u0103ri. Stilul de via\u021b\u0103 modern &#8211; privarea de somn, stresul, alimenta\u021bia &#8211; ne determin\u0103 adesea s\u0103 lu\u0103m suplimente de magneziu. \u0218i, de\u0219i g\u0103sim o cantitate mare din acesta \u00een legumele verzi, pe\u0219te, semin\u021be de floarea-soarelui \u0219i de dovleac, fructe \u0219i nuci, pur \u0219i simplu consum\u0103m mai mult dec\u00e2t m\u00e2nc\u0103m. Sportivii \u0219i persoanele foarte active, femeile \u00eens\u0103rcinate \u0219i persoanele \u00een v\u00e2rst\u0103 au o nevoie sporit\u0103 de magneziu. \u00cen natur\u0103, magneziul este \u00eentotdeauna legat de un alt compus, ceea ce \u00eei confer\u0103 propriet\u0103\u021bi specifice, \u00een special \u00een ceea ce prive\u0219te absorb\u021bia \u0219i efectele suplimentare. Prin urmare, este important s\u0103 alegem magneziul potrivit pentru nevoile noastre.<\/span><\/p>\n<p><span style=\"color: #000000\">Magneziul sub form\u0103 de<strong> clorur\u0103 de magne<\/strong> ziu este una dintre cele mai frecvente forme de magneziu de pe pia\u021ba noastr\u0103. Exist\u0103 mai mult de o duzin\u0103 de forme diferite de magneziu, iar unele forme sunt chiar descurajate (de exemplu, aspartatul de magneziu \u0219i glutamatul de magneziu). Astfel, nu tot magneziul va satisface nevoile noastre. Alege\u021bi formele de magneziu care sunt de bun\u0103 calitate \u0219i, mai ales, potrivite pentru dumneavoastr\u0103.<\/span><\/p>\n<p><span style=\"color: #000000\">Deficitul de magneziu a fost asociat cu o serie de boli, printre care migrena, oboseala cronic\u0103, hipertensiunea arterial\u0103, anxietatea \u0219i alte tulbur\u0103ri psihice. Magneziul repar\u0103 indirect celulele deteriorate, ceea ce previne dezvoltarea bolilor asociate cu<strong> deteriorarea celulelor<\/strong> &#8211; inclusiv cancerul, de exemplu. \u00cen acela\u0219i timp, deficitul de magneziu reduce efectul importantei vitamine D.<\/span><\/p>\n<p><span style=\"color: #000000\">Clorura noastr\u0103 de magneziu este de calitate superioar\u0103.<\/span><\/p>\n<h2><span style=\"color: #000000\">De ce s\u0103 alege\u021bi clorura de magneziu?<\/span><\/h2>\n<p><span style=\"color: #000000\">Este interesant faptul c\u0103 organismul poate<strong> absorbi<\/strong> magneziul \u0219i<strong> prin piele<\/strong>.<strong> B\u0103ile<\/strong> sunt, prin urmare, binevenite \u0219i \u00een cazul deficien\u021bei de magneziu. Acestea sunt bune mai ales pentru mu\u0219chii obosi\u021bi, iar magneziul intr\u0103 \u00een fluxul sanguin \u0219i prin piele pentru a aproviziona organele interne. Cea mai potrivit\u0103 form\u0103 de magneziu pentru b\u0103i este clorura de magneziu. De asemenea, pulberea poate fi folosit\u0103 pentru a face ceea ce se nume\u0219te <strong>ulei de magneziu<\/strong>. Acesta este extrem de popular pentru recuperarea rapid\u0103 \u0219i bun\u0103 a mu\u0219chilor obosi\u021bi \u0219i durero\u0219i \u00een timpul unui efort fizic major. Acesta este absorbit de organism \u0219i asigur\u0103 necesarul zilnic de magneziu. Clorura de magneziu poate fi, de asemenea, administrat\u0103 pe cale oral\u0103 ca supliment alimentar.<\/span><\/p>\n<p><span style=\"color: #000000\">Aceast\u0103 form\u0103 de magneziu este cea mai potrivit\u0103 pentru a furniza rapid magneziu mu\u0219chilor obosi\u021bi \u0219i pentru a descompune calcin\u0103rile articulare cu ajutorul b\u0103ilor \u0219i al uleiului de magneziu. \u00cen plus, magneziul astfel introdus are un efect minim asupra digestiei \u0219i a apari\u021biei asociate a diareei. Prin urmare, este deosebit de potrivit pentru persoanele care sunt mai sensibile la aportul de magneziu.<\/span><\/p>\n<p><span style=\"color: #000000\">Magneziul sub form\u0103 de clorur\u0103 de magneziu este mai pu\u021bin bine \u0219i mai lent absorbit dec\u00e2t, de exemplu, bisglicinatul de magneziu. Cu toate acestea, are avantajul de a putea fi absorbit prin piele sub form\u0103 de spray sau baie.<\/span><\/p>\n<h2><span style=\"color: #000000\">Ce efect are consumul de magneziu asupra organismului nostru?<\/span><\/h2>\n<p><span style=\"color: #000000\">Consumul de magneziu, sau prepararea uleiului \u0219i a b\u0103ilor de magneziu, are urm\u0103toarele efecte pozitive asupra noastr\u0103, recunoscute \u0219i de c\u0103tre profesie:<\/span><\/p>\n<p><span style=\"color: #000000\">\ud83d\udc9a ajut\u0103 la <strong>reducerea oboselii \u0219i a oboselii<\/strong>,<\/span><br \/>\n<span style=\"color: #000000\">\ud83d\udc9a<strong> sus\u021bine echilibrul electroli\u021bilor<\/strong>, care sunt necesari mai ales \u00een timpul efortului fizic,<\/span><br \/>\n<span style=\"color: #000000\">\ud83d\udc9a contribuie la <strong>eliberarea de energie metabolic\u0103<\/strong>,<\/span><br \/>\n<span style=\"color: #000000\">\ud83d\udc9a are un efect benefic asupra <strong>sistemului nervos<\/strong>,<\/span><br \/>\n<span style=\"color: #000000\">\ud83d\udc9a contribuie la<strong> func\u021bionarea normal\u0103 a mu\u0219chilor, la func\u021biile psihologice normale<\/strong>,<\/span><br \/>\n<span style=\"color: #000000\">\ud83d\udc9a joac\u0103 un rol \u00een<strong> sinteza proteinelor<\/strong>,<\/span><br \/>\n<span style=\"color: #000000\">\ud83d\udc9a men\u021bine<strong> s\u0103n\u0103tatea oaselor \u0219i a din\u021bilor<\/strong>,<\/span><br \/>\n<span style=\"color: #000000\">\ud83d\udc9a joac\u0103 un rol \u00een diviziunea celular\u0103.<\/span><\/p>\n<h2><span style=\"color: #000000\">Ambalaj<\/span><\/h2>\n<p><span style=\"color: #000000\">Pung\u0103 cu fermoar nepermeabil \u00een care produsul \u00ee\u0219i p\u0103streaz\u0103 toat\u0103 prospe\u021bimea \u0219i aroma. Ambalajul protejeaz\u0103 \u00eempotriva luminii \u0219i a aerului, fiind format din mai multe straturi de protec\u021bie pentru a p\u0103stra propriet\u0103\u021bile con\u021binutului.<\/span><\/p>\n<p><span style=\"color: #000000\">Ambalajul este foarte practic \u0219i reciclabil.<\/span><\/p>\n<h2><span style=\"color: #000000\">Depozitare \u0219i avertismente<\/span><\/h2>\n<p><span style=\"color: #000000\">Depozita\u021bi \u00eentr-un loc r\u0103coros \u0219i uscat, la o temperatur\u0103 de p\u00e2n\u0103 la 25 \u00b0C. P\u0103stra\u021bi suplimentul alimentar departe de copiii!<\/span><\/p>\n<p><span style=\"color: #000000\">Consulta\u021bi medicul dac\u0103 lua\u021bi \u00een acela\u0219i timp antibiotice, medicamente pentru osteoporoz\u0103 sau hipertensiune arterial\u0103, deoarece magneziul poate afecta ac\u021biunea acestora.<\/span><\/p>\n<p><span style=\"color: #000000\">Nu uita\u021bi importan\u021ba unei alimenta\u021bii variate \u0219i a unui stil de via\u021b\u0103 s\u0103n\u0103tos, un supliment alimentar nu \u00eenlocuie\u0219te o diet\u0103 echilibrat\u0103 \u0219i variat\u0103. Cantitatea sau doza zilnic\u0103 recomandat\u0103 nu trebuie s\u0103 fie dep\u0103\u0219it\u0103. Femeile \u00eens\u0103rcinate \u0219i cele care al\u0103pteaz\u0103 sunt \u00eentotdeauna sf\u0103tuite s\u0103 consulte un medic \u00eenainte de utilizare. Nu este potrivit pentru copii.<\/span><\/p>\n<h2><span style=\"color: #000000\">Origine<\/span><\/h2>\n<p><span style=\"color: #000000\">Republica Ceh\u0103<\/span><\/p>\n","protected":false},"excerpt":{"rendered":"<p align=\"JUSTIFY\">Magneziul este un mineral foarte important, responsabil pentru peste 300 de reac\u021bii metabolice din corpul uman. Este adesea numit de exper\u021bi &#8222;regele mineralelor&#8221;. Acesta joac\u0103 un rol foarte important \u00een asigurarea bunei func\u021bion\u0103ri a oaselor, a mu\u0219chilor \u0219i a sistemului nervos. Este adesea consumat pentru a preveni crampele (la nivelul gambelor), oboseala, epuizarea \u0219i pentru o func\u021bionare mental\u0103 normal\u0103. Magneziul echilibreaz\u0103 raportul cu calciul \u0219i previne astfel acidifierea organismului \u0219i &#8221;sc\u00e2r\u021b\u00e2itul&#8221; articula\u021biilor provocat de calcific\u0103ri.<\/p>\n<p>\ud83d\udc9a Ajut\u0103 la reducerea oboselii \u0219i a st\u0103rii de oboseal\u0103.<br \/>\n\ud83d\udc9a Sus\u021bine echilibrul electrolitic, necesar mai ales \u00een timpul efortului fizic.<br \/>\n\ud83d\udc9a Contribuie la eliberarea de energie metabolic\u0103.<br \/>\n\ud83d\udc9a Efect benefic asupra sistemului nervos.<br \/>\n\ud83d\udc9a Contribuie la func\u021bionarea normal\u0103 a mu\u0219chilor, la func\u021biile psihologice normale.<\/p>\n","protected":false},"featured_media":6124,"comment_status":"open","ping_status":"closed","template":"","meta":{"_acf_changed":false},"product_brand":[],"product_cat":[15,228,224,225],"product_tag":[],"class_list":{"0":"post-6123","1":"product","2":"type-product","3":"status-publish","4":"has-post-thumbnail","6":"product_cat-uncategorized","7":"product_cat-minerale-si-vitamine","8":"product_cat-oferta","9":"product_cat-toate-produsele","11":"first","12":"instock","13":"taxable","14":"shipping-taxable","15":"purchasable","16":"product-type-simple"},"acf":[],"_links":{"self":[{"href":"https:\/\/fengchashop.com\/ro\/wp-json\/wp\/v2\/product\/6123","targetHints":{"allow":["GET"]}}],"collection":[{"href":"https:\/\/fengchashop.com\/ro\/wp-json\/wp\/v2\/product"}],"about":[{"href":"https:\/\/fengchashop.com\/ro\/wp-json\/wp\/v2\/types\/product"}],"replies":[{"embeddable":true,"href":"https:\/\/fengchashop.com\/ro\/wp-json\/wp\/v2\/comments?post=6123"}],"wp:featuredmedia":[{"embeddable":true,"href":"https:\/\/fengchashop.com\/ro\/wp-json\/wp\/v2\/media\/6124"}],"wp:attachment":[{"href":"https:\/\/fengchashop.com\/ro\/wp-json\/wp\/v2\/media?parent=6123"}],"wp:term":[{"taxonomy":"product_brand","embeddable":true,"href":"https:\/\/fengchashop.com\/ro\/wp-json\/wp\/v2\/product_brand?post=6123"},{"taxonomy":"product_cat","embeddable":true,"href":"https:\/\/fengchashop.com\/ro\/wp-json\/wp\/v2\/product_cat?post=6123"},{"taxonomy":"product_tag","embeddable":true,"href":"https:\/\/fengchashop.com\/ro\/wp-json\/wp\/v2\/product_tag?post=6123"}],"curies":[{"name":"wp","href":"https:\/\/api.w.org\/{rel}","templated":true}]}}