{"id":6117,"date":"2022-03-11T09:18:33","date_gmt":"2022-03-11T08:18:33","guid":{"rendered":"https:\/\/fengchashop.com\/ro\/product\/pudra-complexa-de-magneziu-200-g\/"},"modified":"2026-04-28T13:29:18","modified_gmt":"2026-04-28T11:29:18","slug":"pudra-complexa-de-magneziu","status":"publish","type":"product","link":"https:\/\/fengchashop.com\/ro\/product\/pudra-complexa-de-magneziu\/","title":{"rendered":"Pudr\u0103 complex\u0103 de magneziu 200 g"},"content":{"rendered":"<h2 style=\"text-align: justify\"><span style=\"color: #000000\"><b>Complex de magneziu sub form\u0103 de pulbere<\/b><\/span><\/h2>\n<p style=\"text-align: justify\"><span style=\"color: #000000\">Magneziul este un mineral extrem de important, care particip\u0103 la mai mult de 300 de procese metabolice din corpul uman. Este adesea numit &#8222;<b>regele mineralelor<\/b>&#8222;, deoarece joac\u0103 un rol <b>cheie \u00een func\u021bionarea mu\u0219chilor, sistemului nervos \u0219i men\u021binerea oaselor s\u0103n\u0103toase<\/b>. Ajut\u0103 la prevenirea crampelor musculare, reduce oboseala \u0219i epuizarea \u0219i contribuie la func\u021bionarea normal\u0103 a sistemului psihic. Din cauza ritmului rapid al vie\u021bii moderne \u2013 stres, alimenta\u021bie necorespunz\u0103toare \u0219i lipsa somnului \u2013 mul\u021bi recurg la suplimente alimentare cu magneziu.<\/span><\/p>\n<p style=\"text-align: justify\"><span style=\"color: #000000\">De\u0219i magneziul se g\u0103se\u0219te \u00een mod natural \u00een numeroase alimente, precum legumele verzi cu frunze, nuci, semin\u021be, pe\u0219te \u0219i cereale integrale, adesea consum\u0103m mai mult dec\u00e2t putem absorbi prin alimenta\u021bie. Persoanele care au nevoi crescute de magneziu sunt sportivii, femeile \u00eens\u0103rcinate, v\u00e2rstnicii \u0219i persoanele aflate sub un stres fizic sau psihic crescut.<\/span><\/p>\n<p style=\"text-align: justify\"><span style=\"color: #000000\">Cu ajutorul complexului de magneziu, vei oferi corpului suportul optim pentru o stare general\u0103 de bine, mai mult\u0103 energie \u0219i func\u021bionarea s\u0103n\u0103toas\u0103 a mu\u0219chilor, oaselor \u0219i sistemului nervos.<\/span><\/p>\n<h2 style=\"text-align: justify\"><span style=\"color: #000000\"><b>De ce complexul de magneziu?<\/b><\/span><\/h2>\n<p style=\"text-align: justify\"><span style=\"color: #000000\">Complexul de magneziu combin\u0103 <strong>patru forme de magneziu de \u00eenalt\u0103 calitate \u2013 bisglicinat de magneziu, citrat de magneziu, malat de magneziu \u0219i taurinat de magneziu<\/strong>. Fiecare dintre aceste forme are propriet\u0103\u021bi \u0219i beneficii specifice, astfel \u00eenc\u00e2t combina\u021bia lor permite o absorb\u021bie \u0219i eficien\u021b\u0103 optim\u0103.<\/span><\/p>\n<h2 style=\"text-align: justify\"><span style=\"color: #000000\"><b>Beneficiile complexului de magneziu<\/b><\/span><\/h2>\n<p style=\"text-align: justify\"><span style=\"color: #000000\"><b>Magneziul:<\/b><\/span><\/p>\n<ul style=\"text-align: justify\">\n<li><span style=\"color: #000000\">contribuie la reducerea oboselii \u0219i epuiz\u0103rii<\/span><\/li>\n<li><span style=\"color: #000000\">contribuie la men\u021binerea echilibrului electrolitic<\/span><\/li>\n<li><span style=\"color: #000000\">contribuie la eliberarea energiei \u00een procesele metabolice<\/span><\/li>\n<li><span style=\"color: #000000\">contribuie la func\u021bionarea sistemului nervos<\/span><\/li>\n<li><span style=\"color: #000000\">contribuie la func\u021bionarea mu\u0219chilor<\/span><\/li>\n<li><span style=\"color: #000000\">joac\u0103 un rol \u00een sinteza proteinelor<\/span><\/li>\n<li><span style=\"color: #000000\">contribuie la func\u021bionarea normal\u0103 a sistemului psihic<\/span><\/li>\n<li><span style=\"color: #000000\">contribuie la men\u021binerea oaselor \u0219i din\u021bilor s\u0103n\u0103to\u0219i<\/span><\/li>\n<li><span style=\"color: #000000\">joac\u0103 un rol \u00een diviziunea celular\u0103<\/span><\/li>\n<\/ul>\n<p>&nbsp;<\/p>\n<p style=\"text-align: justify\"><span style=\"color: #000000\"><b>Vitamina B6:<\/b><\/span><\/p>\n<ul style=\"text-align: justify\">\n<li><span style=\"color: #000000\">joac\u0103 un rol \u00een sinteza cisteinei<\/span><\/li>\n<li><span style=\"color: #000000\">contribuie la eliberarea energiei \u00een procesele metabolice<\/span><\/li>\n<li><span style=\"color: #000000\">contribuie la func\u021bionarea sistemului nervos<\/span><\/li>\n<li><span style=\"color: #000000\">contribuie la metabolismul homocisteinei<\/span><\/li>\n<li><span style=\"color: #000000\">joac\u0103 un rol \u00een metabolismul proteinelor \u0219i glicogenului<\/span><\/li>\n<li><span style=\"color: #000000\">contribuie la func\u021bionarea normal\u0103 a sistemului psihic<\/span><\/li>\n<li><span style=\"color: #000000\">joac\u0103 un rol \u00een formarea globulelor ro\u0219ii<\/span><\/li>\n<li><span style=\"color: #000000\">joac\u0103 un rol \u00een func\u021bionarea sistemului imunitar<\/span><\/li>\n<li><span style=\"color: #000000\">contribuie la reducerea oboselii \u0219i epuiz\u0103rii<\/span><\/li>\n<li><span style=\"color: #000000\">joac\u0103 un rol \u00een reglarea hormonilor<\/span><\/li>\n<\/ul>\n<p style=\"text-align: justify\"><span style=\"color: #000000\">Un aport suficient de magneziu poate influen\u021ba semnificativ prevenirea acestor probleme \u0219i poate \u00eembun\u0103t\u0103\u021bi starea general\u0103 de bine \u0219i s\u0103n\u0103tatea.<\/span><\/p>\n<h2 style=\"text-align: justify\"><span style=\"color: #000000\"><b>Depozitare \u0219i avertismente<\/b><\/span><\/h2>\n<p style=\"text-align: justify\"><span style=\"color: #000000\">A se p\u0103stra \u00eentr-un loc uscat, la o temperatur\u0103 de p\u00e2n\u0103 la 25 \u00b0C, protejat de umezeal\u0103 \u0219i lumin\u0103. Asigura\u021bi-v\u0103 c\u0103 punga sau recipientul sunt bine \u00eenchise.<\/span><\/p>\n<p style=\"text-align: justify\"><span style=\"color: #000000\">Produsul nu este recomandat copiilor, adolescen\u021bilor, femeilor \u00eens\u0103rcinate \u0219i celor care al\u0103pteaz\u0103. Diabeticii, persoanele cu intoleran\u021b\u0103 la glucoz\u0103, persoanele care urmeaz\u0103 tratamente cu anticoagulante de tip cumarinic \u0219i persoanele cu boli cardiovasculare cunoscute sau astm ar trebui s\u0103 consulte medicul \u00eenainte de utilizare. \u00cen cazul apari\u021biei de grea\u021b\u0103, dureri abdominale, indigestie, diaree, constipa\u021bie, ame\u021beli, somnolen\u021b\u0103, dureri de cap, erup\u021bii cutanate, m\u00e2nc\u0103rimi sau \u00eenro\u0219irea pielii, \u00eentrerupe\u021bi utilizarea produsului.<\/span><\/p>\n<h2 style=\"text-align: justify\"><span style=\"color: #000000\"><b>Ambalaj<\/b><\/span><\/h2>\n<p style=\"text-align: justify\"><span style=\"color: #000000\">Pung\u0103 hermetic\u0103 cu fermoar sau recipient, care men\u021bine prospe\u021bimea \u0219i aroma produsului. Ambalajul protejeaz\u0103 produsul de lumin\u0103 \u0219i aer. Este format din mai multe straturi de protec\u021bie, care p\u0103streaz\u0103 propriet\u0103\u021bile produsului.<\/span><\/p>\n<p><span style=\"color: #000000\">Ambalajul este foarte practic \u0219i poate fi reciclat.<\/span><\/p>\n<h2 style=\"text-align: justify\"><span style=\"color: #000000\"><b>Origine<\/b><\/span><\/h2>\n<p style=\"text-align: justify\"><span style=\"color: #000000\">Ingrediente ale complexului de magneziu provenind din UE \u0219i din afacerea cu UE, atent selec\u021bionate pentru a asigura cea mai \u00eenalt\u0103 calitate.<\/span><\/p>\n","protected":false},"excerpt":{"rendered":"<p>Complex de magneziu sub form\u0103 de pulbere Magneziul este un mineral extrem de important, care particip\u0103 la mai mult de 300 de procese metabolice din corpul uman. Este adesea numit &#8222;regele mineralelor&#8222;, deoarece joac\u0103 un rol cheie \u00een func\u021bionarea mu\u0219chilor, sistemului nervos \u0219i men\u021binerea oaselor s\u0103n\u0103toase. Ajut\u0103 la prevenirea crampelor musculare, reduce oboseala \u0219i epuizarea [&hellip;]<\/p>\n","protected":false},"featured_media":6119,"comment_status":"open","ping_status":"closed","template":"","meta":{"_acf_changed":false},"product_brand":[],"product_cat":[15,226,228,224,225],"product_tag":[],"class_list":{"0":"post-6117","1":"product","2":"type-product","3":"status-publish","4":"has-post-thumbnail","6":"product_cat-uncategorized","7":"product_cat-cele-mai-vandute","8":"product_cat-minerale-si-vitamine","9":"product_cat-oferta","10":"product_cat-toate-produsele","12":"first","13":"instock","14":"sale","15":"taxable","16":"shipping-taxable","17":"purchasable","18":"product-type-simple"},"acf":[],"_links":{"self":[{"href":"https:\/\/fengchashop.com\/ro\/wp-json\/wp\/v2\/product\/6117","targetHints":{"allow":["GET"]}}],"collection":[{"href":"https:\/\/fengchashop.com\/ro\/wp-json\/wp\/v2\/product"}],"about":[{"href":"https:\/\/fengchashop.com\/ro\/wp-json\/wp\/v2\/types\/product"}],"replies":[{"embeddable":true,"href":"https:\/\/fengchashop.com\/ro\/wp-json\/wp\/v2\/comments?post=6117"}],"wp:featuredmedia":[{"embeddable":true,"href":"https:\/\/fengchashop.com\/ro\/wp-json\/wp\/v2\/media\/6119"}],"wp:attachment":[{"href":"https:\/\/fengchashop.com\/ro\/wp-json\/wp\/v2\/media?parent=6117"}],"wp:term":[{"taxonomy":"product_brand","embeddable":true,"href":"https:\/\/fengchashop.com\/ro\/wp-json\/wp\/v2\/product_brand?post=6117"},{"taxonomy":"product_cat","embeddable":true,"href":"https:\/\/fengchashop.com\/ro\/wp-json\/wp\/v2\/product_cat?post=6117"},{"taxonomy":"product_tag","embeddable":true,"href":"https:\/\/fengchashop.com\/ro\/wp-json\/wp\/v2\/product_tag?post=6117"}],"curies":[{"name":"wp","href":"https:\/\/api.w.org\/{rel}","templated":true}]}}