{"id":6112,"date":"2022-03-10T18:57:47","date_gmt":"2022-03-10T17:57:47","guid":{"rendered":"https:\/\/fengchashop.com\/ro\/product\/lapte-de-cocos-pulbere-bio-250-g\/"},"modified":"2026-04-30T12:34:22","modified_gmt":"2026-04-30T10:34:22","slug":"lapte-de-cocos-pulbere-bio","status":"publish","type":"product","link":"https:\/\/fengchashop.com\/ro\/product\/lapte-de-cocos-pulbere-bio\/","title":{"rendered":"Lapte de cocos pulbere BIO 250 g"},"content":{"rendered":"<h2><span style=\"color: #000000\">Pulbere de lapte de cocos organic<\/span><\/h2>\n<p><span style=\"color: #000000\">Laptele praf de nuc\u0103 de cocos este unul dintre principalele ingrediente culinare ale dietei asiatice \u0219i <strong>un substitut excelent pentru laptele care con\u021bine lactoz\u0103<\/strong>, la care tot mai multe persoane sunt alergice.<\/span><\/p>\n<p><span style=\"color: #000000\"><strong>Laptele praf de nuc\u0103 de cocos con\u021bine aproximativ 60% gr\u0103sime de nuc\u0103 de cocos \u0219i con\u021bine o serie de substan\u021be active benefice pentru organismul uman:<\/strong><\/span><\/p>\n<p><span style=\"color: #000000\">\ud83d\udc9a <strong>bogat\u0103 \u00een fier<\/strong>, care este componenta principal\u0103 a globulelor ro\u0219ii din s\u00e2nge,<\/span><br \/>\n<span style=\"color: #000000\">\ud83d\udc9a <strong>gr\u0103simi nesaturate omega-3 benefice<\/strong>, care ajut\u0103 la reglarea colesterolului din s\u00e2nge,<\/span><br \/>\n<span style=\"color: #000000\">\ud83d\udc9a a <strong>cizii gra\u0219i lauric, caprilic \u0219i capric<\/strong>, cunoscu\u021bi pentru propriet\u0103\u021bile lor antifungice, antibacteriene \u0219i antivirale.<\/span><\/p>\n<h2><span style=\"color: #000000\">Laptele praf de nuc\u0103 de cocos este un adaos excelent la m\u00e2nc\u0103ruri sau un ingredient pentru cosmeticele naturale<\/span><\/h2>\n<p><span style=\"color: #000000\">Laptele praf de nuc\u0103 de cocos se ob\u021bine prin uscarea laptelui de cocos, care la r\u00e2ndul s\u0103u este ob\u021binut din carne de nuc\u0103 de cocos ras\u0103. Deoarece con\u021bine un procent ridicat de gr\u0103sime, acesta este de obicei amestecat cu amidon, \u00een jurul c\u0103ruia se aga\u021b\u0103 gr\u0103simea, form\u00e2nd laptele de cocos pudr\u0103. Este un ingredient culinar indispensabil \u00een buc\u0103t\u0103ria asiatic\u0103 pentru sosuri, supe \u0219i deserturi, fiind folosit \u0219i \u00een cosmetica natural\u0103, deoarece are ingrediente minunate care au un efect benefic asupra pielii. Pulberea se amestec\u0103 pur \u0219i simplu cu ap\u0103 pentru a ob\u021bine lapte de cocos sau crem\u0103 de cocos, sau poate fi ad\u0103ugat\u0103 direct \u00een m\u00e2nc\u0103ruri pentru a le \u00eembun\u0103t\u0103\u021bi.<\/span><\/p>\n<h2><span style=\"color: #000000\">Ambalaj<\/span><\/h2>\n<p><span style=\"color: #000000\">Pung\u0103 sau cutie cu fermoar nepermeabil, \u00een care produsul \u00ee\u0219i p\u0103streaz\u0103 toat\u0103 prospe\u021bimea \u0219i aroma. Ambalajul protejeaz\u0103 \u00eempotriva luminii \u0219i a aerului. Acesta este format din mai multe straturi de protec\u021bie pentru a p\u0103stra propriet\u0103\u021bile produsului.<\/span><\/p>\n<p><span style=\"color: #000000\">Ambalajul este foarte practic \u0219i reciclabil.<\/span><\/p>\n<h2><span style=\"color: #000000\">Origine<\/span><\/h2>\n<p><span style=\"color: #000000\">Vietnam<\/span><\/p>\n","protected":false},"excerpt":{"rendered":"<p>Laptele praf de nuc\u0103 de cocos este unul dintre principalele ingrediente culinare din dieta asiatic\u0103 \u0219i un substitut excelent pentru laptele care con\u021bine lactoz\u0103. Laptele praf de nuc\u0103 de cocos con\u021bine aproximativ 60% gr\u0103sime de nuc\u0103 de cocos \u0219i con\u021bine o serie de substan\u021be active benefice pentru organismul uman:<\/p>\n<p>\ud83d\udc9a bogat\u0103 \u00een fier, care este componenta principal\u0103 a celulelor ro\u0219ii din s\u00e2nge,<br \/>\n\ud83d\udc9a gr\u0103simi nesaturate omega-3 benefice, care ajut\u0103 la reglarea colesterolului din s\u00e2nge,<br \/>\n\ud83d\udc9a acizi gra\u0219i laurici, caprilici \u0219i caprici, cunoscu\u021bi pentru propriet\u0103\u021bile lor antifungice, antibacteriene \u0219i antivirale.<\/p>\n","protected":false},"featured_media":6113,"comment_status":"open","ping_status":"closed","template":"","meta":{"_acf_changed":false},"product_brand":[],"product_cat":[15,230,205,224,225],"product_tag":[],"class_list":{"0":"post-6112","1":"product","2":"type-product","3":"status-publish","4":"has-post-thumbnail","6":"product_cat-uncategorized","7":"product_cat-ayurveda","8":"product_cat-ceai-mancare-condimente","9":"product_cat-oferta","10":"product_cat-toate-produsele","12":"first","13":"instock","14":"taxable","15":"shipping-taxable","16":"purchasable","17":"product-type-simple"},"acf":[],"_links":{"self":[{"href":"https:\/\/fengchashop.com\/ro\/wp-json\/wp\/v2\/product\/6112","targetHints":{"allow":["GET"]}}],"collection":[{"href":"https:\/\/fengchashop.com\/ro\/wp-json\/wp\/v2\/product"}],"about":[{"href":"https:\/\/fengchashop.com\/ro\/wp-json\/wp\/v2\/types\/product"}],"replies":[{"embeddable":true,"href":"https:\/\/fengchashop.com\/ro\/wp-json\/wp\/v2\/comments?post=6112"}],"wp:featuredmedia":[{"embeddable":true,"href":"https:\/\/fengchashop.com\/ro\/wp-json\/wp\/v2\/media\/6113"}],"wp:attachment":[{"href":"https:\/\/fengchashop.com\/ro\/wp-json\/wp\/v2\/media?parent=6112"}],"wp:term":[{"taxonomy":"product_brand","embeddable":true,"href":"https:\/\/fengchashop.com\/ro\/wp-json\/wp\/v2\/product_brand?post=6112"},{"taxonomy":"product_cat","embeddable":true,"href":"https:\/\/fengchashop.com\/ro\/wp-json\/wp\/v2\/product_cat?post=6112"},{"taxonomy":"product_tag","embeddable":true,"href":"https:\/\/fengchashop.com\/ro\/wp-json\/wp\/v2\/product_tag?post=6112"}],"curies":[{"name":"wp","href":"https:\/\/api.w.org\/{rel}","templated":true}]}}