{"id":6107,"date":"2022-03-10T18:14:36","date_gmt":"2022-03-10T17:14:36","guid":{"rendered":"https:\/\/fengchashop.com\/ro\/product\/tulsi-pulbere-bio-250-g\/"},"modified":"2026-04-30T16:47:36","modified_gmt":"2026-04-30T14:47:36","slug":"tulsi-pulbere-bio","status":"publish","type":"product","link":"https:\/\/fengchashop.com\/ro\/product\/tulsi-pulbere-bio\/","title":{"rendered":"Tulsi pulbere BIO 250 g"},"content":{"rendered":"<h2><span style=\"color: #000000\">Tulsi pulbere BIO<\/span><\/h2>\n<p><span style=\"color: #000000\">Tulsi este cunoscut \u0219i sub numele de <strong>busuioc s\u0103lbatic sau busuioc sf\u00e2nt<\/strong>. Denumirea sa latin\u0103 este Ocimum Sanctum. Este o plant\u0103 foarte venerat\u0103 \u00een Ayurveda, venerat\u0103 de hindu\u0219i \u00een ceremonii speciale \u0219i folosit\u0103 de peste 5000 de ani ca<strong> balsam vindec\u0103tor pentru corp, minte \u0219i spirit<\/strong>. Este cel mai des folosit\u0103 pentru a face ceai. Cu toate acestea, este, de asemenea, adesea folosit\u0103 ca condiment (mirodenie) \u00eentr-o varietate de m\u00e2nc\u0103ruri. Este, de asemenea, folosit \u00een produsele cosmetice pentru piele \u0219i p\u0103r, deoarece cur\u0103\u021b\u0103 pielea \u0219i este un antiseptic natural, ceea ce \u00eenseamn\u0103 c\u0103 distruge \u00een mod natural \u0219i previne dezvoltarea microorganismelor pe piele. Acest lucru poate limita \u0219i preveni infec\u021biile. Deoarece este complet natural\u0103, poate fi folosit\u0103 \u0219i pe pielea afectat\u0103 de tegumente, eczeme, co\u0219uri, r\u0103ni superficiale etc.<\/span><\/p>\n<p><span style=\"color: #000000\">Pulberea de tulsi are o arom\u0103 foarte puternic\u0103, un gust \u00een\u021bep\u0103tor \u0219i amar \u0219i o culoare verde deschis.<\/span><\/p>\n<p><span style=\"color: #000000\"><strong>Principalii constituen\u021bi ai busuiocului sf\u00e2nt ac\u021bioneaz\u0103 eficient:<\/strong><\/span><\/p>\n<p><span style=\"color: #000000\">\ud83d\udc9a Antiinflamator,<\/span><br \/>\n<span style=\"color: #000000\">\ud83d\udc9a antipiretic (antipiretic)<\/span><br \/>\n<span style=\"color: #000000\">\ud83d\udc9a analgezic (care amelioreaz\u0103 durerea),<\/span><br \/>\n<span style=\"color: #000000\">\ud83d\udc9a antimicrobian,<\/span><br \/>\n<span style=\"color: #000000\">\ud83d\udc9a antifungic,<\/span><br \/>\n<span style=\"color: #000000\">\ud83d\udc9a diaforetic (cre\u0219te transpira\u021bia).<\/span><\/p>\n<h2><span style=\"color: #000000\">Care sunt cele mai importante efecte ale plantei regina Tulsi asupra s\u0103n\u0103t\u0103\u021bii organismului uman?<\/span><\/h2>\n<p><span style=\"color: #000000\">Tulsi are capacitatea de a <strong>cre\u0219te energia \u0219i for\u021ba vital\u0103<\/strong> datorit\u0103<strong> propriet\u0103\u021bilor<\/strong> sale<strong> adaptogene<\/strong>, deoarece combate cu succes stresul, traumele, anxietatea, depresia \u0219i oboseala fizic\u0103. \u00cendep\u0103rteaz\u0103 excesul de aer din intestine, <strong>elimin\u0103 problemele stomacale, \u00eembun\u0103t\u0103\u021be\u0219te digestia<\/strong> \u0219i determin\u0103 o mai bun\u0103 absorb\u021bie a substan\u021belor nutritive. Cre\u0219te<strong> rezisten\u021ba, vitalitatea \u0219i \u00eent\u0103re\u0219te sistemul nervos<\/strong>. Excelent pentru dureri de cap, artrit\u0103 \u0219i reumatism.<\/span><\/p>\n<p><span style=\"color: #000000\">Tulsi este o<strong> surs\u0103 bogat\u0103 de antioxidan\u021bi<\/strong>, care protejeaz\u0103 organismul \u00eempotriva radicalilor liberi \u0219i a oxid\u0103rii. De asemenea, con\u021bine forme organice de cupru, care sunt esen\u021biale pentru ca organismul s\u0103 absoarb\u0103 fierul. Tulsi este \u00een general considerat\u0103 o plant\u0103 sigur\u0103.<\/span><\/p>\n<p><span style=\"color: #000000\"><strong>&#8222;Mama tuturor medicamentelor naturii<\/strong>&#8222;, a\u0219a cum este adesea numit\u0103, are, de asemenea, un efect pozitiv asupra sistemului nostru imunitar, ajut\u00e2nd \u00een cazul infec\u021biilor respiratorii, purific\u00e2nd s\u00e2ngele \u0219i acceler\u00e2nd vindecarea r\u0103nilor. Ajut\u0103 la pierderea \u0219i men\u021binerea greut\u0103\u021bii prin stimularea metabolismului. \u00cembun\u0103t\u0103\u021be\u0219te memoria, concentrarea \u0219i s\u0103n\u0103tatea creierului. De asemenea, previne c\u0103derea p\u0103rului \u0219i men\u021bine aspectul frumos al acestuia.<\/span><\/p>\n<h2><span style=\"color: #000000\">Depozitare \u0219i avertismente<\/span><\/h2>\n<p><span style=\"color: #000000\">Depozita\u021bi \u00eentr-un loc r\u0103coros \u0219i uscat, la o temperatur\u0103 de p\u00e2n\u0103 la 25 \u00b0C. P\u0103stra\u021bi suplimentul alimentar departe de \u00eendem\u00e2na copiilor!<\/span><\/p>\n<p><span style=\"color: #000000\">Nu uita\u021bi importan\u021ba unei diete variate \u0219i a unui stil de via\u021b\u0103 s\u0103n\u0103tos, un supliment alimentar nu este, prin urmare, un substitut pentru o diet\u0103 echilibrat\u0103 \u0219i variat\u0103. Cantitatea sau doza zilnic\u0103 recomandat\u0103 nu trebuie s\u0103 fie dep\u0103\u0219it\u0103. Femeile \u00eens\u0103rcinate \u0219i cele care al\u0103pteaz\u0103 sunt \u00eentotdeauna sf\u0103tuite s\u0103 consulte un medic \u00eenainte de utilizare.<\/span><\/p>\n<h2><span style=\"color: #000000\">Ambalaj<\/span><\/h2>\n<p><span style=\"color: #000000\">Pung\u0103 cu fermoar nepermeabil \u00een care produsul \u00ee\u0219i p\u0103streaz\u0103 toat\u0103 prospe\u021bimea \u0219i aroma. Ambalajul protejeaz\u0103 produsul de lumin\u0103 \u0219i de aer, fiind compus din mai multe straturi de protec\u021bie pentru a p\u0103stra propriet\u0103\u021bile con\u021binutului.<\/span><\/p>\n<p><span style=\"color: #000000\">Ambalajul este foarte practic \u0219i reciclabil.<\/span><\/p>\n<h2><span style=\"color: #000000\">Origine<\/span><\/h2>\n<p><span style=\"color: #000000\">India<\/span><\/p>\n","protected":false},"excerpt":{"rendered":"<p>Tulsi este cunoscut\u0103 \u0219i sub numele de busuiocul s\u0103lbatic sau sf\u00e2nt. Denumirea sa latin\u0103 este Ocimum Sanctum. Este o plant\u0103 foarte venerat\u0103 \u00een Ayurveda, venerat\u0103 de hindu\u0219i \u00een ceremonii speciale \u0219i folosit\u0103 de peste 5000 de ani ca balsam vindec\u0103tor pentru corp, minte \u0219i spirit. Principalii constituen\u021bi ai busuiocului sf\u00e2nt ac\u021bioneaz\u0103 eficient:<\/p>\n<p>\ud83d\udc9a antiinflamator,<br \/>\n\ud83d\udc9a antipiretic (antipiretic)<br \/>\n\ud83d\udc9a analgezic (analgezice),<br \/>\n\ud83d\udc9a antimicrobian (antimicrobian),<br \/>\n\ud83d\udc9a antifungic,<br \/>\n\ud83d\udc9a diaforetic (cre\u0219te transpira\u021bia).<\/p>\n","protected":false},"featured_media":6108,"comment_status":"open","ping_status":"closed","template":"","meta":{"_acf_changed":false},"product_brand":[],"product_cat":[15,230,224,229,225],"product_tag":[],"class_list":{"0":"post-6107","1":"product","2":"type-product","3":"status-publish","4":"has-post-thumbnail","6":"product_cat-uncategorized","7":"product_cat-ayurveda","8":"product_cat-oferta","9":"product_cat-superalimente","10":"product_cat-toate-produsele","12":"first","13":"instock","14":"sale","15":"taxable","16":"shipping-taxable","17":"purchasable","18":"product-type-simple"},"acf":[],"_links":{"self":[{"href":"https:\/\/fengchashop.com\/ro\/wp-json\/wp\/v2\/product\/6107","targetHints":{"allow":["GET"]}}],"collection":[{"href":"https:\/\/fengchashop.com\/ro\/wp-json\/wp\/v2\/product"}],"about":[{"href":"https:\/\/fengchashop.com\/ro\/wp-json\/wp\/v2\/types\/product"}],"replies":[{"embeddable":true,"href":"https:\/\/fengchashop.com\/ro\/wp-json\/wp\/v2\/comments?post=6107"}],"wp:featuredmedia":[{"embeddable":true,"href":"https:\/\/fengchashop.com\/ro\/wp-json\/wp\/v2\/media\/6108"}],"wp:attachment":[{"href":"https:\/\/fengchashop.com\/ro\/wp-json\/wp\/v2\/media?parent=6107"}],"wp:term":[{"taxonomy":"product_brand","embeddable":true,"href":"https:\/\/fengchashop.com\/ro\/wp-json\/wp\/v2\/product_brand?post=6107"},{"taxonomy":"product_cat","embeddable":true,"href":"https:\/\/fengchashop.com\/ro\/wp-json\/wp\/v2\/product_cat?post=6107"},{"taxonomy":"product_tag","embeddable":true,"href":"https:\/\/fengchashop.com\/ro\/wp-json\/wp\/v2\/product_tag?post=6107"}],"curies":[{"name":"wp","href":"https:\/\/api.w.org\/{rel}","templated":true}]}}