{"id":6100,"date":"2022-03-10T10:15:47","date_gmt":"2022-03-10T09:15:47","guid":{"rendered":"https:\/\/fengchashop.com\/ro\/product\/fructe-de-goji-bio-500-g\/"},"modified":"2026-04-30T14:25:03","modified_gmt":"2026-04-30T12:25:03","slug":"fructe-de-goji-bio","status":"publish","type":"product","link":"https:\/\/fengchashop.com\/ro\/product\/fructe-de-goji-bio\/","title":{"rendered":"Fructe de Goji BIO 500 g"},"content":{"rendered":"<h2><span style=\"color: #000000\">Fructe de goji BIO<\/span><\/h2>\n<p><span style=\"color: #000000\">Boabele de Goji, numite uneori fructe de lup, diamante ro\u0219ii sau vin de c\u0103s\u0103torie, sunt super-bace care cresc pe un arbust \u00eenalt din China. Forma lor este foarte asem\u0103n\u0103toare cu cea a unei rodii. \u00cen trecut, \u00een China erau considerate un fruct superputernic \u0219i erau folosite pentru a vindeca regii \u0219i a hr\u0103ni r\u0103zboinicii \u00eenainte de b\u0103t\u0103lii. \u00cen<strong> medicina tradi\u021bional\u0103 chinez\u0103, unde sunt folosite de peste 2500 de ani<\/strong>, se crede c\u0103 vindec\u0103 diabetul, hipertensiunea arterial\u0103 \u0219i bolile de ficat \u0219i rinichi. De asemenea, sunt folosite pentru a stimula energia \u0219i libidoul. Alte p\u0103r\u021bi ale plantei, cum ar fi semin\u021bele, florile, r\u0103d\u0103cinile \u0219i frunzele, sunt, de asemenea, folosite \u00een scopuri medicinale.<\/span><\/p>\n<p><span style=\"color: #000000\">Se spune c\u0103 boabele de Goji ar fi fost consumate \u00een mod regulat sub form\u0103 de ceai de c\u0103tre <strong>Li Quing Yuen<\/strong>, pe l\u00e2ng\u0103 ginseng \u0219i ciupercile reishi. Cel mai bine documentat exemplu de longevitate din \u00eentreaga istorie, un chinez ar fi tr\u0103it 256 de ani.<\/span><\/p>\n<p><span style=\"color: #000000\"><strong>Cercet\u0103rile moderne arat\u0103 c\u0103 boabele de goji sunt foarte<\/strong> bune<strong>pentru \u00eent\u0103rirea \u00eentregului organism<\/strong> \u0219i sunt bune \u0219i pentru s\u0103n\u0103tatea noastr\u0103. Ele sunt extrem de<strong> bogate \u00een antioxidan\u021bi<\/strong>, care s-au dovedit a avea un efect pozitiv asupra noastr\u0103, protej\u00e2ndu-ne de stresul oxidativ, care este adesea cauza bolilor moderne.<\/span><\/p>\n<p><span style=\"color: #000000\">Se spune c\u0103 acestea con\u021bin de departe mai mult beta-caroten (o provitamin\u0103 a vitaminei A) dec\u00e2t orice alt\u0103 plant\u0103 descoperit\u0103 sau studiat\u0103 p\u00e2n\u0103 acum. Aceasta este sintetizat\u0103 de organism \u00een vitamina A (retionol), care este responsabil\u0103 de cre\u0219terea normal\u0103, de vederea normal\u0103, de metabolismul fierului \u0219i de func\u021bia imunitar\u0103 normal\u0103. Este, de asemenea, important\u0103 \u00een timpul \u0219i \u00eenainte de sarcin\u0103, deoarece sus\u021bine reproducerea \u0219i influen\u021beaz\u0103 dezvoltarea celulelor \u0219i a \u021besuturilor. Cercet\u0103rile arat\u0103 c\u0103 este mai benefic\u0103 \u0219i mai benefic\u0103 pentru organism administrarea de betacaroteni (\u00een special prin alimenta\u021bie), care sunt transforma\u021bi de organism \u00een retinol, dec\u00e2t administrarea doar de retinol, care este vitamina A de origine animal\u0103. De asemenea, acestea con\u021bin de cel pu\u021bin trei ori mai mul\u021bi antioxidan\u021bi dec\u00e2t afinele.<\/span><\/p>\n<p><span style=\"color: #000000\"><strong>Micile fructe ro\u0219ii con\u021bin astfel:<\/strong><\/span><\/p>\n<p><span style=\"color: #000000\">\ud83d\udc9a ingrediente active naturale incredibile,<\/span><br \/>\n<span style=\"color: #000000\">\ud83d\udc9a carotenoizi, polifenoli, proteine,<\/span><br \/>\n<span style=\"color: #000000\">\ud83d\udc9a polizaharide care \u00eent\u0103resc sistemul imunitar, cresc absorb\u021bia de minerale \u0219i sporesc vitalitatea organismului,<\/span><br \/>\n<span style=\"color: #000000\">\ud83d\udc9a vitaminele C, B \u0219i E,<\/span><br \/>\n<span style=\"color: #000000\">\ud83d\udc9a lutein\u0103 \u0219i zeaxantin\u0103, care \u00eent\u0103resc vederea \u0219i previn deteriorarea acesteia,<\/span><br \/>\n<span style=\"color: #000000\">\ud83d\udc9a antioxidan\u021bi pentru o stare de s\u0103n\u0103tate bun\u0103 \u0219i un aspect tineresc,<\/span><br \/>\n<span style=\"color: #000000\">\ud83d\udc9a alte vitamine care lupt\u0103 \u00eempotriva multor boli.<\/span><\/p>\n<p><span style=\"color: #000000\"> <strong>S-a demonstrat c\u0103<\/strong> fructele de Goji <strong>stimuleaz\u0103 sistemul imunitar<\/strong>. De asemenea, acestea au un <strong>efect pozitiv asupra libidoului \u0219i poten\u021bei sexuale<\/strong>. Din ce \u00een ce mai mult, ele sunt, de asemenea, asociate cu un <strong>metabolism rapid, o stare de bine \u00eembun\u0103t\u0103\u021bit\u0103, mai pu\u021bin\u0103 oboseal\u0103 general\u0103 \u0219i o vitalitate sporit\u0103<\/strong>.<\/span><\/p>\n<p><span style=\"color: #000000\">Boabele noastre de goji sunt <strong>cultivate organic<\/strong>. Fructele uscate au o textur\u0103 u\u0219or umed\u0103 &#8211; moale \u0219i ginga\u0219\u0103, ceea ce le face s\u0103 fie un aliment de calitate premium. C\u0103p\u0219unile sunt foarte gustoase. Sunt mai mari \u0219i au un gust mai dulce. Ele \u00eembun\u0103t\u0103\u021besc valoarea nutritiv\u0103 a m\u00e2nc\u0103rurilor \u0219i adaug\u0103 o not\u0103 dulce. Aroma nu este prea intens\u0103, ceea ce le face u\u0219or de inclus \u00een mesele de zi cu zi.<\/span><\/p>\n<h2><span style=\"color: #000000\">Cui se adreseaz\u0103?<\/span><\/h2>\n<p><span style=\"color: #000000\">Fructele de Goji pot fi savurate ca o gustare sau ca parte a unei diete s\u0103n\u0103toase \u0219i variate. Numeroasele efecte pozitive \u0219i ingredientele active continu\u0103 s\u0103 \u00eei uimeasc\u0103 pe cercet\u0103tori, care \u00ee\u0219i concentreaz\u0103 \u00een permanen\u021b\u0103 aten\u021bia asupra lor. Astfel, cultivarea c\u0103p\u0219unilor:<\/span><\/p>\n<p><span style=\"color: #000000\">\ud83d\udc9a regleaz\u0103 problemele cu <strong>tensiunea arterial\u0103 ridicat\u0103 \u0219i colesterolul r\u0103u<\/strong>;<\/span><br \/>\n<span style=\"color: #000000\">\ud83d\udc9a <strong>regleaz\u0103 digestia, au un efect alcalin<\/strong> \u0219i influen\u021beaz\u0103 pierderea \u00een greutate;<\/span><br \/>\n<span style=\"color: #000000\">\ud83d\udc9a<strong> hidrateaz\u0103<\/strong> organismul;<\/span><br \/>\n<span style=\"color: #000000\">\ud83d\udc9a \u00eembun\u0103t\u0103\u021besc<strong> starea pielii<\/strong>;<\/span><br \/>\n<span style=\"color: #000000\">\ud83d\udc9a s\u0103 \u00eent\u0103reasc\u0103<strong> sistemul imunitar<\/strong>;<\/span><br \/>\n<span style=\"color: #000000\">\ud83d\udc9a au un efect<strong> adaptogen<\/strong>;<\/span><br \/>\n<span style=\"color: #000000\"><strong> \ud83d\udc9a regleaz\u0103 nivelul de zah\u0103r din s\u00e2nge<\/strong>.<\/span><\/p>\n<h2><span style=\"color: #000000\">Depozitare<\/span><\/h2>\n<p><span style=\"color: #000000\">Depozita\u021bi \u00eentr-un loc r\u0103coros \u0219i uscat, la o temperatur\u0103 de p\u00e2n\u0103 la 25 \u00b0C. P\u0103stra\u021bi suplimentul alimentar departe de accesul copiilor!<\/span><\/p>\n<p><span style=\"color: #000000\">Nu uita\u021bi importan\u021ba unei diete variate \u0219i a unui stil de via\u021b\u0103 s\u0103n\u0103tos, un supliment alimentar nu este, prin urmare, un substitut pentru o diet\u0103 echilibrat\u0103 \u0219i variat\u0103. Cantitatea sau doza zilnic\u0103 recomandat\u0103 nu trebuie s\u0103 fie dep\u0103\u0219it\u0103.<\/span><\/p>\n<h2><span style=\"color: #000000\">Ambalaj<\/span><\/h2>\n<p><span style=\"color: #000000\">Pung\u0103 cu fermoar nepermeabil \u00een care produsul \u00ee\u0219i p\u0103streaz\u0103 toat\u0103 prospe\u021bimea \u0219i aroma. Ambalajul protejeaz\u0103 \u00eempotriva luminii \u0219i a aerului, deoarece este compus din mai multe straturi de protec\u021bie care p\u0103streaz\u0103 propriet\u0103\u021bile con\u021binutului.<\/span><\/p>\n<p><span style=\"color: #000000\">Ambalajul este foarte practic \u0219i reciclabil.<\/span><\/p>\n<h2><span style=\"color: #000000\">Origine<\/span><\/h2>\n<p><span style=\"color: #000000\">China. Avem furnizori de mare \u00eencredere care ne trimit o analiz\u0103 chimic\u0103 detaliat\u0103 a alimentelor pentru fiecare lot. \u00cen mai bine de zece ani, nu am avut nicio rechemare sau alte probleme cu acest produs, nici cu alte produse de la acela\u0219i furnizor. Articolul este 100% certificat organic.<\/span><\/p>\n","protected":false},"excerpt":{"rendered":"<p>Boabele de Goji, numite uneori wolfberries, diamante ro\u0219ii sau vin de c\u0103s\u0103torie, sunt super-bace care cresc pe un tufi\u0219 \u00eenalt din China. \u00cen trecut, ele erau considerate un fruct superputernic \u00een China \u0219i erau folosite pentru a vindeca regii \u0219i a hr\u0103ni r\u0103zboinicii \u00eenainte de b\u0103t\u0103lii. \u00cen medicina tradi\u021bional\u0103 chinez\u0103, unde sunt folosite de peste 2500 de ani, se crede c\u0103 vindec\u0103 diabetul, hipertensiunea arterial\u0103 \u0219i bolile de ficat \u0219i rinichi. De asemenea, sunt folosite pentru a stimula energia \u0219i libidoul.<\/p>\n<p>\ud83d\udc9a Ele gestioneaz\u0103 problemele cu tensiunea arterial\u0103 ridicat\u0103 \u0219i colesterolul r\u0103u.<br \/>\n\ud83d\udc9a Regleaz\u0103 digestia, ac\u021bioneaz\u0103 alcalin \u0219i afecteaz\u0103 pierderea \u00een greutate.<br \/>\n\ud83d\udc9a Hidrateaz\u0103 organismul.<br \/>\n\ud83d\udc9a \u00cembun\u0103t\u0103\u021besc starea pielii.<br \/>\n\ud83d\udc9a \u00cent\u0103resc sistemul imunitar.<\/p>\n","protected":false},"featured_media":6101,"comment_status":"open","ping_status":"closed","template":"","meta":{"_acf_changed":false},"product_brand":[],"product_cat":[15,205,224,229,225],"product_tag":[],"class_list":{"0":"post-6100","1":"product","2":"type-product","3":"status-publish","4":"has-post-thumbnail","6":"product_cat-uncategorized","7":"product_cat-ceai-mancare-condimente","8":"product_cat-oferta","9":"product_cat-superalimente","10":"product_cat-toate-produsele","12":"first","13":"instock","14":"sale","15":"taxable","16":"shipping-taxable","17":"purchasable","18":"product-type-simple"},"acf":[],"_links":{"self":[{"href":"https:\/\/fengchashop.com\/ro\/wp-json\/wp\/v2\/product\/6100","targetHints":{"allow":["GET"]}}],"collection":[{"href":"https:\/\/fengchashop.com\/ro\/wp-json\/wp\/v2\/product"}],"about":[{"href":"https:\/\/fengchashop.com\/ro\/wp-json\/wp\/v2\/types\/product"}],"replies":[{"embeddable":true,"href":"https:\/\/fengchashop.com\/ro\/wp-json\/wp\/v2\/comments?post=6100"}],"wp:featuredmedia":[{"embeddable":true,"href":"https:\/\/fengchashop.com\/ro\/wp-json\/wp\/v2\/media\/6101"}],"wp:attachment":[{"href":"https:\/\/fengchashop.com\/ro\/wp-json\/wp\/v2\/media?parent=6100"}],"wp:term":[{"taxonomy":"product_brand","embeddable":true,"href":"https:\/\/fengchashop.com\/ro\/wp-json\/wp\/v2\/product_brand?post=6100"},{"taxonomy":"product_cat","embeddable":true,"href":"https:\/\/fengchashop.com\/ro\/wp-json\/wp\/v2\/product_cat?post=6100"},{"taxonomy":"product_tag","embeddable":true,"href":"https:\/\/fengchashop.com\/ro\/wp-json\/wp\/v2\/product_tag?post=6100"}],"curies":[{"name":"wp","href":"https:\/\/api.w.org\/{rel}","templated":true}]}}