{"id":6094,"date":"2022-03-10T08:38:09","date_gmt":"2022-03-10T07:38:09","guid":{"rendered":"https:\/\/fengchashop.com\/ro\/product\/pudra-brahmi-bio-250-g\/"},"modified":"2026-05-01T11:27:11","modified_gmt":"2026-05-01T09:27:11","slug":"pudra-brahmi-bio","status":"publish","type":"product","link":"https:\/\/fengchashop.com\/ro\/product\/pudra-brahmi-bio\/","title":{"rendered":"Pudr\u0103 Brahmi BIO 250 g"},"content":{"rendered":"<h2><span style=\"color: #000000\">Brahmi pulbere 250 g<br \/>\n<\/span><\/h2>\n<p style=\"text-align: justify\"><span style=\"color: #000000\">Brahmi este una dintre cele mai venerate ierburi medicinale ayurvedice, folosit\u0103 de <strong>peste 3.000 de ani<\/strong>. \u00ce\u0219i are originea \u00een mla\u0219tinile din Asia, dar ast\u0103zi cre\u0219te \u00een multe p\u0103r\u021bi ale lumii. Brahmi se recunoa\u0219te dup\u0103 frunzele sale c\u0103rnoase de culoare verde \u0219i florile alb-alb\u0103strui. Brahmi este folosit pentru a sus\u021bine <strong>sistemul nervos, func\u021bionarea min\u021bii \u0219i a memoriei<\/strong>. Este o plant\u0103 medicinal\u0103 preparat\u0103 din <strong>frunze, tulpin\u0103 \u0219i r\u0103d\u0103cin\u0103<\/strong> \u0219i este, de asemenea, denumit\u0103<strong>&#8222;planta tuturor plantelor<\/strong>&#8221; \u00een medicina tradi\u021bional\u0103 oriental\u0103.<\/span><\/p>\n<h2><span style=\"color: #000000\">De ce este brahmi at\u00e2t de special\u0103 \u0219i at\u00e2t de diferit\u0103?<\/span><\/h2>\n<p style=\"text-align: justify\"><span style=\"color: #000000\">Brahmi este cunoscut\u0103 pentru <strong>efectele<\/strong> sale <strong>benefice<\/strong> asupra organismului uman. Este foarte benefic pentru <strong>cre\u0219terea p\u0103rului<\/strong>, \u00eent\u0103rindu-l \u0219i prevenind \u00eenc\u0103run\u021birea \u0219i c\u0103derea p\u0103rului. Are un efect benefic \u00een <strong>reducerea anxiet\u0103\u021bii<\/strong> \u0219i a tensiunii \u00een situa\u021bii stresante \u0219i \u00een depresie, prin reducerea nivelului de cortizol, hormonul stresului. Contribuie la restabilirea echilibrului psihic \u00een diferite <strong>boli ale sistemului nervos<\/strong>, \u00een <strong>insomnie<\/strong> \u0219i \u00een alte simptome ale \u00eemb\u0103tr\u00e2nirii premature, prin calmarea \u0219i <strong>\u00eent\u0103rirea \u021besutului nervos<\/strong>, \u00eembun\u0103t\u0103\u021birea circula\u021biei s\u00e2ngelui, eliminarea blocajelor \u0219i furnizarea de elemente esen\u021biale. De asemenea, are un efect calmant asupra <strong>bolilor de piele<\/strong> \u0219i a pielii iritate \u0219i permite vindecarea mai rapid\u0103 a r\u0103nilor. Brahmi a fost numit<strong>&#8222;elixirul miraculos al tinere\u021bii&#8221;<\/strong> pentru efectele sale pozitive.<\/span><\/p>\n<h2><span style=\"color: #000000\">Efecte benefice asupra s\u0103n\u0103t\u0103\u021bii \u0219i organismului nostru<\/span><\/h2>\n<p><span style=\"color: #000000\">\u00cent\u0103re\u0219te <strong>sistemul imunitar<\/strong>,<\/span><br \/>\n<span style=\"color: #000000\"><span style=\"text-align: justify\">\ud83d\udc9a stimuleaz\u0103 <\/span><strong style=\"text-align: justify\">digestia \u0219i detoxific\u0103 organismul<\/strong><span style=\"text-align: justify\">,<\/span><\/span><br \/>\n<span style=\"color: #000000\">\ud83d\udc9a favorizeaz\u0103 <strong>func\u021bionarea<\/strong> optim\u0103 a creierului ca tonic cerebral,<\/span><br \/>\n<span style=\"color: #000000\">\ud83d\udc9a func\u021bioneaz\u0103 eficient ca un <strong>tonic nervos<\/strong>, deoarece promoveaz\u0103 o func\u021bie nervoas\u0103 s\u0103n\u0103toas\u0103,<\/span><br \/>\n<span style=\"color: #000000\">\ud83d\udc9a stimuleaz\u0103 <strong>func\u021biile mentale<\/strong> \u0219i \u00eembun\u0103t\u0103\u021be\u0219te <strong>memoria \u0219i concentrarea<\/strong>,<\/span><br \/>\n<span style=\"color: #000000\">\ud83d\udc9a este de ajutor pentru persoanele \u00een v\u00e2rst\u0103 aflate \u00een <strong>demen\u021b\u0103<\/strong>,<\/span><br \/>\n<span style=\"color: #000000\">\ud83d\udc9a ajut\u0103 la \u00eembun\u0103t\u0103\u021birea <strong>memoriei pe termen lung \u0219i pe termen scurt<\/strong>,<\/span><br \/>\n<span style=\"color: #000000\">\ud83d\udc9a pentru tratamentul <strong>bolii Parkinson \u0219i Alzheimer, ADHD, autism \u0219i depresie<\/strong>,<\/span><br \/>\n<span style=\"color: #000000\">\ud83d\udc9a a <strong>nti-tumoral<\/strong>,<\/span><br \/>\n<span style=\"color: #000000\">\ud83d\udc9a calmant \u0219i <strong>reductor al anxiet\u0103\u021bii<\/strong>,<\/span><br \/>\n<span style=\"color: #000000\">\ud83d\udc9a amelioreaz\u0103 <strong>crampele menstruale<\/strong>,<\/span><br \/>\n<span style=\"color: #000000\">\ud83d\udc9a ajut\u0103 \u00een cazul <strong>constipa\u021biei datorate stresului<\/strong>,<\/span><br \/>\n<span style=\"color: #000000\">\ud83d\udc9a ajut\u0103 \u00een cazul <strong>insomniei<\/strong>,<\/span><br \/>\n<span style=\"color: #000000\">\ud83d\udc9a are un efect de <strong>\u00eentinerire<\/strong> \u0219i \u00eencetine\u0219te \u00eemb\u0103tr\u00e2nirea,<\/span><br \/>\n<span style=\"color: #000000\">\ud83d\udc9a vindec\u0103 <strong>bolile de piele<\/strong>,<\/span><br \/>\n<span style=\"color: #000000\">\ud83d\udc9a ajut\u0103 la dep\u0103\u0219irea <strong>dependen\u021bei de \u021big\u0103ri, zah\u0103r \u0219i alcool<\/strong>.<\/span><\/p>\n<p style=\"text-align: justify\"><span style=\"color: #000000\">Brahmi poate fi folosit de oricine a suferit o leziune cerebral\u0103 sau se recupereaz\u0103 dup\u0103 un accident vascular cerebral. Nu este potrivit pentru copii!<\/span><\/p>\n<h2><span style=\"color: #000000\">Depozitare \u0219i avertismente<\/span><\/h2>\n<p style=\"text-align: justify\"><span style=\"color: #000000\">A se p\u0103stra \u00eentr-un loc r\u0103coros \u0219i uscat. P\u0103stra\u021bi suplimentul alimentar \u00een afara razei de ac\u021biune a copiilor!<\/span><\/p>\n<p style=\"text-align: justify\"><span style=\"color: #000000\">Nu uita\u021bi importan\u021ba unei diete variate \u0219i a unui stil de via\u021b\u0103 s\u0103n\u0103tos, un supliment alimentar nu este, prin urmare, un substitut pentru o diet\u0103 echilibrat\u0103 \u0219i variat\u0103. Cantitatea sau doza zilnic\u0103 recomandat\u0103 nu trebuie s\u0103 fie dep\u0103\u0219it\u0103. Femeile \u00eens\u0103rcinate, femeile care al\u0103pteaz\u0103 \u0219i persoanele care iau medicamente sunt \u00eentotdeauna sf\u0103tuite s\u0103 consulte un medic \u00eenainte de utilizare. Nu este potrivit pentru copii.<\/span><\/p>\n<h2><span style=\"color: #000000\">Ambalaj<\/span><\/h2>\n<p style=\"text-align: justify\"><span style=\"color: #000000\">Pung\u0103 sau cutie cu fermoar nepermeabil, \u00een care produsul \u00ee\u0219i p\u0103streaz\u0103 toat\u0103 prospe\u021bimea \u0219i aroma. Ambalajul protejeaz\u0103 \u00eempotriva luminii \u0219i a aerului. Acesta este format din mai multe straturi de protec\u021bie pentru a p\u0103stra propriet\u0103\u021bile produsului.<\/span><\/p>\n<p><span style=\"color: #000000\">Ambalajul este foarte practic \u0219i reciclabil.<\/span><\/p>\n<h2><span style=\"color: #000000\">Origine<\/span><\/h2>\n<p><span style=\"color: #000000\">India<\/span><\/p>\n","protected":false},"excerpt":{"rendered":"<p>Brahmi este una dintre cele mai venerate plante medicinale ayurvedice, folosit\u0103 de peste 3.000 de ani. Este originar\u0103 din mla\u0219tinile din Asia, dar ast\u0103zi cre\u0219te \u00een multe p\u0103r\u021bi ale lumii. Brahmi se recunoa\u0219te dup\u0103 frunzele sale c\u0103rnoase de culoare verde \u0219i florile alb-alb\u0103strui. Medicamentul pe baz\u0103 de plante preparat din frunzele, tulpina \u0219i r\u0103d\u0103cina plantei Brahmi are urm\u0103toarele efecte uimitoare:<\/p>\n<p>\ud83d\udc9a accelereaz\u0103 digestia \u0219i detoxific\u0103 organismul,<br \/>\n\ud83d\udc9a favorizeaz\u0103 func\u021bionarea optim\u0103 a creierului ca tonic cerebral,<br \/>\n\ud83d\udc9a este eficient ca tonic nervos, promov\u00e2nd o func\u021bie nervoas\u0103 s\u0103n\u0103toas\u0103,<br \/>\n\ud83d\udc9a stimuleaz\u0103 func\u021biile mentale \u0219i \u00eembun\u0103t\u0103\u021be\u0219te memoria \u0219i concentrarea,<br \/>\n\ud83d\udc9a are un efect benefic asupra cre\u0219terii p\u0103rului.<\/p>\n","protected":false},"featured_media":6095,"comment_status":"open","ping_status":"closed","template":"","meta":{"_acf_changed":false},"product_brand":[],"product_cat":[15,229],"product_tag":[],"class_list":{"0":"post-6094","1":"product","2":"type-product","3":"status-publish","4":"has-post-thumbnail","6":"product_cat-uncategorized","7":"product_cat-superalimente","9":"first","10":"instock","11":"taxable","12":"shipping-taxable","13":"purchasable","14":"product-type-simple"},"acf":[],"_links":{"self":[{"href":"https:\/\/fengchashop.com\/ro\/wp-json\/wp\/v2\/product\/6094","targetHints":{"allow":["GET"]}}],"collection":[{"href":"https:\/\/fengchashop.com\/ro\/wp-json\/wp\/v2\/product"}],"about":[{"href":"https:\/\/fengchashop.com\/ro\/wp-json\/wp\/v2\/types\/product"}],"replies":[{"embeddable":true,"href":"https:\/\/fengchashop.com\/ro\/wp-json\/wp\/v2\/comments?post=6094"}],"wp:featuredmedia":[{"embeddable":true,"href":"https:\/\/fengchashop.com\/ro\/wp-json\/wp\/v2\/media\/6095"}],"wp:attachment":[{"href":"https:\/\/fengchashop.com\/ro\/wp-json\/wp\/v2\/media?parent=6094"}],"wp:term":[{"taxonomy":"product_brand","embeddable":true,"href":"https:\/\/fengchashop.com\/ro\/wp-json\/wp\/v2\/product_brand?post=6094"},{"taxonomy":"product_cat","embeddable":true,"href":"https:\/\/fengchashop.com\/ro\/wp-json\/wp\/v2\/product_cat?post=6094"},{"taxonomy":"product_tag","embeddable":true,"href":"https:\/\/fengchashop.com\/ro\/wp-json\/wp\/v2\/product_tag?post=6094"}],"curies":[{"name":"wp","href":"https:\/\/api.w.org\/{rel}","templated":true}]}}