{"id":6086,"date":"2022-03-04T10:07:28","date_gmt":"2022-03-04T09:07:28","guid":{"rendered":"https:\/\/fengchashop.com\/ro\/product\/sfecla-rosie-pulbere-bio-250-g\/"},"modified":"2026-04-23T17:16:40","modified_gmt":"2026-04-23T15:16:40","slug":"sfecla-rosie-pulbere-bio","status":"publish","type":"product","link":"https:\/\/fengchashop.com\/ro\/product\/sfecla-rosie-pulbere-bio\/","title":{"rendered":"Sfecl\u0103 ro\u0219ie pulbere BIO 250 g"},"content":{"rendered":"<h2><span style=\"color: #000000\">Sfecl\u0103 ro\u0219ie pulbere BIO<\/span><\/h2>\n<p><span style=\"color: #000000\">Sfecla ro\u0219ie (Beta vulgaris) este o legum\u0103 cu con\u021binut sc\u0103zut de calorii, dar con\u021bine un procent mai mare de carbohidra\u021bi \u0219i zah\u0103r \u00een compara\u021bie cu alte legume. Este bogat\u0103 \u00een<strong> vitamina C, niacin\u0103 \u0219i acid folic<\/strong>. Mineralele sunt predominant<strong> magneziu, fier, fosfor \u0219i potasiu<\/strong>. De asemenea, con\u021bine<strong> betalaine, care sunt antioxidan\u021bi puternici<\/strong> \u0219i care \u00eei confer\u0103 culoarea ro\u0219ie intens\u0103.<\/span><\/p>\n<p><span style=\"color: #000000\">Pulberea noastr\u0103 de sfecl\u0103 ro\u0219ie este produs\u0103 organic.<\/span><\/p>\n<h2><span style=\"color: #000000\">Care sunt beneficiile consumului de pulbere de sfecl\u0103 ro\u0219ie?<\/span><\/h2>\n<p><span style=\"color: #000000\">Pulberea de sfecl\u0103 ro\u0219ie este un bun substitut pentru sfecla obi\u0219nuit\u0103, deoarece con\u021bine majoritatea substan\u021belor nutritive pe care le are sfecla proasp\u0103t\u0103. Aceasta adaug\u0103 valoare nutritiv\u0103 m\u00e2nc\u0103rurilor \u0219i, prin urmare, este potrivit\u0103 \u00een special pentru cei care m\u0103n\u00e2nc\u0103 pu\u021bine legume, deoarece este mai u\u0219or de ascuns \u00eentr-un fel de m\u00e2ncare. Sfecla ro\u0219ie este \u00een primul r\u00e2nd o surs\u0103 bogat\u0103 de acid folic, potasiu \u0219i fier, care contribuie la o bun\u0103 s\u0103n\u0103tate a s\u00e2ngelui. Credin\u021ba popular\u0103 c\u0103 sfecla ro\u0219ie este<strong> bun\u0103 pentru s\u00e2nge<\/strong> a fost, de asemenea, confirmat\u0103 \u0219tiin\u021bific &#8211; \u0219i asta datorit\u0103 con\u021binutului s\u0103u ridicat de fier, potasiu \u0219i acid folic (sau vitamina B9). Sfecla ro\u0219ie <strong>ajut\u0103 astfel la prevenirea anemiei \u0219i, \u00een consecin\u021b\u0103, stimuleaz\u0103 energia, starea de spirit \u0219i bun\u0103starea general\u0103<\/strong>. Pentru c\u0103 este at\u00e2t de bogat\u0103 \u00een nutrien\u021bi, este suficient s\u0103 consuma\u021bi cantit\u0103\u021bi mici zilnic sau de mai multe ori pe s\u0103pt\u0103m\u00e2n\u0103. <strong>De asemenea, este bun\u0103 pentru s\u0103n\u0103tatea tractului digestiv, datorit\u0103 con\u021binutului de fibre alimentare<\/strong>. De asemenea, <strong>stimuleaz\u0103 func\u021bia ficatului<\/strong>, elimin\u00e2nd astfel toxinele \u0219i de\u0219eurile din organism.<\/span><\/p>\n<h2><span style=\"color: #000000\">Depozitare \u0219i avertismente<\/span><\/h2>\n<p><span style=\"color: #000000\">Depozita\u021bi \u00eentr-un loc r\u0103coros \u0219i uscat, la o temperatur\u0103 de p\u00e2n\u0103 la 25 \u00b0C. P\u0103stra\u021bi suplimentul alimentar departe de copiii!<\/span><\/p>\n<p><span style=\"color: #000000\">Nu uita\u021bi importan\u021ba unei diete variate \u0219i a unui stil de via\u021b\u0103 s\u0103n\u0103tos, un supliment alimentar nu este, prin urmare, un substitut pentru o diet\u0103 echilibrat\u0103 \u0219i variat\u0103. Cantitatea sau doza zilnic\u0103 recomandat\u0103 nu trebuie s\u0103 fie dep\u0103\u0219it\u0103. Femeile \u00eens\u0103rcinate \u0219i cele care al\u0103pteaz\u0103 sunt \u00eentotdeauna sf\u0103tuite s\u0103 consulte un medic \u00eenainte de utilizare. Sfecla ro\u0219ie este o legum\u0103 cu un indice glicemic mediu-mare \u0219i, prin urmare, nu este potrivit\u0103 pentru diabetici.<\/span><\/p>\n<h2><span style=\"color: #000000\">Ambalaj<\/span><\/h2>\n<p><span style=\"color: #000000\">Pung\u0103 cu fermoar nepermeabil, \u00een care produsul \u00ee\u0219i p\u0103streaz\u0103 toat\u0103 prospe\u021bimea \u0219i aroma. Ambalajul protejeaz\u0103 produsul de lumin\u0103 \u0219i de aer, deoarece este compus din mai multe straturi de protec\u021bie care p\u0103streaz\u0103 propriet\u0103\u021bile con\u021binutului.<\/span><\/p>\n<p><span style=\"color: #000000\">Ambalajul este foarte practic \u0219i reciclabil.<\/span><\/p>\n<h2><span style=\"color: #000000\">Origine<\/span><\/h2>\n<p><span style=\"color: #000000\">China.<\/span><\/p>\n<p>Avem furnizori foarte de \u00eencredere care ne trimit o analiz\u0103 chimic\u0103 precis\u0103 a alimentelor pentru fiecare lot. Nu am avut nicio rechemare sau alte probleme cu acest produs sau cu orice alte produse de la acela\u0219i furnizor \u00een peste zece ani.<\/p>\n<p>Articolul are un certificat 100% organic.<\/p>\n","protected":false},"excerpt":{"rendered":"<p>Sfecla ro\u0219ie (Beta vulgaris) este o legum\u0103 s\u0103rac\u0103 \u00een calorii, dar con\u021bine un procent mai mare de carbohidra\u021bi \u0219i zah\u0103r dec\u00e2t alte legume. Este bogat\u0103 \u00een <strong>vitamina C<\/strong>, <strong>niacin\u0103<\/strong> \u0219i<strong> acid folic<\/strong>. Mineralele sunt predominant <strong>magneziu<\/strong>, <strong>fier<\/strong>, <strong>fosfor<\/strong> \u0219i <strong>potasiu<\/strong>. De asemenea, con\u021bine <strong>betalaine<\/strong>, care sunt antioxidan\u021bi puternici \u0219i care \u00eei confer\u0103 culoarea ro\u0219ie intens\u0103.<\/p>\n<p align=\"JUSTIFY\">\ud83d\udc9a Ajut\u0103 la prevenirea anemiei,<br \/>\n\ud83d\udc9a de asemenea, este bun pentru s\u0103n\u0103tatea tractului digestiv,<br \/>\n\ud83d\udc9a are un efect bun asupra st\u0103rii generale de bine,<br \/>\n\ud83d\udc9a stimuleaz\u0103 nivelul de energie.<\/p>\n","protected":false},"featured_media":6087,"comment_status":"open","ping_status":"closed","template":"","meta":{"_acf_changed":false},"product_brand":[],"product_cat":[15,224,229,225],"product_tag":[],"class_list":{"0":"post-6086","1":"product","2":"type-product","3":"status-publish","4":"has-post-thumbnail","6":"product_cat-uncategorized","7":"product_cat-oferta","8":"product_cat-superalimente","9":"product_cat-toate-produsele","11":"first","12":"instock","13":"sale","14":"taxable","15":"shipping-taxable","16":"purchasable","17":"product-type-simple"},"acf":[],"_links":{"self":[{"href":"https:\/\/fengchashop.com\/ro\/wp-json\/wp\/v2\/product\/6086","targetHints":{"allow":["GET"]}}],"collection":[{"href":"https:\/\/fengchashop.com\/ro\/wp-json\/wp\/v2\/product"}],"about":[{"href":"https:\/\/fengchashop.com\/ro\/wp-json\/wp\/v2\/types\/product"}],"replies":[{"embeddable":true,"href":"https:\/\/fengchashop.com\/ro\/wp-json\/wp\/v2\/comments?post=6086"}],"wp:featuredmedia":[{"embeddable":true,"href":"https:\/\/fengchashop.com\/ro\/wp-json\/wp\/v2\/media\/6087"}],"wp:attachment":[{"href":"https:\/\/fengchashop.com\/ro\/wp-json\/wp\/v2\/media?parent=6086"}],"wp:term":[{"taxonomy":"product_brand","embeddable":true,"href":"https:\/\/fengchashop.com\/ro\/wp-json\/wp\/v2\/product_brand?post=6086"},{"taxonomy":"product_cat","embeddable":true,"href":"https:\/\/fengchashop.com\/ro\/wp-json\/wp\/v2\/product_cat?post=6086"},{"taxonomy":"product_tag","embeddable":true,"href":"https:\/\/fengchashop.com\/ro\/wp-json\/wp\/v2\/product_tag?post=6086"}],"curies":[{"name":"wp","href":"https:\/\/api.w.org\/{rel}","templated":true}]}}