{"id":6084,"date":"2022-03-04T09:49:00","date_gmt":"2022-03-04T08:49:00","guid":{"rendered":"https:\/\/fengchashop.com\/ro\/product\/shisandra-pulbere-bio-250-g\/"},"modified":"2026-04-28T10:09:59","modified_gmt":"2026-04-28T08:09:59","slug":"shisandra-pulbere-bio","status":"publish","type":"product","link":"https:\/\/fengchashop.com\/ro\/product\/shisandra-pulbere-bio\/","title":{"rendered":"Shisandra pulbere BIO 250 g"},"content":{"rendered":"<h2><span style=\"color: #000000\">Pulbere de c\u0103p\u0219uni Shisandra din produc\u021bia ecologic\u0103<\/span><\/h2>\n<p><span style=\"color: #000000\">Shisandra este un copac mic sau o vi\u021b\u0103 de vie care produce mici fructe de p\u0103dure ro\u0219ii, foarte apreciate \u00een medicina tradi\u021bional\u0103 chinez\u0103 pentru propriet\u0103\u021bile lor active. Shisandra este cunoscut\u0103 sub numele de <strong>wu wei zi, care \u00eenseamn\u0103 \u00een chinez\u0103 &#8222;fructul celor cinci gusturi&#8221;, deoarece micile fructe ro\u0219ii au gusturi dulce, acru, s\u0103rat, amar \u0219i picant<\/strong>. Aceste arome corespund celor cinci energii de baz\u0103: p\u0103m\u00e2nt, lemn, ap\u0103, metal \u0219i foc \u0219i afecteaz\u0103 cele mai importante cinci organe ale corpului uman &#8211; inima, ficatul, pl\u0103m\u00e2nii, splina \u0219i rinichii.<\/span><\/p>\n<p><span style=\"color: #000000\">Shishandra este una dintre cele 50 de ierburi tradi\u021bionale chineze\u0219ti care sunt folosite de<strong> peste 2000 de ani<\/strong>, de c\u00e2nd:<\/span><\/p>\n<p><span style=\"color: #000000\">\ud83d\udc9a Este considerat\u0103 un stimulent al<strong> vitalit\u0103\u021bii<\/strong>,<\/span><br \/>\n<span style=\"color: #000000\">\ud83d\udc9a \u00eembun\u0103t\u0103\u021be\u0219te \u0219i \u00eent\u0103re\u0219te<strong> sistemul imunitar<\/strong>,<\/span><br \/>\n<span style=\"color: #000000\">\ud83d\udc9a men\u021bine<strong> tinere\u021bea pielii<\/strong>,<\/span><br \/>\n<span style=\"color: #000000\">\ud83d\udc9a ajut\u0103 la <strong>insomnie, dureri de cap, ame\u021beli<\/strong>,<\/span><br \/>\n<span style=\"color: #000000\">\ud83d\udc9a stimuleaz\u0103 func\u021bia cerebral\u0103,<\/span><br \/>\n<span style=\"color: #000000\">\ud83d\udc9a \u00eenvinge<strong> oboseala \u0219i epuizarea provocat\u0103 de stres<\/strong>.<\/span><\/p>\n<p><span style=\"color: #000000\">Ca supliment alimentar, cel mai bine se consum\u0103 sub form\u0103 de pulbere.<\/span><\/p>\n<h2><span style=\"color: #000000\">De ce este shishandra un condiment din ce \u00een ce mai cunoscut \u0219i mai popular?<\/span><\/h2>\n<p><span style=\"color: #000000\">Shishandra con\u021bine multe<strong> substan\u021be active, cum ar fi shishandrinele, uleiuri esen\u021biale \u0219i vitaminele A, C \u0219i E<\/strong>, care sunt implicate \u00een numeroase procese ale organismului uman. Datorit\u0103 acestor ingrediente, s-a demonstrat c\u0103 are, de asemenea, propriet\u0103\u021bi <strong>antiinflamatorii, antioxidante \u0219i detoxifiante<\/strong>. Datorit\u0103 efectelor sale pozitive asupra mai multor sisteme ale corpului uman, a fost analizat de mul\u021bi cercet\u0103tori \u0219i s-a constatat c\u0103 este benefic pentru o mare varietate de probleme de s\u0103n\u0103tate. Shisandra ac\u021bioneaz\u0103 ca un<strong> adaptogen<\/strong> &#8211; adic\u0103 g\u0103se\u0219te punctul din organism care este cel mai slab \u0219i ac\u021bioneaz\u0103 asupra acestuia pentru a restabili echilibrul. <strong>Ea are un efect calmant<\/strong> \u0219i de ameliorare a durerii, dar favorizeaz\u0103 \u0219i concentrarea \u0219i vigilen\u021ba. 100 de zile de Shishandra \u00eembun\u0103t\u0103\u021besc s\u00e2ngele, ascut mintea \u0219i memoria, \u00eembun\u0103t\u0103\u021besc energia sexual\u0103, \u00eent\u0103resc pl\u0103m\u00e2nii \u0219i rinichii \u0219i \u00eenfrumuse\u021beaz\u0103 pielea. Pentru c\u0103 regleaz\u0103 glandele suprarenale,<strong> reduce efectele negative ale cortizolului<\/strong>. Cu toate acestea, o cre\u0219tere a nivelului de cortizol, care este cel mai adesea rezultatul stresului, are un efect negativ asupra multor procese din corpul nostru &#8211; de la digestie la sistemul imunitar.<\/span><\/p>\n<h2><span style=\"color: #000000\">Depozitare \u0219i avertismente<\/span><\/h2>\n<p><span style=\"color: #000000\">A se p\u0103stra \u00eentr-un loc r\u0103coros \u0219i uscat. P\u0103stra\u021bi suplimentul alimentar \u00een afara razei de ac\u021biune a copiilor!<\/span><\/p>\n<p><span style=\"color: #000000\">Nu uita\u021bi importan\u021ba unei diete variate \u0219i a unui stil de via\u021b\u0103 s\u0103n\u0103tos, un supliment alimentar nu este, prin urmare, un substitut pentru o diet\u0103 echilibrat\u0103 \u0219i variat\u0103. Cantitatea sau doza zilnic\u0103 recomandat\u0103 nu trebuie s\u0103 fie dep\u0103\u0219it\u0103. Copiilor, femeilor \u00eens\u0103rcinate \u0219i mamelor care al\u0103pteaz\u0103 le este nerecomandat\u0103 utilizarea. Cu toate acestea, persoanele care iau medicamente sunt sf\u0103tuite s\u0103 consulte un medic \u00eenainte de utilizare.<\/span><\/p>\n<h2><span style=\"color: #000000\">Ambalaj<\/span><\/h2>\n<p><span style=\"color: #000000\">Pung\u0103 cu fermoar nepermeabil, \u00een care produsul \u00ee\u0219i p\u0103streaz\u0103 toat\u0103 prospe\u021bimea \u0219i aroma. Ambalajul protejeaz\u0103 produsul de lumin\u0103 \u0219i de aer, fiind format din mai multe straturi de protec\u021bie pentru a p\u0103stra propriet\u0103\u021bile con\u021binutului.<\/span><\/p>\n<p><span style=\"color: #000000\">Ambalajul este foarte practic \u0219i reciclabil.<\/span><\/p>\n<h2><span style=\"color: #000000\">Origine<\/span><\/h2>\n<p><span style=\"color: #000000\">China. Avem furnizori foarte de \u00eencredere care ne trimit o analiz\u0103 chimic\u0103 detaliat\u0103 a alimentelor pentru fiecare lot. \u00cen mai bine de zece ani, nu am avut nicio rechemare sau alte probleme cu acest produs, nici cu alte produse de la acela\u0219i furnizor. Articolul este 100% certificat organic.<\/span><\/p>\n","protected":false},"excerpt":{"rendered":"<p>Shisandra este un copac mic sau o vi\u021b\u0103 de vie care produce mici fructe de p\u0103dure ro\u0219ii, foarte apreciate \u00een medicina tradi\u021bional\u0103 chinez\u0103 pentru propriet\u0103\u021bile lor active. Shishandra este cunoscut sub numele de wu wei zi, ceea ce \u00eenseamn\u0103 &#8222;fructul celor cinci arome&#8221; \u00een chinez\u0103, deoarece micile fructe ro\u0219ii au arome dulci, acri\u0219oare, s\u0103rate, amare \u0219i picante. Shisandra este una dintre cele 50 de ierburi tradi\u021bionale chineze\u0219ti care sunt folosite de peste 2000 de ani, deoarece:<\/p>\n<p align=\"JUSTIFY\">\ud83d\udc9a \u00eembun\u0103t\u0103\u021be\u0219te \u0219i \u00eent\u0103re\u0219te sistemul imunitar,<br \/>\n\ud83d\udc9a men\u021bine tinere\u021bea pielii,<br \/>\n\ud83d\udc9a cre\u0219te vitalitatea,<br \/>\n\ud83d\udc9a \u00eenvinge oboseala \u0219i epuizarea cauzat\u0103 de stres.<\/p>\n","protected":false},"featured_media":6085,"comment_status":"open","ping_status":"closed","template":"","meta":{"_acf_changed":false},"product_brand":[],"product_cat":[15,224,229,225],"product_tag":[],"class_list":{"0":"post-6084","1":"product","2":"type-product","3":"status-publish","4":"has-post-thumbnail","6":"product_cat-uncategorized","7":"product_cat-oferta","8":"product_cat-superalimente","9":"product_cat-toate-produsele","11":"first","12":"instock","13":"taxable","14":"shipping-taxable","15":"purchasable","16":"product-type-simple"},"acf":[],"_links":{"self":[{"href":"https:\/\/fengchashop.com\/ro\/wp-json\/wp\/v2\/product\/6084","targetHints":{"allow":["GET"]}}],"collection":[{"href":"https:\/\/fengchashop.com\/ro\/wp-json\/wp\/v2\/product"}],"about":[{"href":"https:\/\/fengchashop.com\/ro\/wp-json\/wp\/v2\/types\/product"}],"replies":[{"embeddable":true,"href":"https:\/\/fengchashop.com\/ro\/wp-json\/wp\/v2\/comments?post=6084"}],"wp:featuredmedia":[{"embeddable":true,"href":"https:\/\/fengchashop.com\/ro\/wp-json\/wp\/v2\/media\/6085"}],"wp:attachment":[{"href":"https:\/\/fengchashop.com\/ro\/wp-json\/wp\/v2\/media?parent=6084"}],"wp:term":[{"taxonomy":"product_brand","embeddable":true,"href":"https:\/\/fengchashop.com\/ro\/wp-json\/wp\/v2\/product_brand?post=6084"},{"taxonomy":"product_cat","embeddable":true,"href":"https:\/\/fengchashop.com\/ro\/wp-json\/wp\/v2\/product_cat?post=6084"},{"taxonomy":"product_tag","embeddable":true,"href":"https:\/\/fengchashop.com\/ro\/wp-json\/wp\/v2\/product_tag?post=6084"}],"curies":[{"name":"wp","href":"https:\/\/api.w.org\/{rel}","templated":true}]}}