{"id":6082,"date":"2022-03-04T09:36:13","date_gmt":"2022-03-04T08:36:13","guid":{"rendered":"https:\/\/fengchashop.com\/ro\/product\/gheare-de-pisica-pulbere-125-g\/"},"modified":"2026-04-27T17:12:36","modified_gmt":"2026-04-27T15:12:36","slug":"gheare-de-pisica-pulbere","status":"publish","type":"product","link":"https:\/\/fengchashop.com\/ro\/product\/gheare-de-pisica-pulbere\/","title":{"rendered":"Gheare de pisic\u0103 pulbere 125 g"},"content":{"rendered":"<h2><span style=\"color: #000000\">Pulbere de gheare de pisic\u0103<\/span><\/h2>\n<p><span style=\"color: #000000\">Acest alpinist tropical amazonian are 2 spini curba\u021bi la baza fiec\u0103rei frunze, de unde \u0219i numele de gheara pisicii.<\/span><\/p>\n<p><span style=\"color: #000000\">Gheara pisicii este apreciat\u0103 \u00een special pentru efectele sale benefice asupra organismului uman:<\/span><\/p>\n<p><span style=\"color: #000000\">\ud83d\udc9a \u00eent\u0103re\u0219te<strong> sistemul imunitar<\/strong>,<\/span><br \/>\n<span style=\"color: #000000\"><strong> \ud83d\udc9a calmeaz\u0103 \u0219i inhib\u0103 inflama\u021biile<\/strong>,<\/span><br \/>\n<span style=\"color: #000000\"><strong>\ud83d\udc9a amelioreaz\u0103 durerea cauzat\u0103 de infec\u021bii<\/strong>,<\/span><br \/>\n<span style=\"color: #000000\"><strong>\ud83d\udc9a amelioreaz\u0103 problemele legate de bolile cronice<\/strong>.<\/span><\/p>\n<h2><span style=\"color: #000000\">Cum ac\u021bioneaz\u0103 gheara de pisic\u0103?<\/span><\/h2>\n<p><span style=\"color: #000000\">Gheara de pisic\u0103 este considerat\u0103 practic un<strong> antibiotic natural<\/strong>, deoarece combate cu succes toate tipurile de germeni \u0219i previne infec\u021biile \u0219i inflama\u021biile. Numeroase studii au ar\u0103tat c\u0103 are mai multe <strong>efecte benefice asupra organismului uman<\/strong>, \u00een special <strong>stimularea sistemului imunitar datorit\u0103 con\u021binutului de alcaloizi oxinolici<\/strong>, care neutralizeaz\u0103 cu succes radicalii liberi d\u0103un\u0103tori din organism. O serie de al\u021bi alcaloizi din gheara de pisic\u0103 sunt, de asemenea, buni pentru<strong> memorie \u0219i pentru reglarea tensiunii arteriale<\/strong>. Deoarece <strong>controleaz\u0103 cu succes infec\u021biile \u0219i inflama\u021biile, are un efect benefic \u0219i asupra durerii \u00een cazul bolilor cronice, cum ar fi reumatismul sau artrita<\/strong>.<\/span><\/p>\n<h2><span style=\"color: #000000\">P\u0103strare \u0219i avertismente<\/span><\/h2>\n<p><span style=\"color: #000000\">A se p\u0103stra \u00eentr-un loc r\u0103coros \u0219i uscat. P\u0103stra\u021bi suplimentul alimentar \u00een afara razei de ac\u021biune a copiilor!<\/span><\/p>\n<p><span style=\"color: #000000\">Nu uita\u021bi importan\u021ba unei diete variate \u0219i a unui stil de via\u021b\u0103 s\u0103n\u0103tos, un supliment alimentar nu este, prin urmare, un substitut pentru o diet\u0103 echilibrat\u0103 \u0219i variat\u0103. Cantitatea sau doza zilnic\u0103 recomandat\u0103 nu trebuie s\u0103 fie dep\u0103\u0219it\u0103. Femeile \u00eens\u0103rcinate, femeile care al\u0103pteaz\u0103 \u0219i persoanele care iau medicamente sunt \u00eentotdeauna sf\u0103tuite s\u0103 consulte un medic \u00eenainte de utilizare. Nu este potrivit pentru copii.<\/span><\/p>\n<h2><span style=\"color: #000000\">Ambalaj<\/span><\/h2>\n<p><span style=\"color: #000000\">Pung\u0103 sau cutie cu fermoar nepermeabil, \u00een care produsul \u00ee\u0219i p\u0103streaz\u0103 toat\u0103 prospe\u021bimea \u0219i aroma. Ambalajul protejeaz\u0103 \u00eempotriva luminii \u0219i a aerului. Acesta este format din mai multe straturi de protec\u021bie pentru a p\u0103stra propriet\u0103\u021bile produsului.<\/span><\/p>\n<p><span style=\"color: #000000\">Ambalajul este foarte practic \u0219i reciclabil.<\/span><\/p>\n<h2><span style=\"color: #000000\">Origine<\/span><\/h2>\n<p><span style=\"color: #000000\">America de Sud<\/span><\/p>\n","protected":false},"excerpt":{"rendered":"<p align=\"JUSTIFY\">Acest alpinist tropical amazonian are 2 spini curba\u021bi la baza fiec\u0103rei frunze, ceea ce \u00eei d\u0103 numele de gheara pisicii. Gheara pisicii este considerat\u0103 practic un antibiotic natural, deoarece lupt\u0103 cu succes \u00eempotriva tuturor tipurilor de microbi \u0219i previne infec\u021biile \u0219i inflama\u021biile. Gheara pisicii este apreciat\u0103 \u00een special pentru efectele sale benefice asupra organismului uman:<\/p>\n<p align=\"JUSTIFY\">\ud83d\udc9a \u00eent\u0103re\u0219te sistemul imunitar,<br \/>\n\ud83d\udc9a calmeaz\u0103 \u0219i inhib\u0103 inflama\u021biile,<br \/>\n\ud83d\udc9a amelioreaz\u0103 durerea cauzat\u0103 de infec\u021bii,<br \/>\n\ud83d\udc9a amelioreaz\u0103 problemele legate de bolile cronice.<\/p>\n","protected":false},"featured_media":6083,"comment_status":"open","ping_status":"closed","template":"","meta":{"_acf_changed":false},"product_brand":[],"product_cat":[15,224,229,225],"product_tag":[],"class_list":{"0":"post-6082","1":"product","2":"type-product","3":"status-publish","4":"has-post-thumbnail","6":"product_cat-uncategorized","7":"product_cat-oferta","8":"product_cat-superalimente","9":"product_cat-toate-produsele","11":"first","12":"instock","13":"sale","14":"taxable","15":"shipping-taxable","16":"purchasable","17":"product-type-simple"},"acf":[],"_links":{"self":[{"href":"https:\/\/fengchashop.com\/ro\/wp-json\/wp\/v2\/product\/6082","targetHints":{"allow":["GET"]}}],"collection":[{"href":"https:\/\/fengchashop.com\/ro\/wp-json\/wp\/v2\/product"}],"about":[{"href":"https:\/\/fengchashop.com\/ro\/wp-json\/wp\/v2\/types\/product"}],"replies":[{"embeddable":true,"href":"https:\/\/fengchashop.com\/ro\/wp-json\/wp\/v2\/comments?post=6082"}],"wp:featuredmedia":[{"embeddable":true,"href":"https:\/\/fengchashop.com\/ro\/wp-json\/wp\/v2\/media\/6083"}],"wp:attachment":[{"href":"https:\/\/fengchashop.com\/ro\/wp-json\/wp\/v2\/media?parent=6082"}],"wp:term":[{"taxonomy":"product_brand","embeddable":true,"href":"https:\/\/fengchashop.com\/ro\/wp-json\/wp\/v2\/product_brand?post=6082"},{"taxonomy":"product_cat","embeddable":true,"href":"https:\/\/fengchashop.com\/ro\/wp-json\/wp\/v2\/product_cat?post=6082"},{"taxonomy":"product_tag","embeddable":true,"href":"https:\/\/fengchashop.com\/ro\/wp-json\/wp\/v2\/product_tag?post=6082"}],"curies":[{"name":"wp","href":"https:\/\/api.w.org\/{rel}","templated":true}]}}