{"id":6075,"date":"2022-03-04T08:26:18","date_gmt":"2022-03-04T07:26:18","guid":{"rendered":"https:\/\/fengchashop.com\/ro\/product\/triphala-capsules-bio-120-pcs\/"},"modified":"2026-04-30T11:02:46","modified_gmt":"2026-04-30T09:02:46","slug":"triphala-capsules-bio","status":"publish","type":"product","link":"https:\/\/fengchashop.com\/ro\/product\/triphala-capsules-bio\/","title":{"rendered":"Triphala \u00een capsule BIO 120 capsule"},"content":{"rendered":"<h2><span style=\"color: #000000\">Triphala \u00een capsule<\/span><\/h2>\n<p><span style=\"color: #000000\">Triphala este un amestec de plante ayurvedice vechi \u0219i foarte apreciat, compus din trei superfructe din India: amalaki (Emblica officinalis) &#8211; cunoscut \u0219i sub numele de amla, bibhitaki (Terminalia belerica) \u0219i haritaki (Terminalia chebula). Este folosit de peste 5000 de ani, \u00een principal pentru<strong> cur\u0103\u021barea \u0219i detoxifierea \u00eentregului organism<\/strong>.<\/span><\/p>\n<p><span style=\"color: #000000\">Triphala are un efect benefic asupra digestiei noastre, acceler\u00e2nd-o \u0219i stimul\u00e2nd absorb\u021bia de vitamine \u0219i minerale.<\/span><\/p>\n<p><span style=\"color: #000000\">Este important s\u0103 folosi\u021bi produse ob\u021binute<strong> din plante cultivate organic<\/strong>, deoarece aceasta este singura modalitate de a controla \u0219i de a preveni aportul de pesticide \u0219i metale grele \u00een organism.<\/span><\/p>\n<p><span style=\"color: #000000\">Triphala noastr\u0103 este <strong>de calitate superioar\u0103 <\/strong>\u0219i <strong>produs\u0103 organic<\/strong>.<\/span><\/p>\n<p><span style=\"color: #000000\">Triphala este o piatr\u0103 de temelie a medicinei ayurvedice, deoarece are multe propriet\u0103\u021bi vindec\u0103toare eficiente:<\/span><\/p>\n<p><span style=\"color: #000000\">\ud83d\udc9a Are un<strong> efect<\/strong> benefic<strong> asupra sistemului digestiv<\/strong> \u0219i ac\u021bioneaz\u0103 ca un laxativ u\u0219or care nu afecteaz\u0103 mucoasa intestinal\u0103,<\/span><br \/>\n<span style=\"color: #000000\">\ud83d\udc9a Ajut\u0103 \u00een cazul <strong>balon\u0103rilor \u0219i al v\u00e2nturilor<\/strong>, precum \u0219i al hemoroizilor,<\/span><br \/>\n<span style=\"color: #000000\">\ud83d\udc9a \u00eendep\u0103rteaz\u0103 excesul de gr\u0103sime din organism,<\/span><br \/>\n<span style=\"color: #000000\">\ud83d\udc9a are un efect pozitiv asupra func\u021biei hepatice,<\/span><br \/>\n<span style=\"color: #000000\">\ud83d\udc9a<strong> \u00eent\u0103re\u0219te<\/strong> \u00een mod eficient<strong> sistemul imunitar<\/strong> cu con\u021binutul s\u0103u ridicat de vitamina C,<\/span><br \/>\n<span style=\"color: #000000\">\ud83d\udc9a <strong>hr\u0103ne\u0219te \u0219i \u00eent\u0103re\u0219te tractul respirator<\/strong> \u0219i amelioreaz\u0103 tusea \u00een cazul tusei cu mucus,<\/span><br \/>\n<span style=\"color: #000000\">\ud83d\udc9a are <strong>propriet\u0103\u021bi antiinflamatorii \u0219i antivirale<\/strong> dovedite,<\/span><br \/>\n<span style=\"color: #000000\">\ud83d\udc9a <strong>\u00eentinere\u0219te<\/strong> organismul.<\/span><\/p>\n<p><span style=\"color: #000000\">Pentru comoditate, am ambalat triphala \u0219i \u00een capsule din plante medicinale.<\/span><\/p>\n<h2><span style=\"color: #000000\">\u0218tia\u021bi c\u0103 Triphala are grij\u0103 de organele interne a\u0219a cum o mam\u0103 are grij\u0103 de copiii ei?<\/span><\/h2>\n<p><span style=\"color: #000000\">Triphala este un amestec foarte nutritiv \u0219i delicat, cu un con\u021binut ridicat de vitamina C, bioflavonoide \u0219i acizi gra\u0219i linoleici omega 3. Este o surs\u0103 extraordinar\u0103 de proteine, uleiuri \u0219i antioxidan\u021bi, care, \u00eempreun\u0103 cu propriet\u0103\u021bile sale antimicrobiene \u0219i antibacteriene, contribuie la cre\u0219terea imunit\u0103\u021bii organismului. Are un bun efect laxativ, ceea ce \u00eel face potrivit pentru cur\u0103\u021barea intestinelor \u0219i a pere\u021bilor intestinali \u0219i ajut\u0103 la reducerea excesului de greutate. Detoxifiant eficient.<\/span><\/p>\n<p><span style=\"color: #000000\">Toate cele trei tipuri de fructe din formula triphala hr\u0103nesc, \u00eent\u0103resc, cur\u0103\u021b\u0103, restaureaz\u0103 \u00een profunzime \u0219i \u00eentineresc \u00eentregul organism. Consumul regulat de Triphala<strong> reduce oboseala \u0219i epuizarea<\/strong> \u0219i este un<strong> excelent sprijin pentru sistemul imunitar<\/strong>. Conform tradi\u021biei ayurvedice, Triphala este unul dintre pu\u021binele amestecuri care are un efect benefic asupra tuturor celor trei doshas. Prin urmare, este sigur pentru toat\u0103 lumea s\u0103 \u00eel consume.<\/span><\/p>\n<h2><span style=\"color: #000000\">Depozitare \u0219i avertismente<\/span><\/h2>\n<p><span style=\"color: #000000\">A se p\u0103stra \u00eentr-un loc r\u0103coros \u0219i uscat. P\u0103stra\u021bi suplimentul alimentar \u00een afara razei de ac\u021biune a copiilor!<\/span><\/p>\n<p><span style=\"color: #000000\">Nu uita\u021bi importan\u021ba unei alimenta\u021bii variate \u0219i a unui stil de via\u021b\u0103 s\u0103n\u0103tos, un supliment alimentar nu \u00eenlocuie\u0219te, prin urmare, o diet\u0103 echilibrat\u0103 \u0219i variat\u0103. Cantitatea sau doza zilnic\u0103 recomandat\u0103 nu trebuie s\u0103 fie dep\u0103\u0219it\u0103. Femeile \u00eens\u0103rcinate, femeile care al\u0103pteaz\u0103 \u0219i persoanele care iau medicamente sunt \u00eentotdeauna sf\u0103tuite s\u0103 consulte un medic \u00eenainte de utilizare. Nu este potrivit pentru copii.<\/span><\/p>\n<h2><span style=\"color: #000000\">Ambalaj<\/span><\/h2>\n<p><span style=\"color: #000000\">Produsul este ambalat \u00eentr-un ambalaj \u00eengrijit pung\u0103 ermetic\u0103 cu fermoar, unde \u00ee\u0219i p\u0103streaz\u0103 toat\u0103 prospe\u021bimea \u0219i aroma. Ambalajul protejeaz\u0103 \u00eempotriva luminii \u0219i a aerului, fiind format din mai multe straturi de protec\u021bie pentru a p\u0103stra propriet\u0103\u021bile con\u021binutului.<\/span><\/p>\n<h2><span style=\"color: #000000\">Origine<\/span><\/h2>\n<p><span style=\"color: #000000\">India<\/span><\/p>\n","protected":false},"excerpt":{"rendered":"<p align=\"JUSTIFY\">Triphala este un <strong>amestec de plante ayurvedice<\/strong> vechi, foarte <strong>apreciat<\/strong>, din trei superfructe din regiunea Indiei: amalaki, bibhitaki \u0219i haritaki. Este folosit de <strong>peste 5000 de ani<\/strong>, \u00een principal pentru cur\u0103\u021barea \u0219i detoxifierea \u00eentregului organism. Triphala este o piatr\u0103 de temelie a medicinei ayurvedice, deoarece are numeroase<strong> propriet\u0103\u021bi curative<\/strong> eficiente:<\/p>\n<p align=\"JUSTIFY\">\ud83d\udc9a are un efect benefic asupra sistemului digestiv,<br \/>\n\ud83d\udc9a elimin\u0103 excesul de gr\u0103sime din organism,<br \/>\n\ud83d\udc9a \u00eent\u0103re\u0219te \u00een mod eficient sistemul imunitar cu con\u021binutul s\u0103u ridicat de vitamina C,<br \/>\n\ud83d\udc9a hr\u0103ne\u0219te \u0219i \u00eent\u0103re\u0219te tractul respirator,<br \/>\n\ud83d\udc9a \u00eentinere\u0219te organismul.<\/p>\n","protected":false},"featured_media":6076,"comment_status":"open","ping_status":"closed","template":"","meta":{"_acf_changed":false},"product_brand":[],"product_cat":[15,230,224,229,225],"product_tag":[],"class_list":{"0":"post-6075","1":"product","2":"type-product","3":"status-publish","4":"has-post-thumbnail","6":"product_cat-uncategorized","7":"product_cat-ayurveda","8":"product_cat-oferta","9":"product_cat-superalimente","10":"product_cat-toate-produsele","12":"first","13":"instock","14":"taxable","15":"shipping-taxable","16":"purchasable","17":"product-type-simple"},"acf":[],"_links":{"self":[{"href":"https:\/\/fengchashop.com\/ro\/wp-json\/wp\/v2\/product\/6075","targetHints":{"allow":["GET"]}}],"collection":[{"href":"https:\/\/fengchashop.com\/ro\/wp-json\/wp\/v2\/product"}],"about":[{"href":"https:\/\/fengchashop.com\/ro\/wp-json\/wp\/v2\/types\/product"}],"replies":[{"embeddable":true,"href":"https:\/\/fengchashop.com\/ro\/wp-json\/wp\/v2\/comments?post=6075"}],"wp:featuredmedia":[{"embeddable":true,"href":"https:\/\/fengchashop.com\/ro\/wp-json\/wp\/v2\/media\/6076"}],"wp:attachment":[{"href":"https:\/\/fengchashop.com\/ro\/wp-json\/wp\/v2\/media?parent=6075"}],"wp:term":[{"taxonomy":"product_brand","embeddable":true,"href":"https:\/\/fengchashop.com\/ro\/wp-json\/wp\/v2\/product_brand?post=6075"},{"taxonomy":"product_cat","embeddable":true,"href":"https:\/\/fengchashop.com\/ro\/wp-json\/wp\/v2\/product_cat?post=6075"},{"taxonomy":"product_tag","embeddable":true,"href":"https:\/\/fengchashop.com\/ro\/wp-json\/wp\/v2\/product_tag?post=6075"}],"curies":[{"name":"wp","href":"https:\/\/api.w.org\/{rel}","templated":true}]}}