{"id":6072,"date":"2022-03-03T22:27:36","date_gmt":"2022-03-03T21:27:36","guid":{"rendered":"https:\/\/fengchashop.com\/ro\/product\/iarba-de-orz-pulbere-bio-250-g\/"},"modified":"2026-04-30T03:04:15","modified_gmt":"2026-04-30T01:04:15","slug":"iarba-de-orz-pulbere-bio","status":"publish","type":"product","link":"https:\/\/fengchashop.com\/ro\/product\/iarba-de-orz-pulbere-bio\/","title":{"rendered":"Iarb\u0103 de orz pulbere BIO 250 g"},"content":{"rendered":"<h2><span style=\"color: #000000\">Pudr\u0103 de iarb\u0103 de orz BIO<\/span><\/h2>\n<p><span style=\"color: #000000\">Puternicele civiliza\u021bii ale egiptenilor, romanilor \u0219i vikingilor cuno\u0219teau deja beneficiile orzului. Originar din Europa, organismul uman o poate metaboliza cu u\u0219urin\u021b\u0103 \u0219i poate folosi micronutrien\u021bii pentru toate nevoile sale. Se diger\u0103 extrem de repede, iar substan\u021bele nutritive sunt absorbite foarte repede dup\u0103 ingerare. De asemenea, este bogat \u00een fitochimicale, care protejeaz\u0103 organismul de poluare \u0219i radia\u021bii.<\/span><\/p>\n<p><span style=\"color: #000000\">Iarba noastr\u0103 de orz este <strong>produs\u0103 organic<\/strong>.<\/span><\/p>\n<h2><span style=\"color: #000000\">Care sunt efectele consumului de iarb\u0103 de orz?<\/span><\/h2>\n<p><span style=\"color: #000000\"><strong>Iarba de orz con\u021bine multe substan\u021be active \u0219i, prin urmare, are un efect benefic asupra:<\/strong><\/span><\/p>\n<p><span style=\"color: #000000\">\ud83d\udc9a cur\u0103\u021barea \u0219i detoxifierea organismului uman,<\/span><br \/>\n<span style=\"color: #000000\">\ud83d\udc9a \u00eembun\u0103t\u0103\u021birea st\u0103rii pielii,<\/span><br \/>\n<span style=\"color: #000000\">\ud83d\udc9a pierderea \u00een greutate,<\/span><br \/>\n<span style=\"color: #000000\">\ud83d\udc9a reducerea oboselii,<\/span><br \/>\n<span style=\"color: #000000\">\ud83d\udc9a \u00eembun\u0103t\u0103\u021birea \u0219i reglarea digestiei,<\/span><br \/>\n<span style=\"color: #000000\">\ud83d\udc9a reducerea inflama\u021biilor<\/span><br \/>\n<span style=\"color: #000000\">\ud83d\udc9a \u00eembun\u0103t\u0103\u021birea problemelor de anemie,<\/span><br \/>\n<span style=\"color: #000000\">\ud83d\udc9a reglarea calciului din s\u00e2nge \u0219i dizolvarea depozitelor de calciu de pe oase.<\/span><\/p>\n<p><span style=\"color: #000000\">Iarba de orz este o comoar\u0103 de <strong>vitamine, minerale \u0219i al\u021bi nutrien\u021bi importan\u021bi<\/strong>. Are un puternic efect alcalin asupra organismului, ceea ce aduce o stare general\u0103 de bine. Consumul regulat poate sc\u0103dea nivelul colesterolului \u0219i al radicalilor liberi din s\u00e2nge.<\/span><\/p>\n<p><span style=\"color: #000000\">Iarba de orz este<strong> extrem de bogat\u0103 \u00een clorofil\u0103<\/strong>, care este la fel de important\u0103 pentru plante precum este s\u00e2ngele pentru animale. De asemenea, are o structur\u0103 molecular\u0103 similar\u0103 cu cea a hemoglobinei, astfel \u00eenc\u00e2t reface \u0219i purific\u0103 s\u00e2ngele, precum \u0219i organismul \u00een general. Con\u021bine de 11 ori mai mult calciu \u0219i de 30 de ori mai mult\u0103 vitamina B1 dec\u00e2t laptele de vac\u0103, de 5 ori mai mult fier \u0219i de 7 ori mai mul\u021bi caroteni dec\u00e2t spanacul \u0219i de 7 ori mai mult\u0103 vitamina C dec\u00e2t portocalele. De asemenea, con\u021bine 80 de micrograme de vitamina B12, de care tot mai multe persoane au caren\u021be.<\/span><\/p>\n<p><span style=\"color: #000000\">Pe l\u00e2ng\u0103 vitamine \u0219i multe minerale, iarba de orz con\u021bine \u0219i<strong> aminoacizi esen\u021biali<\/strong>, care sunt componentele de baz\u0103 ale proteinelor. De asemenea, con\u021bine<strong> polizaharidul \u00df-glucan, care<\/strong> reduce nivelul colesterolului r\u0103u \u0219i \u00eent\u0103re\u0219te mecanismul de ap\u0103rare al sistemului imunitar. <strong>Ac\u021bioneaz\u0103 ca un antioxidant<\/strong> \u0219i lupt\u0103 cu succes \u00eempotriva radicalilor liberi periculo\u0219i din organism. <strong>Enzimele<\/strong> din iarba de orz contribuie, de asemenea, la utilizarea tuturor substan\u021belor nutritive, de aceea este foarte important ca pulberea de iarb\u0103 de orz s\u0103 nu fie uscat\u0103 la peste 40\u00b0C.<\/span><\/p>\n<h2><span style=\"color: #000000\">Depozitare \u0219i avertismente<\/span><\/h2>\n<p><span style=\"color: #000000\">Depozita\u021bi \u00eentr-un loc r\u0103coros \u0219i uscat, la o temperatur\u0103 de p\u00e2n\u0103 la 25 \u00b0C. P\u0103stra\u021bi suplimentul alimentar departe de \u00eendem\u00e2na copiilor!<\/span><\/p>\n<p><span style=\"color: #000000\">Nu uita\u021bi importan\u021ba unei alimenta\u021bii variate \u0219i a unui stil de via\u021b\u0103 s\u0103n\u0103tos, un supliment alimentar nu este, prin urmare, un substitut pentru o diet\u0103 echilibrat\u0103 \u0219i variat\u0103. Cantitatea sau doza zilnic\u0103 recomandat\u0103 nu trebuie s\u0103 fie dep\u0103\u0219it\u0103. Femeile \u00eens\u0103rcinate \u0219i cele care al\u0103pteaz\u0103 sunt \u00eentotdeauna sf\u0103tuite s\u0103 consulte un medic \u00eenainte de utilizare.<\/span><\/p>\n<h2><span style=\"color: #000000\">Ambalaj<\/span><\/h2>\n<p><span style=\"color: #000000\">Pung\u0103 cu fermoar nepermeabil \u00een care produsul \u00ee\u0219i p\u0103streaz\u0103 toat\u0103 prospe\u021bimea \u0219i aroma. Ambalajul protejeaz\u0103 produsul de lumin\u0103 \u0219i de aer, fiind compus din mai multe straturi de protec\u021bie pentru a p\u0103stra propriet\u0103\u021bile con\u021binutului.<\/span><\/p>\n<p><span style=\"color: #000000\">Ambalajul este foarte practic \u0219i reciclabil.<\/span><\/p>\n<p><span style=\"color: #000000\">Bine de \u0219tiut<\/span><br \/>\n<span style=\"color: #000000\">Produsul este potrivit \u0219i pentru animale. Este o surs\u0103 excelent\u0103 de vitamine, minerale \u0219i alte substan\u021be nutritive. V\u0103 rug\u0103m s\u0103 consulta\u021bi medicul veterinar \u00eenainte de utilizare cu privire la oportunitatea administr\u0103rii \u0219i la cantitatea zilnic\u0103 recomandat\u0103.<\/span><\/p>\n<h2><span style=\"color: #000000\">Origine<\/span><\/h2>\n<p><span style=\"color: #000000\">UE (Germania sau \u021a\u0103rile de Jos)<\/span><\/p>\n","protected":false},"excerpt":{"rendered":"<p align=\"JUSTIFY\">Puternicele civiliza\u021bii ale egiptenilor, romanilor \u0219i vikingilor cuno\u0219teau deja beneficiile orzului. Originar\u0103 din Europa, aceasta este u\u0219or de metabolizat de organismul uman \u0219i este utilizat\u0103 ca micronutrient pentru toate nevoile sale. Se diger\u0103 extrem de repede, iar substan\u021bele nutritive sunt absorbite foarte repede dup\u0103 ingerare. De asemenea, este bogat \u00een substan\u021be fitochimice, care protejeaz\u0103 organismul de poluare \u0219i radia\u021bii.<\/p>\n<p align=\"JUSTIFY\"><span style=\"color: #000000\">\ud83d\udc9a Cur\u0103\u021b\u0103 \u0219i detoxific\u0103<strong>.<\/strong><\/span><br \/>\n<span style=\"color: #000000\">\ud83d\udc9a \u00cembun\u0103t\u0103\u021be\u0219te problemele de anemie.<\/span><br \/>\n<span style=\"color: #000000\">\ud83d\udc9a Ajut\u0103 la pierderea \u00een greutate.<\/span><br \/>\n<span style=\"color: #000000\">\ud83d\udc9a Este o surs\u0103 bogat\u0103 de <strong>clorofil\u0103<\/strong>.<\/span><\/p>\n<p align=\"JUSTIFY\">\n","protected":false},"featured_media":6073,"comment_status":"open","ping_status":"closed","template":"","meta":{"_acf_changed":false},"product_brand":[],"product_cat":[15,222,224,229,225],"product_tag":[],"class_list":{"0":"post-6072","1":"product","2":"type-product","3":"status-publish","4":"has-post-thumbnail","6":"product_cat-uncategorized","7":"product_cat-alge-ierburi","8":"product_cat-oferta","9":"product_cat-superalimente","10":"product_cat-toate-produsele","12":"first","13":"instock","14":"sale","15":"taxable","16":"shipping-taxable","17":"purchasable","18":"product-type-simple"},"acf":[],"_links":{"self":[{"href":"https:\/\/fengchashop.com\/ro\/wp-json\/wp\/v2\/product\/6072","targetHints":{"allow":["GET"]}}],"collection":[{"href":"https:\/\/fengchashop.com\/ro\/wp-json\/wp\/v2\/product"}],"about":[{"href":"https:\/\/fengchashop.com\/ro\/wp-json\/wp\/v2\/types\/product"}],"replies":[{"embeddable":true,"href":"https:\/\/fengchashop.com\/ro\/wp-json\/wp\/v2\/comments?post=6072"}],"wp:featuredmedia":[{"embeddable":true,"href":"https:\/\/fengchashop.com\/ro\/wp-json\/wp\/v2\/media\/6073"}],"wp:attachment":[{"href":"https:\/\/fengchashop.com\/ro\/wp-json\/wp\/v2\/media?parent=6072"}],"wp:term":[{"taxonomy":"product_brand","embeddable":true,"href":"https:\/\/fengchashop.com\/ro\/wp-json\/wp\/v2\/product_brand?post=6072"},{"taxonomy":"product_cat","embeddable":true,"href":"https:\/\/fengchashop.com\/ro\/wp-json\/wp\/v2\/product_cat?post=6072"},{"taxonomy":"product_tag","embeddable":true,"href":"https:\/\/fengchashop.com\/ro\/wp-json\/wp\/v2\/product_tag?post=6072"}],"curies":[{"name":"wp","href":"https:\/\/api.w.org\/{rel}","templated":true}]}}