{"id":6069,"date":"2022-03-03T21:49:08","date_gmt":"2022-03-03T20:49:08","guid":{"rendered":"https:\/\/fengchashop.com\/ro\/product\/iarba-de-grau-pulbere-bio-250-g\/"},"modified":"2026-04-26T21:40:03","modified_gmt":"2026-04-26T19:40:03","slug":"iarba-de-grau-pulbere-bio","status":"publish","type":"product","link":"https:\/\/fengchashop.com\/ro\/product\/iarba-de-grau-pulbere-bio\/","title":{"rendered":"Iarb\u0103 de gr\u00e2u pulbere BIO 250 g"},"content":{"rendered":"<h2><span style=\"color: #000000\">Pudr\u0103 de iarb\u0103 de gr\u00e2u BIO<\/span><\/h2>\n<p><span style=\"color: #000000\">Iarba de <strong>gr\u00e2u<\/strong> este de fapt <strong>balotul de gr\u00e2u t\u00e2n\u0103r<\/strong>. Ca atare, nu con\u021bine gluten, deoarece acesta se g\u0103se\u0219te \u00een spicul de gr\u00e2u &#8211; mai exact \u00een bobul de gr\u00e2u. Iarba \u00eencol\u021bit\u0103 este de obicei recoltat\u0103 \u0219i suculat\u0103 la pu\u021bin peste o s\u0103pt\u0103m\u00e2n\u0103 de la \u00eencol\u021bire. Pulberea de iarb\u0103 de gr\u00e2u este mult mai u\u0219or de utilizat. Este potrivit\u0103<strong> pentru detoxifiere \u0219i purificare<\/strong>. Este bogat\u0103 \u00een <strong>vitamine, minerale, aminoacizi, enzime, clorofil\u0103, fibre, proteine \u0219i fitonutrien\u021bi<\/strong>.<\/span><\/p>\n<p><span style=\"color: #000000\">Originar din Orientul Mijlociu, gr\u00e2ul s-a r\u0103sp\u00e2ndit \u00een scurt timp \u00een \u00eentreaga lume, iar iarba de gr\u00e2u s-a dovedit a fi<strong> un agent eficient de cur\u0103\u021bare \u0219i detoxificare a organismului uman<\/strong>. Acesta este motivul pentru care este extrem de popular\u0103 ca aliment de s\u0103n\u0103tate.<\/span><\/p>\n<p><span style=\"color: #000000\">Iarba noastr\u0103 de gr\u00e2u este <strong>cultivat\u0103 organic<\/strong>.<\/span><\/p>\n<h2><span style=\"color: #000000\">Care sunt efectele consumului de iarb\u0103 de gr\u00e2u?<\/span><\/h2>\n<p><span style=\"color: #000000\"><strong>Iarba de gr\u00e2u con\u021bine mul\u021bi nutrien\u021bi \u0219i ingrediente active, motiv pentru care:<\/strong><\/span><\/p>\n<p><span style=\"color: #000000\">\ud83d\udc9a purific\u0103 \u0219i \u00eembun\u0103t\u0103\u021be\u0219te compozi\u021bia s\u00e2ngelui,<\/span><br \/>\n<span style=\"color: #000000\">\ud83d\udc9a men\u021bine colonul s\u0103n\u0103tos \u0219i detoxific\u0103 ficatul,<\/span><br \/>\n<span style=\"color: #000000\">\ud83d\udc9a favorizeaz\u0103 buna func\u021bionare a inimii,<\/span><br \/>\n<span style=\"color: #000000\">\ud83d\udc9a stimuleaz\u0103 glanda tiroid\u0103,<\/span><br \/>\n<span style=\"color: #000000\">\ud83d\udc9a numero\u0219ii s\u0103i antioxidan\u021bi lupt\u0103 \u00eempotriva radicalilor liberi \u0219i previn bolile \u0219i \u00eemb\u0103tr\u00e2nirea prematur\u0103,<\/span><br \/>\n<span style=\"color: #000000\">\ud83d\udc9a este una dintre cele mai bogate surse de clorofil\u0103, care stimuleaz\u0103 vindecarea \u021besuturilor \u0219i, de asemenea, leag\u0103 toxinele de sine \u0219i \u00eempiedic\u0103 absorb\u021bia lor,<\/span><br \/>\n<span style=\"color: #000000\">\ud83d\udc9a clorofila calmeaz\u0103 inflama\u021biile din cavitatea bucal\u0103 \u0219i cur\u0103\u021b\u0103 \u0219i hr\u0103ne\u0219te pielea,<\/span><br \/>\n<span style=\"color: #000000\">\ud83d\udc9a amelioreaz\u0103 stresul, datorit\u0103 vitaminelor B pe care le con\u021bine, <\/span><br \/>\n<span style=\"color: #000000\">\ud83d\udc9a clorofila protejeaz\u0103, de asemenea, \u00eempotriva radia\u021biilor emise de dispozitivele electronice<\/span><br \/>\n<span style=\"color: #000000\">\ud83d\udc9a con\u021bine to\u021bi aminoacizii de care are nevoie organismul uman.<\/span><\/p>\n<p><span style=\"color: #000000\">Iarba de gr\u00e2u con\u021bine o <strong>cantitate mare de clorofil\u0103<\/strong>, care are un efect de cur\u0103\u021bare \u0219i detoxificare asupra corpului uman. Are propriet\u0103\u021bi aproape miraculoase pentru regenerarea organismului. \u00cen plus, con\u021bine numeroase substan\u021be nutritive, <strong>vitamine<\/strong> (C, E, A, B1, B2, B3, B6, K),<strong> minerale<\/strong> (fier, potasiu, calciu, zinc, seleniu, fosfor, bor, clorur\u0103, crom, cobalt, cupru, iod, fier, magneziu, mangan, nichel), <strong>enzime,<\/strong> <strong>aminoacizi, fitochimicale \u0219i acizi linoleic \u0219i linolenic<\/strong>. Iarba de gr\u00e2u<strong> \u00eent\u0103re\u0219te sistemul imunitar, inhib\u0103 radicalii liberi, stimuleaz\u0103 produc\u021bia de hormon de cre\u0219tere<\/strong> \u0219i, prin urmare, ajut\u0103 la regenerarea \u021besuturilor. De asemenea, <strong>regleaz\u0103 colesterolul din s\u00e2nge \u0219i previne inflama\u021biile \u0219i infec\u021biile<\/strong>. Aplicarea sa pe piele va ajuta la ameliorarea problemelor cu pielea problematic\u0103, acnee \u0219i eczeme, deoarece este antimicrobian\u0103 \u0219i vindec\u0103 mai repede r\u0103nile. De asemenea, ajut\u0103 \u00een cazul m\u00e2nc\u0103rimilor \u0219i al mu\u0219c\u0103turilor de insecte.<\/span><\/p>\n<h2><span style=\"color: #000000\">Depozitare \u0219i avertismente<\/span><\/h2>\n<p><span style=\"color: #000000\">Depozita\u021bi \u00eentr-un loc r\u0103coros \u0219i uscat, la o temperatur\u0103 de p\u00e2n\u0103 la 25 \u00b0C. P\u0103stra\u021bi suplimentul alimentar departe de \u00eendem\u00e2na copiilor!<\/span><\/p>\n<p><span style=\"color: #000000\">Nu uita\u021bi importan\u021ba unei alimenta\u021bii variate \u0219i a unui stil de via\u021b\u0103 s\u0103n\u0103tos, un supliment alimentar nu este, prin urmare, un substitut pentru o diet\u0103 echilibrat\u0103 \u0219i variat\u0103. Cantitatea sau doza zilnic\u0103 recomandat\u0103 nu trebuie s\u0103 fie dep\u0103\u0219it\u0103. Se recomand\u0103 femeilor \u00eens\u0103rcinate \u0219i mamelor care al\u0103pteaz\u0103 s\u0103 nu consume.<\/span><\/p>\n<h2><span style=\"color: #000000\">Ambalaj<\/span><\/h2>\n<p><span style=\"color: #000000\">Pung\u0103 cu fermoar nepermeabil, \u00een care produsul \u00ee\u0219i p\u0103streaz\u0103 toat\u0103 prospe\u021bimea \u0219i aroma. Ambalajul protejeaz\u0103 produsul de lumin\u0103 \u0219i de aer, fiind compus din mai multe straturi de protec\u021bie pentru a p\u0103stra propriet\u0103\u021bile con\u021binutului.<\/span><\/p>\n<p><span style=\"color: #000000\">Ambalajul este foarte practic \u0219i reciclabil.<\/span><\/p>\n<h2><span style=\"color: #000000\">Origine<\/span><\/h2>\n<p><span style=\"color: #000000\">UE (Germania sau \u021a\u0103rile de Jos)<\/span><\/p>\n","protected":false},"excerpt":{"rendered":"<p align=\"JUSTIFY\">Iarba de<strong> gr\u00e2u<\/strong> este, de fapt,<strong> firele de gr\u00e2u t\u00e2n\u0103r<\/strong>. Ca atare, nu con\u021bine gluten, care se g\u0103se\u0219te \u00een spicul de gr\u00e2u &#8211; mai exact, \u00een miezul de gr\u00e2u. Este potrivit\u0103 pentru <strong>detoxifiere \u0219i purificare<\/strong>. Este bogat\u0103 \u00een vitamine, minerale, aminoacizi, enzime, clorofil\u0103, fibre, proteine \u0219i fitonutrien\u021bi.<\/p>\n<p align=\"JUSTIFY\"><span style=\"color: #000000\">\ud83d\udc9a Purific\u0103 \u0219i \u00eembun\u0103t\u0103\u021be\u0219te compozi\u021bia <strong>s\u00e2ngelui<\/strong>.<\/span><br \/>\n<span style=\"color: #000000\">\ud83d\udc9a Sus\u021bine un <strong>colon s\u0103n\u0103tos<\/strong> \u0219i <strong>detoxific\u0103 ficatul<\/strong>.<\/span><br \/>\n<span style=\"color: #000000\">\ud83d\udc9a Are un con\u021binut ridicat de antioxidan\u021bi.<\/span><br \/>\n<span style=\"color: #000000\">\ud83d\udc9a Este o surs\u0103 bogat\u0103 de <strong>clorofil\u0103<\/strong>.<\/span><\/p>\n<p align=\"JUSTIFY\">\n","protected":false},"featured_media":6070,"comment_status":"open","ping_status":"closed","template":"","meta":{"_acf_changed":false},"product_brand":[],"product_cat":[15,222,224,229,225],"product_tag":[],"class_list":{"0":"post-6069","1":"product","2":"type-product","3":"status-publish","4":"has-post-thumbnail","6":"product_cat-uncategorized","7":"product_cat-alge-ierburi","8":"product_cat-oferta","9":"product_cat-superalimente","10":"product_cat-toate-produsele","12":"first","13":"instock","14":"sale","15":"taxable","16":"shipping-taxable","17":"purchasable","18":"product-type-simple"},"acf":[],"_links":{"self":[{"href":"https:\/\/fengchashop.com\/ro\/wp-json\/wp\/v2\/product\/6069","targetHints":{"allow":["GET"]}}],"collection":[{"href":"https:\/\/fengchashop.com\/ro\/wp-json\/wp\/v2\/product"}],"about":[{"href":"https:\/\/fengchashop.com\/ro\/wp-json\/wp\/v2\/types\/product"}],"replies":[{"embeddable":true,"href":"https:\/\/fengchashop.com\/ro\/wp-json\/wp\/v2\/comments?post=6069"}],"wp:featuredmedia":[{"embeddable":true,"href":"https:\/\/fengchashop.com\/ro\/wp-json\/wp\/v2\/media\/6070"}],"wp:attachment":[{"href":"https:\/\/fengchashop.com\/ro\/wp-json\/wp\/v2\/media?parent=6069"}],"wp:term":[{"taxonomy":"product_brand","embeddable":true,"href":"https:\/\/fengchashop.com\/ro\/wp-json\/wp\/v2\/product_brand?post=6069"},{"taxonomy":"product_cat","embeddable":true,"href":"https:\/\/fengchashop.com\/ro\/wp-json\/wp\/v2\/product_cat?post=6069"},{"taxonomy":"product_tag","embeddable":true,"href":"https:\/\/fengchashop.com\/ro\/wp-json\/wp\/v2\/product_tag?post=6069"}],"curies":[{"name":"wp","href":"https:\/\/api.w.org\/{rel}","templated":true}]}}