{"id":6067,"date":"2022-03-03T00:00:00","date_gmt":"2022-03-02T23:00:00","guid":{"rendered":"https:\/\/fengchashop.com\/ro\/product\/kelp-pulbere-bio-250-g\/"},"modified":"2025-09-05T11:51:49","modified_gmt":"2025-09-05T09:51:49","slug":"kelp-pulbere-bio","status":"publish","type":"product","link":"https:\/\/fengchashop.com\/ro\/product\/kelp-pulbere-bio\/","title":{"rendered":"Kelp pulbere BIO 250 g"},"content":{"rendered":"<h2><span style=\"color: #000000;\">Pulbere de kelp BIO<\/span><\/h2>\n<p><span style=\"color: #000000;\">O<strong> alg\u0103 brun\u0103<\/strong> numit\u0103 kelp prosper\u0103 \u00een m\u0103rile reci ale lumii. Este deosebit de bogat\u0103 \u00een minerale, pe care le absoarbe din apa de mare curat\u0103 a celei mai reci m\u0103ri norvegiene. Aceste minerale sunt extrem de importante pentru organismul nostru \u0219i s-a dovedit de multe ori c\u0103, f\u0103r\u0103 o cantitate suficient\u0103, corpul nostru nu func\u021bioneaz\u0103 a\u0219a cum ar trebui, ceea ce duce la diverse boli, at\u00e2t fizice, c\u00e2t \u0219i psihice.<\/span><\/p>\n<p><span style=\"color: #000000;\">Kelp este o comoar\u0103 de aceste minerale, nutrien\u021bi \u0219i substan\u021be active, care au un efect pozitiv asupra organismului nostru, deoarece:<\/span><\/p>\n<p><span style=\"color: #000000;\">\ud83d\udc9a elimin\u0103 din organism, prin intermediul substan\u021belor fitochimice, <strong>elementele radioactive \u0219i metalele nocive<\/strong>, care reprezint\u0103 o problem\u0103 tot mai mare \u00een mediul poluat \u00een care tr\u0103im;<\/span><br \/>\n<span style=\"color: #000000;\">\ud83d\udc9a este una dintre cele mai bogate<strong> surse de iod, care regleaz\u0103 glanda tiroid\u0103,<\/strong> \u00eembun\u0103t\u0103\u021be\u0219te metabolismul \u0219i ajut\u0103 la combaterea excesului de greutate;<\/span><br \/>\n<span style=\"color: #000000;\">\ud83d\udc9a mineralele din alge<strong> \u00eembun\u0103t\u0103\u021besc func\u021bia organelor, \u00een special<\/strong> efectul benefic al amestecului de minerale din alge asupra sistemului cardiovascular;<\/span><br \/>\n<span style=\"color: #000000;\">\ud83d\udc9a este un <strong>prebiotic<\/strong> excelent <strong>,<\/strong> hran\u0103 pentru bacteriile noastre intestinale benefice;<\/span><br \/>\n<span style=\"color: #000000;\">\ud83d\udc9a polizaharidul s\u0103u, xiloza, <strong>neutralizeaz\u0103 bacteriile \u0219i ciupercile<\/strong>;<\/span><br \/>\n<span style=\"color: #000000;\">\ud83d\udc9a alcalinitatea sa \u00eel face foarte util pentru problema comun\u0103 a <strong>acidit\u0103\u021bii,<\/strong> care duce la o stare general\u0103 de r\u0103u;<\/span><br \/>\n<span style=\"color: #000000;\">\ud83d\udc9a este un <strong>antioxidant puternic<\/strong>;<\/span><br \/>\n<span style=\"color: #000000;\">\ud83d\udc9a galactoza este bun\u0103 pentru <strong>memorie<\/strong> \u0219i<strong> vindecarea<\/strong> r\u0103nilor, precum \u0219i pentru oase, datorit\u0103 absorb\u021biei mai bune a calciului.<\/span><\/p>\n<h2><span style=\"color: #000000;\">Ce con\u021bine, de fapt, algele care au un efect at\u00e2t de pozitiv asupra mai multor sisteme ale corpului nostru?<\/span><\/h2>\n<p><span style=\"color: #000000;\">Kelp este o alg\u0103 brun\u0103 folosit\u0103 \u00een mod tradi\u021bional \u00een scopuri nutri\u021bionale \u00een unele locuri, dar \u0219i-a g\u0103sit loc \u0219i \u00een multe manuale de s\u0103n\u0103tate datorit\u0103 faptului c\u0103 este foarte<strong> bogat\u0103 \u00een minerale, aminoacizi, nutrien\u021bi \u0219i substan\u021be active<\/strong>. Dintre minerale, calciul \u0219i magneziul ies cu siguran\u021b\u0103 \u00een eviden\u021b\u0103, dar algele kelp con\u021bin, de asemenea, potasiu, iod, fier, riboflavin\u0103, vitamina B6 \u0219i o mul\u021bime de fibre, de fapt 46 de minerale diferite, 16 aminoacizi \u0219i 11 vitamine \u00een total. Nu este de mirare, a\u0219adar, c\u0103 algele, inclusiv algele kelp, au f\u0103cut obiectul multor cercet\u0103ri \u0219tiin\u021bifice \u00een ultimele decenii. Kelp con\u021bine, de asemenea,<strong> acid glutamic, care<\/strong> \u00eenmoaie alimentele bogate \u00een fibre \u0219i \u00eembun\u0103t\u0103\u021be\u0219te gustul alimentelor pe care le consum\u0103m. Substan\u021bele<strong> fitochimice<\/strong> ajut\u0103 la eliminarea substan\u021belor radioactive \u0219i a metalelor grele, motiv pentru care consumul de alge este recomandat dup\u0103 radioterapie \u0219i chimioterapie. Substan\u021bele fitochimice nu sunt, de fapt, minerale sau aminoacizi, ci sunt substan\u021be active care previn apari\u021bia unor afec\u021biuni. Un exemplu bine cunoscut al unei astfel de substan\u021be active este alicina din usturoi, despre care \u0219tim cu to\u021bii c\u0103 este considerat\u0103 un antibiotic natural. Algele marine brune con\u021bin, de asemenea, dou\u0103 substan\u021be importante, <strong>fucoidanul \u0219i fucoxantina<\/strong>. Prima este considerat\u0103 o bun\u0103 m\u0103sur\u0103 preventiv\u0103 \u00een lupta \u00eempotriva cancerului, iar cea de-a doua \u00een lupta \u00eempotriva supraponderalit\u0103\u021bii \u0219i pentru un metabolism mai bun \u0219i arderea gr\u0103similor.<\/span><\/p>\n<p><span style=\"color: #000000;\">Mineralul cel mai bine reprezentat \u00een alge este<strong> iodul<\/strong>, un mineral de care multe femei (mai ales) sufer\u0103 de o deficien\u021b\u0103. Iodul regleaz\u0103 metabolismul \u0219i func\u021bia tiroidian\u0103, deci ne va ajuta s\u0103 ne \u00eembun\u0103t\u0103\u021bim metabolismul \u0219i s\u0103 ne ajut\u0103m s\u0103 ne control\u0103m greutatea, mai ales cele cauzate de problemele tiroidiene. S\u0103 nu uit\u0103m c\u0103 glanda tiroid\u0103 secret\u0103 hormoni care controleaz\u0103 ritmul proceselor metabolice \u0219i influen\u021beaz\u0103 indirect aproape toate func\u021biile organismului. Prin urmare, este unul dintre cele mai importante organe din corpul nostru, a\u0219a c\u0103 este esen\u021bial s\u0103 avem grij\u0103 de func\u021bionarea sa normal\u0103 \u0219i corect\u0103. Uneori este suficient un aport suficient de iod, care poate fi ob\u021binut prin administrarea regulat\u0103 a unui supliment alimentar natural &#8211; alge. Dac\u0103 ave\u021bi probleme cu tiroida, consulta\u021bi-v\u0103 medicul \u00eenainte de a lua alge. Algele alge bogate \u00een minerale influen\u021beaz\u0103 \u0219i func\u021bionarea altor organe interne, care sunt cruciale pentru lupta eficient\u0103 \u00eempotriva toxinelor \u0219i a radicalilor liberi \u0219i, astfel, au \u0219i un efect de \u00eentinerire.<\/span><\/p>\n<h2><span style=\"color: #000000;\">Depozitare \u0219i avertismente<\/span><\/h2>\n<p><span style=\"color: #000000;\">Depozita\u021bi \u00eentr-un loc r\u0103coros \u0219i uscat, la o temperatur\u0103 de p\u00e2n\u0103 la 25 \u00b0C. P\u0103stra\u021bi suplimentul alimentar departe de accesul copiilor!<\/span><\/p>\n<p><span style=\"color: #000000;\">Nu uita\u021bi importan\u021ba unei diete variate \u0219i a unui stil de via\u021b\u0103 s\u0103n\u0103tos, un supliment alimentar nu este, prin urmare, un substitut pentru o diet\u0103 echilibrat\u0103 \u0219i variat\u0103. Cantitatea sau doza zilnic\u0103 recomandat\u0103 nu trebuie s\u0103 fie dep\u0103\u0219it\u0103. Femeile \u00eens\u0103rcinate \u0219i cele care al\u0103pteaz\u0103 sunt \u00eentotdeauna sf\u0103tuite s\u0103 consulte un medic \u00eenainte de utilizare.<\/span><\/p>\n<h2><span style=\"color: #000000;\">Ambalaj<\/span><\/h2>\n<p><span style=\"color: #000000;\">Pung\u0103 cu fermoar nepermeabil, \u00een care produsul \u00ee\u0219i p\u0103streaz\u0103 toat\u0103 prospe\u021bimea \u0219i aroma. Ambalajul protejeaz\u0103 produsul de lumin\u0103 \u0219i de aer, deoarece este compus din mai multe straturi de protec\u021bie pentru a p\u0103stra propriet\u0103\u021bile con\u021binutului.<\/span><\/p>\n<p><span style=\"color: #000000;\">Ambalajul este foarte practic \u0219i reciclabil.<\/span><\/p>\n<h2><span style=\"color: #000000;\">Origine<\/span><\/h2>\n<p><span style=\"color: #000000;\">Norvegia sau Canada<\/span><\/p>\n","protected":false},"excerpt":{"rendered":"<p align=\"JUSTIFY\">O <strong>alg\u0103 brun\u0103<\/strong> numit\u0103 <strong>varec<\/strong> se dezvolt\u0103 \u00een m\u0103rile reci ale lumii. Ea este deosebit de bogat\u0103 \u00een minerale, pe care le absoarbe din apa curat\u0103 a celei mai reci m\u0103ri norvegiene. Aceste minerale sunt extrem de importante pentru organismul nostru \u0219i s-a dovedit de multe ori c\u0103, f\u0103r\u0103 o cantitate suficient\u0103, corpul nostru nu func\u021bioneaz\u0103 a\u0219a cum ar trebui \u0219i, ca urmare, apar diverse boli, at\u00e2t fizice, c\u00e2t \u0219i psihice.<\/p>\n<p align=\"JUSTIFY\"><span style=\"color: #000000;\">\ud83d\udc9a Elimin\u0103 <strong>elementele radioactive<\/strong> \u0219i<strong> metalele d\u0103un\u0103toare<\/strong> din organism cu ajutorul unor substan\u021be fitochimice.<\/span><br \/>\n<span style=\"color: #000000;\">\ud83d\udc9a Este una dintre cele mai bogate <strong>surse de iod<\/strong>, care <strong>regleaz\u0103 glanda tiroid\u0103<\/strong>.<\/span><br \/>\n<span style=\"color: #000000;\">\ud83d\udc9a Este un excelent <strong>prebiotic<\/strong>, hran\u0103 pentru bacteriile noastre intestinale benefice.<\/span><br \/>\n<span style=\"color: #000000;\">\ud83d\udc9a Este o surs\u0103 bogat\u0103 de proteine vegetale.<\/span><\/p>\n<p align=\"JUSTIFY\">\n","protected":false},"featured_media":5901,"comment_status":"open","ping_status":"closed","template":"","meta":{"_acf_changed":false},"product_brand":[],"product_cat":[15,222,224,229,225],"product_tag":[],"class_list":{"0":"post-6067","1":"product","2":"type-product","3":"status-publish","4":"has-post-thumbnail","6":"product_cat-uncategorized","7":"product_cat-alge-ierburi","8":"product_cat-oferta","9":"product_cat-superalimente","10":"product_cat-toate-produsele","12":"first","13":"instock","14":"taxable","15":"shipping-taxable","16":"purchasable","17":"product-type-simple"},"acf":[],"_links":{"self":[{"href":"https:\/\/fengchashop.com\/ro\/wp-json\/wp\/v2\/product\/6067","targetHints":{"allow":["GET"]}}],"collection":[{"href":"https:\/\/fengchashop.com\/ro\/wp-json\/wp\/v2\/product"}],"about":[{"href":"https:\/\/fengchashop.com\/ro\/wp-json\/wp\/v2\/types\/product"}],"replies":[{"embeddable":true,"href":"https:\/\/fengchashop.com\/ro\/wp-json\/wp\/v2\/comments?post=6067"}],"wp:featuredmedia":[{"embeddable":true,"href":"https:\/\/fengchashop.com\/ro\/wp-json\/wp\/v2\/media\/5901"}],"wp:attachment":[{"href":"https:\/\/fengchashop.com\/ro\/wp-json\/wp\/v2\/media?parent=6067"}],"wp:term":[{"taxonomy":"product_brand","embeddable":true,"href":"https:\/\/fengchashop.com\/ro\/wp-json\/wp\/v2\/product_brand?post=6067"},{"taxonomy":"product_cat","embeddable":true,"href":"https:\/\/fengchashop.com\/ro\/wp-json\/wp\/v2\/product_cat?post=6067"},{"taxonomy":"product_tag","embeddable":true,"href":"https:\/\/fengchashop.com\/ro\/wp-json\/wp\/v2\/product_tag?post=6067"}],"curies":[{"name":"wp","href":"https:\/\/api.w.org\/{rel}","templated":true}]}}