{"id":6063,"date":"2022-03-03T00:00:00","date_gmt":"2022-03-02T23:00:00","guid":{"rendered":"https:\/\/fengchashop.com\/ro\/product\/chlorella-tablete-bio-250-g\/"},"modified":"2026-04-29T01:08:49","modified_gmt":"2026-04-28T23:08:49","slug":"chlorella-tablete-bio","status":"publish","type":"product","link":"https:\/\/fengchashop.com\/ro\/product\/chlorella-tablete-bio\/","title":{"rendered":"Chlorella tablete BIO 250 g"},"content":{"rendered":"<h2><span style=\"color: #000000\">Chlorella tablete BIO<\/span><\/h2>\n<p><span style=\"color: #000000\">Planta cea mai bogat\u0103 \u00een clorofil\u0103 care se dezvolt\u0103 \u00een apele dulci din \u00eentreaga lume se nume\u0219te Chlorella. Chlorella are multe beneficii pentru s\u0103n\u0103tate. Are o culoare verde str\u0103lucitor distinctiv \u0219i multe beneficii pentru s\u0103n\u0103tate. Este cunoscut\u0103 \u00een primul r\u00e2nd ca o alg\u0103<strong> extrem de bogat\u0103 \u00een proteine<\/strong> \u0219i are o structur\u0103 bogat\u0103 \u0219i, mai ales, echilibrat\u0103, ideal\u0103. De asemenea, este considerat\u0103 un <strong>detoxifiant excelent<\/strong> datorit\u0103 con\u021binutului s\u0103u de beta-caroten. <strong>Ea ne cur\u0103\u021b\u0103 de substan\u021bele nocive rezultate din mediul poluat \u0219i din alimentele<\/strong> pe care le consum\u0103m (pesticide, erbicide, metale grele).<\/span><\/p>\n<p><span style=\"color: #000000\">Este o alg\u0103 verde de dimensiuni microscopice, cu o structur\u0103 echilibrat\u0103 \u0219i, prin urmare, cu mai multe beneficii:<\/span><\/p>\n<p><span style=\"color: #000000\">\ud83d\udc9a<strong> Cantitatea mare de clorofil\u0103<\/strong> joac\u0103 un rol important \u00een detoxifierea organismului,<\/span><br \/>\n<span style=\"color: #000000\">\ud83d\udc9a produce<strong> proteina interferon, care este important\u0103 pentru func\u021bionarea optim\u0103 a sistemului imunitar<\/strong>,<\/span><br \/>\n<span style=\"color: #000000\">\ud83d\udc9a a <strong>re un con\u021binut ridicat de proteine, de<\/strong> aproximativ 55%,<\/span><br \/>\n<span style=\"color: #000000\">\ud83d\udc9a con\u021bine <strong>carbohidra\u021bi<\/strong> esen\u021biali <strong>, proteine, enzime, minerale \u0219i vitamine<\/strong>.<\/span><\/p>\n<p><span style=\"color: #000000\">Chlorella \u0219i alte alge marine sunt cel mai frecvent consumate sub form\u0103 de pulbere. Cu toate acestea, oferim Chlorella \u0219i sub form\u0103 de comprimate.<\/span><\/p>\n<p><span style=\"color: #000000\">Chlorella noastr\u0103 este cultivat\u0103 organic.<\/span><\/p>\n<h2><span style=\"color: #000000\">De ce este chlorella at\u00e2t de bun\u0103 pentru organismul uman?<\/span><\/h2>\n<p><span style=\"color: #000000\">Chlorella este bogat\u0103<strong> \u00een antioxidan\u021bi \u0219i clorofil\u0103, care<\/strong> leag\u0103 toxinele din organism \u0219i joac\u0103 un rol extrem de purificator \u0219i detoxifiant \u00een corpul uman. Ea cur\u0103\u021b\u0103 s\u00e2ngele, precum \u0219i ficatul \u0219i \u00eentregul tract digestiv. Aceasta \u00eembun\u0103t\u0103\u021be\u0219te, de asemenea, digestia \u0219i este ajutat\u0103 de<strong> enzima<\/strong> digestiv\u0103<strong> pepsin\u0103<\/strong>, care este produs\u0103 \u00een chlorella \u0219i care este implicat\u0103 \u00een sistemul digestiv. Chlorella con\u021bine 18 aminoacizi, dintre care 8 sunt esen\u021biali, ceea ce \u00eenseamn\u0103 c\u0103 are o compozi\u021bie proteic\u0103 ideal\u0103. De asemenea, este plin\u0103 de vitamine \u0219i minerale, cum ar fi vitaminele B, vitaminele C, E \u0219i K, precum \u0219i fier, calciu, magneziu, fosfor \u0219i, bine\u00een\u021beles, iod.<\/span><\/p>\n<p><span style=\"color: #000000\">Este cunoscut\u0103 \u0219i ca o alg\u0103 <strong>digestiv\u0103<\/strong>, deoarece ajut\u0103 la promovarea cre\u0219terii bacteriilor bune din intestine \u0219i a unei flore intestinale bune. Datorit\u0103 con\u021binutului s\u0103u ridicat de clorofil\u0103,<strong> cur\u0103\u021b\u0103 intestinele, ficatul \u0219i s\u00e2ngele<\/strong>. De asemenea, detoxific\u0103 \u00eentregul organism \u0219i ajut\u0103 \u00een cazul constipa\u021biei. S\u00e2ngele curat \u0219i o digestie bun\u0103 au, de asemenea, un efect pozitiv asupra aspectului \u0219i s\u0103n\u0103t\u0103\u021bii pielii noastre &#8211; cel mai mare organ al nostru. Chlorella poate ajuta, de asemenea, la combaterea<strong> candida<\/strong>.<\/span><\/p>\n<p><span style=\"color: #000000\">Chlorella con\u021bine <strong>mult fier, care<\/strong> este absorbit rapid de organism \u0219i folosit pentru celulele ro\u0219ii din s\u00e2ngele s\u0103u. \u00cen acest fel, are un efect pozitiv asupra problemelor de anemie, oboseal\u0103, surmenaj \u0219i stare de r\u0103u. Are, de asemenea, un efect benefic asupra persoanelor care se recupereaz\u0103 \u00een urma unor boli de lung\u0103 durat\u0103.<\/span><\/p>\n<p><span style=\"color: #000000\">Factorul de cre\u0219tere Chlorella<strong> favorizeaz\u0103 regenerarea celular\u0103<\/strong>, astfel \u00eenc\u00e2t r\u0103nile se vor vindeca mai repede, ve\u021bi fi mai rezistent la infec\u021bii \u0219i ve\u021bi avea mai mult\u0103 energie.<\/span><\/p>\n<h2><span style=\"color: #000000\">Cui se adreseaz\u0103 Chlorella?<\/span><\/h2>\n<p><span style=\"color: #000000\">La fel ca spirulina, chlorella este un supliment nutritiv excelent pentru toat\u0103 lumea, dar este deosebit de util\u0103 pentru cei care nu consum\u0103 carne sau produse din carne, pentru persoanele subnutrite, pentru persoanele \u00een v\u00e2rst\u0103 \u0219i pentru bolnavi. De asemenea, este potrivit\u0103 pentru persoanele care nu consum\u0103 suficiente legume verzi proaspete de \u00eenalt\u0103 calitate. De asemenea, este potrivit pentru femeile \u00eens\u0103rcinate \u0219i pentru mamele care al\u0103pteaz\u0103 \u0219i care au adesea un s\u00e2nge s\u0103rac sau un nivel sc\u0103zut de fier \u00een s\u00e2nge. De asemenea, este potrivit pentru sportivi, deoarece faciliteaz\u0103 absorb\u021bia substan\u021belor nutritive.<\/span><\/p>\n<p><span style=\"color: #000000\">De asemenea, este potrivit pentru persoanele care sunt expuse la stres excesiv \u0219i, prin urmare, au dificult\u0103\u021bi de concentrare.<\/span><\/p>\n<p><span style=\"color: #000000\">Este potrivit\u0103 pentru persoanele care doresc s\u0103 \u00ee\u0219i men\u021bin\u0103 greutatea sau s\u0103 sl\u0103beasc\u0103, iar chlorella este un companion excelent pentru diverse diete (de sl\u0103bire). Regleaz\u0103 digestia \u0219i ne <strong>umple de nutrien\u021bi importan\u021bi<\/strong>.<\/span><\/p>\n<h2><span style=\"color: #000000\">Depozitare \u0219i avertismente<\/span><\/h2>\n<p><span style=\"color: #000000\">A se depozita \u00eentr-un loc r\u0103coros \u0219i uscat, la o temperatur\u0103 de p\u00e2n\u0103 la 25 \u00b0C. P\u0103stra\u021bi suplimentul alimentar departe de accesul copiilor!<\/span><\/p>\n<p><span style=\"color: #000000\">Nu uita\u021bi importan\u021ba unei diete variate \u0219i a unui stil de via\u021b\u0103 s\u0103n\u0103tos, un supliment alimentar nu este, prin urmare, un substitut pentru o diet\u0103 echilibrat\u0103 \u0219i variat\u0103. Cantitatea sau doza zilnic\u0103 recomandat\u0103 nu trebuie s\u0103 fie dep\u0103\u0219it\u0103. Femeile \u00eens\u0103rcinate \u0219i cele care al\u0103pteaz\u0103 sunt \u00eentotdeauna sf\u0103tuite s\u0103 consulte un medic \u00eenainte de utilizare.<\/span><\/p>\n<p><span style=\"color: #000000\">Chlorella poate con\u021bine sulfi\u021bi, care sunt prezen\u021bi \u00een mod natural \u00een alge.<\/span><\/p>\n<h2><span style=\"color: #000000\">Ambalaj<\/span><\/h2>\n<p><span style=\"color: #000000\">Pung\u0103 cu fermoar nepermeabil \u00een care produsul \u00ee\u0219i p\u0103streaz\u0103 toat\u0103 prospe\u021bimea \u0219i aroma. Ambalajul protejeaz\u0103 \u00eempotriva luminii \u0219i a aerului, fiind compus din mai multe straturi de protec\u021bie care p\u0103streaz\u0103 propriet\u0103\u021bile con\u021binutului.<\/span><\/p>\n<p><span style=\"color: #000000\">Ambalajul este foarte practic \u0219i reciclabil.<\/span><\/p>\n<h2><span style=\"color: #000000\">Origine<\/span><\/h2>\n<p><span style=\"color: #000000\">China. Avem furnizori de mare \u00eencredere care ne trimit o analiz\u0103 chimic\u0103 detaliat\u0103 a alimentelor pentru fiecare lot. \u00cen mai bine de zece ani, nu am avut nicio rechemare sau alte probleme cu acest produs, nici cu alte produse de la acela\u0219i furnizor.<\/span><\/p>\n<p><span style=\"color: #000000\">Articolul este 100% certificat organic.<\/span><\/p>\n","protected":false},"excerpt":{"rendered":"<p align=\"JUSTIFY\">Planta cea mai bogat\u0103 \u00een clorofil\u0103 care se dezvolt\u0103 \u00een apele dulci din \u00eentreaga lume se nume\u0219te Chlorella. Chlorella are multe beneficii pentru s\u0103n\u0103tate. Este cunoscut\u0103 \u00een primul r\u00e2nd ca o alg\u0103 extrem de bogat\u0103 \u00een proteine \u0219i are o structur\u0103 bogat\u0103 \u0219i, mai ales, echilibrat\u0103, ideal\u0103. De asemenea, este considerat\u0103 un detoxifiant excelent datorit\u0103 con\u021binutului s\u0103u de beta-caroten. Ea ne cur\u0103\u021b\u0103 de substan\u021bele nocive rezultate din mediul poluat \u0219i din alimentele pe care le consum\u0103m (pesticide, erbicide, metale grele).<\/p>\n<p align=\"JUSTIFY\"><span style=\"color: #000000\">\ud83d\udc9a Ajut\u0103 la detoxifierea organismului.<\/span><br \/>\n<span style=\"color: #000000\">\ud83d\udc9a Are un con\u021binut ridicat de antioxidan\u021bi \u0219i clorofil\u0103.<\/span><br \/>\n<span style=\"color: #000000\">\ud83d\udc9a Cur\u0103\u021b\u0103 intestinele, ficatul \u0219i s\u00e2ngele.<\/span><br \/>\n<span style=\"color: #000000\">\ud83d\udc9a Este o surs\u0103 bogat\u0103 de proteine vegetale.<\/span><\/p>\n<p align=\"JUSTIFY\">\n","protected":false},"featured_media":6064,"comment_status":"open","ping_status":"closed","template":"","meta":{"_acf_changed":false},"product_brand":[],"product_cat":[15,222,224,238,229,225],"product_tag":[],"class_list":{"0":"post-6063","1":"product","2":"type-product","3":"status-publish","4":"has-post-thumbnail","6":"product_cat-uncategorized","7":"product_cat-alge-ierburi","8":"product_cat-oferta","9":"product_cat-oferte-bune","10":"product_cat-superalimente","11":"product_cat-toate-produsele","13":"first","14":"instock","15":"sale","16":"taxable","17":"shipping-taxable","18":"purchasable","19":"product-type-simple"},"acf":[],"_links":{"self":[{"href":"https:\/\/fengchashop.com\/ro\/wp-json\/wp\/v2\/product\/6063","targetHints":{"allow":["GET"]}}],"collection":[{"href":"https:\/\/fengchashop.com\/ro\/wp-json\/wp\/v2\/product"}],"about":[{"href":"https:\/\/fengchashop.com\/ro\/wp-json\/wp\/v2\/types\/product"}],"replies":[{"embeddable":true,"href":"https:\/\/fengchashop.com\/ro\/wp-json\/wp\/v2\/comments?post=6063"}],"wp:featuredmedia":[{"embeddable":true,"href":"https:\/\/fengchashop.com\/ro\/wp-json\/wp\/v2\/media\/6064"}],"wp:attachment":[{"href":"https:\/\/fengchashop.com\/ro\/wp-json\/wp\/v2\/media?parent=6063"}],"wp:term":[{"taxonomy":"product_brand","embeddable":true,"href":"https:\/\/fengchashop.com\/ro\/wp-json\/wp\/v2\/product_brand?post=6063"},{"taxonomy":"product_cat","embeddable":true,"href":"https:\/\/fengchashop.com\/ro\/wp-json\/wp\/v2\/product_cat?post=6063"},{"taxonomy":"product_tag","embeddable":true,"href":"https:\/\/fengchashop.com\/ro\/wp-json\/wp\/v2\/product_tag?post=6063"}],"curies":[{"name":"wp","href":"https:\/\/api.w.org\/{rel}","templated":true}]}}