{"id":6057,"date":"2022-03-03T20:05:37","date_gmt":"2022-03-03T19:05:37","guid":{"rendered":"https:\/\/fengchashop.com\/ro\/product\/maca-pulbere-bio-500-g\/"},"modified":"2026-04-30T17:24:09","modified_gmt":"2026-04-30T15:24:09","slug":"mac-pulbere-bio","status":"publish","type":"product","link":"https:\/\/fengchashop.com\/ro\/product\/mac-pulbere-bio\/","title":{"rendered":"Maca pulbere BIO 500 g"},"content":{"rendered":"<h2><span style=\"color: #000000;\">Maca pulbere BIO<\/span><\/h2>\n<p><span style=\"color: #000000;\">Maca este o plant\u0103 r\u0103d\u0103cin\u0103 care se dezvolt\u0103 \u00een mun\u021bii peruani \u0219i andini, expus\u0103 la condi\u021bii meteorologice extreme \u0219i la diferen\u021be mari de temperatur\u0103 \u00eentre zi \u0219i noapte. Se mai nume\u0219te \u0219i <strong>ginseng peruvian<\/strong>. Deoarece este practic invincibil\u0103 din punct de vedere al supravie\u021buirii, vechii inca\u0219i au exploatat propriet\u0103\u021bile sale active, care sunt deosebit de bune pentru poten\u021ba sexual\u0103 masculin\u0103 \u0219i au un efect benefic asupra s\u0103n\u0103t\u0103\u021bii generale. Tocmai din acest ultim motiv este considerat un superaliment extrem de valoros.<\/span><\/p>\n<p><span style=\"color: #000000;\">Partea medicinal\u0103 a m\u0103ce\u0219ului este tuberculul, care<strong> con\u021bine multe vitamine, minerale \u0219i aminoacizi<\/strong>. Datorit\u0103 propriet\u0103\u021bilor sale asem\u0103n\u0103toare cu cele hormonale, acesta regleaz\u0103 nivelul de estrogen \u0219i progesteron, sau de testosteron, care au un efect benefic asupra bun\u0103st\u0103rii noastre \u0219i ne confer\u0103 for\u021b\u0103 \u0219i rezisten\u021b\u0103. Con\u021binutul s\u0103u de vitamine importante, cum ar fi vitamina B1, B12, C \u0219i E, precum \u0219i de acizi gra\u0219i, minerale \u0219i aminoacizi (dintre care 7 esen\u021biali &#8211; cei de care are nevoie organismul nostru), face din maca unul dintre cele mai eficiente, dorite \u0219i recomandate superalimente naturale, cu o tradi\u021bie de mii de ani.<\/span><\/p>\n<p><span style=\"color: #000000;\">Este o<strong> plant\u0103 adaptogen\u0103<\/strong> care <strong>cre\u0219te energia, rezisten\u021ba, vitalitatea \u0219i for\u021ba fizic\u0103<\/strong>. Ea ne ajut\u0103 s\u0103 r\u0103spundem mai u\u0219or la stres \u0219i s\u0103 ne adapt\u0103m mai u\u0219or la schimb\u0103ri. Ea este mai abundent\u0103 \u00een Anzii din centrul Peru, \u00een condi\u021bii aspre \u0219i la altitudini foarte mari &#8211; peste 4000 de metri. Este o legum\u0103 crucifer\u0103, ca \u0219i broccoli, conopida, napii, varza, varza, varza kale \u0219i ridichile. Cea mai comestibil\u0103 parte a plantei este r\u0103d\u0103cina sau tuberculul. Acesta este disponibil \u00een mai multe culori, de la alb la negru. Cele mai populare culori sunt <strong>galben, ro\u0219u \u0219i negru<\/strong>. Maca galben\u0103 simpl\u0103 este folosit\u0103 pentru consumul zilnic \u0219i pe termen lung. Maca ro\u0219ie \u0219i neagr\u0103 sunt considerate soiuri sacre \u0219i sunt folosite pentru probleme terapeutice cronice.<\/span><\/p>\n<p><span style=\"color: #000000;\">Are un gust foarte dulce \u0219i o gam\u0103 larg\u0103 de utiliz\u0103ri.<\/span><\/p>\n<p><span style=\"color: #000000;\">Maca noastr\u0103 este<strong> 100% organic\u0103<\/strong>.<\/span><\/p>\n<h2><span style=\"color: #000000;\">Care sunt propriet\u0103\u021bile cheie pe care ni le ofer\u0103 maca?<\/span><\/h2>\n<p><span style=\"color: #000000;\"><strong>Este foarte hr\u0103nitoare<\/strong><\/span><\/p>\n<p><span style=\"color: #000000;\">Maca este o surs\u0103 excelent\u0103 de mai multe vitamine \u0219i minerale importante, cum ar fi vitamina C, A, E, B2, B6, B12, cupru, magneziu, seleniu, calciu, potasiu, sodiu, fosfor, mangan \u0219i fier. Este o surs\u0103 bun\u0103 de carbohidra\u021bi, aminoacizi, gr\u0103simi \u0219i con\u021bine o cantitate semnificativ\u0103 de fibre \u0219i al\u021bi fitonutrien\u021bi. De asemenea, con\u021bine diver\u0219i compu\u0219i vegetali, cum ar fi glucosinola\u021bi, polifenoli \u0219i fitosteroli, care inhib\u0103 absorb\u021bia colesterolului \u0219i pot chiar s\u0103 scad\u0103 nivelul acestuia \u00een s\u00e2nge.<\/span><\/p>\n<p><span style=\"color: #000000;\"><strong>Cre\u0219te libidoul<\/strong><\/span><\/p>\n<p><span style=\"color: #000000;\">Cre\u0219te apetitul sexual at\u00e2t la b\u0103rba\u021bi, c\u00e2t \u0219i la femei. Este un afrodisiac natural. Elimin\u0103 disfunc\u021biile erectile. Maca este eficient\u0103 \u00een \u00eembun\u0103t\u0103\u021birea dorin\u021bei sexuale, iar aceast\u0103 afirma\u021bie este sus\u021binut\u0103 de diverse studii. Un studiu din 2010 care a implicat patru studii clinice cu un total de 131 de participan\u021bi a ar\u0103tat c\u0103 maca \u00eembun\u0103t\u0103\u021be\u0219te dorin\u021ba sexual\u0103 dup\u0103 cel pu\u021bin \u0219ase s\u0103pt\u0103m\u00e2ni de consum. Un alt studiu a ar\u0103tat c\u0103 maca reduce disfunc\u021biile sexuale cauzate de medicamentele utilizate pentru tratarea depresiei.<\/span><\/p>\n<p><span style=\"color: #000000;\"><strong>Cre\u0219te fertilitatea<\/strong><\/span><\/p>\n<p><span style=\"color: #000000;\">Maca cre\u0219te fertilitatea at\u00e2t la b\u0103rba\u021bi, c\u00e2t \u0219i la femei. O analiz\u0103 a cinci studii mici a ar\u0103tat c\u0103 maca cre\u0219te produc\u021bia de sperm\u0103 \u0219i \u00eembun\u0103t\u0103\u021be\u0219te calitatea materialului seminal la b\u0103rba\u021bii infertili, dar s\u0103n\u0103to\u0219i \u00een rest. Dup\u0103 patru luni de consum de maca, volumul, num\u0103rul \u0219i mi\u0219carea spermatozoizilor au crescut. La femei, aceasta regleaz\u0103 ciclul menstrual \u0219i amelioreaz\u0103 simptomele sindromului premenstrual \u0219i durerile menstruale.<\/span><\/p>\n<p><span style=\"color: #000000;\"><strong>Reduce dimensiunea prostatei<\/strong><\/span><\/p>\n<p><span style=\"color: #000000;\">Unele studii au ar\u0103tat c\u0103 maca ro\u0219ie reduce dimensiunea prostatei, deoarece con\u021bine o cantitate mare de glucosinola\u021bi. Ace\u0219tia sunt, de asemenea, asocia\u021bi cu un risc mai mic de cancer de prostat\u0103 \u0219i cu o prostat\u0103 mai s\u0103n\u0103toas\u0103.<\/span><\/p>\n<p><span style=\"color: #000000;\"><strong>Echilibru hormonal<\/strong><\/span><\/p>\n<p><span style=\"color: #000000;\">Sus\u021bine sistemul endocrin, care, printre altele, transport\u0103 oxigenul \u00een jurul corpului. Stimuleaz\u0103 buna func\u021bionare a glandelor (hipotalamus, glanda pituitar\u0103, glanda suprarenal\u0103, glanda tiroid\u0103) \u0219i, astfel, stimuleaz\u0103 produc\u021bia de hormoni (progesteron, testosteron, DHEA) \u0219i regleaz\u0103 func\u021bionarea \u00eentregului sistem hormonal. Buna func\u021bionare a sistemului endocrin este, de asemenea, legat\u0103 de buna func\u021bionare a sistemului imunitar. Dac\u0103 echilibrul undeva \u00een sistemul endocrin este perturbat, capacitatea mecanismului nostru de ap\u0103rare este redus\u0103.<\/span><\/p>\n<p><span style=\"color: #000000;\"><strong>Amelioreaz\u0103 simptomele menopauzei \u0219i ale andropauzei (menopauza masculin\u0103)<\/strong><\/span><\/p>\n<p><span style=\"color: #000000;\">Sc\u0103derea natural\u0103 a estrogenului care are loc \u00een timpul menopauzei poate provoca o serie de simptome nepl\u0103cute, cum ar fi bufeuri, usc\u0103ciune vaginal\u0103, schimb\u0103ri de dispozi\u021bie, probleme de somn \u0219i iritabilitate. Un studiu efectuat pe femei aflate la menopauz\u0103 a constatat c\u0103 maca a ajutat la ameliorarea simptomelor menopauzei, inclusiv bufeuri \u0219i probleme de somn. Maca ajut\u0103, de asemenea, la protejarea s\u0103n\u0103t\u0103\u021bii oaselor \u0219i reduce riscul de osteoporoz\u0103. Ea \u00eencetine\u0219te procesul de \u00eemb\u0103tr\u00e2nire.<\/span><\/p>\n<p><span style=\"color: #000000;\"><strong>\u00cembun\u0103t\u0103\u021be\u0219te starea de spirit<\/strong><\/span><\/p>\n<p><span style=\"color: #000000;\">Mai multe studii au ar\u0103tat deja c\u0103 maca poate \u00eembun\u0103t\u0103\u021bi starea de spirit \u0219i bun\u0103starea mental\u0103, deoarece con\u021bine flavonide. De asemenea, reduce anxietatea \u0219i simptomele depresiei, \u00een special la femeile aflate la menopauz\u0103. Ajut\u0103 la reducerea stresului \u0219i a tensiunii nervoase prin cre\u0219terea cantit\u0103\u021bii de oxigen din s\u00e2nge.<\/span><\/p>\n<p><span style=\"color: #000000;\"><strong>Cre\u0219te energia \u0219i performan\u021ba sportiv\u0103<\/strong><\/span><\/p>\n<p><span style=\"color: #000000;\">Maca este folosit\u0103 \u0219i de sportivi. Ea ne ajut\u0103 s\u0103 c\u00e2\u0219tig\u0103m mas\u0103 muscular\u0103, s\u0103 cre\u0219tem for\u021ba, energia, rezisten\u021ba \u0219i s\u0103 \u00eembun\u0103t\u0103\u021bim performan\u021ba la efort. Consumul de maca poate \u00eembun\u0103t\u0103\u021bi performan\u021ba la efort, mai ales \u00een timpul antrenamentelor de anduran\u021b\u0103. Ajut\u0103 \u00een cazul oboselii cronice. Cre\u0219te vitalitatea organismului \u0219i energia mental\u0103 \u0219i fizic\u0103.<\/span><\/p>\n<p><span style=\"color: #000000;\"><strong>Are un efect bun asupra \u00eenv\u0103\u021b\u0103rii \u0219i memoriei<\/strong><\/span><\/p>\n<p><span style=\"color: #000000;\">Maca poate \u00eembun\u0103t\u0103\u021bi func\u021bia cerebral\u0103 \u0219i are un efect benefic asupra \u00eenv\u0103\u021b\u0103rii, concentr\u0103rii \u0219i memoriei. \u00cen mod tradi\u021bional, a fost folosit\u0103 de popula\u021bia indigen\u0103 din Peru pentru a \u00eembun\u0103t\u0103\u021bi performan\u021bele copiilor la \u0219coal\u0103. \u00cen acest caz, maca neagr\u0103 s-a dovedit a fi cea mai eficient\u0103.<\/span><\/p>\n<h2><span style=\"color: #000000;\">La ce probleme ajut\u0103 sau pentru cine este recomandat\u0103?<\/span><\/h2>\n<p><span style=\"color: #000000;\">Maca este o plant\u0103 adaptogen\u0103, ceea ce \u00eenseamn\u0103 c\u0103 se adapteaz\u0103 la nevoile individului. Adaptogenele \u00eent\u0103resc sistemele de organe (respirator, digestiv, urinar etc.), dar nu le suprastimuleaz\u0103 \u0219i nu le afecteaz\u0103 \u00een niciun fel func\u021bionarea. Adaptogenii sunt recomanda\u021bi persoanelor care au nevoie de ajutor pentru:<\/span><\/p>\n<p><span style=\"color: #000000;\">\ud83d\udc9a dep\u0103\u0219irea problemelor legate de <strong>schimb\u0103rile de dispozi\u021bie<\/strong>,<\/span><br \/>\n<span style=\"color: #000000;\">\ud83d\udc9a infertilitatea \u0219i problemele legate de<strong> menopauz\u0103<\/strong>,<\/span><br \/>\n<span style=\"color: #000000;\">\ud83d\udc9a ob\u021binerea unor <strong>performan\u021be mentale \u0219i fizice<\/strong> mai mari,<\/span><br \/>\n<span style=\"color: #000000;\">\ud83d\udc9a cre\u0219terea <strong>poten\u021bei sexuale<\/strong>,<\/span><br \/>\n<span style=\"color: #000000;\">\ud83d\udc9a multe alte probleme de s\u0103n\u0103tate.<\/span><\/p>\n<h2><span style=\"color: #000000;\">De ce s\u0103 comanda\u021bi maca noastr\u0103?<\/span><\/h2>\n<p><span style=\"color: #000000;\">Pulberea noastr\u0103 de maca provine din <strong>produc\u021bia organic\u0103 controlat\u0103,<\/strong> uscat\u0103 cu grij\u0103 \u0219i m\u0103cinat\u0103 \u00eentr-o pudr\u0103 asem\u0103n\u0103toare f\u0103inii. \u00cen plus, ne asigur\u0103m \u00een mod regulat c\u0103 proviziile noastre de maca sunt \u00eentotdeauna <strong>proaspete!<\/strong> Acesta este, de asemenea, motivul pentru care preg\u0103tim noi \u00een\u0219ine cu aten\u021bie amestecul, deoarece aceasta este singura modalitate de a asigura integritatea acestuia cu ingrediente proaspete \u00een propor\u021biile potrivite.<\/span><\/p>\n<p><span style=\"color: #000000;\">Maca provine de la<strong> fermele organice<\/strong> din mun\u021bii \u00eenal\u021bi din Peru. Am analizat \u0219i validat fiecare lot.<\/span><\/p>\n<h2><span style=\"color: #000000;\">Valori nutri\u021bionale<\/span><\/h2>\n<p><span style=\"color: #000000;\">Valori nutri\u021bionale medii la 100 g de maca: energie: 1431 kJ\/342 kcal; gr\u0103simi: 1 g, din care saturate: 1 g; carbohidra\u021bi: 69,8 g, din care zaharuri: 30 g; proteine: 13,72 g \u0219i s\u0103ruri: &lt;0,1 g.<\/span><\/p>\n<h2><span style=\"color: #000000;\">Depozitare \u0219i avertismente<\/span><\/h2>\n<p><span style=\"color: #000000;\">A se depozita \u00eentr-un loc r\u0103coros \u0219i uscat, la o temperatur\u0103 de p\u00e2n\u0103 la 25 \u00b0C. P\u0103stra\u021bi suplimentul alimentar departe de accesul copiilor!<\/span><\/p>\n<p><span style=\"color: #000000;\">Nu uita\u021bi importan\u021ba unei diete variate \u0219i a unui stil de via\u021b\u0103 s\u0103n\u0103tos, un supliment alimentar nu este, prin urmare, un substitut pentru o diet\u0103 echilibrat\u0103 \u0219i variat\u0103. Cantitatea sau doza zilnic\u0103 recomandat\u0103 nu trebuie s\u0103 fie dep\u0103\u0219it\u0103. Femeile \u00eens\u0103rcinate \u0219i cele care al\u0103pteaz\u0103 sunt \u00eentotdeauna sf\u0103tuite s\u0103 consulte un medic \u00eenainte de utilizare.<\/span><\/p>\n<h2><span style=\"color: #000000;\">Ambalaj<\/span><\/h2>\n<p><span style=\"color: #000000;\">Pung\u0103 cu fermoar nepermeabil \u00een care produsul \u00ee\u0219i p\u0103streaz\u0103 toat\u0103 prospe\u021bimea \u0219i aroma. Ambalajul protejeaz\u0103 produsul de lumin\u0103 \u0219i de aer, fiind format din mai multe straturi de protec\u021bie pentru a p\u0103stra propriet\u0103\u021bile con\u021binutului.<\/span><\/p>\n<p><span style=\"color: #000000;\">Ambalajul este foarte practic \u0219i reciclabil.<\/span><\/p>\n<h2><span style=\"color: #000000;\">Origine<\/span><\/h2>\n<p><span style=\"color: #000000;\">Peru<\/span><\/p>\n","protected":false},"excerpt":{"rendered":"<p align=\"JUSTIFY\">Maca este o plant\u0103 r\u0103d\u0103cin\u0103 care se dezvolt\u0103 \u00een mun\u021bii andini peruani, expus\u0103 la<strong> condi\u021bii meteorologice extreme<\/strong> \u0219i la diferen\u021be mari de temperatur\u0103 \u00eentre zi \u0219i noapte. Partea medicinal\u0103 a maca este tuberculul, care con\u021bine multe<strong> vitamine, minerale \u0219i aminoacizi<\/strong>. Con\u021bin\u00e2nd vitamine importante, cum ar fi vitamina B1, B12, C \u0219i E, precum \u0219i acizi gra\u0219i, minerale \u0219i aminoacizi, maca este unul dintre cele mai eficiente, dorite \u0219i recomandate superalimente naturale, cu o tradi\u021bie care dateaz\u0103 de mii de ani.<\/p>\n<p align=\"JUSTIFY\">\ud83d\udc9a Cre\u0219te libidoul.<br \/>\n\ud83d\udc9a Amelioreaz\u0103 simptomele menopauzei \u0219i ale andropauzei.<br \/>\n\ud83d\udc9a \u00cembun\u0103t\u0103\u021be\u0219te starea de spirit, \u00eendep\u0103rteaz\u0103 stresul \u0219i anxietatea.<br \/>\n\ud83d\udc9a Cre\u0219te energia.<\/p>\n","protected":false},"featured_media":6058,"comment_status":"open","ping_status":"closed","template":"","meta":{"_acf_changed":false},"product_brand":[],"product_cat":[15,224,229,225],"product_tag":[],"class_list":{"0":"post-6057","1":"product","2":"type-product","3":"status-publish","4":"has-post-thumbnail","6":"product_cat-uncategorized","7":"product_cat-oferta","8":"product_cat-superalimente","9":"product_cat-toate-produsele","11":"first","12":"instock","13":"sale","14":"taxable","15":"shipping-taxable","16":"purchasable","17":"product-type-simple"},"acf":[],"_links":{"self":[{"href":"https:\/\/fengchashop.com\/ro\/wp-json\/wp\/v2\/product\/6057","targetHints":{"allow":["GET"]}}],"collection":[{"href":"https:\/\/fengchashop.com\/ro\/wp-json\/wp\/v2\/product"}],"about":[{"href":"https:\/\/fengchashop.com\/ro\/wp-json\/wp\/v2\/types\/product"}],"replies":[{"embeddable":true,"href":"https:\/\/fengchashop.com\/ro\/wp-json\/wp\/v2\/comments?post=6057"}],"wp:featuredmedia":[{"embeddable":true,"href":"https:\/\/fengchashop.com\/ro\/wp-json\/wp\/v2\/media\/6058"}],"wp:attachment":[{"href":"https:\/\/fengchashop.com\/ro\/wp-json\/wp\/v2\/media?parent=6057"}],"wp:term":[{"taxonomy":"product_brand","embeddable":true,"href":"https:\/\/fengchashop.com\/ro\/wp-json\/wp\/v2\/product_brand?post=6057"},{"taxonomy":"product_cat","embeddable":true,"href":"https:\/\/fengchashop.com\/ro\/wp-json\/wp\/v2\/product_cat?post=6057"},{"taxonomy":"product_tag","embeddable":true,"href":"https:\/\/fengchashop.com\/ro\/wp-json\/wp\/v2\/product_tag?post=6057"}],"curies":[{"name":"wp","href":"https:\/\/api.w.org\/{rel}","templated":true}]}}