{"id":6053,"date":"2022-03-03T19:31:11","date_gmt":"2022-03-03T18:31:11","guid":{"rendered":"https:\/\/fengchashop.com\/ro\/product\/spirulina-pulbere-bio-250-g\/"},"modified":"2026-05-01T10:27:54","modified_gmt":"2026-05-01T08:27:54","slug":"spirulina-pulbere-bio","status":"publish","type":"product","link":"https:\/\/fengchashop.com\/ro\/product\/spirulina-pulbere-bio\/","title":{"rendered":"Spirulin\u0103 pulbere BIO 250 g"},"content":{"rendered":"<h2><span style=\"color: #000000\">Spirulina pulbere BIO<\/span><\/h2>\n<p><span style=\"color: #000000\">Spirulina, cunoscut\u0103 ca fiind un superaliment natural, se dezvolt\u0103 cel mai bine \u00een apele bogate \u00een minerale ale m\u0103rii calde tropicale. Denumit\u0103 dup\u0103 forma sa spiralat\u0103, este considerat\u0103 una dintre primele forme de via\u021b\u0103 de pe P\u0103m\u00e2nt.<strong> Era deja<\/strong> extrem de popular\u0103 \u0219i<strong> apreciat\u0103 de c\u0103tre azteci<\/strong>. \u00cen mod tradi\u021bional, era folosit pentru a face toc\u0103ni\u021be \u0219i diverse pr\u0103jituri \u0219i era consumat pentru putere \u0219i rezisten\u021b\u0103. Cu toate acestea, spirulina \u0219i-a rec\u0103p\u0103tat popularitatea \u00een ultimii ani. De c\u00e2\u021biva ani, este unul dintre cele mai bune \u0219i mai populare superalimente. De asemenea, a fost aprobat\u0103 de FDA \u0219i OMS \u0219i se spune c\u0103 este consumat\u0103 de astronau\u021bi \u00een misiuni. Spirulina este plin\u0103 de minerale \u0219i s\u0103ruri din mare, din oceane. Acestea con\u021bin acelea\u0219i minerale ca \u0219i s\u00e2ngele uman. Algele con\u021bin astfel <strong>vitamine \u0219i minerale<\/strong> naturale, astfel \u00eenc\u00e2t sunt<strong> u\u0219or de digerat<\/strong> de c\u0103tre organism.<\/span><\/p>\n<p><span style=\"color: #000000\">Spirulina \u0219i alte alge sunt cel mai des consumate sub form\u0103 de pulbere. Cu toate acestea, oferim spirulin\u0103 \u0219i sub form\u0103 de comprimate.<\/span><\/p>\n<p><span style=\"color: #000000\">Spirulina noastr\u0103 este produs\u0103 organic.<\/span><\/p>\n<h2><span style=\"color: #000000\">Care sunt beneficiile spirulinei?<\/span><\/h2>\n<p><span style=\"color: #000000\">Aceasta con\u021bine <strong>clorofil\u0103,<\/strong> un procent ridicat de proteine, to\u021bi <strong>aminoacizii esen\u021biali<\/strong> \u0219i doar c\u00e2teva procente de gr\u0103simi \u00een principal nesaturate. Clorofila este uneori numit\u0103 &#8222;s\u00e2nge verde&#8221;, deoarece compozi\u021bia sa molecular\u0103 este extrem de asem\u0103n\u0103toare cu hemoglobina \u0219i, prin urmare, este potrivit\u0103 pentru noi &#8211; \u00eembun\u0103t\u0103\u021be\u0219te num\u0103rul de s\u00e2nge. Spirulina este, de asemenea, foarte digerabil\u0103 datorit\u0103 peretelui s\u0103u celular, care este compus din mucopolizaharide digerabile (\u0219i nu din celuloz\u0103, ca la alte plante). Printre aminoacizi, cel mai important este <strong>acidul gama-linolenic<\/strong> (GLA), care se g\u0103se\u0219te doar \u00een laptele matern, uleiul de \u0219ofr\u0103nel, semin\u021bele de c\u00e2nep\u0103 \u0219i alte c\u00e2teva alge. Acesta este antiinflamator, ajut\u0103 la sc\u0103derea tensiunii arteriale \u0219i la \u00eembun\u0103t\u0103\u021birea func\u021biei nervoase \u0219i contracareaz\u0103 alergiile prin promovarea unui r\u0103spuns s\u0103n\u0103tos la alergeni. De asemenea, con\u021bine<strong> ficocianin\u0103, care<\/strong> stimuleaz\u0103 produc\u021bia de celule stem.<\/span><\/p>\n<p><span style=\"color: #000000\">De asemenea, are un efect benefic asupra digestiei, stimul\u00e2nd cre\u0219terea bacteriilor bune \u00een intestine \u0219i \u00eembun\u0103t\u0103\u021bind flora intestinal\u0103. Spirulina este un sprijin excelent pentru o alimenta\u021bie s\u0103n\u0103toas\u0103 \u0219i pentru diverse diete (de sl\u0103bire).<\/span><\/p>\n<p><span style=\"color: #000000\">Spirulina este o surs\u0103 natural\u0103 bogat\u0103 de potasiu, precum \u0219i de fier, calciu, zinc, sodiu, mangan, magneziu, seleniu, iod, crom \u0219i chiar sulf. De asemenea, con\u021bine beta-caroten \u0219i electroli\u021bi. Cele mai importante vitamine sunt A1, B1, B2, B3, B6, B9, B12, C, D \u0219i E.<\/span><\/p>\n<p><span style=\"color: #000000\">\u00cen plus fa\u021b\u0103 de cele de mai sus, spirulina este bun\u0103 \u0219i pentru p\u0103r \u0219i piele. Ea previne c\u0103derea excesiv\u0103 a p\u0103rului, \u00eent\u0103re\u0219te p\u0103rul \u0219i elimin\u0103 m\u0103trea\u021ba. Ea calmeaz\u0103 pielea, \u00eei red\u0103 elasticitatea \u0219i \u00eencetine\u0219te \u00eemb\u0103tr\u00e2nirea. Cu un sfert de linguri\u021b\u0103 de spirulin\u0103 \u0219i c\u00e2teva pic\u0103turi de ap\u0103, pute\u021bi prepara o masc\u0103 de fa\u021b\u0103 pe care s\u0103 o aplica\u021bi pe pielea curat\u0103 a fe\u021bei \u0219i s\u0103 o l\u0103sa\u021bi s\u0103 ac\u021bioneze timp de 20 de minute. Apoi cl\u0103ti\u021bi bine \u0219i hidrata\u021bi-v\u0103 cu o crem\u0103. Po\u021bi repeta procesul de 2-3 ori pe s\u0103pt\u0103m\u00e2n\u0103.<\/span><\/p>\n<h2><span style=\"color: #000000\">De ce se nume\u0219te spirulina un superaliment \u0219i de ce este bine s\u0103 o consumi?<\/span><\/h2>\n<p><span style=\"color: #000000\">Spirulina are o compozi\u021bie unic\u0103 care include o cantitate mare de proteine vegetale (inclusiv proteine \u0219i aminoacizi esen\u021biali), vitamine, minerale \u0219i alte ingrediente active importante. Compozi\u021bia sa unic\u0103 hr\u0103ne\u0219te pe deplin celulele organismului uman. \u00cen plus, aceasta promoveaz\u0103 \u00eent\u0103rirea sistemului imunitar, amelioreaz\u0103 simptomele alergiilor prin reducerea secre\u021biei de histamin\u0103, protejeaz\u0103 \u00eempotriva infec\u021biilor provocate de o mare varietate de microbi \u0219i are propriet\u0103\u021bi probiotice. Elimin\u0103 metalele grele din organism \u0219i, astfel, se detoxific\u0103.<\/span><\/p>\n<p><span style=\"color: #000000\">De asemenea, este etichetat\u0103 ca fiind un superaliment deoarece are un raport ridicat de eficien\u021b\u0103 proteic\u0103, deoarece proteinele din spirulin\u0103 sunt u\u0219or digerabile \u0219i pot fi utilizate eficient de c\u0103tre organism \u00een procesele sale proprii.<\/span><\/p>\n<p><span style=\"color: #000000\">Spirulina este o plant\u0103 mic\u0103 microscopic\u0103 de culoare albastru-verde care este bun\u0103 de consumat deoarece:<\/span><\/p>\n<p><span style=\"color: #000000\">\ud83d\udc9a con\u021bine un spectru complet de micronutrien\u021bi care hr\u0103nesc corpul \u0219i mintea,<\/span><br \/>\n<span style=\"color: #000000\"><strong>\ud83d\udc9a \u00eent\u0103re\u0219te sistemul imunitar<\/strong>, deoarece este un antioxidant puternic,<\/span><br \/>\n<span style=\"color: #000000\"><strong>\ud83d\udc9a detoxific\u0103 organismul<\/strong> prin legarea toxinelor,<\/span><br \/>\n<span style=\"color: #000000\"><strong>\ud83d\udc9a<\/strong> controleaz\u0103 pofta de m\u00e2ncare \u0219i ajut\u0103 la controlul greut\u0103\u021bii,<\/span><br \/>\n<span style=\"color: #000000\"><strong>\ud83d\udc9a<\/strong> Este o<strong> surs\u0103 bogat\u0103 de proteine vegetale<\/strong>, reprezent\u00e2nd 60-70% din proteinele din alimenta\u021bie.<\/span><\/p>\n<h2><span style=\"color: #000000\">Depozitare \u0219i avertismente<\/span><\/h2>\n<p><span style=\"color: #000000\">Depozita\u021bi \u00eentr-un loc r\u0103coros \u0219i uscat, la o temperatur\u0103 de p\u00e2n\u0103 la 25 \u00b0C. P\u0103stra\u021bi suplimentul alimentar departe de \u00eendem\u00e2na copiilor!<\/span><\/p>\n<p><span style=\"color: #000000\">Nu uita\u021bi importan\u021ba unei alimenta\u021bii variate \u0219i a unui stil de via\u021b\u0103 s\u0103n\u0103tos, un supliment alimentar nu este, prin urmare, un substitut pentru o diet\u0103 echilibrat\u0103 \u0219i variat\u0103. Cantitatea sau doza zilnic\u0103 recomandat\u0103 nu trebuie s\u0103 fie dep\u0103\u0219it\u0103. Femeile \u00eens\u0103rcinate \u0219i cele care al\u0103pteaz\u0103 sunt \u00eentotdeauna sf\u0103tuite s\u0103 consulte un medic \u00eenainte de utilizare.<\/span><\/p>\n<p><span style=\"color: #000000\">Spirulina poate con\u021bine sulfi\u021bi, care sunt prezen\u021bi \u00een mod natural \u00een alge.<\/span><\/p>\n<h2><span style=\"color: #000000\">Ambalaj<\/span><\/h2>\n<p><span style=\"color: #000000\">Pung\u0103 cu fermoar nepermeabil, \u00een care produsul \u00ee\u0219i p\u0103streaz\u0103 toat\u0103 prospe\u021bimea \u0219i aroma. Ambalajul protejeaz\u0103 \u00eempotriva luminii \u0219i a aerului, deoarece este compus din mai multe straturi de protec\u021bie care p\u0103streaz\u0103 propriet\u0103\u021bile con\u021binutului.<\/span><\/p>\n<p><span style=\"color: #000000\">Ambalajul este foarte practic \u0219i reciclabil.<\/span><\/p>\n<h2><span style=\"color: #000000\">Origine<\/span><\/h2>\n<p><span style=\"color: #000000\">China. <\/span><span style=\"color: #000000\">Avem furnizori foarte de \u00eencredere care ne trimit o analiz\u0103 chimic\u0103 detaliat\u0103 a produselor alimentare pentru fiecare lot. \u00cen mai bine de zece ani, nu am avut nicio rechemare sau alte probleme cu acest articol, nici cu alte articole de la acela\u0219i furnizor.<\/span><\/p>\n<p><span style=\"color: #000000\">Produsul este 100% certificat ecologic.<\/span><\/p>\n","protected":false},"excerpt":{"rendered":"<p align=\"JUSTIFY\">Spirulina, cunoscut\u0103 ca fiind un superaliment natural, se dezvolt\u0103 cel mai bine \u00een apele bogate \u00een minerale ale m\u0103rii calde tropicale. Spirulina este plin\u0103 de minerale \u0219i s\u0103ruri din mare, din ocean. \u0218i con\u021bine acelea\u0219i minerale ca \u0219i s\u00e2ngele uman. Algele con\u021bin astfel vitamine \u0219i minerale naturale, astfel \u00eenc\u00e2t sunt u\u0219or de digerat de c\u0103tre organism.<\/p>\n<p align=\"JUSTIFY\"><span style=\"color: #000000\">\ud83d\udc9a \u00cent\u0103re\u0219te sistemul imunitar, deoarece este un puternic antioxidant<\/span><br \/>\n<span style=\"color: #000000\">\ud83d\udc9a Detoxific\u0103 organismul prin legarea toxinelor<\/span><br \/>\n<span style=\"color: #000000\">\ud83d\udc9a Controleaz\u0103 pofta de m\u00e2ncare \u0219i ajut\u0103 la controlul greut\u0103\u021bii<\/span><br \/>\n<span style=\"color: #000000\">\ud83d\udc9a Este o surs\u0103 bogat\u0103 de proteine vegetale<\/span><\/p>\n<p align=\"JUSTIFY\">\n","protected":false},"featured_media":6054,"comment_status":"open","ping_status":"closed","template":"","meta":{"_acf_changed":false},"product_brand":[],"product_cat":[15,222,224,238,229,225],"product_tag":[],"class_list":{"0":"post-6053","1":"product","2":"type-product","3":"status-publish","4":"has-post-thumbnail","6":"product_cat-uncategorized","7":"product_cat-alge-ierburi","8":"product_cat-oferta","9":"product_cat-oferte-bune","10":"product_cat-superalimente","11":"product_cat-toate-produsele","13":"first","14":"instock","15":"sale","16":"taxable","17":"shipping-taxable","18":"purchasable","19":"product-type-simple"},"acf":[],"_links":{"self":[{"href":"https:\/\/fengchashop.com\/ro\/wp-json\/wp\/v2\/product\/6053","targetHints":{"allow":["GET"]}}],"collection":[{"href":"https:\/\/fengchashop.com\/ro\/wp-json\/wp\/v2\/product"}],"about":[{"href":"https:\/\/fengchashop.com\/ro\/wp-json\/wp\/v2\/types\/product"}],"replies":[{"embeddable":true,"href":"https:\/\/fengchashop.com\/ro\/wp-json\/wp\/v2\/comments?post=6053"}],"wp:featuredmedia":[{"embeddable":true,"href":"https:\/\/fengchashop.com\/ro\/wp-json\/wp\/v2\/media\/6054"}],"wp:attachment":[{"href":"https:\/\/fengchashop.com\/ro\/wp-json\/wp\/v2\/media?parent=6053"}],"wp:term":[{"taxonomy":"product_brand","embeddable":true,"href":"https:\/\/fengchashop.com\/ro\/wp-json\/wp\/v2\/product_brand?post=6053"},{"taxonomy":"product_cat","embeddable":true,"href":"https:\/\/fengchashop.com\/ro\/wp-json\/wp\/v2\/product_cat?post=6053"},{"taxonomy":"product_tag","embeddable":true,"href":"https:\/\/fengchashop.com\/ro\/wp-json\/wp\/v2\/product_tag?post=6053"}],"curies":[{"name":"wp","href":"https:\/\/api.w.org\/{rel}","templated":true}]}}