{"id":6046,"date":"2022-03-03T10:33:34","date_gmt":"2022-03-03T09:33:34","guid":{"rendered":"https:\/\/fengchashop.com\/ro\/product\/mucuna-pruriens-bio-250-g\/"},"modified":"2026-04-28T14:45:56","modified_gmt":"2026-04-28T12:45:56","slug":"mucuna-pruriens-bio","status":"publish","type":"product","link":"https:\/\/fengchashop.com\/ro\/product\/mucuna-pruriens-bio\/","title":{"rendered":"Mucuna pruriens BIO 250 g"},"content":{"rendered":"<h2><span style=\"color: #000000\">Mucuna pruriens BIO pulbere<\/span><\/h2>\n<p><span style=\"color: #000000\">Mucuna pruriens este o leguminoas\u0103 tropical\u0103 originar\u0103 din Africa \u0219i Asia tropical\u0103. Este cunoscut\u0103 \u0219i sub numele de fasole de catifea. Planta este cunoscut\u0103 pentru<strong> con\u021binutul<\/strong> s\u0103u<strong> ridicat de l-dopa, sau levodopa<\/strong>, care este o form\u0103 metabolic\u0103 a dopaminei. Cu alte cuvinte, este un precursor al unui neurotransmi\u021b\u0103tor numit dopamin\u0103. Produc\u021bia insuficient\u0103 de dopamin\u0103 este cauza simptomelor bolii Parkinson. Aceasta este adesea ameliorat\u0103 de medicamente care con\u021bin precursor de dopamin\u0103, deoarece, spre deosebire de dopamin\u0103, dopamina este capabil\u0103 s\u0103 treac\u0103 prin bariera hemato-encefalic\u0103 \u0219i astfel s\u0103<strong> amelioreze simptomele bolii Parkinson<\/strong>.<\/span><\/p>\n<p><span style=\"color: #000000\">Leguma este popular\u0103 \u00een Ayurveda de peste 4500 de ani, unde este cunoscut\u0103 pentru capacitatea sa de a atenua semnificativ neurotoxicitatea cauzat\u0103 de boala Parkinson. De asemenea, este folosit\u0103 \u00een mod tradi\u021bional \u00een unele locuri ca antidot pentru mu\u0219c\u0103turile anumitor \u0219erpi venino\u0219i.<\/span><\/p>\n<p><span style=\"color: #000000\">Mucuna pruriens are un alt efect interesant, \u0219i anume asupra <strong>calit\u0103\u021bii spermei la b\u0103rba\u021bii altfel infertili<\/strong>. Dovezile existente p\u00e2n\u0103 \u00een prezent sugereaz\u0103 c\u0103 ar putea afecta motilitatea \u0219i concentra\u021bia spermatozoizilor, \u00eembun\u0103t\u0103\u021bind astfel fertilitatea. De asemenea, ajut\u0103 la rezolvarea problemelor sexuale la femei.<\/span><\/p>\n<h2><span style=\"color: #000000\">Cui i se recomand\u0103 s\u0103 ia mucuna pruriens?<\/span><\/h2>\n<p><span style=\"color: #000000\">Deoarece mucuna pruriens este o surs\u0103 natural\u0103 de l-dopa, poate fi recomandat\u0103 oric\u0103rei persoane care sufer\u0103 de<strong> boala Parkinson<\/strong>. Ca adjuvant sau ca ameliorare ini\u021bial\u0103 a simptomelor acestei boli dificile. Bine\u00een\u021beles, \u00een aceste cazuri, \u00eentotdeauna la sfatul \u0219i sub supravegherea unui medic.<\/span><\/p>\n<p><span style=\"color: #000000\">De asemenea, poate fi folosit pentru a ajuta \u00een cazul <strong>infertilit\u0103\u021bii masculine<\/strong>, deoarece afecteaz\u0103 cantitatea \u0219i calitatea spermei.<\/span><\/p>\n<p><span style=\"color: #000000\">Este, de asemenea, un ajutor excelent pentru sistemul endocrin, deoarece ajut\u0103 la <strong>restabilirea echilibrului hormonal<\/strong>.<\/span><\/p>\n<p><span style=\"color: #000000\">\u00cembun\u0103t\u0103\u021be\u0219te<strong> bun\u0103starea mental\u0103 \u0219i starea de spirit<\/strong>.<\/span><\/p>\n<p><span style=\"color: #000000\">Are o puternic\u0103<strong> ac\u021biune antioxidant\u0103<\/strong>. \u00cempreun\u0103 cu l-dopa, favorizeaz\u0103 s\u0103n\u0103tatea creierului \u0219i ajut\u0103 la cre\u0219terea nivelului de dopamin\u0103 din creier, care este, de asemenea, asociat\u0103 cu reglarea dispozi\u021biei \u0219i cogni\u021biei. \u00cen acela\u0219i timp, are ca efect \u00eembun\u0103t\u0103\u021birea func\u021biei cerebrale, cre\u0219terea concentr\u0103rii \u0219i a capacit\u0103\u021bii intelectuale.<\/span><\/p>\n<p><span style=\"color: #000000\">Tradi\u021bia ayurvedic\u0103 folose\u0219te, de asemenea, fasolea catifelat\u0103 pentru a promova \u00een mod pozitiv <strong>s\u0103n\u0103tatea mental\u0103 \u0219i pentru a r\u0103spunde mai bine la stres<\/strong>.<\/span><\/p>\n<p><span style=\"color: #000000\">Mai multe studii au investigat, de asemenea, mucuna prurensis pentru <strong>reducerea glicemiei<\/strong> \u0219i, astfel, pentru prevenirea diabetului.<\/span><\/p>\n<p><span style=\"color: #000000\">Prezen\u021ba serotoninei \u0219i a levodopa<strong> \u00eembun\u0103t\u0103\u021be\u0219te ciclul somn-veghe \u0219i favorizeaz\u0103 somnul profund \u0219i relaxarea<\/strong>.<\/span><\/p>\n<h2><span style=\"color: #000000\">Depozitare \u0219i avertismente<\/span><\/h2>\n<p><span style=\"color: #000000\">A se p\u0103stra \u00eentr-un loc r\u0103coros \u0219i uscat. P\u0103stra\u021bi suplimentul alimentar \u00een afara razei de ac\u021biune a copiilor!<\/span><\/p>\n<p><span style=\"color: #000000\">Nu uita\u021bi importan\u021ba unei alimenta\u021bii variate \u0219i a unui stil de via\u021b\u0103 s\u0103n\u0103tos, un supliment alimentar nu este, prin urmare, un substitut pentru o diet\u0103 echilibrat\u0103 \u0219i variat\u0103. Cantitatea sau doza zilnic\u0103 recomandat\u0103 nu trebuie s\u0103 fie dep\u0103\u0219it\u0103. Femeilor \u00eens\u0103rcinate \u0219i celor care al\u0103pteaz\u0103 li se recomand\u0103 s\u0103 nu \u00eel foloseasc\u0103, deoarece poate avea efecte adverse asupra uterului \u0219i f\u0103tului. De asemenea, se recomand\u0103 pruden\u021b\u0103 \u00een cazul \u00een care se iau medicamente pentru boala Parkinson (de exemplu, inhibitori MAO) &#8211; \u00een acest caz, se utilizeaz\u0103 numai sub supraveghere medical\u0103.<\/span><\/p>\n<p><span style=\"color: #000000\">\u00cen cazuri rare, produsul poate provoca grea\u021b\u0103, v\u0103rs\u0103turi sau diaree la persoanele sensibile. \u00cen acest caz, se recomand\u0103 s\u0103 nu se utilizeze.<\/span><\/p>\n<h2><span style=\"color: #000000\">Ambalaj<\/span><\/h2>\n<p><span style=\"color: #000000\">Pung\u0103 cu fermoar nepermeabil \u00een care produsul \u00ee\u0219i p\u0103streaz\u0103 toat\u0103 prospe\u021bimea \u0219i aroma. Ambalajul protejeaz\u0103 produsul de lumin\u0103 \u0219i de aer, fiind compus din mai multe straturi de protec\u021bie pentru a p\u0103stra propriet\u0103\u021bile con\u021binutului.<\/span><\/p>\n<p><span style=\"color: #000000\">Ambalajul este foarte practic \u0219i reciclabil.<\/span><\/p>\n<h2><span style=\"color: #000000\">Origine<\/span><\/h2>\n<p><span style=\"color: #000000\">India<\/span><\/p>\n","protected":false},"excerpt":{"rendered":"<p align=\"JUSTIFY\">Mucuna pruriens este o leguminoas\u0103 tropical\u0103 originar\u0103 din Africa \u0219i Asia tropical\u0103. Este cunoscut\u0103 \u0219i sub numele de fasole de catifea.<\/p>\n<p align=\"JUSTIFY\"><span style=\"color: #000000\">\ud83d\udc9a Este o surs\u0103 natural\u0103 de l-dopa<\/span><br \/>\n<span style=\"color: #000000\">\ud83d\udc9a Aceasta ajut\u0103 la restabilirea echilibrului hormonal<\/span><br \/>\n<span style=\"color: #000000\">\ud83d\udc9a \u00cembun\u0103t\u0103\u021be\u0219te bun\u0103starea mental\u0103 \u0219i starea de spirit<\/span><br \/>\n<span style=\"color: #000000\">\ud83d\udc9a Are propriet\u0103\u021bi antioxidante<\/span><\/p>\n<p align=\"JUSTIFY\">\n","protected":false},"featured_media":6047,"comment_status":"open","ping_status":"closed","template":"","meta":{"_acf_changed":false},"product_brand":[],"product_cat":[15,230,226,224,229,225],"product_tag":[],"class_list":{"0":"post-6046","1":"product","2":"type-product","3":"status-publish","4":"has-post-thumbnail","6":"product_cat-uncategorized","7":"product_cat-ayurveda","8":"product_cat-cele-mai-vandute","9":"product_cat-oferta","10":"product_cat-superalimente","11":"product_cat-toate-produsele","13":"first","14":"instock","15":"sale","16":"taxable","17":"shipping-taxable","18":"purchasable","19":"product-type-simple"},"acf":[],"_links":{"self":[{"href":"https:\/\/fengchashop.com\/ro\/wp-json\/wp\/v2\/product\/6046","targetHints":{"allow":["GET"]}}],"collection":[{"href":"https:\/\/fengchashop.com\/ro\/wp-json\/wp\/v2\/product"}],"about":[{"href":"https:\/\/fengchashop.com\/ro\/wp-json\/wp\/v2\/types\/product"}],"replies":[{"embeddable":true,"href":"https:\/\/fengchashop.com\/ro\/wp-json\/wp\/v2\/comments?post=6046"}],"wp:featuredmedia":[{"embeddable":true,"href":"https:\/\/fengchashop.com\/ro\/wp-json\/wp\/v2\/media\/6047"}],"wp:attachment":[{"href":"https:\/\/fengchashop.com\/ro\/wp-json\/wp\/v2\/media?parent=6046"}],"wp:term":[{"taxonomy":"product_brand","embeddable":true,"href":"https:\/\/fengchashop.com\/ro\/wp-json\/wp\/v2\/product_brand?post=6046"},{"taxonomy":"product_cat","embeddable":true,"href":"https:\/\/fengchashop.com\/ro\/wp-json\/wp\/v2\/product_cat?post=6046"},{"taxonomy":"product_tag","embeddable":true,"href":"https:\/\/fengchashop.com\/ro\/wp-json\/wp\/v2\/product_tag?post=6046"}],"curies":[{"name":"wp","href":"https:\/\/api.w.org\/{rel}","templated":true}]}}