{"id":6044,"date":"2022-03-03T10:14:54","date_gmt":"2022-03-03T09:14:54","guid":{"rendered":"https:\/\/fengchashop.com\/ro\/product\/armurariu-pulbere-bio-250-g\/"},"modified":"2026-05-12T13:21:05","modified_gmt":"2026-05-12T11:21:05","slug":"armurariu-pulbere-bio","status":"publish","type":"product","link":"https:\/\/fengchashop.com\/ro\/product\/armurariu-pulbere-bio\/","title":{"rendered":"Armurariu pulbere BIO 250 g"},"content":{"rendered":"<h2><span style=\"color: #000000\">Armurariu pulbere BIO<\/span><\/h2>\n<p><span style=\"color: #000000\">Armurariu pulbere (Silybum marianum) este produs\u0103 organic \u0219i de calitate superioar\u0103.<\/span><\/p>\n<p><span style=\"color: #000000\">Numit\u0103 uneori \u0219i ciulinul Sfintei Maria, este planta cea mai cunoscut\u0103<strong> pentru tratarea bolilor de ficat<\/strong>. A fost cultivat\u0103 \u00eenc\u0103 din Grecia \u0219i Roma antic\u0103. \u00cenflore\u0219te \u00een multe p\u0103r\u021bi ale Europei \u0219i Asiei.<\/span><\/p>\n<p><span style=\"color: #000000\">Crinul p\u0103tat poate fi consumat de oricine dore\u0219te s\u0103-\u0219i protejeze ficatul, are o diet\u0103 nes\u0103n\u0103toas\u0103, arsuri la stomac, alte probleme digestive sau este \u00een mod constant stresat. S\u0103 nu uit\u0103m c\u0103 tot ceea ce m\u00e2nc\u0103m \u0219i bem trece \u0219i prin ficat. Ca un filtru, acestea elimin\u0103 substan\u021bele toxice din organism.<\/span><\/p>\n<p><span style=\"color: #000000\">Armurariu pulbere, \u00een special, protejeaz\u0103 ficatul de toxine \u0219i <strong>ajut\u0103 la detoxifiere<\/strong>. De asemenea, ajut\u0103 \u00een cazul leziunilor hepatice cauzate de tratamentul \u00eempotriva cancerului. Substan\u021ba cheie este <strong>silimarina<\/strong>. Aceasta protejeaz\u0103 peretele celular, ap\u0103r\u00e2nd \u00eempotriva p\u0103trunderii substan\u021belor nocive. De asemenea, silimarina regenereaz\u0103 \u0219i stimuleaz\u0103 celulele hepatice. Ac\u021bioneaz\u0103 asupra leziunilor hepatice \u0219i inflama\u021biilor hepatice \u0219i ajut\u0103, de asemenea, \u00een cazul cirozei \u0219i hepatitei.<\/span><\/p>\n<p><span style=\"color: #000000\">Ajut\u0103, de asemenea, \u00een caz de <strong>indigestie, de spasme ale organelor interne, previne calculii biliari \u0219i favorizeaz\u0103 fluxul de bil\u0103<\/strong>.<\/span><\/p>\n<h2><span style=\"color: #000000\">Cum ac\u021bioneaz\u0103 ciulinul de lapte?<\/span><\/h2>\n<p><span style=\"color: #000000\">Ficatul este cel mai important organ al nostru atunci c\u00e2nd vine vorba de cur\u0103\u021barea \u0219i detoxifierea organismului. \u00cen lumea modern\u0103 &#8211; plin\u0103 de alimente procesate \u0219i de stres &#8211; ficatul este adesea \u00eenfundat excesiv, ceea ce are un efect negativ asupra s\u0103n\u0103t\u0103\u021bii noastre, printre altele. Ficatul nu-\u0219i poate face sau \u00ee\u0219i face doar cu dificultate treaba. Acest lucru duce la o <strong>stare de r\u0103u, balonare \u0219i oboseal\u0103<\/strong>. De asemenea, observ\u0103m adesea o acumulare excesiv\u0103 de gr\u0103sime \u00een jurul taliei \u0219i exces de greutate. \u00cen caz contrar, afec\u021biunea poate evolua f\u0103r\u0103 simptome evidente, dar poate duce la probleme \u0219i boli grave.<\/span><\/p>\n<p><span style=\"color: #000000\">S-a demonstrat c\u0103 cicoarea p\u0103tat\u0103 ajut\u0103 la protejarea ficatului \u0219i la detoxifierea organismului.<\/span><\/p>\n<p><span style=\"color: #000000\">Datorit\u0103 ingredientului s\u0103u activ central (silimarin\u0103), se crede c\u0103 ciulinul de lapte <strong>are<\/strong>, de asemenea, un efect de <strong>reducere a proceselor oxidative<\/strong> prin cre\u0219terea substan\u021belor protectoare naturale \u0219i eliminarea radicalilor liberi prin ac\u021biunea sa antioxidant\u0103.<\/span><\/p>\n<h2><span style=\"color: #000000\">Cui i se recomand\u0103 s\u0103 ia pulbere de ciulin de lapte?<\/span><\/h2>\n<p><span style=\"color: #000000\">Crengu\u021ba p\u0103tat\u0103 este recomandat\u0103 \u00een special celor care sufer\u0103 de probleme hepatice, cu ficat gras, balonare \u0219i usturimi \u00een zona coastelor. Administrarea de ciulin de lapte este, de asemenea, o excelent\u0103 cur\u0103 de detoxifiere.<strong> Poluarea mediului, supraponderabilitatea<\/strong> sau obezitatea, <strong>consumul de alimente procesate \u0219i grase \u0219i de alcool, un stil de via\u021b\u0103 excesiv de sedentar<\/strong> poate duce la apari\u021bia ficatului gras. Cum afec\u021biunea se manifest\u0103 rareori cu simptome sau devine evident\u0103 atunci c\u00e2nd boala este deja avansat\u0103, este important s\u0103 se ia<strong> m\u0103suri de preven\u021bie<\/strong>.<\/span><\/p>\n<h2><span style=\"color: #000000\">Depozitare \u0219i avertismente<\/span><\/h2>\n<p><span style=\"color: #000000\">Depozita\u021bi \u00eentr-un loc r\u0103coros \u0219i uscat, la o temperatur\u0103 de p\u00e2n\u0103 la 25 \u00b0C. P\u0103stra\u021bi suplimentul alimentar departe de \u00eendem\u00e2na copiilor!<\/span><\/p>\n<p><span style=\"color: #000000\">Nu uita\u021bi importan\u021ba unei alimenta\u021bii variate \u0219i a unui stil de via\u021b\u0103 s\u0103n\u0103tos, un supliment alimentar nu este, prin urmare, un substitut pentru o diet\u0103 echilibrat\u0103 \u0219i variat\u0103. Cantitatea sau doza zilnic\u0103 recomandat\u0103 nu trebuie s\u0103 fie dep\u0103\u0219it\u0103. Femeilor \u00eens\u0103rcinate \u0219i mamelor care al\u0103pteaz\u0103 li se recomand\u0103 s\u0103 nu \u00eel foloseasc\u0103. De asemenea, se recomand\u0103 pruden\u021b\u0103 la administrarea anumitor medicamente pentru diabet.<\/span><\/p>\n<h2><span style=\"color: #000000\">Ambalaj<\/span><\/h2>\n<p><span style=\"color: #000000\">Pung\u0103 cu fermoar nepermeabil \u00een care produsul \u00ee\u0219i p\u0103streaz\u0103 toat\u0103 prospe\u021bimea \u0219i aroma. Ambalajul protejeaz\u0103 produsul de lumin\u0103 \u0219i de aer, fiind compus din mai multe straturi de protec\u021bie pentru a p\u0103stra propriet\u0103\u021bile con\u021binutului.<\/span><\/p>\n<p><span style=\"color: #000000\">Ambalajul este foarte practic \u0219i reciclabil.<\/span><\/p>\n<h2><span style=\"color: #000000\">Origine<\/span><\/h2>\n<p><span style=\"color: #000000\">EU<\/span><\/p>\n","protected":false},"excerpt":{"rendered":"<p align=\"JUSTIFY\">Armurariu pulbere este planta cea mai cunoscut\u0103 pentru tratarea bolilor de ficat, ca:<\/p>\n<p align=\"JUSTIFY\"><span style=\"color: #000000\">\ud83d\udc9a protejeaz\u0103 ficatul de toxine,<\/span><br \/>\n<span style=\"color: #000000\">\ud83d\udc9a ajut\u0103 la detoxifiere,<\/span><br \/>\n<span style=\"color: #000000\">\ud83d\udc9a are propriet\u0103\u021bi antioxidante,<\/span><br \/>\n<span style=\"color: #000000\">\ud83d\udc9a amelioreaz\u0103 bolile hepatice.<\/span><\/p>\n<p align=\"JUSTIFY\">\n","protected":false},"featured_media":6045,"comment_status":"open","ping_status":"closed","template":"","meta":{"_acf_changed":false},"product_brand":[],"product_cat":[15,230,224,229,225],"product_tag":[],"class_list":{"0":"post-6044","1":"product","2":"type-product","3":"status-publish","4":"has-post-thumbnail","6":"product_cat-uncategorized","7":"product_cat-ayurveda","8":"product_cat-oferta","9":"product_cat-superalimente","10":"product_cat-toate-produsele","12":"first","13":"instock","14":"sale","15":"taxable","16":"shipping-taxable","17":"purchasable","18":"product-type-simple"},"acf":[],"_links":{"self":[{"href":"https:\/\/fengchashop.com\/ro\/wp-json\/wp\/v2\/product\/6044","targetHints":{"allow":["GET"]}}],"collection":[{"href":"https:\/\/fengchashop.com\/ro\/wp-json\/wp\/v2\/product"}],"about":[{"href":"https:\/\/fengchashop.com\/ro\/wp-json\/wp\/v2\/types\/product"}],"replies":[{"embeddable":true,"href":"https:\/\/fengchashop.com\/ro\/wp-json\/wp\/v2\/comments?post=6044"}],"wp:featuredmedia":[{"embeddable":true,"href":"https:\/\/fengchashop.com\/ro\/wp-json\/wp\/v2\/media\/6045"}],"wp:attachment":[{"href":"https:\/\/fengchashop.com\/ro\/wp-json\/wp\/v2\/media?parent=6044"}],"wp:term":[{"taxonomy":"product_brand","embeddable":true,"href":"https:\/\/fengchashop.com\/ro\/wp-json\/wp\/v2\/product_brand?post=6044"},{"taxonomy":"product_cat","embeddable":true,"href":"https:\/\/fengchashop.com\/ro\/wp-json\/wp\/v2\/product_cat?post=6044"},{"taxonomy":"product_tag","embeddable":true,"href":"https:\/\/fengchashop.com\/ro\/wp-json\/wp\/v2\/product_tag?post=6044"}],"curies":[{"name":"wp","href":"https:\/\/api.w.org\/{rel}","templated":true}]}}