{"id":6042,"date":"2022-03-03T09:56:17","date_gmt":"2022-03-03T08:56:17","guid":{"rendered":"https:\/\/fengchashop.com\/ro\/product\/amla-amalaki-pulbere-bio-250-g\/"},"modified":"2026-04-29T22:21:28","modified_gmt":"2026-04-29T20:21:28","slug":"amla-amalaki-pulbere-bio","status":"publish","type":"product","link":"https:\/\/fengchashop.com\/ro\/product\/amla-amalaki-pulbere-bio\/","title":{"rendered":"Amla (AMALAKI) pulbere BIO 250 g"},"content":{"rendered":"<h2><span style=\"color: #000000\">Amla pulbere BIO<\/span><\/h2>\n<p><span style=\"color: #000000\">Amla este cunoscut\u0103 \u0219i sub numele de<strong> amalaki sau c\u0103tin\u0103 indian\u0103<\/strong>. Amla este un fruct verde asem\u0103n\u0103tor cu o coac\u0103z\u0103, cu un gust dulce-acri\u0219or interesant. \u00cen Ayurveda, este considerat <strong>fructul tinere\u021bii \u0219i al frumuse\u021bii<\/strong>. \u00cen Orient, amla este s\u0103rb\u0103torit\u0103 ca fiind un dar al lui Dumnezeu pentru omenire. Se g\u0103se\u0219te \u00een zonele montane joase din subcontinentul indian. Fructul de amla este pur \u0219i simplu uscat \u0219i m\u0103cinat u\u0219or p\u00e2n\u0103 la ob\u021binerea unei pulberi fine. Conform Ayurveda, amla echilibreaz\u0103 cele trei energii vitale (vata, pitta \u0219i kapha).<\/span><\/p>\n<p><span style=\"color: #000000\">Amla este extrem de <strong>bogat\u0103 \u00een vitamina C<\/strong> (aproximativ 4 g la 100 g de pulbere). De asemenea, con\u021bine mul\u021bi <strong>antioxidan\u021bi, taninuri, flavonoide, lipide, vitamine \u0219i minerale \u0219i alte uleiuri esen\u021biale<\/strong>.<\/span><\/p>\n<p><span style=\"color: #000000\">Efecte:<\/span><\/p>\n<p><span style=\"color: #000000\">\ud83d\udc9a \u00cembun\u0103t\u0103\u021be\u0219te <strong>sistemul imunitar<\/strong>,<\/span><br \/>\n<span style=\"color: #000000\">\ud83d\udc9a <strong>\u00eentinere\u0219te<\/strong> (efect anti-\u00eemb\u0103tr\u00e2nire),<\/span><br \/>\n<span style=\"color: #000000\">\ud83d\udc9a \u00eent\u0103re\u0219te <strong>sistemul cardiovascular,<\/strong><\/span><br \/>\n<span style=\"color: #000000\">\ud83d\udc9a stimuleaz\u0103<strong> cre\u0219terea p\u0103rului,<\/strong><\/span><br \/>\n<span style=\"color: #000000\">\ud83d\udc9a cur\u0103\u021b\u0103 \u0219i <strong>hidrateaz\u0103 pielea<\/strong>,<\/span><br \/>\n<span style=\"color: #000000\"><strong> \ud83d\udc9a \u00eembun\u0103t\u0103\u021be\u0219te digestia<\/strong> \u0219i ac\u021bioneaz\u0103 ca un diuretic u\u0219or,<\/span><br \/>\n<span style=\"color: #000000\">\ud83d\udc9a ac\u021biune<strong> antiviral\u0103 \u0219i antibacterian\u0103<\/strong>,<\/span><br \/>\n<span style=\"color: #000000\">\ud83d\udc9a<strong> distruge radicalii liberi<\/strong>.<\/span><\/p>\n<p><span style=\"color: #000000\">Este, de asemenea, utilizat \u00een mod tradi\u021bional pentru a remedia<strong>problemele scalpului \u0219i a pielii murdare<\/strong>. Pute\u021bi face o past\u0103 pentru scalp sau o masc\u0103 pentru fa\u021b\u0103.<\/span><br \/>\n<span style=\"color: #000000\">Ac\u021bioneaz\u0103 <strong>\u00eempotriva c\u0103derii p\u0103rului, \u00eent\u0103re\u0219te scalpul \u0219i, cu o utilizare regulat\u0103, poate reda culoarea p\u0103rului \u00eenc\u0103run\u021bit<\/strong>. Se amestec\u0103 bine cu alte culori naturale pentru p\u0103r.<\/span><\/p>\n<p><span style=\"color: #000000\">De asemenea, ac\u021bioneaz\u0103 asupra <strong>elasticit\u0103\u021bii pielii, cur\u0103\u021b\u0103 pielea \u0219i previne apari\u021bia ridurilor<\/strong>.<\/span><\/p>\n<h2><span style=\"color: #000000\">Depozitare \u0219i avertismente<\/span><\/h2>\n<p><span style=\"color: #000000\">A se p\u0103stra \u00eentr-un loc r\u0103coros \u0219i uscat. P\u0103stra\u021bi suplimentul alimentar \u00een afara razei de ac\u021biune a copiilor!<\/span><\/p>\n<p><span style=\"color: #000000\">Nu uita\u021bi importan\u021ba unei alimenta\u021bii variate \u0219i a unui stil de via\u021b\u0103 s\u0103n\u0103tos, un supliment alimentar nu este, prin urmare, un substitut pentru o diet\u0103 echilibrat\u0103 \u0219i variat\u0103. Cantitatea sau doza zilnic\u0103 recomandat\u0103 nu trebuie s\u0103 fie dep\u0103\u0219it\u0103. Femeile \u00eens\u0103rcinate \u0219i cele care al\u0103pteaz\u0103 sunt \u00eentotdeauna sf\u0103tuite s\u0103 consulte un medic \u00eenainte de utilizare.<\/span><\/p>\n<h2><span style=\"color: #000000\">Ambalaj<\/span><\/h2>\n<p><span style=\"color: #000000\">Pung\u0103 cu fermoar nepermeabil \u00een care produsul \u00ee\u0219i p\u0103streaz\u0103 toat\u0103 prospe\u021bimea \u0219i aroma. Ambalajul protejeaz\u0103 produsul de lumin\u0103 \u0219i de aer, fiind compus din mai multe straturi de protec\u021bie pentru a p\u0103stra propriet\u0103\u021bile con\u021binutului.<\/span><\/p>\n<p><span style=\"color: #000000\">Ambalajul este foarte practic \u0219i reciclabil.<\/span><\/p>\n<h2><span style=\"color: #000000\">Origine<\/span><\/h2>\n<p><span style=\"color: #000000\">India<\/span><\/p>\n","protected":false},"excerpt":{"rendered":"<p align=\"JUSTIFY\"><span style=\"color: #000000\">Amla este cunoscut\u0103 \u0219i sub numele de amalaki sau coac\u0103ze indiene. Amla este un fruct verde asem\u0103n\u0103tor cu o coac\u0103z\u0103, cu un gust dulce-acri\u0219or interesant. \u00cen Ayurveda, este considerat fructul tinere\u021bii \u0219i al frumuse\u021bii. \u00cen Orient, amla este s\u0103rb\u0103torit\u0103 ca fiind un dar al lui Dumnezeu pentru omenire, deoarece:<\/span><\/p>\n<p align=\"JUSTIFY\"><span style=\"color: #000000\">\ud83d\udc9a stimuleaz\u0103 cre\u0219terea p\u0103rului,<\/span><br \/>\n<span style=\"color: #000000\">\ud83d\udc9a cur\u0103\u021b\u0103 \u0219i hidrateaz\u0103 pielea,<\/span><br \/>\n<span style=\"color: #000000\">\ud83d\udc9a \u00eent\u0103re\u0219te sistemul imunitar,<\/span><br \/>\n<span style=\"color: #000000\">\ud83d\udc9a \u00eentinere\u0219te.<\/span><\/p>\n<p align=\"JUSTIFY\">\n","protected":false},"featured_media":6043,"comment_status":"open","ping_status":"closed","template":"","meta":{"_acf_changed":false},"product_brand":[],"product_cat":[15,230,224,229,225],"product_tag":[],"class_list":{"0":"post-6042","1":"product","2":"type-product","3":"status-publish","4":"has-post-thumbnail","6":"product_cat-uncategorized","7":"product_cat-ayurveda","8":"product_cat-oferta","9":"product_cat-superalimente","10":"product_cat-toate-produsele","12":"first","13":"instock","14":"taxable","15":"shipping-taxable","16":"purchasable","17":"product-type-simple"},"acf":[],"_links":{"self":[{"href":"https:\/\/fengchashop.com\/ro\/wp-json\/wp\/v2\/product\/6042","targetHints":{"allow":["GET"]}}],"collection":[{"href":"https:\/\/fengchashop.com\/ro\/wp-json\/wp\/v2\/product"}],"about":[{"href":"https:\/\/fengchashop.com\/ro\/wp-json\/wp\/v2\/types\/product"}],"replies":[{"embeddable":true,"href":"https:\/\/fengchashop.com\/ro\/wp-json\/wp\/v2\/comments?post=6042"}],"wp:featuredmedia":[{"embeddable":true,"href":"https:\/\/fengchashop.com\/ro\/wp-json\/wp\/v2\/media\/6043"}],"wp:attachment":[{"href":"https:\/\/fengchashop.com\/ro\/wp-json\/wp\/v2\/media?parent=6042"}],"wp:term":[{"taxonomy":"product_brand","embeddable":true,"href":"https:\/\/fengchashop.com\/ro\/wp-json\/wp\/v2\/product_brand?post=6042"},{"taxonomy":"product_cat","embeddable":true,"href":"https:\/\/fengchashop.com\/ro\/wp-json\/wp\/v2\/product_cat?post=6042"},{"taxonomy":"product_tag","embeddable":true,"href":"https:\/\/fengchashop.com\/ro\/wp-json\/wp\/v2\/product_tag?post=6042"}],"curies":[{"name":"wp","href":"https:\/\/api.w.org\/{rel}","templated":true}]}}