{"id":6040,"date":"2022-03-03T09:39:04","date_gmt":"2022-03-03T08:39:04","guid":{"rendered":"https:\/\/fengchashop.com\/ro\/product\/tribulus-terrestris-bio-250-g\/"},"modified":"2026-04-29T02:37:09","modified_gmt":"2026-04-29T00:37:09","slug":"tribulus-terrestris-bio","status":"publish","type":"product","link":"https:\/\/fengchashop.com\/ro\/product\/tribulus-terrestris-bio\/","title":{"rendered":"Tribulus terrestris BIO 250 g"},"content":{"rendered":"<h2><span style=\"color: #000000;\">Tribulus terrestris BIO pulbere BIO<\/span><\/h2>\n<p><span style=\"color: #000000;\">Tribulus terrestris (de asemenea, <strong>gokshura<\/strong>) este o plant\u0103 care cre\u0219te \u00een \u021bara noastr\u0103, de\u0219i este mai rar \u00eent\u00e2lnit\u0103. Este cunoscut\u0103 sub numele de <strong>m\u0103ce\u0219.<\/strong> Deoarece este o plant\u0103 destul de r\u0103sp\u00e2ndit\u0103 \u00een lume, este uneori considerat\u0103 o buruian\u0103. \u00cen \u021bara noastr\u0103, cre\u0219te cel mai adesea pe marginea drumurilor sau a c\u0103ilor ferate. Este o plant\u0103 cu cre\u0219tere joas\u0103 \u0219i flori mici \u0219i galbene. Fructele extrem de tari \u0219i \u00een\u021bep\u0103toare ale plantei sunt folosite pentru a face o varietate de suplimente alimentare care sporesc<strong> poten\u021ba sexual\u0103 \u0219i cresc nivelul de testosteron din organism<\/strong>. De aceea, ocup\u0103 un loc special \u00een medicina tradi\u021bional\u0103 chinez\u0103 \u0219i \u00een Ayurveda, fiind considerat\u0103 un <strong>afrodisiac natural<\/strong>. \u00cen plus, are \u0219i alte beneficii care ac\u021bioneaz\u0103 \u00een primul r\u00e2nd pentru b\u0103rba\u021bi. <strong>Este folosit pentru tulbur\u0103rile sexuale, inclusiv pentru disfunc\u021bia erectil\u0103.<\/strong><\/span><\/p>\n<p><span style=\"color: #000000;\">Deoarece scobitoarea cre\u0219te nivelul hormonului testosteron, este, de asemenea, adesea folosit\u0103 de cei care doresc s\u0103 \u00ee\u0219i creasc\u0103 tonusul muscular, cum ar fi culturistii \u0219i sportivii. Sportivii nu jur\u0103 dec\u00e2t pe ciulinul de lapte pentru ac\u021biunea sa anabolic\u0103. Acest lucru se datoreaz\u0103 faptului c\u0103 un nivel ridicat al hormonului testosteron stimuleaz\u0103 sinteza proteinelor. Acest lucru cre\u0219te masa muscular\u0103 la sportivi \u0219i, \u00een consecin\u021b\u0103, rezisten\u021ba, energia \u0219i for\u021ba.<\/span><\/p>\n<h2><span style=\"color: #000000;\">Cine poate beneficia de administrarea de tribulus terrestris?<\/span><\/h2>\n<p><span style=\"color: #000000;\">Ingredientele active care se g\u0103sesc \u00een tribulus terrestris includ<strong> saponine, flavonoide, alcaloizi, glicozide \u0219i amide de lignin\u0103<\/strong>. Tribulus terrestris con\u021bine <strong>hormon luteinizant,<\/strong> despre care se crede c\u0103 stimuleaz\u0103 testiculele s\u0103 produc\u0103 hormonul testosteron. Acesta regleaz\u0103 func\u021bia testiculelor la b\u0103rba\u021bi \u0219i a ovarelor la femei. Prin urmare, acesta joac\u0103 un rol important \u00een ciclul menstrual la femei.<\/span><\/p>\n<p><span style=\"color: #000000;\">B\u0103rba\u021bii de v\u00e2rst\u0103 mijlocie se confrunt\u0103 cu schimb\u0103ri hormonale similare cu cele suferite de femeile aflate la menopauz\u0103. Ca urmare a sc\u0103derii nivelului de testosteron, echilibrul hormonilor sexuali este perturbat, ceea ce face ca b\u0103rba\u021bii s\u0103 se confrunte cu probleme similare cu cele cu care se confrunt\u0103 femeile aflate la menopauz\u0103. Acest fenomen se nume\u0219te <strong>andropauz\u0103<\/strong> sau menopauz\u0103 masculin\u0103. Andropauza este adesea responsabil\u0103 pentru problemele care apar la b\u0103rba\u021bii de v\u00e2rst\u0103 mijlocie (c\u00e2ndva dup\u0103 v\u00e2rsta de 40 de ani). Nivelul sc\u0103zut de testosteron poate provoca o sc\u0103dere a energiei, o cre\u0219tere a colesterolului \u0219i a glicemiei, o memorie \u0219i o concentrare mai slabe, un somn agitat, tensiune arterial\u0103 ridicat\u0103 \u0219i alte probleme similare, cum ar fi iritabilitatea, nelini\u0219tea \u0219i o cre\u0219tere a acumul\u0103rii de tampoane de gr\u0103sime \u00een jurul taliei. Nivelurile normale, adic\u0103 mai ridicate, ale testosteronului la b\u0103rba\u021bi sunt, de asemenea, importante pentru o inim\u0103 \u0219i vase de s\u00e2nge s\u0103n\u0103toase.<\/span><\/p>\n<p><span style=\"color: #000000;\">Administrarea de tribulus terrestris este, a\u0219adar, benefic\u0103 \u00een mai multe domenii ale s\u0103n\u0103t\u0103\u021bii \u0219i bun\u0103st\u0103rii b\u0103rba\u021bilor. Cu toate acestea, este potrivit \u00een special pentru persoanele de v\u00e2rst\u0103 mijlocie \u0219i mai \u00een v\u00e2rst\u0103 care se confrunt\u0103 deja cu efectele sc\u0103derii poten\u021bei sexuale \u0219i a apetitului sexual. De\u0219i este destinat mai mult b\u0103rba\u021bilor, deoarece cre\u0219te nivelul hormonului sexual masculin testosteron, testosteronul,<strong> poate fi folosit \u0219i de femei<\/strong> ca afrodisiac natural. De asemenea, poate cre\u0219te fertilitatea feminin\u0103, poate ajuta \u00een cazul problemelor menstruale \u0219i al problemelor de menopauz\u0103. Deoarece poate ajuta la echilibrul natural al hormonului feminin, are, de asemenea, un efect pozitiv asupra bun\u0103st\u0103rii noastre mentale.<\/span><\/p>\n<h2><span style=\"color: #000000;\">Depozitare \u0219i avertismente<\/span><\/h2>\n<p><span style=\"color: #000000;\">A se p\u0103stra \u00eentr-un loc r\u0103coros \u0219i uscat. P\u0103stra\u021bi suplimentul alimentar \u00een afara razei de ac\u021biune a copiilor!<\/span><\/p>\n<p><span style=\"color: #000000;\">Nu uita\u021bi importan\u021ba unei alimenta\u021bii variate \u0219i a unui stil de via\u021b\u0103 s\u0103n\u0103tos, un supliment alimentar nu este, prin urmare, un substitut pentru o diet\u0103 echilibrat\u0103 \u0219i variat\u0103. Cantitatea sau doza zilnic\u0103 recomandat\u0103 nu trebuie s\u0103 fie dep\u0103\u0219it\u0103. Nu este potrivit pentru copii, femei \u00eens\u0103rcinate \u0219i mame care al\u0103pteaz\u0103.<\/span><\/p>\n<p><span style=\"color: #000000;\">Deoarece poate cre\u0219te dimensiunea prostatei, nu se recomand\u0103 utilizarea sa de c\u0103tre b\u0103rba\u021bii cu o prostat\u0103 m\u0103rit\u0103. De asemenea, este descurajat la femeile care au avut cancer de s\u00e2n sau uterin.<\/span><\/p>\n<h2><span style=\"color: #000000;\">Ambalaj<\/span><\/h2>\n<p><span style=\"color: #000000;\">Pung\u0103 cu fermoar nepermeabil \u00een care produsul \u00ee\u0219i p\u0103streaz\u0103 toat\u0103 prospe\u021bimea \u0219i aroma. Ambalajul protejeaz\u0103 produsul de lumin\u0103 \u0219i de aer, fiind compus din mai multe straturi de protec\u021bie pentru a p\u0103stra propriet\u0103\u021bile con\u021binutului.<\/span><\/p>\n<p><span style=\"color: #000000;\">Ambalajul este foarte practic \u0219i reciclabil.<\/span><\/p>\n<h2><span style=\"color: #000000;\">Origine<\/span><\/h2>\n<p><span style=\"color: #000000;\">India<\/span><\/p>\n","protected":false},"excerpt":{"rendered":"<p align=\"JUSTIFY\"><span style=\"color: #000000;\">Tribulus terrestris (de asemenea <strong><em>gokshura<\/em><\/strong>) este o plant\u0103 care cre\u0219te \u0219i aici, de\u0219i este mai rar \u00eent\u00e2lnit\u0103. Este cunoscut\u0103 sub numele de<strong> m\u0103ce\u0219ul comun<\/strong>. \u00cen \u021bara noastr\u0103, cre\u0219te cel mai adesea pe marginea drumurilor sau a c\u0103ilor ferate. Este o plant\u0103 cu cre\u0219tere joas\u0103 \u0219i flori mici \u0219i galbene. Fructele extrem de tari \u0219i \u00een\u021bep\u0103toare ale plantei sunt folosite pentru a face o varietate de suplimente alimentare \u0219i suplimente alimentare care \u00eembun\u0103t\u0103\u021besc sexualitatea:<\/span><\/p>\n<p align=\"JUSTIFY\"><span style=\"color: #000000;\">\ud83d\udc9a este un afrodisiac natural,<\/span><br \/>\n<span style=\"color: #000000;\">\ud83d\udc9a cre\u0219te nivelul de testosteron din organism,<\/span><br \/>\n<span style=\"color: #000000;\">\ud83d\udc9a amelioreaz\u0103 simptomele andropauzei,<\/span><br \/>\n<span style=\"color: #000000;\">\ud83d\udc9a reduce problemele asociate cu disfunc\u021biile sexuale.<\/span><\/p>\n","protected":false},"featured_media":6041,"comment_status":"open","ping_status":"closed","template":"","meta":{"_acf_changed":false},"product_brand":[],"product_cat":[15,226,224,229,225],"product_tag":[],"class_list":{"0":"post-6040","1":"product","2":"type-product","3":"status-publish","4":"has-post-thumbnail","6":"product_cat-uncategorized","7":"product_cat-cele-mai-vandute","8":"product_cat-oferta","9":"product_cat-superalimente","10":"product_cat-toate-produsele","12":"first","13":"instock","14":"sale","15":"taxable","16":"shipping-taxable","17":"purchasable","18":"product-type-simple"},"acf":[],"_links":{"self":[{"href":"https:\/\/fengchashop.com\/ro\/wp-json\/wp\/v2\/product\/6040","targetHints":{"allow":["GET"]}}],"collection":[{"href":"https:\/\/fengchashop.com\/ro\/wp-json\/wp\/v2\/product"}],"about":[{"href":"https:\/\/fengchashop.com\/ro\/wp-json\/wp\/v2\/types\/product"}],"replies":[{"embeddable":true,"href":"https:\/\/fengchashop.com\/ro\/wp-json\/wp\/v2\/comments?post=6040"}],"wp:featuredmedia":[{"embeddable":true,"href":"https:\/\/fengchashop.com\/ro\/wp-json\/wp\/v2\/media\/6041"}],"wp:attachment":[{"href":"https:\/\/fengchashop.com\/ro\/wp-json\/wp\/v2\/media?parent=6040"}],"wp:term":[{"taxonomy":"product_brand","embeddable":true,"href":"https:\/\/fengchashop.com\/ro\/wp-json\/wp\/v2\/product_brand?post=6040"},{"taxonomy":"product_cat","embeddable":true,"href":"https:\/\/fengchashop.com\/ro\/wp-json\/wp\/v2\/product_cat?post=6040"},{"taxonomy":"product_tag","embeddable":true,"href":"https:\/\/fengchashop.com\/ro\/wp-json\/wp\/v2\/product_tag?post=6040"}],"curies":[{"name":"wp","href":"https:\/\/api.w.org\/{rel}","templated":true}]}}