{"id":6031,"date":"2022-02-22T18:24:09","date_gmt":"2022-02-22T17:24:09","guid":{"rendered":"https:\/\/fengchashop.com\/ro\/product\/msm-500-g\/"},"modified":"2026-04-16T09:18:56","modified_gmt":"2026-04-16T07:18:56","slug":"msm","status":"publish","type":"product","link":"https:\/\/fengchashop.com\/ro\/product\/msm\/","title":{"rendered":"MSM 500 g"},"content":{"rendered":"<div class=\"wpb-content-wrapper\"><p>[vc_row][vc_column][vc_column_text css=&#8221;&#8221;]<\/p>\n<h2><span style=\"color: #000000\">MSM pulbere<\/span><\/h2>\n<p><span style=\"color: #000000\">MSM este metilsulfonilmetanul sau<strong> sulful organic<\/strong> \u00een forma sa dietetic\u0103, care se g\u0103se\u0219te ca element constitutiv al celulelor din corpul uman. MSM este produs prin moartea \u0219i descompunerea fitoplanctonului \u00een oceane, se evapor\u0103 net \u00een atmosfer\u0103 \u0219i se depoziteaz\u0103 \u00een nori. Se \u00eentoarce apoi pe p\u0103m\u00e2nt sub form\u0103 de precipita\u021bii \u0219i devine hran\u0103 pentru toate organismele terestre. MSM este deosebit de concentrat \u00een special \u00een plantele care sunt expuse la precipita\u021bii abundente.<\/span><\/p>\n<p><span style=\"color: #000000\">Un alt fapt important este c\u0103 MSM este al patrulea element cel mai necesar \u00een alimenta\u021bia uman\u0103, al\u0103turi de oxigen, ap\u0103 \u0219i sare, deoarece sulful este esen\u021bial pentru regenerarea \u0219i hr\u0103nirea celulelor s\u0103n\u0103toase.<\/span><\/p>\n<p><span style=\"color: #000000\">MSM este cunoscut \u0219i sub numele de mineralul frumuse\u021bii, deoarece are un efect benefic asupra:<\/span><\/p>\n<p><span style=\"color: #000000\"><strong>\ud83d\udc9a regenerarea \u0219i promovarea elasticit\u0103\u021bii celulelor<\/strong>, ceea ce faciliteaz\u0103 metabolismul celular,<\/span><br \/>\n<span style=\"color: #000000\">\ud83d\udc9a <strong>regenerarea celulelor \u0219i \u021besuturilor deteriorate<\/strong>,<\/span><br \/>\n<span style=\"color: #000000\">\ud83d\udc9a restabilirea<strong> ph-ului<\/strong> adecvat al<strong> pielii,<\/strong><\/span><br \/>\n<span style=\"color: #000000\">\ud83d\udc9a ameliorarea<strong> umfl\u0103turilor, a crampelor \u0219i a durerilor<\/strong>.<\/span><\/p>\n<p><span style=\"color: #000000\">MSM este un element constitutiv esen\u021bial al celulelor organismului, care devine deficitar odat\u0103 cu v\u00e2rsta.<\/span><\/p>\n<p><span style=\"color: #000000\">Sulful organic este prezent \u00een toate fiin\u021bele vii de pe p\u0103m\u00e2nt. Este un constituent important al keratinei, colagenului, elastinei \u0219i cartilajului \u0219i particip\u0103 la formarea globulelor ro\u0219ii, a mu\u0219chilor, a pielii \u0219i a p\u0103rului. Deoarece afecteaz\u0103 aspectul pielii, al p\u0103rului \u0219i al unghiilor, a fost numit mineralul frumuse\u021bii. MSM este unul dintre principalii componen\u021bi ai aminoacizilor care alc\u0103tuiesc proteinele \u0219i, prin urmare, influen\u021beaz\u0103 numeroase procese din corpul uman: de la func\u021bia <strong>enzimatic\u0103, echilibrul imunitar \u0219i hormonal, p\u00e2n\u0103 la s\u0103n\u0103tatea ligamentelor, tendoanelor \u0219i articula\u021biilor<\/strong>.<\/span><\/p>\n<p><span style=\"color: #000000\"><strong>Pielea este cel mai mare organ<\/strong> al nostru \u0219i reflect\u0103 \u00een mare m\u0103sur\u0103 stilul nostru de via\u021b\u0103. Putem face multe pentru pielea noastr\u0103, care de fapt ne protejeaz\u0103 de lumea exterioar\u0103, cu o diet\u0103 corect\u0103 \u0219i cu alegerea corect\u0103 a suplimentelor alimentare. MSM v\u0103 va ajuta s\u0103 v\u0103 reface\u021bi pielea, p\u0103rul, oasele, articula\u021biile \u0219i mu\u0219chii.<\/span><\/p>\n<p><span style=\"color: #000000\">Dac\u0103 dori\u021bi s\u0103<strong> v\u0103 re\u00eennoi\u021bi corpul<\/strong>, s\u0103 v\u0103 restabili\u021bi echilibrul \u0219i s\u0103 v\u0103 \u00eentineri\u021bi aspectul, MSM este alegerea potrivit\u0103. MSM v\u0103 va face celulele <strong>str\u0103lucitoare, \u00eentinerite \u0219i pline<\/strong> din nou.<\/span><\/p>\n<p><span style=\"color: #000000\">\u0218i, \u00eentruc\u00e2t suntem din ce \u00een ce mai deficitari \u00een acest produs pe m\u0103sur\u0103 ce \u00eemb\u0103tr\u00e2nim, iar MSM este o component\u0103 important\u0103, \u00een special \u00een keratin\u0103, colagen, elastin\u0103 \u0219i cartilaj, \u0219i este implicat \u00een formarea<strong> globulelor ro\u0219ii, a mu\u0219chilor, a pielii \u0219i a p\u0103rului<\/strong>, este logic s\u0103 lua\u021bi \u00een considerare suplimentarea cu MSM sub form\u0103 de supliment alimentar.<\/span><\/p>\n<p><span style=\"color: #000000\"><strong>MSM-ul nostru este derivat din pin<\/strong>.<\/span><\/p>\n<p><span style=\"color: #000000\">Procesul de extrac\u021bie este o <strong>dubl\u0103 centrifugare<\/strong> \u0219i, \u00een final, o <strong>uscare \u00een vid<\/strong>. Nu exist\u0103 niciun proces de distilare.<\/span><\/p>\n<p><span style=\"color: #000000\"><strong>Puritatea MSM-ului nostru este de 99,00%.<\/strong><\/span><\/p>\n<h2><span style=\"color: #000000\">Depozitare \u0219i avertismente<\/span><\/h2>\n<p><span style=\"color: #000000\">Depozita\u021bi \u00eentr-un loc r\u0103coros \u0219i uscat, la o temperatur\u0103 de p\u00e2n\u0103 la 25 \u00b0C. P\u0103stra\u021bi suplimentul alimentar departe de \u00eendem\u00e2na copiilor!<\/span><\/p>\n<p><span style=\"color: #000000\">Nu uita\u021bi importan\u021ba unei diete variate \u0219i a unui stil de via\u021b\u0103 s\u0103n\u0103tos, un supliment alimentar nu este, prin urmare, un substitut pentru o diet\u0103 echilibrat\u0103 \u0219i variat\u0103. Cantitatea sau doza zilnic\u0103 recomandat\u0103 nu trebuie s\u0103 fie dep\u0103\u0219it\u0103. Femeile \u00eens\u0103rcinate \u0219i cele care al\u0103pteaz\u0103 sunt \u00eentotdeauna sf\u0103tuite s\u0103 consulte un medic \u00eenainte de utilizare. Se recomand\u0103 pruden\u021b\u0103 \u00een cazul administr\u0103rii de medicamente, \u00een special de anticoagulante, deoarece MSM sub\u021biaz\u0103 s\u00e2ngele.<\/span><\/p>\n<h2><span style=\"color: #000000\">Ambalaj<\/span><\/h2>\n<p><span style=\"color: #000000\">Pung\u0103 cu fermoar nepermeabil, \u00een care produsul \u00ee\u0219i p\u0103streaz\u0103 toat\u0103 prospe\u021bimea \u0219i aroma. Ambalajul protejeaz\u0103 \u00eempotriva luminii \u0219i a aerului, deoarece este compus din mai multe straturi de protec\u021bie pentru a p\u0103stra propriet\u0103\u021bile con\u021binutului.<\/span><\/p>\n<p><span style=\"color: #000000\">Ambalajul este foarte practic \u0219i reciclabil.<\/span><\/p>\n<h2><span style=\"color: #000000\">Bine de \u0219tiut<\/span><\/h2>\n<p><span style=\"color: #000000\">Produsul este potrivit \u0219i pentru animale. Efectul MSM este similar cu efectul s\u0103u asupra oamenilor. V\u0103 rug\u0103m s\u0103 consulta\u021bi medicul veterinar \u00eenainte de utilizare cu privire la oportunitatea administr\u0103rii \u0219i la cantitatea zilnic\u0103 recomandat\u0103.<\/span><\/p>\n<h2><span style=\"color: #000000\">Origine<\/span><\/h2>\n<p>\u00cen afara UE[\/vc_column_text][\/vc_column][\/vc_row]<\/p>\n<\/div>","protected":false},"excerpt":{"rendered":"<p align=\"JUSTIFY\">MSM este metil sulfinil metan, sau sulf organic \u00een forma sa dietetic\u0103, care se g\u0103se\u0219te ca element constitutiv al celulelor peste tot \u00een corpul uman. MSM-ul nostru este <strong>extras din pin<\/strong>. Procesul de extrac\u021bie const\u0103 \u00eentr-o <strong>dubl\u0103 centrifugare \u0219i, \u00een final, \u00een uscarea \u00een vid<\/strong>. Nu exist\u0103 niciun proces de distilare. <strong>Puritatea<\/strong> garantat\u0103 <strong>a MSM-ului nostru este de 99,00%<\/strong>.<\/p>\n<p align=\"JUSTIFY\">\ud83d\udc9a Restaurarea \u0219i promovarea elasticit\u0103\u021bii celulare, facilitarea metabolismului celular<br \/>\n\ud83d\udc9a Ajut\u0103 la regenerarea celulelor \u0219i \u021besuturilor deteriorate<br \/>\n\ud83d\udc9a Amelioreaz\u0103 durerile articulare \u0219i musculare<br \/>\n\ud83d\udc9a Ajut\u0103 la vindecarea mai rapid\u0103 a r\u0103nilor \u0219i reduce cicatricile<\/p>\n","protected":false},"featured_media":6032,"comment_status":"open","ping_status":"closed","template":"","meta":{"_acf_changed":false},"product_brand":[],"product_cat":[15,224,229,225],"product_tag":[],"class_list":{"0":"post-6031","1":"product","2":"type-product","3":"status-publish","4":"has-post-thumbnail","6":"product_cat-uncategorized","7":"product_cat-oferta","8":"product_cat-superalimente","9":"product_cat-toate-produsele","11":"first","12":"instock","13":"sale","14":"taxable","15":"shipping-taxable","16":"purchasable","17":"product-type-simple"},"acf":[],"_links":{"self":[{"href":"https:\/\/fengchashop.com\/ro\/wp-json\/wp\/v2\/product\/6031","targetHints":{"allow":["GET"]}}],"collection":[{"href":"https:\/\/fengchashop.com\/ro\/wp-json\/wp\/v2\/product"}],"about":[{"href":"https:\/\/fengchashop.com\/ro\/wp-json\/wp\/v2\/types\/product"}],"replies":[{"embeddable":true,"href":"https:\/\/fengchashop.com\/ro\/wp-json\/wp\/v2\/comments?post=6031"}],"wp:featuredmedia":[{"embeddable":true,"href":"https:\/\/fengchashop.com\/ro\/wp-json\/wp\/v2\/media\/6032"}],"wp:attachment":[{"href":"https:\/\/fengchashop.com\/ro\/wp-json\/wp\/v2\/media?parent=6031"}],"wp:term":[{"taxonomy":"product_brand","embeddable":true,"href":"https:\/\/fengchashop.com\/ro\/wp-json\/wp\/v2\/product_brand?post=6031"},{"taxonomy":"product_cat","embeddable":true,"href":"https:\/\/fengchashop.com\/ro\/wp-json\/wp\/v2\/product_cat?post=6031"},{"taxonomy":"product_tag","embeddable":true,"href":"https:\/\/fengchashop.com\/ro\/wp-json\/wp\/v2\/product_tag?post=6031"}],"curies":[{"name":"wp","href":"https:\/\/api.w.org\/{rel}","templated":true}]}}