{"id":6028,"date":"2022-02-22T16:28:02","date_gmt":"2022-02-22T15:28:02","guid":{"rendered":"https:\/\/fengchashop.com\/ro\/product\/colagen-msm-vitamina-c-pulbere-250-g\/"},"modified":"2026-04-30T16:27:55","modified_gmt":"2026-04-30T14:27:55","slug":"colagen-msm-vitamina-c-pulbere","status":"publish","type":"product","link":"https:\/\/fengchashop.com\/ro\/product\/colagen-msm-vitamina-c-pulbere\/","title":{"rendered":"Colagen + MSM + vitamina C pulbere 250 g"},"content":{"rendered":"<h2><span style=\"color: #000000\">Colagen + MSM + vitamina C pulbere<\/span><\/h2>\n<p><span style=\"color: #000000\">\u00cen interesul s\u0103n\u0103t\u0103\u021bii \u0219i frumuse\u021bii dumneavoastr\u0103, am alc\u0103tuit un amestec special de suplimente de care credem c\u0103 aproape toat\u0103 lumea are nevoie mai devreme sau mai t\u00e2rziu &#8211; corpul dumneavoastr\u0103 ne va mul\u021bumi, iar pielea dumneavoastr\u0103 va str\u0103luci pur \u0219i simplu. Este un alt produs din gama noastr\u0103 extins\u0103, creat\u0103 cu g\u00e2ndul la nevoile omului modern, care ia doar ce e mai bun din natur\u0103.<\/span><\/p>\n<p><span style=\"color: #000000\">Este bine cunoscut faptul c\u0103, dup\u0103 v\u00e2rsta de 25 de ani, produc\u021bia de colagen propriu \u00eencepe s\u0103 scad\u0103 cu aproximativ 1% pe an. Efectele acestui declin treptat al colagenului sunt vizibile mai t\u00e2rziu, deoarece poate dura p\u00e2n\u0103 la 10 ani pentru a vedea primele semne vizibile, \u00een timp ce modific\u0103rile \u00een structura intern\u0103 a oaselor, pielii, vaselor de s\u00e2nge, mu\u0219chilor, p\u0103rului \u0219i unghiilor \u00eencep s\u0103 apar\u0103 mai devreme. Cu alte cuvinte, primele riduri pe care le vedem pe fa\u021b\u0103 sunt rezultatul unei sc\u0103deri a produc\u021biei de colagen cu ani \u00een urm\u0103. Dar, \u00eentruc\u00e2t<strong> colagenul este, de asemenea, responsabil pentru func\u021bionarea normal\u0103 a oaselor, pielii, din\u021bilor, vaselor de s\u00e2nge, cartilajelor \u0219i gingiilor<\/strong>, o lips\u0103 a acestuia afecteaz\u0103 \u00een mod natural toate aceste zone. Colagenul <strong>contribuie, de asemenea, la un intestin s\u0103n\u0103tos<\/strong>, care este, de fapt, de multe ori, cheia s\u0103n\u0103t\u0103\u021bii \u0219i bun\u0103st\u0103rii noastre generale.<\/span><\/p>\n<p><span style=\"color: #000000\">Colagenul hidrolizat este recomandat dup\u0103 v\u00e2rsta de 30 de ani, ca supliment la o diet\u0103 s\u0103n\u0103toas\u0103 \u0219i echilibrat\u0103 \u0219i la un stil de via\u021b\u0103 activ. Pentru un aspect s\u0103n\u0103tos al pielii, p\u0103rului \u0219i unghiilor, precum \u0219i pentru oase, din\u021bi \u0219i articula\u021bii s\u0103n\u0103toase \u0219i puternice, am dezvoltat, prin urmare, un amestec \u00eembun\u0103t\u0103\u021bit care con\u021bine nu numai colagen, ci \u0219i adaosul de MSM, sau acid sulfuric organic, cunoscut \u0219i sub numele de<strong> mineralul frumuse\u021bii<\/strong>, care are, de asemenea, un efect pozitiv asupra pielii, p\u0103rului, unghiilor, articula\u021biilor \u0219i oaselor noastre. Este un element constitutiv al celulelor noastre \u0219i o component\u0103 uman\u0103 intrinsec\u0103, complet natural\u0103, a c\u0103rei produc\u021bie scade \u0219i ea odat\u0103 cu v\u00e2rsta. Deoarece vitamina C este, de asemenea, foarte important\u0103 pentru func\u021bionarea MSM \u0219i pentru majoritatea proceselor din corpul nostru &#8211; \u00een special ca<strong> antioxidant<\/strong>, care, printre altele, permite o mai bun\u0103 absorb\u021bie a vitaminelor \u0219i mineralelor, am ad\u0103ugat aceast\u0103 vitamin\u0103 indispensabil\u0103 la amestec. Vitamina C este, de asemenea, esen\u021bial\u0103 \u00een amestecurile noastre, deoarece produc\u021bia propriului nostru colagen depinde \u00een mare m\u0103sur\u0103 de cantit\u0103\u021bi suficiente din aceast\u0103 vitamin\u0103. Trebuie remarcat faptul c\u0103 fum\u0103torii, persoanele active din punct de vedere fizic \u0219i sportivii, \u00een special, au cel mai mare necesar zilnic de vitamina C, dar acest necesar sporit nu este, de obicei, atins doar prin alimenta\u021bie, a\u0219a c\u0103 este recomandat ca supliment alimentar, iar excesul de vitamina C este pur \u0219i simplu eliminat de organism.<\/span><\/p>\n<p><span style=\"color: #000000\">Consumul regulat al acestui supliment din super amestec aduce numeroase beneficii pentru frumuse\u021bea noastr\u0103 interioar\u0103 \u0219i exterioar\u0103:<\/span><\/p>\n<p><span style=\"color: #000000\">\ud83d\udc9a \u00eembun\u0103t\u0103\u021be\u0219te <strong>s\u0103n\u0103tatea pielii, a p\u0103rului \u0219i a unghiilor<\/strong>;<\/span><br \/>\n<span style=\"color: #000000\">\ud83d\udc9a \u00eembun\u0103t\u0103\u021be\u0219te <strong>func\u021bia intestinal\u0103<\/strong>;<\/span><br \/>\n<span style=\"color: #000000\">\ud83d\udc9a \u00eembun\u0103t\u0103\u021be\u0219te <strong>masa muscular\u0103<\/strong>;<\/span><br \/>\n<span style=\"color: #000000\">\ud83d\udc9a<strong> hidratarea organismului<\/strong> este crescut\u0103;<\/span><br \/>\n<span style=\"color: #000000\">\ud83d\udc9a pielea nu mai este uscat\u0103, <strong>starea pielii se \u00eembun\u0103t\u0103\u021be\u0219te<\/strong>, ph-ul pielii se echilibreaz\u0103, devine supl\u0103 \u0219i se regenereaz\u0103 mai repede;<\/span><br \/>\n<span style=\"color: #000000\">\ud83d\udc9a are<strong> efecte anti-\u00eemb\u0103tr\u00e2nire<\/strong>;<\/span><br \/>\n<span style=\"color: #000000\">\ud83d\udc9a oa<strong> sele, din\u021bii \u0219i articula\u021biile<\/strong> noastre<strong> devin mai puternice<\/strong>;<\/span><br \/>\n<span style=\"color: #000000\">\ud83d\udc9a <strong>formarea propriului nostru colagen<\/strong> este \u00eembun\u0103t\u0103\u021bit\u0103;<\/span><br \/>\n<span style=\"color: #000000\">\ud83d\udc9a celulele sunt<strong> protejate \u00eempotriva stresului oxidativ<\/strong>;<\/span><br \/>\n<span style=\"color: #000000\"><strong>\ud83d\udc9a oboseala fizic\u0103 \u0219i epuizarea<\/strong> sunt \u00eembun\u0103t\u0103\u021bite;<\/span><br \/>\n<span style=\"color: #000000\"><strong> \ud83d\udc9a sistemul imunitar<\/strong> s\u0103n\u0103tos<strong> \u0219i echilibrul hormonal<\/strong>;<\/span><br \/>\n<span style=\"color: #000000\">\ud83d\udc9a celulele \u0219i \u021besuturile se <strong>regenereaz\u0103 mai repede<\/strong>.<\/span><\/p>\n<h2><span style=\"color: #000000\">Ambalaj<\/span><\/h2>\n<p><span style=\"color: #000000\">Pung\u0103 cu fermoar nepermeabil \u00een care produsul \u00ee\u0219i p\u0103streaz\u0103 toat\u0103 prospe\u021bimea \u0219i aroma. Ambalajul protejeaz\u0103 \u00eempotriva luminii \u0219i a aerului, fiind format din mai multe straturi de protec\u021bie pentru a p\u0103stra propriet\u0103\u021bile con\u021binutului.<\/span><\/p>\n<p><span style=\"color: #000000\">Ambalajul este foarte practic \u0219i reciclabil.<\/span><\/p>\n<h2><span style=\"color: #000000\">Depozitare<\/span><\/h2>\n<p><span style=\"color: #000000\">A se p\u0103stra \u00eentr-un loc uscat, \u00eentunecat \u0219i r\u0103coros. Asigura\u021bi-v\u0103 c\u0103 punga este \u00eenchis\u0103 ermetic.<\/span><\/p>\n<h2><span style=\"color: #000000\">Origine<\/span><\/h2>\n<p><span style=\"color: #000000\">UE<\/span><\/p>\n","protected":false},"excerpt":{"rendered":"<p align=\"JUSTIFY\">Colagen, MSM \u0219i vitamina C pentru frumuse\u021be \u0219i bun\u0103stare. Un amestec special pentru care corpul nostru va fi recunosc\u0103tor, iar pielea noastr\u0103 va str\u0103luci pur \u0219i simplu. Consumul regulat al unui amestec de colagen, MSM \u0219i vitamina C aduce numeroase beneficii pentru frumuse\u021bea noastr\u0103 interioar\u0103 \u0219i exterioar\u0103:<\/p>\n<p align=\"JUSTIFY\">\ud83d\udc9a \u00cembun\u0103t\u0103\u021birea s\u0103n\u0103t\u0103\u021bii <strong>pielii<\/strong>, <strong>p\u0103rului<\/strong> \u0219i <strong>unghiilor.<\/strong><br \/>\n\ud83d\udc9a <strong>hidratarea organismului<\/strong> este crescut\u0103.<br \/>\n\ud83d\udc9a Oasele, din\u021bii \u0219i articula\u021biile devin mai puternice.<br \/>\n\ud83d\udc9a Produc\u021bia proprie de colagen se \u00eembun\u0103t\u0103\u021be\u0219te.<\/p>\n","protected":false},"featured_media":6029,"comment_status":"open","ping_status":"closed","template":"","meta":{"_acf_changed":false},"product_brand":[],"product_cat":[15,224,229,225],"product_tag":[],"class_list":{"0":"post-6028","1":"product","2":"type-product","3":"status-publish","4":"has-post-thumbnail","6":"product_cat-uncategorized","7":"product_cat-oferta","8":"product_cat-superalimente","9":"product_cat-toate-produsele","11":"first","12":"instock","13":"sale","14":"taxable","15":"shipping-taxable","16":"purchasable","17":"product-type-simple"},"acf":[],"_links":{"self":[{"href":"https:\/\/fengchashop.com\/ro\/wp-json\/wp\/v2\/product\/6028","targetHints":{"allow":["GET"]}}],"collection":[{"href":"https:\/\/fengchashop.com\/ro\/wp-json\/wp\/v2\/product"}],"about":[{"href":"https:\/\/fengchashop.com\/ro\/wp-json\/wp\/v2\/types\/product"}],"replies":[{"embeddable":true,"href":"https:\/\/fengchashop.com\/ro\/wp-json\/wp\/v2\/comments?post=6028"}],"wp:featuredmedia":[{"embeddable":true,"href":"https:\/\/fengchashop.com\/ro\/wp-json\/wp\/v2\/media\/6029"}],"wp:attachment":[{"href":"https:\/\/fengchashop.com\/ro\/wp-json\/wp\/v2\/media?parent=6028"}],"wp:term":[{"taxonomy":"product_brand","embeddable":true,"href":"https:\/\/fengchashop.com\/ro\/wp-json\/wp\/v2\/product_brand?post=6028"},{"taxonomy":"product_cat","embeddable":true,"href":"https:\/\/fengchashop.com\/ro\/wp-json\/wp\/v2\/product_cat?post=6028"},{"taxonomy":"product_tag","embeddable":true,"href":"https:\/\/fengchashop.com\/ro\/wp-json\/wp\/v2\/product_tag?post=6028"}],"curies":[{"name":"wp","href":"https:\/\/api.w.org\/{rel}","templated":true}]}}