{"id":6026,"date":"2025-07-24T18:55:56","date_gmt":"2025-07-24T16:55:56","guid":{"rendered":"https:\/\/fengchashop.com\/ro\/product\/maca-rosie-pulbere-bio-250-g\/"},"modified":"2026-05-10T21:05:15","modified_gmt":"2026-05-10T19:05:15","slug":"mac-rosie-pulbere-bio","status":"publish","type":"product","link":"https:\/\/fengchashop.com\/ro\/product\/mac-rosie-pulbere-bio\/","title":{"rendered":"Maca ro\u0219ie pulbere BIO 250 g"},"content":{"rendered":"<h2>Pulbere de maca ro\u0219ie BIO<\/h2>\n<p>Maca este o plant\u0103 cu r\u0103d\u0103cini care se dezvolt\u0103 \u00een mun\u021bii peruani \u0219i andini, expus\u0103 la condi\u021bii meteorologice extreme \u0219i la diferen\u021be mari de temperatur\u0103 \u00eentre zi \u0219i noapte. Se mai nume\u0219te \u0219i <strong>ginseng peruvian<\/strong>. Deoarece este practic invincibil\u0103 din punct de vedere al supravie\u021buirii, vechii inca\u0219i au exploatat propriet\u0103\u021bile sale active, care sunt deosebit de bune pentru <strong>poten\u021ba sexual\u0103 masculin\u0103<\/strong> \u0219i au un efect benefic asupra s\u0103n\u0103t\u0103\u021bii generale. Tocmai din acest ultim motiv este considerat un superaliment extrem de valoros.<\/p>\n<p>Partea medicinal\u0103 a m\u0103ce\u0219ului este tuberculul, care con\u021bine<strong>multe vitamine, minerale \u0219i aminoacizi<\/strong>. Datorit\u0103 propriet\u0103\u021bilor sale asem\u0103n\u0103toare cu cele hormonale, acesta regleaz\u0103 nivelul de estrogen \u0219i progesteron, sau de testosteron, care au un efect benefic asupra bun\u0103st\u0103rii noastre \u0219i ne confer\u0103 for\u021b\u0103 \u0219i rezisten\u021b\u0103. Con\u021binutul s\u0103u de vitamine importante, cum ar fi vitamina B1, B12, C \u0219i E, precum \u0219i de acizi gra\u0219i, minerale \u0219i aminoacizi (dintre care 7 esen\u021biali &#8211; cei de care are nevoie organismul nostru), face din maca unul dintre cele mai eficiente, dorite \u0219i recomandate superalimente naturale, cu o tradi\u021bie de mii de ani.<\/p>\n<p>Este o <strong>plant\u0103 adaptogen\u0103<\/strong> care <strong>cre\u0219te energia, rezisten\u021ba, vitalitatea \u0219i for\u021ba fizic\u0103<\/strong>. Ea ne ajut\u0103 s\u0103 r\u0103spundem mai u\u0219or la stres \u0219i s\u0103 ne adapt\u0103m mai u\u0219or la schimb\u0103ri. Ea este mai abundent\u0103 \u00een Anzii din centrul Peru, \u00een condi\u021bii aspre \u0219i la altitudini foarte mari &#8211; peste 4000 de metri. Este o legum\u0103 crucifer\u0103, ca \u0219i broccoli, conopida, napii, varza, varza, varza kale \u0219i ridichile. Cea mai comestibil\u0103 parte a plantei este r\u0103d\u0103cina sau tuberculul. Acesta este disponibil \u00een mai multe culori, de la alb la negru. Cele mai populare culori sunt<strong> galben, ro\u0219u \u0219i negru<\/strong>. Maca galben\u0103 simpl\u0103 este folosit\u0103 pentru consumul zilnic \u0219i pe termen lung. Maca ro\u0219ie \u0219i neagr\u0103 sunt considerate soiuri sacre \u0219i sunt folosite pentru probleme terapeutice cronice. Maca galben\u0103 este neutr\u0103.<strong> Ro\u0219ul<\/strong> este considerat a fi pentru <strong>energia feminin\u0103 interioar\u0103<\/strong>. Negrul este considerat a fi pentru energia masculin\u0103 exterioar\u0103. \u0218amanii locali sunt foarte aten\u021bi la tipul sau propor\u021bia de maca pe care trebuie s\u0103 o consume o persoan\u0103 cu probleme.<\/p>\n<p>Aceasta are un gust foarte dulce \u0219i o gam\u0103 larg\u0103 de utiliz\u0103ri.<\/p>\n<p>Maca ro\u0219ie este 100%<strong> organic\u0103<\/strong>. Ea provine din<strong> ferme ecologice din mun\u021bii peruani de \u00eenalt\u0103 munte<\/strong>. Avem analize \u0219i un certificat valabil pentru fiecare lot.<\/p>\n<h2>De ce s\u0103 alege\u021bi maca ro\u0219ie?<\/h2>\n<p>Se spune c\u0103 maca ro\u0219ie are cea mai mare <strong>putere antioxidant\u0103<\/strong>. Studiile au confirmat c\u0103 maca ro\u0219ie poate ajuta \u00een cazul cancerului de prostat\u0103 \u0219i \u00een prevenirea pierderii de mas\u0103 osoas\u0103. \u00cen plus, maca ro\u0219ie este util\u0103 \u00een<strong> reglarea hormonilor, \u00een cre\u0219terea for\u021bei \u0219i a rezisten\u021bei<\/strong>. Ajut\u0103, de asemenea, la <strong>depresie \u0219i la gestionarea stresului<\/strong>. S-a demonstrat, de asemenea, c\u0103 are efect asupra<strong> sindromului premenstrual<\/strong> \u0219i a simptomelor <strong>menopauzei, asupra libidoului feminin \u0219i pentru a preveni oboseala general\u0103<\/strong>.<\/p>\n<h2>De ce s\u0103 comanda\u021bi maca noastr\u0103?<\/h2>\n<p>Pulberea noastr\u0103 de maca provine din <strong>produc\u021bia organic\u0103 controlat\u0103<\/strong>, uscat\u0103 cu grij\u0103 \u0219i m\u0103cinat\u0103 \u00eentr-o pulbere asem\u0103n\u0103toare f\u0103inii. \u00cen plus, ne asigur\u0103m \u00een mod regulat c\u0103 stocurile noastre de matzo sunt \u00eentotdeauna<strong> proaspete<\/strong>! Acesta este, de asemenea, motivul pentru care preg\u0103tim noi \u00een\u0219ine cu grij\u0103 amestecul, deoarece aceasta este singura modalitate de a asigura integritatea acestuia cu ingrediente proaspete \u00een propor\u021biile potrivite.<\/p>\n<p>Maca provine de la fermele organice din mun\u021bii \u00eenal\u021bi din Peru. Am analizat \u0219i validat fiecare lot.<\/p>\n<h2>Valori nutri\u021bionale<\/h2>\n<p>Valori nutri\u021bionale medii la 100 g de pulbere de maca ro\u0219ie: energie: 1448 kJ\/342 kcal; gr\u0103simi: 0,6 g, din care saturate: 0,2 g; carbohidra\u021bi: 67 g, din care zaharuri: 24 g; proteine: 12 g; fibre: 10 g \u0219i sare: 0,53 g.<\/p>\n<h2>Depozitare \u0219i avertismente<\/h2>\n<p>A se p\u0103stra \u00eentr-un loc r\u0103coros \u0219i uscat, la o temperatur\u0103 de p\u00e2n\u0103 la 25 \u00b0C. P\u0103stra\u021bi suplimentul alimentar \u00een afara razei de ac\u021biune a copiilor!<\/p>\n<p>Nu uita\u021bi importan\u021ba unei diete variate \u0219i a unui stil de via\u021b\u0103 s\u0103n\u0103tos, un supliment alimentar nu este, prin urmare, un substitut pentru o diet\u0103 echilibrat\u0103 \u0219i variat\u0103. Cantitatea sau doza zilnic\u0103 recomandat\u0103 nu trebuie s\u0103 fie dep\u0103\u0219it\u0103. Femeile \u00eens\u0103rcinate \u0219i cele care al\u0103pteaz\u0103 sunt \u00eentotdeauna sf\u0103tuite s\u0103 consulte un medic \u00eenainte de utilizare.<\/p>\n<h2>Ambalaj<\/h2>\n<p>Pung\u0103 cu fermoar nepermeabil \u00een care produsul \u00ee\u0219i p\u0103streaz\u0103 toat\u0103 prospe\u021bimea \u0219i aroma. Ambalajul protejeaz\u0103 produsul de lumin\u0103 \u0219i de aer, fiind format din mai multe straturi de protec\u021bie pentru a p\u0103stra propriet\u0103\u021bile con\u021binutului.<\/p>\n<p>Ambalajul este foarte practic \u0219i reciclabil.<\/p>\n<h2>Origine<\/h2>\n<p>Peru<\/p>\n","protected":false},"excerpt":{"rendered":"<p align=\"JUSTIFY\">Maca este o plant\u0103 r\u0103d\u0103cin\u0103 care se dezvolt\u0103 \u00een mun\u021bii andini peruani, expus\u0103 la<strong> condi\u021bii meteorologice extreme<\/strong> \u0219i la diferen\u021be mari de temperatur\u0103 \u00eentre zi \u0219i noapte. Partea medicinal\u0103 a maca este tuberculul, care con\u021bine multe<strong> vitamine, minerale \u0219i aminoacizi<\/strong>. Con\u021bin\u00e2nd vitamine importante, cum ar fi vitamina B1, B12, C \u0219i E, precum \u0219i acizi gra\u0219i, minerale \u0219i aminoacizi, maca este unul dintre cele mai eficiente, dorite \u0219i recomandate superalimente naturale, cu o tradi\u021bie care dateaz\u0103 de mii de ani.<\/p>\n<p align=\"JUSTIFY\">\ud83d\udc9a Pentru energia feminin\u0103 interioar\u0103.<br \/>\n\ud83d\udc9aPentru femeia interioar\u0103.<br \/>\n\ud83d\udc9a Ajut\u0103 la depresie, oboseal\u0103 \u0219i gestionarea stresului.<br \/>\n\ud83d\udc9a Cre\u0219te libidoul feminin.<br \/>\n\ud83d\udc9a Ajut\u0103 la reglarea hormonilor \u0219i reduce simptomele sindromului premenstrual \u0219i ale menopauzei.<\/p>\n","protected":false},"featured_media":6027,"comment_status":"open","ping_status":"closed","template":"","meta":{"_acf_changed":false},"product_brand":[],"product_cat":[15,224,229,225],"product_tag":[],"class_list":{"0":"post-6026","1":"product","2":"type-product","3":"status-publish","4":"has-post-thumbnail","6":"product_cat-uncategorized","7":"product_cat-oferta","8":"product_cat-superalimente","9":"product_cat-toate-produsele","11":"first","12":"instock","13":"sale","14":"taxable","15":"shipping-taxable","16":"purchasable","17":"product-type-simple"},"acf":[],"_links":{"self":[{"href":"https:\/\/fengchashop.com\/ro\/wp-json\/wp\/v2\/product\/6026","targetHints":{"allow":["GET"]}}],"collection":[{"href":"https:\/\/fengchashop.com\/ro\/wp-json\/wp\/v2\/product"}],"about":[{"href":"https:\/\/fengchashop.com\/ro\/wp-json\/wp\/v2\/types\/product"}],"replies":[{"embeddable":true,"href":"https:\/\/fengchashop.com\/ro\/wp-json\/wp\/v2\/comments?post=6026"}],"wp:featuredmedia":[{"embeddable":true,"href":"https:\/\/fengchashop.com\/ro\/wp-json\/wp\/v2\/media\/6027"}],"wp:attachment":[{"href":"https:\/\/fengchashop.com\/ro\/wp-json\/wp\/v2\/media?parent=6026"}],"wp:term":[{"taxonomy":"product_brand","embeddable":true,"href":"https:\/\/fengchashop.com\/ro\/wp-json\/wp\/v2\/product_brand?post=6026"},{"taxonomy":"product_cat","embeddable":true,"href":"https:\/\/fengchashop.com\/ro\/wp-json\/wp\/v2\/product_cat?post=6026"},{"taxonomy":"product_tag","embeddable":true,"href":"https:\/\/fengchashop.com\/ro\/wp-json\/wp\/v2\/product_tag?post=6026"}],"curies":[{"name":"wp","href":"https:\/\/api.w.org\/{rel}","templated":true}]}}