{"id":6019,"date":"2022-02-22T10:17:16","date_gmt":"2022-02-22T09:17:16","guid":{"rendered":"https:\/\/fengchashop.com\/ro\/product\/polyporus-umbellatus-salbatic-bio-125-g\/"},"modified":"2026-04-29T06:19:14","modified_gmt":"2026-04-29T04:19:14","slug":"polyporus-umbellatus-salbatic-bio","status":"publish","type":"product","link":"https:\/\/fengchashop.com\/ro\/product\/polyporus-umbellatus-salbatic-bio\/","title":{"rendered":"Polyporus umbellatus s\u0103lbatic BIO 125 g"},"content":{"rendered":"<h2>Polyporus umbellatus s\u0103lbatic pulbere BIO<\/h2>\n<p>Polyporus umbellatus este o ciuperc\u0103 comestibil\u0103, dar protejat\u0103, cu un aspect asem\u0103n\u0103tor cu cel al conopidei. \u00cen limba sloven\u0103, este numit\u0103<strong> punchwort ramificat sau punchwort de stejar<\/strong>. \u00cen timp ce partea suprateran\u0103 (trosnjake) este folosit\u0103 \u00een aplica\u021bii culinare, partea subteran\u0103 (sclerotium) este medicinal\u0103. Este o ciuperc\u0103 medicinal\u0103 foarte cercetat\u0103, deoarece con\u021bine mul\u021bi<strong> compu\u0219i bioactivi<\/strong> care au o activitate antitumoral\u0103 \u0219i anticancerigen\u0103 dovedit\u0103. De aceea, se reg\u0103se\u0219te adesea ca ingredient \u00een diverse medicamente \u0219i suplimente alimentare. Pungeiul ramificat este, de asemenea, o<strong> surs\u0103 excelent\u0103 de antioxidan\u021bi<\/strong>, care capteaz\u0103 radicalii liberi, <strong>\u00eembun\u0103t\u0103\u021bind<\/strong> astfel <strong>sistemul imunitar<\/strong> \u0219i av\u00e2nd<strong> propriet\u0103\u021bi antimicrobiene<\/strong>. Este folosit \u00een scopuri medicinale, \u00een special \u00een medicina tradi\u021bional\u0103 chinez\u0103, ca diuretic pentru a preveni sau trata problemele legate de afectarea rinichilor \u0219i a ficatului, reten\u021bia de ap\u0103, umfl\u0103turi, precum \u0219i pentru diaree, icter \u0219i pentru tratarea secre\u021biilor vaginale \u0219i a urin\u0103rii dureroase. Este, de asemenea, considerat un antibiotic natural \u00een MTC. Efectul s\u0103u diuretic \u0219i efectele sale benefice asupra rinichilor \u0219i ficatului au fost confirmate \u0219i de oamenii de \u0219tiin\u021b\u0103. De asemenea, stimuleaz\u0103 sistemul imunitar \u0219i este un excelent suport pentru chimioterapie \u00een tratamentul cancerului.<\/p>\n<p>Produc\u021bia ciupercii noastre Polyporus umbellatus este strict controlat\u0103, f\u0103r\u0103 utilizarea de substan\u021be chimice sau pesticide \u0219i <strong>100% organic\u0103<\/strong>.<\/p>\n<h2>Ce con\u021bine \u0219i pentru cine este destinat?<\/h2>\n<p>Pe l\u00e2ng\u0103 polizaharidele tipice, vitaminele, s\u0103rurile minerale \u0219i al\u021bi antioxidan\u021bi, ciuperca ramificat\u0103 con\u021bine, de asemenea, fitosteroli, titerpenoizi, manitol \u0219i alte substan\u021be farmacologic active similare, care confer\u0103 ciupercii efectele sale extraordinare de vindecare, f\u0103r\u0103 efecte secundare nedorite.<\/p>\n<p><strong>Polyporus umbellatus poate:<\/strong><\/p>\n<p>\ud83d\udc9a ajuta \u00een cazul problemelor renale \u0219i hepatice,<br \/>\n\ud83d\udc9a s\u0103 ajute \u00een cazul secre\u021biilor vaginale,<br \/>\n\ud83d\udc9a anti-tumoral,<br \/>\n\ud83d\udc9a stimuleaz\u0103 \u0219i \u00eent\u0103re\u0219te sistemul imunitar,<br \/>\n\ud83d\udc9a atenueaz\u0103 efectele chimioterapiei \u0219i, astfel, \u00eembun\u0103t\u0103\u021be\u0219te via\u021ba bolnavilor de cancer.<\/p>\n<p>Toate elementele din ciuperc\u0103 sunt prezente \u00een cantit\u0103\u021bi mari \u0219i au un efect foarte pozitiv asupra organismului nostru.<\/p>\n<p>\u0218i ceea ce este extrem de important este c\u0103 Polyporus umbellatus este un<strong> produs 100%<\/strong> natural care ne poate ajuta \u00eentr-un mod natural. \u00cembun\u0103t\u0103\u021be\u0219te simptomele problemelor noastre \u0219i are un efect pozitiv asupra bun\u0103st\u0103rii noastre generale.<\/p>\n<h2>De ce ciuperci?<\/h2>\n<p>Ciupercile sunt foarte interesante. Ele nu sunt nici plante, nici animale, dar ceea ce sunt, sunt cu siguran\u021b\u0103 organisme uimitoare care au reu\u0219it s\u0103 supravie\u021buiasc\u0103 aproape de la \u00eenceputul lumii. Ele au dezvoltat o strategie special\u0103 de supravie\u021buire care le-a sus\u021binut p\u00e2n\u0103 \u00een prezent. Iar noi, oamenii, putem beneficia \u0219i noi de aceste avantaje prin consumul de ciuperci medicinale. Ele ne aduc echilibru la nivel fizic \u0219i ne protejeaz\u0103 \u00eempotriva multor boli. Ele pot fi un<strong> tratament<\/strong><strong> preventiv<\/strong> sau<strong> curativ de sus\u021binere<\/strong> pentru multe boli (moderne), fie ele conven\u021bionale sau altfel neconven\u021bionale. \u00cen mod tradi\u021bional, ciupercilor li se atribuie efectele lor \u00een cazurile de cancer, boli autoimune \u0219i alergii. De asemenea, ele sunt bune pentru un r\u0103spuns s\u0103n\u0103tos \u0219i puternic al sistemului imunitar. Cu toate acestea, cercet\u0103rile medicale efectuate \u00een ultimele decenii, c\u00e2nd ciupercile au devenit de interes \u00een lumea occidental\u0103, au confirmat multe dintre efectele lor terapeutice.<\/p>\n<p>Deoarece anumite substan\u021be active naturale sunt indigeste sau greu de digerat pentru noi, este foarte important s\u0103 consum\u0103m doar cele mai bune pulberi de ciuperci. Ciupercile trebuie s\u0103 fie cultivate, uscate \u0219i preparate \u00een mod corespunz\u0103tor. Ele trebuie s\u0103 fie m\u0103cinate \u00eentr-o pulbere fin\u0103, f\u0103r\u0103 buc\u0103\u021bi. Culoarea pulberii este mai deschis\u0103, dar \u00een rest depinde \u0219i de tipul de ciuperci consumate. Deoarece ciupercile sunt at\u00e2t de eficiente tocmai pentru c\u0103 au capacitatea de a absorbi tot ce este bun \u0219i r\u0103u din mediul \u00eenconjur\u0103tor, este important s\u0103 le folosi\u021bi pe cele cultivate organic.<\/p>\n<h2>Ambalaj<\/h2>\n<p>Pung\u0103 cu fermoar nepermeabil, \u00een care produsul \u00ee\u0219i p\u0103streaz\u0103 toat\u0103 prospe\u021bimea \u0219i aroma. Ambalajul protejeaz\u0103 produsul de lumin\u0103 \u0219i de aer, fiind compus din mai multe straturi de protec\u021bie care p\u0103streaz\u0103 propriet\u0103\u021bile con\u021binutului.<\/p>\n<p>Ambalajul este foarte practic \u0219i reciclabil.<\/p>\n<h2>Depozitare \u0219i avertismente<\/h2>\n<p>A se p\u0103stra \u00eentr-un loc r\u0103coros \u0219i uscat. \u021aine\u021bi suplimentul alimentar departe de copiii!<\/p>\n<p>Nu uita\u021bi importan\u021ba unei alimenta\u021bii variate \u0219i a unui stil de via\u021b\u0103 s\u0103n\u0103tos, un supliment alimentar nu este, prin urmare, un substitut pentru o diet\u0103 echilibrat\u0103 \u0219i variat\u0103. Cantitatea sau doza zilnic\u0103 recomandat\u0103 nu trebuie s\u0103 fie dep\u0103\u0219it\u0103. Femeile \u00eens\u0103rcinate \u0219i cele care al\u0103pteaz\u0103 sunt \u00eentotdeauna sf\u0103tuite s\u0103 consulte un medic \u00eenainte de utilizare.<\/p>\n<h2>Bine de \u0219tiut<\/h2>\n<p>Produsul este potrivit \u0219i pentru animale. \u00cen cele mai multe cazuri, ciupercile medicinale se dovedesc a fi extrem de eficiente \u00een stimularea sistemului imunitar, \u00een eliminarea alergiilor \u0219i a afec\u021biunilor cutanate, precum \u0219i a infec\u021biilor virale \u0219i bacteriene. V\u0103 rug\u0103m s\u0103 consulta\u021bi medicul veterinar \u00eenainte de utilizare cu privire la oportunitatea administr\u0103rii \u0219i la cantitatea zilnic\u0103 recomandat\u0103.<\/p>\n<h2>Origine<\/h2>\n<p>China. Avem furnizori foarte de \u00eencredere care ne trimit o analiz\u0103 chimic\u0103 detaliat\u0103 a produselor alimentare pentru fiecare lot. \u00cen mai bine de zece ani, nu am avut nicio rechemare sau alte probleme cu acest articol, nici cu alte articole de la acela\u0219i furnizor. Produsul este 100% certificat ecologic.<\/p>\n","protected":false},"excerpt":{"rendered":"<p align=\"JUSTIFY\">Polyporus umbellatus este o ciuperc\u0103 comestibil\u0103, dar protejat\u0103, cu un aspect asem\u0103n\u0103tor cu cel al conopidei. \u00cen limba sloven\u0103, se nume\u0219te viermele cu <strong>crengi <\/strong>sau <strong>viermele de stejar<\/strong>. \u00cen timp ce partea suprateran\u0103 (trosnjake) este folosit\u0103 \u00een aplica\u021bii culinare, partea subteran\u0103 (sclerotium) este medicinal\u0103. Este o ciuperc\u0103 medicinal\u0103 foarte cercetat\u0103, deoarece con\u021bine mul\u021bi <strong>compu\u0219i bioactivi<\/strong> care au o activitate antitumoral\u0103 \u0219i anticancerigen\u0103 dovedit\u0103.<\/p>\n<p><span style=\"color: #000000\"> \ud83d\udc9a O surs\u0103 excelent\u0103 de antioxidan\u021bi.<br \/>\n\ud83d\udc9a Stimuleaz\u0103 \u0219i \u00eent\u0103re\u0219te sistemul imunitar.<br \/>\n\ud83d\udc9a Ajut\u0103 \u00een cazul problemelor renale \u0219i hepatice.<br \/>\n\ud83d\udc9a Are propriet\u0103\u021bi anti-tumorale.<\/span><\/p>\n","protected":false},"featured_media":6020,"comment_status":"open","ping_status":"closed","template":"","meta":{"_acf_changed":false},"product_brand":[],"product_cat":[15,227,224,225],"product_tag":[],"class_list":{"0":"post-6019","1":"product","2":"type-product","3":"status-publish","4":"has-post-thumbnail","6":"product_cat-uncategorized","7":"product_cat-ciuperci-medicinale","8":"product_cat-oferta","9":"product_cat-toate-produsele","11":"first","12":"instock","13":"taxable","14":"shipping-taxable","15":"purchasable","16":"product-type-simple"},"acf":[],"_links":{"self":[{"href":"https:\/\/fengchashop.com\/ro\/wp-json\/wp\/v2\/product\/6019","targetHints":{"allow":["GET"]}}],"collection":[{"href":"https:\/\/fengchashop.com\/ro\/wp-json\/wp\/v2\/product"}],"about":[{"href":"https:\/\/fengchashop.com\/ro\/wp-json\/wp\/v2\/types\/product"}],"replies":[{"embeddable":true,"href":"https:\/\/fengchashop.com\/ro\/wp-json\/wp\/v2\/comments?post=6019"}],"wp:featuredmedia":[{"embeddable":true,"href":"https:\/\/fengchashop.com\/ro\/wp-json\/wp\/v2\/media\/6020"}],"wp:attachment":[{"href":"https:\/\/fengchashop.com\/ro\/wp-json\/wp\/v2\/media?parent=6019"}],"wp:term":[{"taxonomy":"product_brand","embeddable":true,"href":"https:\/\/fengchashop.com\/ro\/wp-json\/wp\/v2\/product_brand?post=6019"},{"taxonomy":"product_cat","embeddable":true,"href":"https:\/\/fengchashop.com\/ro\/wp-json\/wp\/v2\/product_cat?post=6019"},{"taxonomy":"product_tag","embeddable":true,"href":"https:\/\/fengchashop.com\/ro\/wp-json\/wp\/v2\/product_tag?post=6019"}],"curies":[{"name":"wp","href":"https:\/\/api.w.org\/{rel}","templated":true}]}}