{"id":6016,"date":"2022-02-22T09:57:12","date_gmt":"2022-02-22T08:57:12","guid":{"rendered":"https:\/\/fengchashop.com\/ro\/product\/agaricus-blazei-bio-125-g\/"},"modified":"2026-04-29T17:07:35","modified_gmt":"2026-04-29T15:07:35","slug":"agaricus-blazei-bio","status":"publish","type":"product","link":"https:\/\/fengchashop.com\/ro\/product\/agaricus-blazei-bio\/","title":{"rendered":"Agaricus blazei BIO 125 g"},"content":{"rendered":"<h2><span style=\"color: #000000\">Agaricus blazei BIO<\/span><\/h2>\n<p><span style=\"color: #000000\">Agaricus blazei este una dintre cele mai <strong>noi descoperiri \u00een domeniul ciupercilor medicinale \u0219i c\u00e2\u0219tig\u0103 din ce \u00een ce mai mult\u0103 popularitate \u00een \u00eentreaga lume<\/strong>. Ciuperca este originar\u0103 din Brazilia \u0219i, prin urmare, este adesea denumit\u0103 kukmak brazilian. De asemenea, este utilizat\u0103 \u00een Japonia \u0219i \u00een alte \u021b\u0103ri asiatice, unde ciupercile medicinale sunt folosite \u00een scopuri terapeutice de mii de ani.<br \/>\n<\/span><\/p>\n<p><span style=\"color: #000000\">Sub form\u0103 de pulbere, Agaricus blazei con\u021bine multe substan\u021be nutritive, iar efectele sale pozitive au fost dovedite \u0219tiin\u021bific. Studiile efectuate \u00een diferite \u021b\u0103ri din \u00eentreaga lume au identificat o serie de efecte benefice asociate consumului regulat al acestei ciuperci. \u00cen special, <strong>aceasta \u00eent\u0103re\u0219te sistemul imunitar \u0219i are propriet\u0103\u021bi preventive, antiinflamatorii \u0219i antivirale<\/strong>.<\/span><\/p>\n<p><span style=\"color: #000000\">Este ceva mai pu\u021bin cunoscut\u0103 \u0219i una dintre ciupercile mai noi din gama ciupercilor medicinale, dar c\u00e2\u0219tig\u0103 rapid popularitate datorit\u0103 numeroaselor sale propriet\u0103\u021bi medicinale.<\/span><\/p>\n<p><span style=\"color: #000000\">Produc\u021bia ciupercilor noastre Agaricus blazei este strict controlat\u0103, f\u0103r\u0103 utilizarea de substan\u021be chimice sau pesticide \u0219i<strong> 100% organic\u0103<\/strong>. Calitatea ciupercilor este monitorizat\u0103 \u00een mod regulat de laboratoare independente din Slovenia \u0219i SUA.<\/span><\/p>\n<h2><span style=\"color: #000000\">Ce con\u021bine \u0219i pentru cine este destinat?<\/span><\/h2>\n<p><span style=\"color: #000000\">Agaricus blazei este compus\u0103 dintr-o varietate de <strong>polizaharide, vitamine, s\u0103ruri minerale \u0219i al\u021bi antioxidan\u021bi<\/strong>. Toate elementele din ciuperc\u0103 sunt prezente \u00een cantit\u0103\u021bi mari \u0219i au un efect foarte pozitiv asupra organismului nostru.<\/span><\/p>\n<p><span style=\"color: #000000\"><strong>Efectele pozitive de vindecare selectate care pot fi ob\u021binute prin administrarea pulberii de ciuperci Agaricus blazei sunt urm\u0103toarele:<\/strong><\/span><\/p>\n<p><span style=\"color: #000000\"> \ud83d\udc9a este antitumoral\u0103 \u0219i imunostimulatoare \u0219i de aceea este folosit\u0103 \u00een terapia de sus\u021binere \u00een tratamentul conven\u021bional al cancerului,<\/span><br \/>\n<span style=\"color: #000000\"> \ud83d\udc9a are propriet\u0103\u021bi antivirale \u0219i antiinflamatorii,<\/span><br \/>\n<span style=\"color: #000000\"> \ud83d\udc9a are un efect benefic asupra ficatului,<\/span><br \/>\n<span style=\"color: #000000\"> \ud83d\udc9a ajut\u0103 la vindecarea problemelor de piele,<\/span><br \/>\n<span style=\"color: #000000\"> \ud83d\udc9a \u00eembun\u0103t\u0103\u021be\u0219te func\u021bia intestinal\u0103,<\/span><br \/>\n<span style=\"color: #000000\"> \ud83d\udc9a ac\u021bioneaz\u0103 \u00eempotriva diabetului, a arteriosclerozei, a colesterolului ridicat \u0219i a alergiilor,<\/span><br \/>\n<span style=\"color: #000000\"> \ud83d\udc9a este folosit pentru a reduce stresul,<\/span><br \/>\n<span style=\"color: #000000\"> \ud83d\udc9a pentru a trata hepatita, dermatita, osteoporoza, bolile cardiovasculare, bolile gastrointestinale etc.<\/span><\/p>\n<p><span style=\"color: #000000\">Agaricus blazei este adesea inclus\u0103 pe lista ciupercilor recomandate pentru consum<strong> \u00een timpul tratamentului conven\u021bional \u00eempotriva cancerului<\/strong>, deoarece amelioreaz\u0103 efectele secundare ale chimioterapiei \u0219i radioterapiei. \u00cen plus, ea \u00eens\u0103\u0219i poate fi anticancerigen\u0103 \u0219i antitumoral\u0103. Ea \u00eembun\u0103t\u0103\u021be\u0219te via\u021ba pacien\u021bilor cu cancer.<\/span><\/p>\n<p><span style=\"color: #000000\">\u0218i ceea ce este extrem de important aici este c\u0103 Agaricus blazei este un <strong>produs 100% natural<\/strong> care ne poate ajuta \u00een mod natural. \u00cembun\u0103t\u0103\u021be\u0219te simptomele problemelor noastre \u0219i are un efect pozitiv asupra bun\u0103st\u0103rii noastre generale.<\/span><\/p>\n<h2><span style=\"color: #000000\">De ce ciuperci?<\/span><\/h2>\n<p><span style=\"color: #000000\">Ciupercile sunt foarte interesante. Ele nu sunt nici plante, nici animale, dar ceea ce sunt, sunt cu siguran\u021b\u0103 organisme uimitoare care au reu\u0219it s\u0103 supravie\u021buiasc\u0103 aproape de la \u00eenceputul lumii. Ele au dezvoltat o strategie special\u0103 de supravie\u021buire care le-a sus\u021binut p\u00e2n\u0103 \u00een prezent. Iar noi, oamenii, putem beneficia \u0219i noi de aceste avantaje prin consumul de ciuperci medicinale. Ele ne aduc echilibru la nivel fizic \u0219i ne protejeaz\u0103 \u00eempotriva multor boli. Ele pot fi un<strong> tratament<\/strong><strong> preventiv<\/strong> sau<strong> curativ de sus\u021binere<\/strong> pentru multe boli (moderne), fie ele conven\u021bionale sau altfel neconven\u021bionale. \u00cen mod tradi\u021bional, ciupercilor li se atribuie efecte \u00een cazurile de cancer, boli autoimune \u0219i alergii. De asemenea, ele sunt bune pentru un r\u0103spuns s\u0103n\u0103tos \u0219i puternic al sistemului imunitar. Cu toate acestea, cercet\u0103rile \u00een domeniul s\u0103n\u0103t\u0103\u021bii efectuate \u00een ultimele decenii, c\u00e2nd ciupercile au devenit de interes \u00een lumea occidental\u0103, au confirmat multe dintre efectele lor terapeutice.<\/span><\/p>\n<p><span style=\"color: #000000\">Deoarece anumite substan\u021be active naturale sunt indigeste sau greu de digerat pentru noi, este foarte important s\u0103 consum\u0103m doar cele mai bune pulberi de ciuperci. Ciupercile trebuie s\u0103 fie cultivate, uscate \u0219i preparate \u00een mod corespunz\u0103tor. Ele trebuie s\u0103 fie m\u0103cinate \u00eentr-o pulbere fin\u0103, f\u0103r\u0103 buc\u0103\u021bi. Culoarea pulberii este mai deschis\u0103, dar \u00een rest depinde \u0219i de tipul de ciuperci consumate. Deoarece ciupercile sunt at\u00e2t de eficiente tocmai pentru c\u0103 au capacitatea de a absorbi tot ce este bun \u0219i r\u0103u din mediul \u00eenconjur\u0103tor, este important s\u0103 le folosi\u021bi pe cele cultivate organic.<\/span><\/p>\n<h2><span style=\"color: #000000\">Ambalaj<\/span><\/h2>\n<p><span style=\"color: #000000\">Pung\u0103 cu fermoar nepermeabil \u00een care produsul \u00ee\u0219i p\u0103streaz\u0103 toat\u0103 prospe\u021bimea \u0219i aroma. Ambalajul protejeaz\u0103 \u00eempotriva luminii \u0219i a aerului, fiind compus din mai multe straturi de protec\u021bie care p\u0103streaz\u0103 propriet\u0103\u021bile con\u021binutului.<\/span><\/p>\n<p><span style=\"color: #000000\">Ambalajul este foarte practic \u0219i reciclabil.<\/span><\/p>\n<h2><span style=\"color: #000000\">Depozitare \u0219i avertismente<\/span><\/h2>\n<p><span style=\"color: #000000\">A se p\u0103stra \u00eentr-un loc r\u0103coros \u0219i uscat. \u021aine\u021bi suplimentul alimentar departe de copiii!<\/span><\/p>\n<p><span style=\"color: #000000\">Nu uita\u021bi importan\u021ba unei alimenta\u021bii variate \u0219i a unui stil de via\u021b\u0103 s\u0103n\u0103tos, un supliment alimentar nu este, prin urmare, un substitut pentru o diet\u0103 echilibrat\u0103 \u0219i variat\u0103. Cantitatea sau doza zilnic\u0103 recomandat\u0103 nu trebuie s\u0103 fie dep\u0103\u0219it\u0103. Femeile \u00eens\u0103rcinate \u0219i cele care al\u0103pteaz\u0103 sunt \u00eentotdeauna sf\u0103tuite s\u0103 consulte un medic \u00eenainte de utilizare.<\/span><\/p>\n<h2><span style=\"color: #000000\">Bine de \u0219tiut<\/span><\/h2>\n<p><span style=\"color: #000000\">Produsul este potrivit \u0219i pentru animale. \u00cen cele mai multe cazuri, ciupercile medicinale se dovedesc a fi extrem de eficiente \u00een stimularea sistemului imunitar, \u00een eliminarea alergiilor \u0219i a afec\u021biunilor cutanate, precum \u0219i a infec\u021biilor virale \u0219i bacteriene. V\u0103 rug\u0103m s\u0103 consulta\u021bi medicul veterinar \u00eenainte de utilizare cu privire la oportunitatea administr\u0103rii \u0219i la cantitatea zilnic\u0103 recomandat\u0103.<\/span><\/p>\n<h2><span style=\"color: #000000\">Origine<\/span><\/h2>\n<p><span style=\"color: #000000\">Slovenia<\/span><\/p>\n","protected":false},"excerpt":{"rendered":"<p align=\"JUSTIFY\">Agaricus blazei este una dintre cele <strong>mai recente descoperiri \u00een domeniul ciupercilor medicinale \u0219i cap\u0103t\u0103 o importan\u021b\u0103 din ce \u00een ce mai mare la nivel mondial<\/strong>. Ciuperca este originar\u0103 din Brazilia \u0219i, prin urmare, este adesea denumit\u0103 kukmak brazilian. De asemenea, este utilizat\u0103 \u00een Japonia \u0219i \u00een alte \u021b\u0103ri asiatice, unde ciupercile medicinale sunt folosite \u00een scopuri terapeutice de milenii, de c\u00e2nd:<\/p>\n<p><span style=\"color: #000000\"> \ud83d\udc9a antitumoral \u0219i imunostimulator,<br \/>\n\ud83d\udc9a are un efect benefic asupra ficatului,<br \/>\n\ud83d\udc9a are propriet\u0103\u021bi antivirale \u0219i antiinflamatorii,<br \/>\n\ud83d\udc9a regleaz\u0103 nivelul de zah\u0103r din s\u00e2nge.<\/span><\/p>\n","protected":false},"featured_media":6017,"comment_status":"open","ping_status":"closed","template":"","meta":{"_acf_changed":false},"product_brand":[],"product_cat":[15,227,224,225],"product_tag":[],"class_list":{"0":"post-6016","1":"product","2":"type-product","3":"status-publish","4":"has-post-thumbnail","6":"product_cat-uncategorized","7":"product_cat-ciuperci-medicinale","8":"product_cat-oferta","9":"product_cat-toate-produsele","11":"first","12":"instock","13":"sale","14":"taxable","15":"shipping-taxable","16":"purchasable","17":"product-type-simple"},"acf":[],"_links":{"self":[{"href":"https:\/\/fengchashop.com\/ro\/wp-json\/wp\/v2\/product\/6016","targetHints":{"allow":["GET"]}}],"collection":[{"href":"https:\/\/fengchashop.com\/ro\/wp-json\/wp\/v2\/product"}],"about":[{"href":"https:\/\/fengchashop.com\/ro\/wp-json\/wp\/v2\/types\/product"}],"replies":[{"embeddable":true,"href":"https:\/\/fengchashop.com\/ro\/wp-json\/wp\/v2\/comments?post=6016"}],"wp:featuredmedia":[{"embeddable":true,"href":"https:\/\/fengchashop.com\/ro\/wp-json\/wp\/v2\/media\/6017"}],"wp:attachment":[{"href":"https:\/\/fengchashop.com\/ro\/wp-json\/wp\/v2\/media?parent=6016"}],"wp:term":[{"taxonomy":"product_brand","embeddable":true,"href":"https:\/\/fengchashop.com\/ro\/wp-json\/wp\/v2\/product_brand?post=6016"},{"taxonomy":"product_cat","embeddable":true,"href":"https:\/\/fengchashop.com\/ro\/wp-json\/wp\/v2\/product_cat?post=6016"},{"taxonomy":"product_tag","embeddable":true,"href":"https:\/\/fengchashop.com\/ro\/wp-json\/wp\/v2\/product_tag?post=6016"}],"curies":[{"name":"wp","href":"https:\/\/api.w.org\/{rel}","templated":true}]}}