{"id":6014,"date":"2022-02-22T09:44:00","date_gmt":"2022-02-22T08:44:00","guid":{"rendered":"https:\/\/fengchashop.com\/ro\/product\/onca-mix-bio-125-g\/"},"modified":"2026-04-16T21:13:38","modified_gmt":"2026-04-16T19:13:38","slug":"onca-mix-bio","status":"publish","type":"product","link":"https:\/\/fengchashop.com\/ro\/product\/onca-mix-bio\/","title":{"rendered":"Onca mix BIO 125 g"},"content":{"rendered":"<h2>Onca mix BIO pulbere de ciuperci medicinale<\/h2>\n<p>Amestecul de ciuperci medicinale Onca mix este destinat s\u0103 sus\u021bin\u0103 <strong>tratamentele \u0219i procedurile conven\u021bionale agresive \u0219i s\u0103 ajute \u00een cazul unor afec\u021biuni cronice mai grave<\/strong>. Onca mix ofer\u0103 cel mai larg spectru de ac\u021biune echilibrat\u0103 datorit\u0103 sutelor de componente active diferite pe care le con\u021bine. Onca mix este alc\u0103tuit din patru specii de ciuperci, Ganoderma lucidum (Reishi), Lentinula edodes (Shiitake), Coriolus \u0219i Agaricus blazei.<\/p>\n<p>Acest spectru larg de specii de ciuperci realizeaz\u0103 o ac\u021biune cu spectru larg \u0219i accelereaz\u0103 ac\u021biunea preventiv\u0103 \u00eempotriva debilit\u0103\u021bii generale.<\/p>\n<p>Utilizarea produsului este destul de simpl\u0103 \u0219i nu necesit\u0103 nicio preg\u0103tire sau \u00eendem\u00e2nare. Ciupercile sunt m\u0103cinate \u00eentr-o pulbere fin\u0103 care nu con\u021bine particule. Prin urmare, produsul este gata de utilizare. Pur \u0219i simplu se distribuie direct din ambalaj \u00een b\u0103utura preferat\u0103, se amestec\u0103 \u0219i se consum\u0103.<\/p>\n<h2>De ce s\u0103 folosi\u021bi mixul nostru Onca?<\/h2>\n<p>Amestecul a fost formulat cu aten\u021bie pe baza observa\u021biilor \u0219i constat\u0103rilor utilizatorilor amestecului \u0219i ale ciupercilor medicinale \u00een general. \u0218i, de\u0219i ciupercile medicinale au mecanisme de ac\u021biune foarte complexe, pe care \u0219tiin\u021ba nu a reu\u0219it \u00eenc\u0103 s\u0103 le explice, \u0219tim c\u0103 au un <strong>efect benefic asupra sistemului nostru imunitar, asupra st\u0103rii noastre de bine \u0219i asupra proceselor naturale care au loc \u00een organismul nostru \u00een fiecare zi<\/strong>. Sistemul imunitar este responsabil de combaterea corpurilor str\u0103ine din corpul nostru. Fie c\u0103 este vorba de un simplu virus care provoac\u0103 o r\u0103ceal\u0103, fie c\u0103 este vorba de o colec\u021bie de celule care reprezint\u0103 un cancer. De aceea, un sistem imunitar s\u0103n\u0103tos \u0219i puternic este at\u00e2t de important. La fel de importan\u021bi sunt \u0219i antioxidan\u021bii care ne protejeaz\u0103 de stresul oxidativ care provoac\u0103 multe boli \u0219i \u00eemb\u0103tr\u00e2nirea prematur\u0103.<\/p>\n<p>Produc\u021bia ciupercilor noastre medicinale este strict controlat\u0103, f\u0103r\u0103 utilizarea de substan\u021be chimice sau pesticide \u0219i <strong>100% organic\u0103<\/strong>. Toate ciupercile sunt cultivate \u00een Slovenia.<\/p>\n<h2>Pentru cine este Onca mix \u0219i care sunt efectele sale?<\/h2>\n<p>Onca mix este destinat \u00een primul r\u00e2nd ca terapie de sus\u021binere pentru pacien\u021bii cronici care sunt trata\u021bi conform metodei medicinii tradi\u021bionale. Este destinat pacien\u021bilor care sunt trata\u021bi pentru boli mai grave \u0219i al c\u0103ror curs de tratament este agresiv. De asemenea, este destinat celor care doresc s\u0103 \u00eencerce ac\u021biunea ciupercilor medicinale \u0219i s\u0103 sprijine vindecarea \u00eentr-un mod natural. Este, de asemenea, un excelent supliment alimentar natural, deoarece ciupercile au o valoare nutritiv\u0103 ridicat\u0103 &#8211; nutrien\u021bi valoro\u0219i, oligoelemente, vitamine, macroelemente, fibre, proteine. Ciupercile medicinale au o istorie bogat\u0103 \u00een medicina \u0219i vindecarea chinez\u0103, iar omul se \u00eentoarce din ce \u00een ce mai mult la natur\u0103 pentru s\u0103n\u0103tate. Este \u00eentotdeauna recomandabil s\u0103 consulta\u021bi un specialist sau un medic generalist \u00eenainte de a consuma ciuperci medicinale \u00een cadrul unui tratament.<\/p>\n<h2>Ambalaj<\/h2>\n<p>Pung\u0103 cu fermoar nepermeabil \u00een care produsul \u00ee\u0219i p\u0103streaz\u0103 toat\u0103 prospe\u021bimea \u0219i aroma. Ambalajul protejeaz\u0103 \u00eempotriva luminii \u0219i a aerului, fiind compus din mai multe straturi de protec\u021bie care p\u0103streaz\u0103 propriet\u0103\u021bile con\u021binutului.<\/p>\n<p>Ambalajul este foarte practic \u0219i reciclabil.<\/p>\n<h2>Depozitare \u0219i avertismente<\/h2>\n<p>A se p\u0103stra \u00eentr-un loc r\u0103coros \u0219i uscat. \u021aine\u021bi suplimentul alimentar departe de copiii!<\/p>\n<p>Nu uita\u021bi importan\u021ba unei alimenta\u021bii variate \u0219i a unui stil de via\u021b\u0103 s\u0103n\u0103tos, un supliment alimentar nu este, prin urmare, un substitut pentru o diet\u0103 echilibrat\u0103 \u0219i variat\u0103. Cantitatea sau doza zilnic\u0103 recomandat\u0103 nu trebuie s\u0103 fie dep\u0103\u0219it\u0103. Femeile \u00eens\u0103rcinate \u0219i cele care al\u0103pteaz\u0103 sunt \u00eentotdeauna sf\u0103tuite s\u0103 consulte un medic \u00eenainte de utilizare.<\/p>\n<h2>Bine de \u0219tiut<\/h2>\n<p>Produsul este potrivit \u0219i pentru animale. \u00cen cele mai multe cazuri, ciupercile medicinale se dovedesc a fi extrem de eficiente \u00een stimularea sistemului imunitar, \u00een eliminarea alergiilor \u0219i a afec\u021biunilor cutanate, precum \u0219i a infec\u021biilor virale \u0219i bacteriene. V\u0103 rug\u0103m s\u0103 consulta\u021bi medicul veterinar \u00eenainte de utilizare cu privire la oportunitatea administr\u0103rii \u0219i la cantitatea zilnic\u0103 recomandat\u0103.<\/p>\n<h2>Origine<\/h2>\n<p>Slovenia<\/p>\n","protected":false},"excerpt":{"rendered":"<p align=\"JUSTIFY\">Amestecul de ciuperci medicinale Onca este destinat s\u0103 sprijine tratamentele \u0219i procedurile conven\u021bionale agresive \u0219i s\u0103 ajute \u00een cazul unor afec\u021biuni cronice mai grave. Onca mix ofer\u0103 cel mai larg spectru de ac\u021biune echilibrat\u0103 datorit\u0103 sutelor de componente active diferite pe care le con\u021bine.<\/p>\n<p>\ud83d\udc9a \u00cent\u0103re\u0219te sistemul imunitar.<br \/>\n\ud83d\udc9a Are un efect benefic asupra st\u0103rii noastre de bine.<br \/>\n\ud83d\udc9a Este antiinflamator.<br \/>\n\ud83d\udc9a Antioxidant.<\/p>\n","protected":false},"featured_media":6015,"comment_status":"open","ping_status":"closed","template":"","meta":{"_acf_changed":false},"product_brand":[],"product_cat":[15,227,224,225],"product_tag":[],"class_list":{"0":"post-6014","1":"product","2":"type-product","3":"status-publish","4":"has-post-thumbnail","6":"product_cat-uncategorized","7":"product_cat-ciuperci-medicinale","8":"product_cat-oferta","9":"product_cat-toate-produsele","11":"first","12":"instock","13":"sale","14":"taxable","15":"shipping-taxable","16":"purchasable","17":"product-type-simple"},"acf":[],"_links":{"self":[{"href":"https:\/\/fengchashop.com\/ro\/wp-json\/wp\/v2\/product\/6014","targetHints":{"allow":["GET"]}}],"collection":[{"href":"https:\/\/fengchashop.com\/ro\/wp-json\/wp\/v2\/product"}],"about":[{"href":"https:\/\/fengchashop.com\/ro\/wp-json\/wp\/v2\/types\/product"}],"replies":[{"embeddable":true,"href":"https:\/\/fengchashop.com\/ro\/wp-json\/wp\/v2\/comments?post=6014"}],"wp:featuredmedia":[{"embeddable":true,"href":"https:\/\/fengchashop.com\/ro\/wp-json\/wp\/v2\/media\/6015"}],"wp:attachment":[{"href":"https:\/\/fengchashop.com\/ro\/wp-json\/wp\/v2\/media?parent=6014"}],"wp:term":[{"taxonomy":"product_brand","embeddable":true,"href":"https:\/\/fengchashop.com\/ro\/wp-json\/wp\/v2\/product_brand?post=6014"},{"taxonomy":"product_cat","embeddable":true,"href":"https:\/\/fengchashop.com\/ro\/wp-json\/wp\/v2\/product_cat?post=6014"},{"taxonomy":"product_tag","embeddable":true,"href":"https:\/\/fengchashop.com\/ro\/wp-json\/wp\/v2\/product_tag?post=6014"}],"curies":[{"name":"wp","href":"https:\/\/api.w.org\/{rel}","templated":true}]}}