{"id":6012,"date":"2022-02-22T09:22:38","date_gmt":"2022-02-22T08:22:38","guid":{"rendered":"https:\/\/fengchashop.com\/ro\/product\/auricularia-auricula-bio-125-g\/"},"modified":"2026-04-27T23:25:47","modified_gmt":"2026-04-27T21:25:47","slug":"auricularia-auricula-bio","status":"publish","type":"product","link":"https:\/\/fengchashop.com\/ro\/product\/auricularia-auricula-bio\/","title":{"rendered":"Auricularia auricula BIO 125 g"},"content":{"rendered":"<h2>Auricularia auricula BIO pulbere<\/h2>\n<p>Auricularia auricula cap\u0103t\u0103 din ce \u00een ce mai mult\u0103 importan\u021b\u0103 ca supliment alimentar, fiind al patrulea cel mai produs alimentar la nivel mondial. Este cunoscut\u0103 \u0219i sub denumirea de <strong>floarea de soc.<\/strong> Este folosit\u0103 \u0219i \u00een buc\u0103t\u0103ria oriental\u0103. \u00cen scopuri medicinale, este recomandat\u0103 pentru <strong>diverse inflama\u021bii<\/strong>. Cercet\u0103rile \u0219tiin\u021bifice au ar\u0103tat, de asemenea, efecte benefice asupra sistemului cardiovascular, sc\u0103z\u00e2nd nivelul colesterolului LDL \u0219i prevenind formarea cheagurilor de s\u00e2nge. Descoperirile indic\u0103, de asemenea, <strong>efecte antivirale, antibacteriene \u0219i antiparazitare<\/strong>.<\/p>\n<p>Dac\u0103 sunte\u021bi \u00eens\u0103rcinat\u0103, al\u0103pta\u021bi sau inten\u021biona\u021bi s\u0103 r\u0103m\u00e2ne\u021bi \u00eens\u0103rcinat\u0103, v\u0103 sf\u0103tuim s\u0103 nu folosi\u021bi Auricularia auricula, deoarece reduce fertilitatea.<\/p>\n<p>Produc\u021bia ciupercii noastre Auricularia auricula este strict controlat\u0103, f\u0103r\u0103 utilizarea de substan\u021be chimice sau pesticide \u0219i<strong> 100% organic\u0103<\/strong>. Calitatea ciupercilor este monitorizat\u0103 \u00een mod regulat de laboratoare independente din Slovenia \u0219i SUA.<\/p>\n<h2>Ce con\u021bine \u0219i pentru cine este destinat?<\/h2>\n<p>Auricularia auricula este compus\u0103 dintr-o varietate de <strong>polizaharide, vitamine, s\u0103ruri minerale \u0219i al\u021bi antioxidan\u021bi <\/strong>. Consumul de Auricularia auricula poate ajuta la:<\/p>\n<p>\ud83d\udc9a dureri de g\u00e2t \u0219i de ochi,<br \/>\n\ud83d\udc9a prevenirea form\u0103rii cheagurilor de s\u00e2nge,<br \/>\n\ud83d\udc9a probleme \u0219i afec\u021biuni cardiovasculare,<br \/>\n\ud83d\udc9a sc\u0103derea nivelului de colesterol total \u0219i r\u0103u din s\u00e2nge,<br \/>\n\ud83d\udc9a alte afec\u021biuni inflamatorii.<\/p>\n<p>Se recomand\u0103 consumul de ciuperci \u00een special persoanelor care sufer\u0103 de<strong> inflama\u021bii frecvente, mai ales<\/strong> la nivelul g\u00e2tului \u0219i al ochilor.<\/p>\n<p>Toate elementele din ciuperci sunt prezente \u00een cantit\u0103\u021bi mari \u0219i au un efect foarte pozitiv asupra organismului nostru.<\/p>\n<p>Iar ceea ce este extrem de important aici este faptul c\u0103 Auricularia auricula este un <strong>produs 100% natural<\/strong> care ne poate ajuta \u00een mod natural. \u00cembun\u0103t\u0103\u021be\u0219te simptomele problemelor noastre \u0219i are un efect pozitiv asupra bun\u0103st\u0103rii noastre generale.<\/p>\n<h2>De ce ciuperci?<\/h2>\n<p>Ciupercile sunt foarte interesante. Ele nu sunt nici plante, nici animale, dar ceea ce sunt, sunt cu siguran\u021b\u0103 organisme uimitoare care au reu\u0219it s\u0103 supravie\u021buiasc\u0103 aproape de la \u00eenceputul lumii. Ele au dezvoltat o strategie special\u0103 de supravie\u021buire care le-a sus\u021binut p\u00e2n\u0103 \u00een prezent. Iar noi, oamenii, putem beneficia \u0219i noi de aceste avantaje prin consumul de ciuperci medicinale. Ele ne aduc echilibru la nivel fizic \u0219i ne protejeaz\u0103 \u00eempotriva multor boli. Ele pot fi un <strong>tratament<\/strong><strong> preventiv<\/strong> sau <strong>curativ de sus\u021binere<\/strong> pentru multe boli (moderne), fie ele conven\u021bionale sau altfel neconven\u021bionale. \u00cen mod tradi\u021bional, ciupercilor li se atribuie efectele lor \u00een cazurile de cancer, boli autoimune \u0219i alergii. De asemenea, ele sunt bune pentru un r\u0103spuns s\u0103n\u0103tos \u0219i puternic al sistemului imunitar. Cu toate acestea, cercet\u0103rile \u00een domeniul s\u0103n\u0103t\u0103\u021bii efectuate \u00een ultimele decenii, c\u00e2nd ciupercile au devenit de interes \u00een lumea occidental\u0103, au confirmat multe dintre efectele lor terapeutice.<\/p>\n<p>Deoarece anumite substan\u021be active naturale sunt indigeste sau greu de digerat pentru noi, este foarte important s\u0103 consum\u0103m doar cele mai bune pulberi de ciuperci. Ciupercile trebuie s\u0103 fie cultivate, uscate \u0219i preparate \u00een mod corespunz\u0103tor. Ele trebuie s\u0103 fie m\u0103cinate \u00eentr-o pulbere fin\u0103, f\u0103r\u0103 buc\u0103\u021bi. Culoarea pulberii este mai deschis\u0103, dar \u00een rest depinde \u0219i de tipul de ciuperci consumate. Deoarece ciupercile sunt at\u00e2t de eficiente tocmai pentru c\u0103 au capacitatea de a absorbi tot ce este bun \u0219i r\u0103u din mediul \u00eenconjur\u0103tor, este important s\u0103 le folosi\u021bi pe cele cultivate organic.<\/p>\n<h2>Ambalaj<\/h2>\n<p>\u00centr-o pung\u0103 cu fermoar nepermeabil, \u00een care produsul \u00ee\u0219i p\u0103streaz\u0103 toat\u0103 prospe\u021bimea \u0219i aroma. Ambalajul protejeaz\u0103 produsul de lumin\u0103 \u0219i de aer, fiind compus din mai multe straturi de protec\u021bie care p\u0103streaz\u0103 propriet\u0103\u021bile con\u021binutului.<\/p>\n<p>Ambalajul este foarte practic \u0219i reciclabil.<\/p>\n<h2>Depozitare \u0219i avertismente<\/h2>\n<p>A se p\u0103stra \u00eentr-un loc r\u0103coros \u0219i uscat. \u021aine\u021bi suplimentul alimentar departe de copiii!<\/p>\n<p>Nu uita\u021bi importan\u021ba unei alimenta\u021bii variate \u0219i a unui stil de via\u021b\u0103 s\u0103n\u0103tos, un supliment alimentar nu este, prin urmare, un substitut pentru o diet\u0103 echilibrat\u0103 \u0219i variat\u0103. Cantitatea sau doza zilnic\u0103 recomandat\u0103 nu trebuie s\u0103 fie dep\u0103\u0219it\u0103. Femeile \u00eens\u0103rcinate \u0219i cele care al\u0103pteaz\u0103 sunt \u00eentotdeauna sf\u0103tuite s\u0103 consulte un medic \u00eenainte de utilizare.<\/p>\n<h2>Bine de \u0219tiut<\/h2>\n<p>Produsul este potrivit \u0219i pentru animale. \u00cen cele mai multe cazuri, ciupercile medicinale se dovedesc a fi extrem de eficiente \u00een stimularea sistemului imunitar, \u00een eliminarea alergiilor \u0219i a afec\u021biunilor cutanate, precum \u0219i a infec\u021biilor virale \u0219i bacteriene. V\u0103 rug\u0103m s\u0103 consulta\u021bi medicul veterinar \u00eenainte de utilizare cu privire la oportunitatea administr\u0103rii \u0219i la cantitatea zilnic\u0103 recomandat\u0103.<\/p>\n<h2>Origine<\/h2>\n<p>Slovenia<\/p>\n","protected":false},"excerpt":{"rendered":"<p align=\"JUSTIFY\">Auricularia auricula cap\u0103t\u0103 o importan\u021b\u0103 din ce \u00een ce mai mare ca supliment alimentar, fiind<strong> a patra cea mai recoltat\u0103 specie<\/strong> la nivel mondial. Este cunoscut\u0103 \u0219i sub denumirea de <strong>soc<\/strong>. Este folosit \u0219i \u00een buc\u0103t\u0103ria oriental\u0103. \u00cen scopuri medicinale, este recomandat\u0103 pentru <strong>diverse inflama\u021bii, ca:<\/strong><\/p>\n<p><span style=\"color: #000000\"> \ud83d\udc9a antiinflamator,<br \/>\n\ud83d\udc9a are un efect benefic asupra sistemului cardiovascular,<br \/>\n\ud83d\udc9a scade nivelul colesterolului din s\u00e2nge,<br \/>\n\ud83d\udc9a are propriet\u0103\u021bi antioxidante.<\/span><\/p>\n","protected":false},"featured_media":6013,"comment_status":"open","ping_status":"closed","template":"","meta":{"_acf_changed":false},"product_brand":[],"product_cat":[15,227,224,225],"product_tag":[],"class_list":{"0":"post-6012","1":"product","2":"type-product","3":"status-publish","4":"has-post-thumbnail","6":"product_cat-uncategorized","7":"product_cat-ciuperci-medicinale","8":"product_cat-oferta","9":"product_cat-toate-produsele","11":"first","12":"instock","13":"taxable","14":"shipping-taxable","15":"purchasable","16":"product-type-simple"},"acf":[],"_links":{"self":[{"href":"https:\/\/fengchashop.com\/ro\/wp-json\/wp\/v2\/product\/6012","targetHints":{"allow":["GET"]}}],"collection":[{"href":"https:\/\/fengchashop.com\/ro\/wp-json\/wp\/v2\/product"}],"about":[{"href":"https:\/\/fengchashop.com\/ro\/wp-json\/wp\/v2\/types\/product"}],"replies":[{"embeddable":true,"href":"https:\/\/fengchashop.com\/ro\/wp-json\/wp\/v2\/comments?post=6012"}],"wp:featuredmedia":[{"embeddable":true,"href":"https:\/\/fengchashop.com\/ro\/wp-json\/wp\/v2\/media\/6013"}],"wp:attachment":[{"href":"https:\/\/fengchashop.com\/ro\/wp-json\/wp\/v2\/media?parent=6012"}],"wp:term":[{"taxonomy":"product_brand","embeddable":true,"href":"https:\/\/fengchashop.com\/ro\/wp-json\/wp\/v2\/product_brand?post=6012"},{"taxonomy":"product_cat","embeddable":true,"href":"https:\/\/fengchashop.com\/ro\/wp-json\/wp\/v2\/product_cat?post=6012"},{"taxonomy":"product_tag","embeddable":true,"href":"https:\/\/fengchashop.com\/ro\/wp-json\/wp\/v2\/product_tag?post=6012"}],"curies":[{"name":"wp","href":"https:\/\/api.w.org\/{rel}","templated":true}]}}