{"id":6008,"date":"2022-02-22T08:17:03","date_gmt":"2022-02-22T07:17:03","guid":{"rendered":"https:\/\/fengchashop.com\/ro\/product\/pleurotus-ostreatus-oyster-mushroom-bio-125-g\/"},"modified":"2026-05-11T12:36:41","modified_gmt":"2026-05-11T10:36:41","slug":"pleurotus-ostreatus-oyster-mushroom-bio","status":"publish","type":"product","link":"https:\/\/fengchashop.com\/ro\/product\/pleurotus-ostreatus-oyster-mushroom-bio\/","title":{"rendered":"Pleurotus ostreatus (Oyster Mushroom) BIO 125 g"},"content":{"rendered":"<h2><span style=\"color: #000000\">Pleurotus ostreatus (Oyster Mushroom) pulbere BIO<\/span><\/h2>\n<p><span style=\"color: #000000\">Pleurotus ostreatus (Oyster Mushroom) este o ciuperc\u0103 medicinal\u0103 bine studiat\u0103. Cunoscut\u0103 \u0219i sub numele de<strong> ciuperca de stridii de fag<\/strong>, este o ciuperc\u0103 culinar\u0103 comestibil\u0103 care cre\u0219te \u00een \u021bara noastr\u0103. De fapt, al\u0103turi de Ganoderma lucidum \u0219i Cordyceps, este una <strong>dintre cele mai cunoscute 6 ciuperci medicinale din aceast\u0103 \u021bar\u0103<\/strong>.<\/span><\/p>\n<p><span style=\"color: #000000\">Din trichomi \u0219i miceliu se pot extrage numeroase substan\u021be nutritive. Cercet\u0103rile au demonstrat, de asemenea, o activitate antimicrobian\u0103 at\u00e2t \u00eempotriva bacteriilor gram-pozitive, c\u00e2t \u0219i gram-negative \u0219i o activitate antifungic\u0103 \u00eempotriva mai multor tipuri de ciuperci.<\/span><\/p>\n<p><span style=\"color: #000000\">Deoarece sunt o <strong>surs\u0103<\/strong> bogat\u0103 <strong>de antioxidan\u021bi<\/strong> \u0219i alte substan\u021be active, poten\u021bialul lor de activitate antitumoral\u0103, imunomodulatoare, genoprotectoare, antiinflamatoare, antiviral\u0103, antiplast\u0103, hipocolesterolemiant\u0103, antihipertensiv\u0103 \u0219i antihiperglicemic\u0103 este mai mult dec\u00e2t asigurat. Recent, cercet\u0103rile au ar\u0103tat c\u0103 ciupercile de stridii de fag au un <strong>efect bifidogenic<\/strong>, ceea ce \u00eenseamn\u0103 c\u0103 pot stimula cre\u0219terea Bifidobacterium bifidum, B. breve, B. animalis \u0219i B. longum. Prin urmare, este, de asemenea, un <strong>prebiotic care<\/strong> \u00eembun\u0103t\u0103\u021be\u0219te microbiota intestinal\u0103 \u00een beneficiul s\u0103n\u0103t\u0103\u021bii gazdei umane. Un raport s\u0103n\u0103tos al microorganismelor din intestin ajut\u0103 la extragerea mai bun\u0103 \u0219i mai u\u0219oar\u0103 a nutrien\u021bilor din alimentele pe care le consum\u0103m \u0219i la reglarea energiei. Acestea joac\u0103 un rol important \u00een s\u0103n\u0103tatea sistemului digestiv, dar afecteaz\u0103 \u0219i sistemul imunitar &#8211; cea mai complex\u0103 parte a sistemului imunitar se afl\u0103 \u00een intestin, motiv pentru care auzim adesea c\u0103 s\u0103n\u0103tatea intestinului este at\u00e2t de important\u0103 pentru asigurarea unui r\u0103spuns imunitar bun \u0219i, prin urmare, a s\u0103n\u0103t\u0103\u021bii generale.<\/span><\/p>\n<p><span style=\"color: #000000\">Ciuperca medicinal\u0103 este utilizat\u0103 pe scar\u0103 larg\u0103 \u00een medicina tradi\u021bional\u0103 chinez\u0103 pentru a trata o gam\u0103 larg\u0103 de afec\u021biuni.<\/span><\/p>\n<p><span style=\"color: #000000\">Produc\u021bia ciupercii noastre Pleurotus ostreatus este strict controlat\u0103, f\u0103r\u0103 utilizarea de substan\u021be chimice sau pesticide \u0219i este<strong> 100% organic\u0103<\/strong>. Calitatea ciupercilor este monitorizat\u0103 \u00een mod regulat de laboratoare independente din Slovenia \u0219i SUA.<\/span><\/p>\n<h2><span style=\"color: #000000\">Ce con\u021bine \u0219i pentru cine este destinat?<\/span><\/h2>\n<p><span style=\"color: #000000\">Pleurotus ostreatus este compus\u0103 dintr-o varietate de nutrien\u021bi, cum ar fi polizaharide<strong>, proteine, flavonoide,<\/strong> fenolici<strong>, beta-glucani<\/strong> etc. Polizaharidele active \u0219i fenolicii sunt organisme valoroase din punct de vedere biologic. Stridiile de fag, care cresc de obicei pe lemn de fag, sunt, de asemenea, o surs\u0103 bogat\u0103 de vitaminele B, C \u0219i D, s\u0103ruri minerale, antioxidan\u021bi \u0219i seleniu.<\/span><\/p>\n<p><span style=\"color: #000000\"><strong> Lovastatina<\/strong>, un ingredient activ cheie \u00een inhibarea sintezei colesterolului endogen, are un efect benefic asupra regl\u0103rii nivelului colesterolului total din s\u00e2nge.<\/span><\/p>\n<p><span style=\"color: #000000\">Stridiile de fag au un con\u021binut sc\u0103zut de gr\u0103simi (\u00een principal acizi gra\u0219i nesatura\u021bi) \u0219i vitamina D2, sunt bogate \u00een fibre alimentare \u0219i reprezint\u0103 o surs\u0103 bun\u0103 de proteine \u0219i aminoacizi esen\u021biali. \u00cen plus, con\u021bine substan\u021be active din punct de vedere farmacologic care pot ajuta:<\/span><\/p>\n<p><span style=\"color: #000000\"> \ud83d\udc9a s\u0103 reglementeze nivelul colesterolului total (cre\u0219te colesterolul bun HDL \u0219i scade colesterolul r\u0103u LDL), tensiunea arterial\u0103 \u0219i glicemia,<\/span><br \/>\n<span style=\"color: #000000\"> \ud83d\udc9a s\u0103 previn\u0103 formarea cheagurilor de s\u00e2nge,<\/span><br \/>\n<span style=\"color: #000000\"> \ud83d\udc9a\u00a0 protejeaz\u0103 \u00eempotriva radicalilor liberi,<\/span><br \/>\n<span style=\"color: #000000\"> \ud83d\udc9a\u00a0 vindec\u0103 \u0219i inhib\u0103 inflama\u021biile,<\/span><br \/>\n<span style=\"color: #000000\"> \ud83d\udc9a\u00a0 stimuleaz\u0103 imunitatea prin \u00eent\u0103rirea sistemului imunitar,<\/span><br \/>\n<span style=\"color: #000000\"> \ud83d\udc9a\u00a0 previne bolile legate de v\u00e2rst\u0103,<\/span><br \/>\n<span style=\"color: #000000\"> \ud83d\udc9a\u00a0 protejeaz\u0103 \u00eempotriva infec\u021biilor tractului respirator,<\/span><br \/>\n<span style=\"color: #000000\"> \ud83d\udc9a\u00a0 previn \u00eemb\u0103tr\u00e2nirea,<\/span><br \/>\n<span style=\"color: #000000\"> \ud83d\udc9a\u00a0 previn tumorile.<\/span><\/p>\n<p><span style=\"color: #000000\">Toate elementele din ciuperci sunt prezente \u00een cantit\u0103\u021bi mari \u0219i au un efect foarte pozitiv asupra organismului nostru.<\/span><\/p>\n<p><span style=\"color: #000000\">\u0218i ceea ce este extrem de important aici este c\u0103 Pleurotus ostreatus este un produs 100% natural care ne poate ajuta \u00een mod natural. \u00cembun\u0103t\u0103\u021be\u0219te simptomele problemelor noastre \u0219i are un efect pozitiv asupra bun\u0103st\u0103rii noastre generale.<\/span><\/p>\n<h2><span style=\"color: #000000\">De ce ciuperci?<\/span><\/h2>\n<p><span style=\"color: #000000\">Ciupercile sunt foarte interesante. Ele nu sunt nici plante, nici animale, dar ceea ce sunt, sunt cu siguran\u021b\u0103 organisme uimitoare care au reu\u0219it s\u0103 supravie\u021buiasc\u0103 aproape de la \u00eenceputul lumii. Ele au dezvoltat o strategie special\u0103 de supravie\u021buire care le-a sus\u021binut p\u00e2n\u0103 \u00een prezent. Iar noi, oamenii, putem beneficia \u0219i noi de aceste avantaje prin consumul de ciuperci medicinale. Ele ne aduc echilibru la nivel fizic \u0219i ne protejeaz\u0103 \u00eempotriva multor boli. Ele pot fi un <strong>tratament<\/strong> <strong>preventiv<\/strong> sau <strong>curativ de sus\u021binere<\/strong> pentru multe boli (moderne), fie ele conven\u021bionale sau altfel neconven\u021bionale. \u00cen mod tradi\u021bional, ciupercilor li se atribuie efectele lor \u00een cazurile de cancer, boli autoimune \u0219i alergii. De asemenea, ele sunt bune pentru un r\u0103spuns s\u0103n\u0103tos \u0219i puternic al sistemului imunitar. Cu toate acestea, cercet\u0103rile \u00een domeniul s\u0103n\u0103t\u0103\u021bii efectuate \u00een ultimele decenii, c\u00e2nd ciupercile au devenit de interes \u00een lumea occidental\u0103, au confirmat multe dintre efectele lor terapeutice.<\/span><\/p>\n<p><span style=\"color: #000000\">Deoarece anumite substan\u021be active naturale sunt indigeste sau greu de digerat pentru noi, este foarte important s\u0103 consum\u0103m doar cele mai bune pulberi de ciuperci. Ciupercile trebuie s\u0103 fie cultivate, uscate \u0219i preparate \u00een mod corespunz\u0103tor. Ele trebuie s\u0103 fie m\u0103cinate \u00eentr-o pulbere fin\u0103, f\u0103r\u0103 buc\u0103\u021bi. Culoarea pulberii este mai deschis\u0103, dar \u00een rest depinde \u0219i de tipul de ciuperci consumate. Deoarece ciupercile sunt at\u00e2t de eficiente tocmai pentru c\u0103 au capacitatea de a absorbi tot ce este bun \u0219i r\u0103u din mediul \u00eenconjur\u0103tor, este important s\u0103 le folosi\u021bi pe cele cultivate organic.<\/span><\/p>\n<h2><span style=\"color: #000000\">Ambalaj<\/span><\/h2>\n<p><span style=\"color: #000000\">Pung\u0103 cu fermoar nepermeabil, \u00een care produsul \u00ee\u0219i p\u0103streaz\u0103 toat\u0103 prospe\u021bimea \u0219i aroma. Ambalajul protejeaz\u0103 produsul de lumin\u0103 \u0219i de aer, fiind compus din mai multe straturi de protec\u021bie care p\u0103streaz\u0103 propriet\u0103\u021bile con\u021binutului.<\/span><\/p>\n<p><span style=\"color: #000000\">Ambalajul este foarte practic \u0219i reciclabil.<\/span><\/p>\n<h2><span style=\"color: #000000\">Depozitare \u0219i avertismente<\/span><\/h2>\n<p><span style=\"color: #000000\">A se p\u0103stra \u00eentr-un loc r\u0103coros \u0219i uscat. \u021aine\u021bi suplimentul alimentar departe de copiii!<\/span><\/p>\n<p><span style=\"color: #000000\">Nu uita\u021bi importan\u021ba unei alimenta\u021bii variate \u0219i a unui stil de via\u021b\u0103 s\u0103n\u0103tos, un supliment alimentar nu este, prin urmare, un substitut pentru o diet\u0103 echilibrat\u0103 \u0219i variat\u0103. Cantitatea sau doza zilnic\u0103 recomandat\u0103 nu trebuie s\u0103 fie dep\u0103\u0219it\u0103. Femeile \u00eens\u0103rcinate \u0219i cele care al\u0103pteaz\u0103 sunt \u00eentotdeauna sf\u0103tuite s\u0103 consulte un medic \u00eenainte de utilizare.<\/span><\/p>\n<h2><span style=\"color: #000000\">Bine de \u0219tiut<\/span><\/h2>\n<p><span style=\"color: #000000\">Produsul este potrivit \u0219i pentru animale. \u00cen cele mai multe cazuri, ciupercile medicinale se dovedesc a fi extrem de eficiente \u00een stimularea sistemului imunitar, \u00een eliminarea alergiilor \u0219i a afec\u021biunilor cutanate, precum \u0219i a infec\u021biilor virale \u0219i bacteriene. V\u0103 rug\u0103m s\u0103 consulta\u021bi medicul veterinar \u00eenainte de utilizare cu privire la oportunitatea administr\u0103rii \u0219i la cantitatea zilnic\u0103 recomandat\u0103.<\/span><\/p>\n<h2><span style=\"color: #000000\">Origine<\/span><\/h2>\n<p><span style=\"color: #000000\">Slovenia<\/span><\/p>\n","protected":false},"excerpt":{"rendered":"<p align=\"JUSTIFY\"><span style=\"color: #000000\">Pleurotus ostreatus (Oyster Mushroom)\u00a0este o ciuperc\u0103 medicinal\u0103 bine studiat\u0103. Cunoscut\u0103 \u0219i sub numele de ciuperca de stridii de fag, este o ciuperc\u0103 culinar\u0103 comestibil\u0103 care cre\u0219te aici. De fapt, al\u0103turi de Ganoderma lucidum \u0219i Cordyceps, este una dintre cele mai cunoscute 6 ciuperci medicinale, deoarece ajut\u0103:<\/span><\/p>\n<p><span style=\"color: #000000\"> \ud83d\udc9a s\u0103 reglementeze colesterolul total (cre\u0219te colesterolul bun HDL \u0219i scade colesterolul r\u0103u LDL), tensiunea arterial\u0103 \u0219i glicemia,<br \/>\n\ud83d\udc9a s\u0103 protejeze \u00eempotriva radicalilor liberi,<br \/>\n\ud83d\udc9a vindec\u0103 \u0219i inhib\u0103 inflama\u021biile,<br \/>\n\ud83d\udc9a cresc imunitatea prin \u00eent\u0103rirea sistemului imunitar.<\/span><\/p>\n","protected":false},"featured_media":6009,"comment_status":"open","ping_status":"closed","template":"","meta":{"_acf_changed":false},"product_brand":[],"product_cat":[15,227,224,225],"product_tag":[],"class_list":{"0":"post-6008","1":"product","2":"type-product","3":"status-publish","4":"has-post-thumbnail","6":"product_cat-uncategorized","7":"product_cat-ciuperci-medicinale","8":"product_cat-oferta","9":"product_cat-toate-produsele","11":"first","12":"instock","13":"taxable","14":"shipping-taxable","15":"purchasable","16":"product-type-simple"},"acf":[],"_links":{"self":[{"href":"https:\/\/fengchashop.com\/ro\/wp-json\/wp\/v2\/product\/6008","targetHints":{"allow":["GET"]}}],"collection":[{"href":"https:\/\/fengchashop.com\/ro\/wp-json\/wp\/v2\/product"}],"about":[{"href":"https:\/\/fengchashop.com\/ro\/wp-json\/wp\/v2\/types\/product"}],"replies":[{"embeddable":true,"href":"https:\/\/fengchashop.com\/ro\/wp-json\/wp\/v2\/comments?post=6008"}],"wp:featuredmedia":[{"embeddable":true,"href":"https:\/\/fengchashop.com\/ro\/wp-json\/wp\/v2\/media\/6009"}],"wp:attachment":[{"href":"https:\/\/fengchashop.com\/ro\/wp-json\/wp\/v2\/media?parent=6008"}],"wp:term":[{"taxonomy":"product_brand","embeddable":true,"href":"https:\/\/fengchashop.com\/ro\/wp-json\/wp\/v2\/product_brand?post=6008"},{"taxonomy":"product_cat","embeddable":true,"href":"https:\/\/fengchashop.com\/ro\/wp-json\/wp\/v2\/product_cat?post=6008"},{"taxonomy":"product_tag","embeddable":true,"href":"https:\/\/fengchashop.com\/ro\/wp-json\/wp\/v2\/product_tag?post=6008"}],"curies":[{"name":"wp","href":"https:\/\/api.w.org\/{rel}","templated":true}]}}