{"id":6004,"date":"2022-02-22T06:44:59","date_gmt":"2022-02-22T05:44:59","guid":{"rendered":"https:\/\/fengchashop.com\/ro\/product\/shiitake-lentinula-edodes-bio-125-ue-origine-125-g\/"},"modified":"2026-04-30T20:30:04","modified_gmt":"2026-04-30T18:30:04","slug":"shiitake-lentinula-edodes-bio-ue-origine","status":"publish","type":"product","link":"https:\/\/fengchashop.com\/ro\/product\/shiitake-lentinula-edodes-bio-ue-origine\/","title":{"rendered":"Shiitake (Lentinula edodes) BIO 125 UE origine 125 g"},"content":{"rendered":"<h2><span style=\"color: #000000\">Shiitake (Lentinula edodes) pulbere BIO<\/span><\/h2>\n<p><span style=\"color: #000000\">Lentinula edodes sau shiitake este <strong>una dintre cele mai importante ciuperci medicinale din medicina tradi\u021bional\u0103 chinez\u0103<\/strong>. Este folosit\u0103 acolo de cel pu\u021bin 2000 de ani \u0219i este adesea numit\u0103<strong>&#8222;regina ciupercilor<\/strong>&#8222;. Este, de asemenea, utilizat\u0103 pe scar\u0103 larg\u0103 \u00een buc\u0103t\u0103ria asiatic\u0103. \u00cen limba sloven\u0103, se nume\u0219te<strong> nazob\u010danec comestibil<\/strong>.<\/span><\/p>\n<p><span style=\"color: #000000\">Sub form\u0103 de pulbere, shiitake con\u021bine mul\u021bi nutrien\u021bi, iar efectele sale pozitive au fost dovedite \u0219tiin\u021bific. Studii efectuate \u00een diferite \u021b\u0103ri din \u00eentreaga lume au identificat numeroase efecte benefice asociate consumului regulat de ciuperci shiitake. \u00cen special,<strong> aceasta \u00eent\u0103re\u0219te sistemul imunitar \u0219i are un efect preventiv asupra unui num\u0103r de boli ale organelor interne<\/strong>.<\/span><\/p>\n<p><span style=\"color: #000000\">Ciupercile shiitake fac adesea obiectul unor cercet\u0103ri datorit\u0103 <strong>efectelor antivirale, efectelor pozitive asupra ficatului \u0219i sc\u0103derii glicemiei<\/strong>.<\/span><\/p>\n<p><span style=\"color: #000000\">Produc\u021bia ciupercilor noastre Lentinula edodes este strict controlat\u0103, f\u0103r\u0103 utilizarea de substan\u021be chimice sau pesticide \u0219i<strong> 100% organic\u0103<\/strong>. Calitatea ciupercilor este monitorizat\u0103 \u00een mod regulat de laboratoare independente din Slovenia \u0219i SUA.<\/span><\/p>\n<h2><span style=\"color: #000000\">Ce con\u021bine \u0219i pentru cine este destinat?<\/span><\/h2>\n<p><span style=\"color: #000000\">Ciupercile Shiitake sunt alc\u0103tuite din aminoacizi (izoleucin\u0103, leucin\u0103, lizin\u0103, metionin\u0103, fenilalanin\u0103, treonin\u0103 \u0219i valin\u0103), vitamine (B1, B2, B12), s\u0103ruri minerale (potasiu, calciu, fosfor, fier \u0219i zinc), polizaharide (cel mai important fiind \u03b2-glucanul lentinan) \u0219i al\u021bi antioxidan\u021bi. Din acest motiv, ciuperca este recomandat\u0103 \u0219i vegetarienilor \u0219i veganilor, deoarece este o surs\u0103 bogat\u0103 de proteine cu aminoacizi esen\u021biali, vitamine, minerale etc.<\/span><\/p>\n<p><span style=\"color: #000000\">Ciupercile Shiitake sunt<strong> caracterizate de compusul lentinin<\/strong>, despre care se crede c\u0103 este antiviral \u0219i anticancerigen. Lentinina este o polizaharid\u0103 complex\u0103,<strong> considerat\u0103 a fi un stimulent imun<\/strong> itar \u0219i este o component\u0103 a mai multor suplimente naturale de stimulare a imunit\u0103\u021bii (beta-1,3-glucan).<\/span><\/p>\n<p><span style=\"color: #000000\">Toate elementele din ciuperc\u0103 sunt prezente \u00een cantit\u0103\u021bi mari \u0219i au un efect foarte pozitiv asupra organismului nostru.<\/span><\/p>\n<p><span style=\"color: #000000\">Al\u0103turi de ciuperca plat\u0103 colorat\u0103 (Trametes versicolor), shiitake este <strong>una dintre cele mai studiate ciuperci<\/strong> \u0219i este <strong>extrem de popular\u0103<\/strong> datorit\u0103 numeroaselor sale substan\u021be farmacologic active. Efectele sale vindec\u0103toare au fost, de asemenea, dovedite \u0219tiin\u021bific. Este folosit\u0103 \u00een principal \u00eempotriva diferitelor tipuri de cancer \u0219i pentru controlul colesterolului.<\/span><\/p>\n<p><span style=\"color: #000000\">Compozi\u021bia sa \u00eei confer\u0103 un spectru incredibil de larg de efecte, printre care:<\/span><\/p>\n<p><span style=\"color: #000000\"> \ud83d\udc9a propriet\u0103\u021bi anticancerigene \u0219i antitumorale,<\/span><br \/>\n<span style=\"color: #000000\"> <strong> \ud83d\udc9a \u00eent\u0103re\u0219te sistemul imunitar<\/strong>,<\/span><br \/>\n<span style=\"color: #000000\"> <strong> \ud83d\udc9a scade tensiunea arterial\u0103, colesterolul \u0219i zah\u0103rul,<\/strong><\/span><br \/>\n<span style=\"color: #000000\"> \ud83d\udc9a a<strong> ntioxidant \u0219i antiinflamator<\/strong>,<\/span><br \/>\n<span style=\"color: #000000\"> <strong> \ud83d\udc9a previne dezvoltarea infec\u021biilor bacteriene \u0219i virale,<\/strong><\/span><br \/>\n<span style=\"color: #000000\"> <strong>\ud83d\udc9a<\/strong> ajut\u0103 bron\u0219ita \u0219i <strong>alergiile<\/strong>,<\/span><br \/>\n<span style=\"color: #000000\"> \ud83d\udc9a \u00een combina\u021bie cu tratamentul conven\u021bional de chimioterapie, ofer\u0103 o via\u021b\u0103 mai lung\u0103 \u0219i mai bun\u0103 pentru pacien\u021bii cu cancer.<\/span><\/p>\n<p><span style=\"color: #000000\">Iar ceea ce este extrem de important aici este c\u0103 ciuperca shiitake este un<strong> produs 100% natural<\/strong> care ne poate ajuta \u00eentr-un mod natural. \u00cembun\u0103t\u0103\u021be\u0219te simptomele problemelor noastre \u0219i are un efect pozitiv asupra bun\u0103st\u0103rii noastre generale.<\/span><\/p>\n<h2><span style=\"color: #000000\">De ce ciuperci?<\/span><\/h2>\n<p><span style=\"color: #000000\">Ciupercile sunt foarte interesante. Ele nu sunt nici plante, nici animale, dar ceea ce sunt, sunt cu siguran\u021b\u0103 organisme incredibile care au reu\u0219it s\u0103 supravie\u021buiasc\u0103, de fapt, aproape de la \u00eenceputul lumii. Ele au dezvoltat o strategie special\u0103 de supravie\u021buire care le-a sus\u021binut p\u00e2n\u0103 \u00een prezent. Iar noi, oamenii, putem beneficia \u0219i noi de aceste avantaje prin consumul de ciuperci medicinale. Ele ne aduc echilibru la nivel fizic \u0219i ne protejeaz\u0103 \u00eempotriva multor boli. Ele pot fi un<strong> tratament<\/strong><strong> preventiv<\/strong> sau<strong> curativ de sus\u021binere<\/strong> pentru multe boli (moderne), fie ele conven\u021bionale sau altfel neconven\u021bionale. \u00cen mod tradi\u021bional, ciupercilor li se atribuie efecte \u00een cazurile de cancer, boli autoimune \u0219i alergii. De asemenea, ele sunt bune pentru un r\u0103spuns s\u0103n\u0103tos \u0219i puternic al sistemului imunitar. Cu toate acestea, cercet\u0103rile \u00een domeniul s\u0103n\u0103t\u0103\u021bii efectuate \u00een ultimele decenii, c\u00e2nd ciupercile au devenit de interes \u00een lumea occidental\u0103, au confirmat multe dintre efectele lor terapeutice.<\/span><\/p>\n<p><span style=\"color: #000000\">Deoarece anumite substan\u021be active naturale sunt indigeste sau greu de digerat pentru noi, este foarte important s\u0103 consum\u0103m doar cele mai bune pulberi de ciuperci. Ciupercile trebuie s\u0103 fie cultivate, uscate \u0219i preparate \u00een mod corespunz\u0103tor. Ele trebuie s\u0103 fie m\u0103cinate \u00eentr-o pulbere fin\u0103, f\u0103r\u0103 buc\u0103\u021bi. Culoarea pulberii este mai deschis\u0103, dar \u00een rest depinde \u0219i de tipul de ciuperci consumate. Deoarece ciupercile sunt at\u00e2t de eficiente tocmai pentru c\u0103 au capacitatea de a absorbi tot ce este bun \u0219i r\u0103u din mediul \u00eenconjur\u0103tor, este important s\u0103 le folosi\u021bi pe cele cultivate organic.<\/span><\/p>\n<h2><span style=\"color: #000000\">Ambalaj<\/span><\/h2>\n<p><span style=\"color: #000000\">Pung\u0103 cu fermoar nepermeabil, \u00een care produsul \u00ee\u0219i p\u0103streaz\u0103 toat\u0103 prospe\u021bimea \u0219i aroma. Ambalajul protejeaz\u0103 produsul de lumin\u0103 \u0219i de aer, fiind compus din mai multe straturi de protec\u021bie care p\u0103streaz\u0103 propriet\u0103\u021bile con\u021binutului.<\/span><\/p>\n<p><span style=\"color: #000000\">Ambalajul este foarte practic \u0219i reciclabil.<\/span><\/p>\n<h2><span style=\"color: #000000\">Depozitare \u0219i avertismente<\/span><\/h2>\n<p><span style=\"color: #000000\">A se p\u0103stra \u00eentr-un loc r\u0103coros \u0219i uscat. \u021aine\u021bi suplimentul alimentar departe de copiii!<\/span><\/p>\n<p><span style=\"color: #000000\">Nu uita\u021bi importan\u021ba unei alimenta\u021bii variate \u0219i a unui stil de via\u021b\u0103 s\u0103n\u0103tos, un supliment alimentar nu este, prin urmare, un substitut pentru o diet\u0103 echilibrat\u0103 \u0219i variat\u0103. Cantitatea sau doza zilnic\u0103 recomandat\u0103 nu trebuie s\u0103 fie dep\u0103\u0219it\u0103. Femeile \u00eens\u0103rcinate \u0219i cele care al\u0103pteaz\u0103 sunt \u00eentotdeauna sf\u0103tuite s\u0103 consulte un medic \u00eenainte de utilizare.<\/span><\/p>\n<h2><span style=\"color: #000000\">Bine de \u0219tiut<\/span><\/h2>\n<p><span style=\"color: #000000\">Produsul este potrivit \u0219i pentru animale. \u00cen cele mai multe cazuri, ciupercile medicinale se dovedesc a fi extrem de eficiente \u00een stimularea sistemului imunitar, \u00een eliminarea alergiilor \u0219i a afec\u021biunilor cutanate, precum \u0219i a infec\u021biilor virale \u0219i bacteriene. V\u0103 rug\u0103m s\u0103 consulta\u021bi medicul veterinar \u00eenainte de utilizare cu privire la oportunitatea administr\u0103rii \u0219i la cantitatea zilnic\u0103 recomandat\u0103.<\/span><\/p>\n<h2><span style=\"color: #000000\">Origine<\/span><\/h2>\n<p><span style=\"color: #000000\">UE<\/span><\/p>\n","protected":false},"excerpt":{"rendered":"<p>Lentinula edodes, sau shiitake, este una dintre cele mai importante ciuperci medicinale din medicina tradi\u021bional\u0103 chinez\u0103. Este folosit\u0103 acolo de cel pu\u021bin 2000 de ani \u0219i este adesea numit\u0103 &#8222;regina ciupercilor&#8221;, care:<\/p>\n<p>\ud83d\udc9a propriet\u0103\u021bi anticancerigene \u0219i antitumorale,<br \/>\n\ud83d\udc9a stimuleaz\u0103 sistemul imunitar,<br \/>\n\ud83d\udc9a scade tensiunea arterial\u0103, colesterolul \u0219i zah\u0103rul,<br \/>\n\ud83d\udc9a antioxidant \u0219i antiinflamator,<br \/>\n\ud83d\udc9a previne dezvoltarea infec\u021biilor bacteriene \u0219i virale.<\/p>\n","protected":false},"featured_media":6005,"comment_status":"open","ping_status":"closed","template":"","meta":{"_acf_changed":false},"product_brand":[],"product_cat":[15,227,224,225],"product_tag":[],"class_list":{"0":"post-6004","1":"product","2":"type-product","3":"status-publish","4":"has-post-thumbnail","6":"product_cat-uncategorized","7":"product_cat-ciuperci-medicinale","8":"product_cat-oferta","9":"product_cat-toate-produsele","11":"first","12":"instock","13":"taxable","14":"shipping-taxable","15":"purchasable","16":"product-type-simple"},"acf":[],"_links":{"self":[{"href":"https:\/\/fengchashop.com\/ro\/wp-json\/wp\/v2\/product\/6004","targetHints":{"allow":["GET"]}}],"collection":[{"href":"https:\/\/fengchashop.com\/ro\/wp-json\/wp\/v2\/product"}],"about":[{"href":"https:\/\/fengchashop.com\/ro\/wp-json\/wp\/v2\/types\/product"}],"replies":[{"embeddable":true,"href":"https:\/\/fengchashop.com\/ro\/wp-json\/wp\/v2\/comments?post=6004"}],"wp:featuredmedia":[{"embeddable":true,"href":"https:\/\/fengchashop.com\/ro\/wp-json\/wp\/v2\/media\/6005"}],"wp:attachment":[{"href":"https:\/\/fengchashop.com\/ro\/wp-json\/wp\/v2\/media?parent=6004"}],"wp:term":[{"taxonomy":"product_brand","embeddable":true,"href":"https:\/\/fengchashop.com\/ro\/wp-json\/wp\/v2\/product_brand?post=6004"},{"taxonomy":"product_cat","embeddable":true,"href":"https:\/\/fengchashop.com\/ro\/wp-json\/wp\/v2\/product_cat?post=6004"},{"taxonomy":"product_tag","embeddable":true,"href":"https:\/\/fengchashop.com\/ro\/wp-json\/wp\/v2\/product_tag?post=6004"}],"curies":[{"name":"wp","href":"https:\/\/api.w.org\/{rel}","templated":true}]}}