{"id":6002,"date":"2022-02-11T22:23:40","date_gmt":"2022-02-11T21:23:40","guid":{"rendered":"https:\/\/fengchashop.com\/ro\/product\/pudra-de-ginseng-siberian-bio-250-g\/"},"modified":"2026-04-17T17:52:26","modified_gmt":"2026-04-17T15:52:26","slug":"pudra-de-ginseng-siberian-bio","status":"publish","type":"product","link":"https:\/\/fengchashop.com\/ro\/product\/pudra-de-ginseng-siberian-bio\/","title":{"rendered":"Pudr\u0103 de ginseng siberian BIO 250 g"},"content":{"rendered":"<h2><span style=\"color: #000000\">Pudr\u0103 de ginseng siberian din produc\u021bia ecologic\u0103<\/span><\/h2>\n<p><span style=\"color: #000000\">Ginsengul siberian cre\u0219te \u00een principal \u00een nordul Chinei \u0219i \u00een Siberia (o zon\u0103 din Rusia), dar se g\u0103se\u0219te \u0219i \u00een Coreea \u0219i Japonia. Este o plant\u0103 peren\u0103 care cre\u0219te, de obicei, \u00een climatele mai reci. Are o r\u0103d\u0103cin\u0103 lemnoas\u0103 \u0219i cre\u0219te \u00een zonele montane \u00eenalte, dar \u0219i \u00een zonele protejate de soare din vale. Mai este cunoscut \u0219i sub numele de ginseng siberian sau elevterocococcus (Eleutherocococcus senticosus).<\/span><\/p>\n<p><span style=\"color: #000000\">R\u0103d\u0103cina de ginseng este una dintre cele<strong> mai importante plante <\/strong>din fitoterapia tradi\u021bional\u0103 chinez\u0103 \u0219i rus\u0103, unde este folosit\u0103 ca supliment alimentar de secole, dac\u0103 nu chiar de milenii. \u00cen China, este bine cunoscut faptul c\u0103 ginsengul este bun pentru s\u0103n\u0103tatea noastr\u0103 \u00een ceea ce prive\u0219te <strong>longevitatea<\/strong> (inhibarea procesului de \u00eemb\u0103tr\u00e2nire),<strong> stimularea sistemului imunitar, anti-fatiga, anti-stres \u0219i influen\u021beaz\u0103 o mai bun\u0103 poten\u021b\u0103 sexual\u0103<\/strong>.<\/span><\/p>\n<p><span style=\"color: #000000\">Compu\u0219ii activi ai ginsengului numi\u021bi elevteroside (con\u021bine 7 diferi\u021bi) ac\u021bioneaz\u0103 \u00een mod similar cu steroizii. Ginsengul este, de asemenea, o <strong>plant\u0103 adaptogen\u0103<\/strong>. Acestea sunt plante care ajut\u0103 organismul s\u0103 se adapteze la diver\u0219i factori negativi de mediu. Are capacitatea de a regla \u0219i controla sistemele glandular \u0219i hormonal, sistemul nervos \u0219i cardiovascular \u0219i mu\u0219chii. Adaptogenele sunt eficiente pentru a ajuta organismul s\u0103 fac\u0103 fa\u021b\u0103 stresului fizic, chimic \u0219i biologic.<\/span><\/p>\n<p><span style=\"color: #000000\">Ginsengul nostru siberian provine <strong>din agricultura ecologic\u0103 <\/strong>\u0219i<strong> nu con\u021bine umpluturi sau aditivi<\/strong>. Dup\u0103 recoltare, r\u0103d\u0103cinile de ginseng sunt uscate \u0219i apoi m\u0103cinate p\u00e2n\u0103 la ob\u021binerea unei pulberi printr-un proces delicat.<\/span><\/p>\n<p><span style=\"color: #000000\">Ginsengul siberian (elevoside) nu trebuie confundat cu mai cunoscutul ginseng asiatic (ginsenoside), de\u0219i au propriet\u0103\u021bi adaptogene similare.<\/span><\/p>\n<h2><span style=\"color: #000000\">De ce s\u0103 \u00eel folosi\u021bi?<\/span><\/h2>\n<p><span style=\"color: #000000\">Ginsengul poate ajuta la <strong>dep\u0103\u0219irea stresului, la crearea unei energii bune \u00een organism \u0219i la vitalitate general\u0103<\/strong>. Deoarece con\u021bine polizaharide complexe, este adesea asociat cu \u00eent\u0103rirea sistemului imunitar. Cercet\u0103torii au descoperit c\u0103 efectul ginsengului este<strong> poten\u021bat<\/strong> \u0219i mai mult atunci c\u00e2nd este combinat cu alte plante tradi\u021bionale chineze\u0219ti. Ginsengul este, de asemenea, <strong>antiinflamator, antiradicali liberi, \u00eembun\u0103t\u0103\u021be\u0219te circula\u021bia s\u00e2ngelui \u0219i scade<\/strong> tensiunea <strong>arterial\u0103<\/strong>. Stimuleaz\u0103 glanda pituitar\u0103 \u0219i<strong> cre\u0219te libidoul<\/strong>.<\/span><\/p>\n<p><span style=\"color: #000000\">Este extrem de popular \u00een r\u00e2ndul sportivilor, deoarece cre\u0219te rezisten\u021ba \u0219i reduce oboseala, ajut\u00e2nd \u00een acela\u0219i timp la accelerarea recuper\u0103rii.<\/span><\/p>\n<p><span style=\"color: #000000\">\u00cen plus, ajut\u0103 la \u00eembun\u0103t\u0103\u021birea func\u021biilor mentale \u0219i cognitive ale creierului. Prin urmare, afecteaz\u0103 \u00eenv\u0103\u021barea, memoria \u0219i cogni\u021bia. Toate acestea \u00eenseamn\u0103 c\u0103 poate avea un efect direct asupra inhib\u0103rii deterior\u0103rii creierului. Ca urmare, \u00eembun\u0103t\u0103\u021be\u0219te, de asemenea, somnul \u0219i \u00eendep\u0103rteaz\u0103 depresia.<\/span><\/p>\n<p><span style=\"color: #000000\">Este, de asemenea, utilizat \u00een mod tradi\u021bional pentru r\u0103celi \u0219i grip\u0103, deoarece unele studii au constatat c\u0103 poate ajuta la combaterea viru\u0219ilor care provoac\u0103 aceste boli.<\/span><\/p>\n<p><span style=\"color: #000000\">De asemenea, poate contribui la ameliorarea problemelor tipice ale femeilor care trec prin menopauz\u0103, oferind \u00een acela\u0219i timp protec\u021bie \u00eempotriva pierderii densit\u0103\u021bii osoase (osteoporoz\u0103), care este adesea agravat\u0103 \u00een aceast\u0103 perioad\u0103 din cauza schimb\u0103rilor hormonale.<\/span><\/p>\n<h2><span style=\"color: #000000\">Depozitare \u0219i avertismente<\/span><\/h2>\n<p><span style=\"color: #000000\">A se p\u0103stra \u00eentr-un loc r\u0103coros \u0219i uscat. P\u0103stra\u021bi suplimentul alimentar \u00een afara razei de ac\u021biune a copiilor!<\/span><\/p>\n<p><span style=\"color: #000000\">Nu uita\u021bi importan\u021ba unei alimenta\u021bii variate \u0219i a unui stil de via\u021b\u0103 s\u0103n\u0103tos, un supliment alimentar nu este, prin urmare, un substitut pentru o diet\u0103 echilibrat\u0103 \u0219i variat\u0103. Cantitatea sau doza zilnic\u0103 recomandat\u0103 nu trebuie s\u0103 fie dep\u0103\u0219it\u0103. Femeile \u00eens\u0103rcinate, femeile care al\u0103pteaz\u0103 \u0219i persoanele care iau medicamente sunt \u00eentotdeauna sf\u0103tuite s\u0103 consulte un medic \u00eenainte de utilizare.<\/span><\/p>\n<h2><span style=\"color: #000000\">Ambalaj<\/span><\/h2>\n<p><span style=\"color: #000000\">Pung\u0103 cu fermoar nepermeabil, \u00een care produsul \u00ee\u0219i p\u0103streaz\u0103 toat\u0103 prospe\u021bimea \u0219i aroma. Ambalajul protejeaz\u0103 produsul de lumin\u0103 \u0219i de aer, fiind compus din mai multe straturi de protec\u021bie pentru a p\u0103stra propriet\u0103\u021bile con\u021binutului.<\/span><\/p>\n<p><span style=\"color: #000000\">Ambalajul este foarte practic \u0219i reciclabil.<\/span><\/p>\n<h2><span style=\"color: #000000\">Origine<\/span><\/h2>\n<p><span style=\"color: #000000\">China. Avem furnizori foarte de \u00eencredere care ne trimit o analiz\u0103 chimic\u0103 detaliat\u0103 a produselor alimentare pentru fiecare lot. \u00cen mai bine de zece ani, nu am avut nicio rechemare sau alte probleme cu acest articol, nici cu alte articole de la acela\u0219i furnizor. Produsul este 100% certificat ecologic.<\/span><\/p>\n","protected":false},"excerpt":{"rendered":"<p align=\"JUSTIFY\">R\u0103d\u0103cina de ginseng este una dintre cele<strong> mai importante plante<\/strong> din fitoterapia tradi\u021bional\u0103 chinez\u0103 \u0219i rus\u0103, unde este folosit\u0103 ca supliment alimentar de secole, dac\u0103 nu de milenii. \u00cen China, este bine cunoscut faptul c\u0103 ginsengul este bun pentru s\u0103n\u0103tatea noastr\u0103 \u00een sensul c\u0103:<\/p>\n<p align=\"JUSTIFY\">\ud83d\udc9a longevitate (inhib\u0103 procesele de \u00eemb\u0103tr\u00e2nire),<br \/>\n\ud83d\udc9a \u00eent\u0103re\u0219te sistemul imunitar,<br \/>\n\ud83d\udc9a este anti-fatiga,<br \/>\n\ud83d\udc9a antistres,<br \/>\n\ud83d\udc9a are un efect asupra poten\u021bei sexuale.<\/p>\n","protected":false},"featured_media":6003,"comment_status":"open","ping_status":"closed","template":"","meta":{"_acf_changed":false},"product_brand":[],"product_cat":[15,224,229,225],"product_tag":[],"class_list":{"0":"post-6002","1":"product","2":"type-product","3":"status-publish","4":"has-post-thumbnail","6":"product_cat-uncategorized","7":"product_cat-oferta","8":"product_cat-superalimente","9":"product_cat-toate-produsele","11":"first","12":"instock","13":"sale","14":"taxable","15":"shipping-taxable","16":"purchasable","17":"product-type-simple"},"acf":[],"_links":{"self":[{"href":"https:\/\/fengchashop.com\/ro\/wp-json\/wp\/v2\/product\/6002","targetHints":{"allow":["GET"]}}],"collection":[{"href":"https:\/\/fengchashop.com\/ro\/wp-json\/wp\/v2\/product"}],"about":[{"href":"https:\/\/fengchashop.com\/ro\/wp-json\/wp\/v2\/types\/product"}],"replies":[{"embeddable":true,"href":"https:\/\/fengchashop.com\/ro\/wp-json\/wp\/v2\/comments?post=6002"}],"wp:featuredmedia":[{"embeddable":true,"href":"https:\/\/fengchashop.com\/ro\/wp-json\/wp\/v2\/media\/6003"}],"wp:attachment":[{"href":"https:\/\/fengchashop.com\/ro\/wp-json\/wp\/v2\/media?parent=6002"}],"wp:term":[{"taxonomy":"product_brand","embeddable":true,"href":"https:\/\/fengchashop.com\/ro\/wp-json\/wp\/v2\/product_brand?post=6002"},{"taxonomy":"product_cat","embeddable":true,"href":"https:\/\/fengchashop.com\/ro\/wp-json\/wp\/v2\/product_cat?post=6002"},{"taxonomy":"product_tag","embeddable":true,"href":"https:\/\/fengchashop.com\/ro\/wp-json\/wp\/v2\/product_tag?post=6002"}],"curies":[{"name":"wp","href":"https:\/\/api.w.org\/{rel}","templated":true}]}}