{"id":5997,"date":"2022-11-02T00:00:00","date_gmt":"2022-11-01T23:00:00","guid":{"rendered":"https:\/\/fengchashop.com\/ro\/product\/ciulin-indian-psilium-99-pur-bio-250-g\/"},"modified":"2025-09-05T15:59:24","modified_gmt":"2025-09-05T13:59:24","slug":"ciulin-indian-psilium-99-pur-bio","status":"publish","type":"product","link":"https:\/\/fengchashop.com\/ro\/product\/ciulin-indian-psilium-99-pur-bio\/","title":{"rendered":"Ciulin indian (Psilium) 99% pur BIO 250 g"},"content":{"rendered":"<h2><span style=\"color: #000000;\">Psilium sau pulbere de ciulin indian BIO 99% pur<\/span><\/h2>\n<p><span style=\"color: #000000;\">Psyllium, sau ciulinul indian, este coaja de semin\u021be a unei plante numite plantago. Psyllium este utilizat ca supliment alimentar pentru probleme gastrointestinale, care se manifest\u0103 \u00een principal la nivelul intestinelor. Con\u021binutul extrem de ridicat de fibre <strong>ajut\u0103 \u00een cazul constipa\u021biei, elimin\u0103 balonarea \u0219i d\u0103 o senza\u021bie de sa\u021bietate<\/strong>. Puritatea de 99% \u00eenseamn\u0103 c\u0103 produsul este foarte purificat \u0219i, prin urmare, mai voluminos. Pe scurt &#8211; este o<strong> versiune premium a ciulinului indian<\/strong>.<\/span><\/p>\n<p><span style=\"color: #000000;\">Faptul c\u0103 s\u0103n\u0103tatea \u0219i bun\u0103starea noastr\u0103 general\u0103 depind \u00een mare m\u0103sur\u0103 de func\u021bionarea \u0219i s\u0103n\u0103tatea intestinelor noastre este un lucru pe care toat\u0103 lumea \u00eel poate atesta. Cu toate acestea, importan\u021ba unui intestin s\u0103n\u0103tos ca organ-cheie al corpului nostru este con\u0219tientizat\u0103 doar atunci c\u00e2nd ne confrunt\u0103m cu probleme de constipa\u021bie, diaree, balonare sau alte probleme de s\u0103n\u0103tate mai grave.<\/span><\/p>\n<p><span style=\"color: #000000;\"><strong> Consumul<\/strong> regulat<strong> de fibre este<\/strong> esen\u021bial, deoarece fibrele faciliteaz\u0103 golirea intestinului. Ciulinul indian joac\u0103 un rol important \u00een acest sens, deoarece coaja semin\u021belor se umfl\u0103 rapid \u0219i formeaz\u0103 un gel \u00een contact cu apa, ceea ce stimuleaz\u0103 contrac\u021bia intestinelor, permi\u021b\u00e2nd astfel o evacuare regulat\u0103 \u0219i mai u\u0219oar\u0103 a intestinelor. Astfel, intestinele noastre sunt cur\u0103\u021bate \u00een mod natural \u0219i eliberate de blocaje, care, \u00een caz contrar, pot duce la diverse inflama\u021bii sau la dezvoltarea unor bacterii rele, d\u0103un\u0103toare pentru bun\u0103starea \u0219i s\u0103n\u0103tatea noastr\u0103.<\/span><\/p>\n<p><span style=\"color: #000000;\">Versiunea noastr\u0103 de ciulin indian este alegerea potrivit\u0103 pentru dvs:<\/span><\/p>\n<p><span style=\"color: #000000;\">\ud83d\udc9a purificat \u00een propor\u021bie de<strong> 99%<\/strong>,<\/span><\/p>\n<p><span style=\"color: #000000;\"> \ud83d\udc9a <strong>mai u\u0219or de digerat<\/strong>,<\/span><\/p>\n<p><span style=\"color: #000000;\"> \ud83d\udc9a de cea mai bun\u0103<strong> calitate<\/strong> sau de<strong> calitate superioar\u0103<\/strong>,<\/span><\/p>\n<p><span style=\"color: #000000;\"> \ud83d\udc9a <strong>certificate organic<\/strong>.<\/span><\/p>\n<h2><span style=\"color: #000000;\">Cum ac\u021bioneaz\u0103 Cardo indian \u0219i la ce probleme ajut\u0103?<\/span><\/h2>\n<p><span style=\"color: #000000;\">Pentru c\u0103 are propriet\u0103\u021bi cu adev\u0103rat remarcabile, este recomandat tuturor celor c\u0103rora le place s\u0103 aib\u0103 grij\u0103 de s\u0103n\u0103tatea \u0219i starea general\u0103 de bine, fiind recomandat \u00een special pentru:<\/span><\/p>\n<p><span style=\"color: #000000;\"> \ud83d\udc9a Tuturor celor care sufer\u0103 de <strong>constipa\u021bie \u0219i balonare<\/strong> frecvent\u0103 \u0219i recurent\u0103.<\/span><\/p>\n<p><span style=\"color: #000000;\"> \ud83d\udc9a Pentru o mai bun\u0103 stare general\u0103 de bine \u0219i pentru a preveni oboseala.<\/span><\/p>\n<p><span style=\"color: #000000;\"> \ud83d\udc9a Pentru a ajuta<strong> la pierderea \u00een greutate<\/strong>, deoarece ne d\u0103 o senza\u021bie de sa\u021bietate \u0219i, de asemenea, ac\u021bioneaz\u0103 foarte bine asupra metabolismului nostru, stimul\u00e2ndu-l \u00eentr-un mod natural.<\/span><\/p>\n<p><span style=\"color: #000000;\"> \ud83d\udc9a Pentru to\u021bi cei care \u00ee\u0219i doresc un laxativ natural, f\u0103r\u0103 efecte generale nedorite, cum ar fi flatulen\u021ba \u0219i balonarea.<\/span><\/p>\n<p><span style=\"color: #000000;\"> \ud83d\udc9a Sub supraveghere medical\u0103, \u0219i pentru probleme cu<strong> colesterolul ridicat<\/strong>, diabet, hemoroizi, colon iritabil, boala Chron etc.<\/span><\/p>\n<p><span style=\"color: #000000;\">\ud83d\udc9a \u00cen plus, produsul nostru este, de asemenea, potrivit pentru vegetarieni \u0219i vegani. Nu con\u021bine gluten \u0219i este universal util \u00een coacere \u0219i g\u0103tit.<\/span><\/p>\n<h2><span style=\"color: #000000;\">Cui este recomandat?<\/span><\/h2>\n<p><span style=\"color: #000000;\">Psilium este recomandat oric\u0103rei persoane care sufer\u0103 de constipa\u021bie frecvent\u0103 sau de alte forme de indigestie, inclusiv cele legate de afec\u021biuni medicale. Pe de alt\u0103 parte, psyllium ajut\u0103 \u0219i \u00een cazul diareei \u0219i al diareei prin \u00eencetinirea trecerii scaunelor prin intestinul gros.<\/span><\/p>\n<p><span style=\"color: #000000;\">Psyllium este recomandat \u0219i celor care doresc s\u0103 piard\u0103 c\u00e2teva kilograme sau s\u0103 \u00ee\u0219i men\u021bin\u0103 o greutate s\u0103n\u0103toas\u0103, deoarece ofer\u0103 o senza\u021bie de sa\u021bietate. \u00cen plus, ajut\u0103 la men\u021binerea unei microflore intestinale s\u0103n\u0103toase, deoarece ac\u021bioneaz\u0103 ca un prebiotic.<\/span><\/p>\n<p><span style=\"color: #000000;\">Fibrele alimentare sunt unul dintre carbohidra\u021bii care nu pot fi digerate de organism. Ca urmare, nu au aproape nicio valoare caloric\u0103. Cu toate acestea, fibrele alimentare faciliteaz\u0103 trecerea scaunelor prin intestin \u0219i previn congestia scaunelor. Acesta este motivul pentru care includerea psylliumului \u00eentr-o diet\u0103 obi\u0219nuit\u0103 poate fi benefic\u0103 pentru toat\u0103 lumea.<\/span><\/p>\n<h2><span style=\"color: #000000;\">Ambalaj<\/span><\/h2>\n<p><span style=\"color: #000000;\">Pung\u0103 cu fermoar nepermeabil \u00een care produsul \u00ee\u0219i p\u0103streaz\u0103 toat\u0103 prospe\u021bimea \u0219i aroma. Ambalajul protejeaz\u0103 \u00eempotriva luminii \u0219i a aerului, fiind compus din mai multe straturi de protec\u021bie care p\u0103streaz\u0103 propriet\u0103\u021bile con\u021binutului.<\/span><\/p>\n<p><span style=\"color: #000000;\">Ambalajul este foarte practic \u0219i reciclabil.<\/span><\/p>\n<h2><span style=\"color: #000000;\">Depozitare \u0219i avertismente<\/span><\/h2>\n<p><span style=\"color: #000000;\">A se p\u0103stra \u00eentr-un loc r\u0103coros \u0219i uscat. A nu se p\u0103stra la \u00eendem\u00e2na copiilor.<\/span><\/p>\n<p><span style=\"color: #000000;\">Nu uita\u021bi importan\u021ba unei diete variate \u0219i a unui stil de via\u021b\u0103 s\u0103n\u0103tos, un supliment alimentar nu este, prin urmare, un substitut pentru o diet\u0103 echilibrat\u0103 \u0219i variat\u0103. Cantitatea sau doza zilnic\u0103 recomandat\u0103 nu trebuie dep\u0103\u0219it\u0103. Femeile \u00eens\u0103rcinate \u0219i cele care al\u0103pteaz\u0103 sunt \u00eentotdeauna sf\u0103tuite s\u0103 consulte un medic \u00eenainte de utilizare.<\/span><\/p>\n<p><span style=\"color: #000000;\">Se sf\u0103tuie\u0219te s\u0103 nu se ia \u00een acela\u0219i timp cu medicamentele, deoarece poate \u00eencetini absorb\u021bia acestora.<\/span><\/p>\n<h2><span style=\"color: #000000;\">Origine:\u00a0<\/span><\/h2>\n<p><span style=\"color: #000000;\">India<\/span><\/p>\n","protected":false},"excerpt":{"rendered":"<p align=\"JUSTIFY\">Psyllium, sau ciulinul indian, este coaja de semin\u021be a unei plante numite plantago. Psyllium este folosit ca supliment alimentar pentru <strong>probleme gastrointestinale<\/strong>, care se manifest\u0103 \u00een principal la nivelul <strong>intestinelor<\/strong>. Deoarece are propriet\u0103\u021bi cu adev\u0103rat remarcabile, este recomandat a fi luat de to\u021bi cei c\u0103rora le place s\u0103 aib\u0103 grij\u0103 de s\u0103n\u0103tatea \u0219i de <strong>starea general\u0103 de bine<\/strong>.<\/p>\n<p align=\"JUSTIFY\">\ud83d\udc9a Ajut\u0103 \u00een cazul constipa\u021biei,<br \/>\n\ud83d\udc9a amelioreaz\u0103 balonarea,<br \/>\n\ud83d\udc9a d\u0103 o senza\u021bie de sa\u021bietate,<br \/>\n\ud83d\udc9a ajut\u0103 la pierderea \u00een greutate.<\/p>\n","protected":false},"featured_media":5924,"comment_status":"open","ping_status":"closed","template":"","meta":{"_acf_changed":false},"product_brand":[],"product_cat":[15,224,229,225],"product_tag":[],"class_list":{"0":"post-5997","1":"product","2":"type-product","3":"status-publish","4":"has-post-thumbnail","6":"product_cat-uncategorized","7":"product_cat-oferta","8":"product_cat-superalimente","9":"product_cat-toate-produsele","11":"first","12":"instock","13":"sale","14":"taxable","15":"shipping-taxable","16":"purchasable","17":"product-type-simple"},"acf":[],"_links":{"self":[{"href":"https:\/\/fengchashop.com\/ro\/wp-json\/wp\/v2\/product\/5997","targetHints":{"allow":["GET"]}}],"collection":[{"href":"https:\/\/fengchashop.com\/ro\/wp-json\/wp\/v2\/product"}],"about":[{"href":"https:\/\/fengchashop.com\/ro\/wp-json\/wp\/v2\/types\/product"}],"replies":[{"embeddable":true,"href":"https:\/\/fengchashop.com\/ro\/wp-json\/wp\/v2\/comments?post=5997"}],"wp:featuredmedia":[{"embeddable":true,"href":"https:\/\/fengchashop.com\/ro\/wp-json\/wp\/v2\/media\/5924"}],"wp:attachment":[{"href":"https:\/\/fengchashop.com\/ro\/wp-json\/wp\/v2\/media?parent=5997"}],"wp:term":[{"taxonomy":"product_brand","embeddable":true,"href":"https:\/\/fengchashop.com\/ro\/wp-json\/wp\/v2\/product_brand?post=5997"},{"taxonomy":"product_cat","embeddable":true,"href":"https:\/\/fengchashop.com\/ro\/wp-json\/wp\/v2\/product_cat?post=5997"},{"taxonomy":"product_tag","embeddable":true,"href":"https:\/\/fengchashop.com\/ro\/wp-json\/wp\/v2\/product_tag?post=5997"}],"curies":[{"name":"wp","href":"https:\/\/api.w.org\/{rel}","templated":true}]}}