{"id":5991,"date":"2022-02-11T21:47:17","date_gmt":"2022-02-11T20:47:17","guid":{"rendered":"https:\/\/fengchashop.com\/ro\/product\/ashwagandha-tablete-bio-125-g\/"},"modified":"2026-04-19T03:55:57","modified_gmt":"2026-04-19T01:55:57","slug":"ashwagandha-tablete-bio","status":"publish","type":"product","link":"https:\/\/fengchashop.com\/ro\/product\/ashwagandha-tablete-bio\/","title":{"rendered":"Ashwagandha tablete BIO 125 g"},"content":{"rendered":"<h2><span style=\"color: #000000\">Ashwagandha \u00een tablete BIO<\/span><\/h2>\n<p><span style=\"color: #000000\">Ashwagandha este o plant\u0103 esen\u021bial\u0103 \u00een Ayurveda \u0219i una dintre cele mai venerate plante, cunoscut\u0103 \u0219i sub numele de<strong> ginseng indian<\/strong>, deoarece este folosit\u0103 \u00een Ayurveda \u00eentr-un mod similar cu ginsengul din medicina tradi\u021bional\u0103 chinez\u0103. A fost folosit\u0103 \u00een scopuri medicinale de mii de ani, deoarece are un<strong> efect pozitiv asupra st\u0103rii generale de bine \u0219i ne d\u0103 energie<\/strong>. Este considerat un superaliment care ne ajut\u0103 s\u0103 restabilim echilibrul hormonal. Acesta afecteaz\u0103 at\u00e2t hormonii, c\u00e2t \u0219i organele de reproducere. Reface glanda suprarenal\u0103 \u0219i glanda tiroid\u0103. Deoarece este adaptogen\u0103, este folosit\u0103 \u00een Ayurveda pentru tiroidele hiper- \u0219i hipoactive. <\/span><\/p>\n<p><span style=\"color: #000000\">Ashwagandha din tablete este cultivat\u0103 organic. comprimatele sunt extrem de practice de utilizat \u0219i permit un aport zilnic constant.<\/span><\/p>\n<h2><span style=\"color: #000000\">Care sunt posibilele beneficii ale administr\u0103rii de ashwagandha?<\/span><\/h2>\n<p><span style=\"color: #000000\">Ashwagandha este considerat\u0103 a avea un efect pozitiv asupra:<\/span><\/p>\n<p><span style=\"color: #000000\"> \ud83d\udc9a Cre\u0219terea <strong>puterii cerebrale,<\/strong><\/span><\/p>\n<p><span style=\"color: #000000\"> \ud83d\udc9a cre\u0219terea <strong>energiei \u0219i<\/strong> a <strong>rezisten\u021bei<\/strong>,<\/span><\/p>\n<p><span style=\"color: #000000\"><strong>\ud83d\udc9a dep\u0103\u0219irea stresului zilnic \u0219i ameliorarea simptomelor de anxietate \u0219i depresie<\/strong>,<\/span><\/p>\n<p><span style=\"color: #000000\"> \ud83d\udc9a reducerea <strong>insomniei<\/strong>,<\/span><\/p>\n<p><span style=\"color: #000000\"> <strong> \ud83d\udc9a ameliorarea durerii \u0219i a inflama\u021biei,<\/strong><\/span><\/p>\n<p><span style=\"color: #000000\"> <strong> \ud83d\udc9a cre\u0219terea apetitului sexual \u0219i a fertilit\u0103\u021bii<\/strong> la ambele sexe,<\/span><\/p>\n<p><span style=\"color: #000000\"> <strong> \ud83d\udc9a \u00eencetinirea procesului de \u00eemb\u0103tr\u00e2nire<\/strong> a organismului.<\/span><\/p>\n<p><span style=\"color: #000000\">R\u0103d\u0103cina plantei con\u021bine majoritatea substan\u021belor active care au un efect pozitiv asupra diferitelor probleme de s\u0103n\u0103tate. Aceasta poate fi consumat\u0103 sau aplicat\u0103 pe piele sau pe zona afectat\u0103. Este foarte versatil\u0103 \u0219i, prin urmare, este apreciat\u0103 \u00een trei medicamente tradi\u021bionale diferite.<\/span><\/p>\n<p><span style=\"color: #000000\">Este cunoscut \u0219i sub numele de ginseng indian, deoarece este foarte bun pentru cre\u0219terea capacit\u0103\u021bii de g\u00e2ndire sau a func\u021biei cerebrale (asem\u0103n\u0103tor cu ginsengul). Are un efect excelent asupra \u00eentregului sistem nervos, astfel \u00eenc\u00e2t este adesea folosit pentru a dep\u0103\u0219i stresul, anxietatea \u0219i depresia. \u00cen ultima vreme, a f\u0103cut obiectul multor cercet\u0103ri, fiind asociat inclusiv cu tratamentul bolii Alzheimer \u0219i al demen\u021bei.<\/span><\/p>\n<h2><span style=\"color: #000000\">Cui i se recomand\u0103 s\u0103 ia ashwagandha?<\/span><\/h2>\n<p><span style=\"color: #000000\">De\u0219i se consider\u0103 c\u0103 ashwagandha are un spectru de ac\u021biune foarte larg, se recomand\u0103 a fi luat\u0103 \u00een principal de c\u0103tre cei care doresc s\u0103 g\u0103seasc\u0103 o modalitate natural\u0103 de a ajuta \u00een situa\u021bii precum<strong> stresul<\/strong>, lipsa apetitului sexual, problemele de<strong> menopauz\u0103<\/strong>. De asemenea, poate fi luat\u0103 pentru <strong>\u00eembun\u0103t\u0103\u021birea memoriei, a concentr\u0103rii \u0219i a performan\u021belor<\/strong>, a num\u0103rului de s\u00e2nge, precum \u0219i pentru a ajuta la pierderea \u00een greutate \u0219i pentru a cre\u0219te rezisten\u021ba la r\u0103celi \u0219i alte infec\u021bii. De asemenea, este folosit pentru a ameliora problemele legate de toate tipurile de<strong> afec\u021biuni reumatice <\/strong>\u0219i articula\u021bii inflamate, datorit\u0103 efectului s\u0103u antiinflamator remarcabil. De asemenea, ajut\u0103 la men\u021binerea tonusului muscular \u0219i la men\u021binerea flexibilit\u0103\u021bii articula\u021biilor. De\u0219i ashwagandha este un aliment sigur \u0219i este folosit\u0103 ca alternativ\u0103 \u0219i \u00een cazul unor afec\u021biuni mai grave, se recomand\u0103 consultarea unui medic \u00eenainte de utilizare.<\/span><\/p>\n<h2><span style=\"color: #000000\">Depozitare \u0219i avertismente<\/span><\/h2>\n<p><span style=\"color: #000000\">A se p\u0103stra \u00eentr-un loc r\u0103coros \u0219i uscat, la o temperatur\u0103 de p\u00e2n\u0103 la 25 \u00b0C. A nu se l\u0103sa la \u00eendem\u00e2na copiilor!<\/span><\/p>\n<p><span style=\"color: #000000\">Nu uita\u021bi importan\u021ba unei alimenta\u021bii variate \u0219i a unui stil de via\u021b\u0103 s\u0103n\u0103tos, un supliment alimentar nu \u00eenlocuie\u0219te, prin urmare, o diet\u0103 echilibrat\u0103 \u0219i variat\u0103. Cantitatea sau doza zilnic\u0103 recomandat\u0103 nu trebuie s\u0103 fie dep\u0103\u0219it\u0103. Se recomand\u0103 femeilor \u00eens\u0103rcinate \u0219i care al\u0103pteaz\u0103 \u0219i persoanelor cu o gland\u0103 tiroid\u0103 hiperactiv\u0103 s\u0103 nu le foloseasc\u0103.<\/span><\/p>\n<h2><span style=\"color: #000000\">Ambalaj<\/span><\/h2>\n<p><span style=\"color: #000000\">Pung\u0103 cu fermoar nepermeabil \u00een care produsul \u00ee\u0219i p\u0103streaz\u0103 toat\u0103 prospe\u021bimea \u0219i aroma. Ambalajul protejeaz\u0103 produsul de lumin\u0103 \u0219i de aer, fiind compus din mai multe straturi de protec\u021bie pentru a p\u0103stra propriet\u0103\u021bile con\u021binutului.<\/span><\/p>\n<p><span style=\"color: #000000\">Ambalajul este foarte practic \u0219i reciclabil.<\/span><\/p>\n<h2><span style=\"color: #000000\">Origine<\/span><\/h2>\n<p><span style=\"color: #000000\">India<\/span><\/p>\n","protected":false},"excerpt":{"rendered":"<p align=\"JUSTIFY\">Ashwagandha este o plant\u0103 esen\u021bial\u0103 \u00een Ayurveda \u0219i una dintre cele mai venerate plante, cunoscut\u0103 \u0219i sub numele de <b>ginseng indian<\/b>, deoarece este folosit\u0103 \u00een Ayurveda \u00eentr-un mod similar cu ginsengul din medicina tradi\u021bional\u0103 chinez\u0103. Ea este folosit\u0103 \u00een scopuri medicinale de mii de ani, deoarece are un <b>efect pozitiv asupra st\u0103rii generale de bine<\/b> \u0219i ne d\u0103 energie. Ashwagandha este considerat\u0103 a avea un efect pozitiv asupra:<\/p>\n<p align=\"JUSTIFY\">\ud83d\udc9a Cre\u0219terea puterii cerebrale,<br \/>\n\ud83d\udc9a cre\u0219terea energiei \u0219i a rezisten\u021bei,<br \/>\n\ud83d\udc9a dep\u0103\u0219irea stresului zilnic,<br \/>\n\ud83d\udc9a reducerea insomniei.<\/p>\n","protected":false},"featured_media":5856,"comment_status":"open","ping_status":"closed","template":"","meta":{"_acf_changed":false},"product_brand":[],"product_cat":[15,230,224,229,225],"product_tag":[],"class_list":{"0":"post-5991","1":"product","2":"type-product","3":"status-publish","4":"has-post-thumbnail","6":"product_cat-uncategorized","7":"product_cat-ayurveda","8":"product_cat-oferta","9":"product_cat-superalimente","10":"product_cat-toate-produsele","12":"first","13":"instock","14":"sale","15":"taxable","16":"shipping-taxable","17":"purchasable","18":"product-type-simple"},"acf":[],"_links":{"self":[{"href":"https:\/\/fengchashop.com\/ro\/wp-json\/wp\/v2\/product\/5991","targetHints":{"allow":["GET"]}}],"collection":[{"href":"https:\/\/fengchashop.com\/ro\/wp-json\/wp\/v2\/product"}],"about":[{"href":"https:\/\/fengchashop.com\/ro\/wp-json\/wp\/v2\/types\/product"}],"replies":[{"embeddable":true,"href":"https:\/\/fengchashop.com\/ro\/wp-json\/wp\/v2\/comments?post=5991"}],"wp:featuredmedia":[{"embeddable":true,"href":"https:\/\/fengchashop.com\/ro\/wp-json\/wp\/v2\/media\/5856"}],"wp:attachment":[{"href":"https:\/\/fengchashop.com\/ro\/wp-json\/wp\/v2\/media?parent=5991"}],"wp:term":[{"taxonomy":"product_brand","embeddable":true,"href":"https:\/\/fengchashop.com\/ro\/wp-json\/wp\/v2\/product_brand?post=5991"},{"taxonomy":"product_cat","embeddable":true,"href":"https:\/\/fengchashop.com\/ro\/wp-json\/wp\/v2\/product_cat?post=5991"},{"taxonomy":"product_tag","embeddable":true,"href":"https:\/\/fengchashop.com\/ro\/wp-json\/wp\/v2\/product_tag?post=5991"}],"curies":[{"name":"wp","href":"https:\/\/api.w.org\/{rel}","templated":true}]}}