{"id":5985,"date":"2022-02-11T21:27:43","date_gmt":"2022-02-11T20:27:43","guid":{"rendered":"https:\/\/fengchashop.com\/ro\/product\/triphala-pulbere-bio-250-g\/"},"modified":"2026-05-12T13:41:40","modified_gmt":"2026-05-12T11:41:40","slug":"triphala-pulbere-bio","status":"publish","type":"product","link":"https:\/\/fengchashop.com\/ro\/product\/triphala-pulbere-bio\/","title":{"rendered":"Triphala pulbere BIO 250 g"},"content":{"rendered":"<h2><span style=\"color: #000000\">Triphala pulbere BIO<\/span><\/h2>\n<p><span style=\"color: #000000\">Triphala este un<strong> amestec de plante ayurvedice<\/strong> vechi \u0219i<strong> foarte apreciat, compus din<\/strong> trei superfructe din India: <strong>amalaki<\/strong> (Emblica officinalis) &#8211; cunoscut \u0219i sub numele de amla, <strong>bibhitaki<\/strong> (Terminalia belerica) \u0219i<strong> haritaki<\/strong> (Terminalia chebula). Este folosit de peste 5000 de ani, \u00een principal pentru cur\u0103\u021barea \u0219i detoxifierea \u00eentregului organism.<\/span><\/p>\n<p><span style=\"color: #000000\">Triphala are un efect benefic asupra digestiei noastre, acceler\u00e2nd-o \u0219i stimul\u00e2nd absorb\u021bia de vitamine \u0219i minerale.<\/span><\/p>\n<p><span style=\"color: #000000\">Este important s\u0103 folosi\u021bi produse ob\u021binute din plante cultivate organic, deoarece aceasta este singura modalitate de a controla \u0219i de a preveni aportul de pesticide \u0219i metale grele \u00een organism.<\/span><\/p>\n<p><span style=\"color: #000000\">Triphala noastr\u0103 este de calitate superioar\u0103 \u0219i produs\u0103 organic.<\/span><\/p>\n<p><span style=\"color: #000000\"><strong>Triphala este o piatr\u0103 de temelie a medicinei ayurvedice, deoarece are multe propriet\u0103\u021bi vindec\u0103toare eficiente:<\/strong><\/span><\/p>\n<p><span style=\"color: #000000\">\ud83d\udc9a Are un efect benefic asupra sistemului digestiv \u0219i ac\u021bioneaz\u0103 ca un laxativ u\u0219or care nu afecteaz\u0103 mucoasa intestinal\u0103,<\/span><br \/>\n<span style=\"color: #000000\">\ud83d\udc9aAjut\u0103 \u00een cazul balon\u0103rilor \u0219i al v\u00e2nturilor, precum \u0219i al hemoroizilor,<\/span><br \/>\n<span style=\"color: #000000\">\ud83d\udc9a \u00eendep\u0103rteaz\u0103 excesul de gr\u0103sime din organism,<\/span><br \/>\n<span style=\"color: #000000\">\ud83d\udc9a are un efect pozitiv asupra func\u021biei hepatice,<\/span><br \/>\n<span style=\"color: #000000\">\ud83d\udc9a \u00eent\u0103re\u0219te \u00een mod eficient sistemul imunitar cu con\u021binutul s\u0103u ridicat de vitamina C,<\/span><br \/>\n<span style=\"color: #000000\">\ud83d\udc9a hr\u0103ne\u0219te \u0219i \u00eent\u0103re\u0219te tractul respirator \u0219i amelioreaz\u0103 tusea \u00een cazul tusei cu mucus,<\/span><br \/>\n<span style=\"color: #000000\">\ud83d\udc9a are propriet\u0103\u021bi antiinflamatorii \u0219i antivirale dovedite,<\/span><br \/>\n<span style=\"color: #000000\">\ud83d\udc9a \u00eentinere\u0219te organismul.<\/span><\/p>\n<h2><span style=\"color: #000000\">\u0218tia\u021bi c\u0103 Triphala are grij\u0103 de organele interne a\u0219a cum o mam\u0103 are grij\u0103 de copiii ei?<\/span><\/h2>\n<p><span style=\"color: #000000\">Amestecul Triphala este foarte hr\u0103nitor, bl\u00e2nd, bogat \u00een vitamina C, bioflavonoide \u0219i acizi gra\u0219i linoleici omega 3. Este o surs\u0103 extraordinar\u0103 de<strong> proteine, uleiuri \u0219i antioxidan\u021bi<\/strong>, care, \u00eempreun\u0103 cu propriet\u0103\u021bile sale antimicrobiene \u0219i antibacteriene, contribuie la cre\u0219terea imunit\u0103\u021bii organismului. Are un bun efect laxativ, ceea ce \u00eel face potrivit pentru <strong>cur\u0103\u021barea intestinelor<\/strong> \u0219i a pere\u021bilor intestinali \u0219i ajut\u0103 la reducerea excesului de greutate.<strong> Detoxifiant eficient<\/strong>.<\/span><\/p>\n<p><span style=\"color: #000000\">Toate cele trei tipuri de fructe din formula triphala hr\u0103nesc, \u00eent\u0103resc, cur\u0103\u021b\u0103, restaureaz\u0103 \u00een profunzime \u0219i \u00eentineresc \u00eentregul organism. Consumul regulat de Triphala reduce oboseala \u0219i epuizarea \u0219i este un excelent sprijin pentru sistemul imunitar. Conform tradi\u021biei ayurvedice, Triphala este unul dintre pu\u021binele amestecuri care are un efect benefic asupra tuturor celor trei doshas. Prin urmare, este sigur pentru toat\u0103 lumea s\u0103 \u00eel consume.<\/span><\/p>\n<h2><span style=\"color: #000000\">Depozitare \u0219i avertismente<\/span><\/h2>\n<p><span style=\"color: #000000\">A se p\u0103stra \u00eentr-un loc r\u0103coros \u0219i uscat. P\u0103stra\u021bi suplimentul alimentar \u00een afara razei de ac\u021biune a copiilor!<\/span><\/p>\n<p><span style=\"color: #000000\">Nu uita\u021bi importan\u021ba unei diete variate \u0219i a unui stil de via\u021b\u0103 s\u0103n\u0103tos, un supliment alimentar nu este, prin urmare, un substitut pentru o diet\u0103 echilibrat\u0103 \u0219i variat\u0103. Cantitatea sau doza zilnic\u0103 recomandat\u0103 nu trebuie s\u0103 fie dep\u0103\u0219it\u0103. Femeile \u00eens\u0103rcinate, femeile care al\u0103pteaz\u0103 \u0219i persoanele care iau medicamente sunt \u00eentotdeauna sf\u0103tuite s\u0103 consulte un medic \u00eenainte de utilizare. Nu este potrivit pentru copii.<\/span><\/p>\n<h2><span style=\"color: #000000\">Ambalaj<\/span><\/h2>\n<p><span style=\"color: #000000\">Pung\u0103 cu fermoar nepermeabil \u00een care produsul \u00ee\u0219i p\u0103streaz\u0103 toat\u0103 prospe\u021bimea \u0219i aroma. Ambalajul protejeaz\u0103 \u00eempotriva luminii \u0219i a aerului, deoarece este compus din mai multe straturi de protec\u021bie care p\u0103streaz\u0103 propriet\u0103\u021bile con\u021binutului.<\/span><\/p>\n<p><span style=\"color: #000000\">Ambalajul este foarte practic \u0219i reciclabil.<\/span><\/p>\n<h2><span style=\"color: #000000\">Origine<\/span><\/h2>\n<p><span style=\"color: #000000\">India<\/span><\/p>\n","protected":false},"excerpt":{"rendered":"<p align=\"JUSTIFY\">Triphala este un <strong>amestec de plante ayurvedice<\/strong> vechi, foarte <strong>apreciat<\/strong>, din trei superfructe din regiunea Indiei: amalaki, bibhitaki \u0219i haritaki. Este folosit de <strong>peste 5000 de ani<\/strong>, \u00een principal pentru cur\u0103\u021barea \u0219i detoxifierea \u00eentregului organism. Triphala este o piatr\u0103 de temelie a medicinei ayurvedice, deoarece are numeroase<strong> propriet\u0103\u021bi curative<\/strong> eficiente:<\/p>\n<p align=\"JUSTIFY\">\ud83d\udc9a Are un efect benefic asupra sistemului digestiv,<br \/>\n\ud83d\udc9a elimin\u0103 excesul de gr\u0103sime din organism,<br \/>\n\ud83d\udc9a \u00eent\u0103re\u0219te \u00een mod eficient sistemul imunitar cu con\u021binutul s\u0103u ridicat de vitamina C,<br \/>\n\ud83d\udc9a Hr\u0103ne\u0219te \u0219i \u00eent\u0103re\u0219te tractul respirator,<br \/>\n\ud83d\udc9a \u00eentinere\u0219te organismul.<\/p>\n","protected":false},"featured_media":4308,"comment_status":"open","ping_status":"closed","template":"","meta":{"_acf_changed":false},"product_brand":[],"product_cat":[15,230,224,229,225],"product_tag":[],"class_list":{"0":"post-5985","1":"product","2":"type-product","3":"status-publish","4":"has-post-thumbnail","6":"product_cat-uncategorized","7":"product_cat-ayurveda","8":"product_cat-oferta","9":"product_cat-superalimente","10":"product_cat-toate-produsele","12":"first","13":"instock","14":"sale","15":"taxable","16":"shipping-taxable","17":"purchasable","18":"product-type-simple"},"acf":[],"_links":{"self":[{"href":"https:\/\/fengchashop.com\/ro\/wp-json\/wp\/v2\/product\/5985","targetHints":{"allow":["GET"]}}],"collection":[{"href":"https:\/\/fengchashop.com\/ro\/wp-json\/wp\/v2\/product"}],"about":[{"href":"https:\/\/fengchashop.com\/ro\/wp-json\/wp\/v2\/types\/product"}],"replies":[{"embeddable":true,"href":"https:\/\/fengchashop.com\/ro\/wp-json\/wp\/v2\/comments?post=5985"}],"wp:featuredmedia":[{"embeddable":true,"href":"https:\/\/fengchashop.com\/ro\/wp-json\/wp\/v2\/media\/4308"}],"wp:attachment":[{"href":"https:\/\/fengchashop.com\/ro\/wp-json\/wp\/v2\/media?parent=5985"}],"wp:term":[{"taxonomy":"product_brand","embeddable":true,"href":"https:\/\/fengchashop.com\/ro\/wp-json\/wp\/v2\/product_brand?post=5985"},{"taxonomy":"product_cat","embeddable":true,"href":"https:\/\/fengchashop.com\/ro\/wp-json\/wp\/v2\/product_cat?post=5985"},{"taxonomy":"product_tag","embeddable":true,"href":"https:\/\/fengchashop.com\/ro\/wp-json\/wp\/v2\/product_tag?post=5985"}],"curies":[{"name":"wp","href":"https:\/\/api.w.org\/{rel}","templated":true}]}}